{"id":320,"date":"2015-01-28T11:35:13","date_gmt":"2015-01-28T10:35:13","guid":{"rendered":"http:\/\/agora.xtec.cat\/cfapalafrugell\/?page_id=320"},"modified":"2016-09-01T08:36:39","modified_gmt":"2016-09-01T07:36:39","slug":"a-cicles-formatius-de-grau-superior","status":"publish","type":"page","link":"https:\/\/agora.xtec.cat\/cfapalafrugell\/ensenyaments\/ensenyaments-per-a-la-preparacio-de-proves-dacces\/a-cicles-formatius-de-grau-superior\/","title":{"rendered":"A cicles formatius de grau superior"},"content":{"rendered":"<p>Per tal de presentar-se a la prova d&#8217;acc\u00e9s, cal tenir 19 anys o complir-los durant l&#8217;any que es realitza la prova. O b\u00e9, tenir 18 anys o complir-los durant l&#8217;any que es realitza la prova i tenir un t\u00edtol d&#8217;un cicle formatiu de Grau Mitj\u00e0.<\/p>\n<p>El curs de preparaci\u00f3 es divideix en dos blocs:<br \/>\n&#8211; Mat\u00e8ries Comunes: Catal\u00e0, Castell\u00e0, Llengua Estrangera i Matem\u00e0tiques.<br \/>\n&#8211; Mat\u00e8ries Espec\u00edfiques: Geografia i Psicologia (presencials). Les altres mat\u00e8ries espec\u00edfiques es cursen a dist\u00e0ncia a trav\u00e9s de l&#8217;IOC (Institut Obert de Catalunya).<\/p>\n<p>Les classes es fan durant quatre dies de la setmana en torn de mat\u00ed o de vespre.<\/p>\n<p>Per tal de superar la formaci\u00f3, caldr\u00e0 haver assistit almenys al 80% de les hores del curs. La formaci\u00f3 es qualificar\u00e0 sobre 10 i, sempre que sigui igual o superior a 5, es multiplicar\u00e0 pel coeficient 0&#8217;20 i s&#8217;afegir\u00e0 a la qualificaci\u00f3 obtinguda a la prova d&#8217;acc\u00e9s.<\/p>\n<p>Per fer la matr\u00edcula cal dur una fotoc\u00f2pia del DNI i una foto de carnet. (T\u00edtol de Grau Mitj\u00e0, si es cau).<\/p>\n<p>&nbsp;<\/p>\n","protected":false},"excerpt":{"rendered":"<p>Per tal de presentar-se a la prova d&#8217;acc\u00e9s, cal tenir 19 anys o complir-los durant l&#8217;any que es realitza la prova. O b\u00e9, tenir 18 anys o complir-los durant l&#8217;any que es realitza la prova i tenir un t\u00edtol d&#8217;un cicle formatiu de Grau Mitj\u00e0.<br \/>\nEl&hellip;  <a href=\"https:\/\/agora.xtec.cat\/cfapalafrugell\/ensenyaments\/ensenyaments-per-a-la-preparacio-de-proves-dacces\/a-cicles-formatius-de-grau-superior\/\" title=\"Read A cicles formatius de grau superior\">Llegeix m\u00e9s\u00bb<\/a><\/p>\n","protected":false},"author":2,"featured_media":0,"parent":288,"menu_order":0,"comment_status":"closed","ping_status":"closed","template":"page-templates\/side-menu.php","meta":{"_bbp_topic_count":0,"_bbp_reply_count":0,"_bbp_total_topic_count":0,"_bbp_total_reply_count":0,"_bbp_voice_count":0,"_bbp_anonymous_reply_count":0,"_bbp_topic_count_hidden":0,"_bbp_reply_count_hidden":0,"_bbp_forum_subforum_count":0,"footnotes":""},"class_list":["post-320","page","type-page","status-publish","hentry"],"post_mailing_queue_ids":[],"_links":{"self":[{"href":"https:\/\/agora.xtec.cat\/cfapalafrugell\/wp-json\/wp\/v2\/pages\/320","targetHints":{"allow":["GET"]}}],"collection":[{"href":"https:\/\/agora.xtec.cat\/cfapalafrugell\/wp-json\/wp\/v2\/pages"}],"about":[{"href":"https:\/\/agora.xtec.cat\/cfapalafrugell\/wp-json\/wp\/v2\/types\/page"}],"author":[{"embeddable":true,"href":"https:\/\/agora.xtec.cat\/cfapalafrugell\/wp-json\/wp\/v2\/users\/2"}],"replies":[{"embeddable":true,"href":"https:\/\/agora.xtec.cat\/cfapalafrugell\/wp-json\/wp\/v2\/comments?post=320"}],"version-history":[{"count":3,"href":"https:\/\/agora.xtec.cat\/cfapalafrugell\/wp-json\/wp\/v2\/pages\/320\/revisions"}],"predecessor-version":[{"id":1118,"href":"https:\/\/agora.xtec.cat\/cfapalafrugell\/wp-json\/wp\/v2\/pages\/320\/revisions\/1118"}],"up":[{"embeddable":true,"href":"https:\/\/agora.xtec.cat\/cfapalafrugell\/wp-json\/wp\/v2\/pages\/288"}],"wp:attachment":[{"href":"https:\/\/agora.xtec.cat\/cfapalafrugell\/wp-json\/wp\/v2\/media?parent=320"}],"curies":[{"name":"wp","href":"https:\/\/api.w.org\/{rel}","templated":true}]}}