{"id":316,"date":"2015-01-28T11:33:51","date_gmt":"2015-01-28T10:33:51","guid":{"rendered":"http:\/\/agora.xtec.cat\/cfapalafrugell\/?page_id=316"},"modified":"2025-10-04T16:47:58","modified_gmt":"2025-10-04T14:47:58","slug":"competencia-digital-competic","status":"publish","type":"page","link":"https:\/\/agora.xtec.cat\/cfapalafrugell\/ensenyaments\/ensenyaments-transprofessionals\/competencia-digital-competic\/","title":{"rendered":"Compet\u00e8ncia Digital COMPETIC"},"content":{"rendered":"<p>Els ensenyaments d&#8217;inform\u00e0tica a l&#8217;educaci\u00f3 d&#8217;adults estan distribu\u00efts, segons les compet\u00e8ncies digitals que es treballen en diferents nivells:<br \/>\nCOMPETIC inicial, COMPETIC 1, COMPETIC 2 i COMPETIC 3, en conson\u00e0ncia amb els nivells establerts en el Decret 89\/2009, de 9 de juny, pel qual es regula l&#8217;acreditaci\u00f3 de compet\u00e8ncies en tecnologies de la informaci\u00f3 i la comunicaci\u00f3 (ACTIC).<br \/>\nS&#8217;ent\u00e9n com a compet\u00e8ncia digital la combinaci\u00f3 de coneixements, habilitats i capacitats en conjunci\u00f3 amb valors i actituds, per assolir objectius amb efic\u00e0cia i efici\u00e8ncia en contextos diversos i amb eines digitals.<\/p>\n<p>Enguany, a l&#8217;escola oferim el curs COMPETIC 1.<br \/>\nEn aquest curs es treballen les compet\u00e8ncies seg\u00fcents:<br \/>\n\u2022 Cultura, participaci\u00f3 i civisme digital (C1)<br \/>\n\u2022 Tractament de la informaci\u00f3 gr\u00e0fica, sonora i de la imatge en moviment (C5)<br \/>\n\u2022 Tractament de la informaci\u00f3 num\u00e8rica (C6)<\/p>\n<p>Poden cursar aquest curs les persones que hagin superat el curs COMPETIC inicial o que n&#8217;acreditin els coneixements b\u00e0sics de les seg\u00fcents compet\u00e8ncies treballades en el curs COMPETIC inicial: tecnologia digital, \u00fas de l&#8217;ordinador i del sistema operatiu (C2), tractament de la informaci\u00f3 escrita (C4) i navegaci\u00f3, cerca i comunicaci\u00f3 en el m\u00f3n digital (C3).<br \/>\nLes persones que aprovin el curs obtindran els certificat de compet\u00e8ncia digital de l&#8217;educaci\u00f3 de persones adultes de nivell COMPETIC 1 que equival al certificat ACTIC b\u00e0sic (acreditaci\u00f3 de compet\u00e8ncies en tecnologies de la informaci\u00f3 i la comunicaci\u00f3).<\/p>\n","protected":false},"excerpt":{"rendered":"<p>Els ensenyaments d&#8217;inform\u00e0tica a l&#8217;educaci\u00f3 d&#8217;adults estan distribu\u00efts, segons les compet\u00e8ncies digitals que es treballen en diferents nivells:<br \/>\nCOMPETIC inicial, COMPETIC 1, COMPETIC 2 i COMPETIC 3, en conson\u00e0ncia amb els nivells establerts en el Decret 89\/2009, de 9 de juny, pel qual es regula l&#8217;acreditaci\u00f3&hellip;  <a href=\"https:\/\/agora.xtec.cat\/cfapalafrugell\/ensenyaments\/ensenyaments-transprofessionals\/competencia-digital-competic\/\" title=\"Read Compet\u00e8ncia Digital COMPETIC\">Llegeix m\u00e9s\u00bb<\/a><\/p>\n","protected":false},"author":2,"featured_media":0,"parent":286,"menu_order":0,"comment_status":"closed","ping_status":"closed","template":"page-templates\/side-menu.php","meta":{"_bbp_topic_count":0,"_bbp_reply_count":0,"_bbp_total_topic_count":0,"_bbp_total_reply_count":0,"_bbp_voice_count":0,"_bbp_anonymous_reply_count":0,"_bbp_topic_count_hidden":0,"_bbp_reply_count_hidden":0,"_bbp_forum_subforum_count":0,"footnotes":""},"class_list":["post-316","page","type-page","status-publish","hentry"],"post_mailing_queue_ids":[],"_links":{"self":[{"href":"https:\/\/agora.xtec.cat\/cfapalafrugell\/wp-json\/wp\/v2\/pages\/316","targetHints":{"allow":["GET"]}}],"collection":[{"href":"https:\/\/agora.xtec.cat\/cfapalafrugell\/wp-json\/wp\/v2\/pages"}],"about":[{"href":"https:\/\/agora.xtec.cat\/cfapalafrugell\/wp-json\/wp\/v2\/types\/page"}],"author":[{"embeddable":true,"href":"https:\/\/agora.xtec.cat\/cfapalafrugell\/wp-json\/wp\/v2\/users\/2"}],"replies":[{"embeddable":true,"href":"https:\/\/agora.xtec.cat\/cfapalafrugell\/wp-json\/wp\/v2\/comments?post=316"}],"version-history":[{"count":4,"href":"https:\/\/agora.xtec.cat\/cfapalafrugell\/wp-json\/wp\/v2\/pages\/316\/revisions"}],"predecessor-version":[{"id":2240,"href":"https:\/\/agora.xtec.cat\/cfapalafrugell\/wp-json\/wp\/v2\/pages\/316\/revisions\/2240"}],"up":[{"embeddable":true,"href":"https:\/\/agora.xtec.cat\/cfapalafrugell\/wp-json\/wp\/v2\/pages\/286"}],"wp:attachment":[{"href":"https:\/\/agora.xtec.cat\/cfapalafrugell\/wp-json\/wp\/v2\/media?parent=316"}],"curies":[{"name":"wp","href":"https:\/\/api.w.org\/{rel}","templated":true}]}}