{"id":312,"date":"2015-01-28T11:32:38","date_gmt":"2015-01-28T10:32:38","guid":{"rendered":"http:\/\/agora.xtec.cat\/cfapalafrugell\/?page_id=312"},"modified":"2022-05-10T12:12:17","modified_gmt":"2022-05-10T10:12:17","slug":"llengua-anglesa","status":"publish","type":"page","link":"https:\/\/agora.xtec.cat\/cfapalafrugell\/ensenyaments\/ensenyaments-transprofessionals\/llengua-anglesa\/","title":{"rendered":"Llengua anglesa"},"content":{"rendered":"<p>LLENG\u00dcES<br \/>\nA l&#8217;educaci\u00f3 d&#8217;adults, els ensenyaments inicials i b\u00e0sics de lleng\u00fces oficials a Catalunya i de lleng\u00fces estrangeres, estan orientats a la millora dels coneixements, compet\u00e8ncies i habilitats de les persones destinat\u00e0ries per tal de permetre la seva participaci\u00f3 activa en la societat.<br \/>\nD&#8217;acord amb els nivells comuns de refer\u00e8ncia del MECR s&#8217;ha estructurat els ensenyaments en tres nivells (nivell 1, nivell 2 i nivell 3), que es relacionen amb els seg\u00fcents:<br \/>\nNivell d&#8217;usuari\/\u00e0ria b\u00e0sic\/a A1<br \/>\nNivell d&#8217;usuari\/\u00e0ria b\u00e0sic\/a A2.1<br \/>\nNivell d&#8217;usuari\/\u00e0ria b\u00e0sic\/a A2.2<\/p>\n<p>El nivell 1 t\u00e9 per finalitat que l&#8217;aprenent\/a sigui capa\u00e7 de comunicar-se en la nova llengua per respondre a les necessitats personals m\u00e9s immediates i de subsist\u00e8ncia, i sobre temes molt familiars o del seu entorn m\u00e9s proper.<\/p>\n<p>El nivell 2 t\u00e9 per finalitat que l&#8217;aprenent\/a pugui comunicar-se en situacions properes i habituals, relacionades amb la vida quotidiana i amb el seu \u00e0mbit laboral.<\/p>\n<p>Finalment, el nivell 3 t\u00e9 per finalitat que l&#8217;aprenent\/a sigui capa\u00e7 d&#8217;expressar-se amb suficient flu\u00efdesa per comunicar-se i mantenir la interacci\u00f3 en contextos coneguts i sobre tem\u00e0tiques generals o d&#8217;inter\u00e8s personal.<\/p>\n<p>Les compet\u00e8ncies que es treballen en aquests aprenentatges s&#8217;agrupen en tres dimensions: dimensi\u00f3 comunicativa, dimensi\u00f3 liter\u00e0ria i la dimensi\u00f3 actitudinal.<\/p>\n<p>Enguany l&#8217;escola ofereix els seg\u00fcents cursos:<\/p>\n<p>Llengua anglesa nivell 1 (105 h)<br \/>\nLlengua anglesa nivell 2 (105 h)<br \/>\nLlengua anglesa nivell 3 (140 h)<\/p>\n<p>L&#8217;assoliment del nivell 3 permet accedir directament al 3r curs (B1) de l&#8217;Escola Oficial d&#8217;Idiomes.<\/p>\n<p>A continuaci\u00f3 s&#8217;exposen les correspond\u00e8ncies entre els nivells de refer\u00e8ncia del Marc Europeu Com\u00fa de refer\u00e8ncia per a les lleng\u00fces (MECR) i els diferents nivells de llengua anglesa.<\/p>\n<table style=\"height: 156px;\" width=\"853\">\n<tbody>\n<tr>\n<td style=\"text-align: center;\">Ensenyaments de lleng\u00fces a l&#8217;educaci\u00f3 d&#8217;adults<\/td>\n<td style=\"text-align: center;\">Correspond\u00e8ncia amb el MECR<\/td>\n<\/tr>\n<tr>\n<td style=\"text-align: center;\">Llengua anglesa nivell 1<br \/>\nLlengua anglesa nivell 2<br \/>\nLlengua anglesa nivell 3<\/td>\n<td style=\"text-align: center;\">A1<br \/>\nA2.1<br \/>\nA2.2<\/td>\n<\/tr>\n<\/tbody>\n<\/table>\n<p>&nbsp;<\/p>\n<p>&nbsp;<\/p>\n<p><a href=\"https:\/\/agora.xtec.cat\/cfapalafrugell\/ensenyaments\/ensenyaments-transprofessionals\/llengua-anglesa\/attachment\/flyer_angles\/\" rel=\"attachment wp-att-1874\"><img loading=\"lazy\" decoding=\"async\" class=\"size-full wp-image-1874 aligncenter\" src=\"https:\/\/agora.xtec.cat\/cfapalafrugell\/wp-content\/uploads\/usu370\/2022\/05\/flyer_angles.jpg\" alt=\"\" width=\"735\" height=\"1024\" srcset=\"https:\/\/agora.xtec.cat\/cfapalafrugell\/wp-content\/uploads\/usu370\/2022\/05\/flyer_angles.jpg 735w, https:\/\/agora.xtec.cat\/cfapalafrugell\/wp-content\/uploads\/usu370\/2022\/05\/flyer_angles-215x300.jpg 215w\" sizes=\"auto, (max-width: 735px) 100vw, 735px\" \/><\/a><\/p>\n","protected":false},"excerpt":{"rendered":"<p>LLENG\u00dcES<br \/>\nA l&#8217;educaci\u00f3 d&#8217;adults, els ensenyaments inicials i b\u00e0sics de lleng\u00fces oficials a Catalunya i de lleng\u00fces estrangeres, estan orientats a la millora dels coneixements, compet\u00e8ncies i habilitats de les persones destinat\u00e0ries per tal de permetre la seva participaci\u00f3 activa en la societat.<br \/>\nD&#8217;acord amb els nivells&hellip;  <a href=\"https:\/\/agora.xtec.cat\/cfapalafrugell\/ensenyaments\/ensenyaments-transprofessionals\/llengua-anglesa\/\" title=\"Read Llengua anglesa\">Llegeix m\u00e9s\u00bb<\/a><\/p>\n","protected":false},"author":2,"featured_media":0,"parent":286,"menu_order":0,"comment_status":"closed","ping_status":"closed","template":"page-templates\/side-menu.php","meta":{"_bbp_topic_count":0,"_bbp_reply_count":0,"_bbp_total_topic_count":0,"_bbp_total_reply_count":0,"_bbp_voice_count":0,"_bbp_anonymous_reply_count":0,"_bbp_topic_count_hidden":0,"_bbp_reply_count_hidden":0,"_bbp_forum_subforum_count":0,"footnotes":""},"class_list":["post-312","page","type-page","status-publish","hentry"],"post_mailing_queue_ids":[],"_links":{"self":[{"href":"https:\/\/agora.xtec.cat\/cfapalafrugell\/wp-json\/wp\/v2\/pages\/312","targetHints":{"allow":["GET"]}}],"collection":[{"href":"https:\/\/agora.xtec.cat\/cfapalafrugell\/wp-json\/wp\/v2\/pages"}],"about":[{"href":"https:\/\/agora.xtec.cat\/cfapalafrugell\/wp-json\/wp\/v2\/types\/page"}],"author":[{"embeddable":true,"href":"https:\/\/agora.xtec.cat\/cfapalafrugell\/wp-json\/wp\/v2\/users\/2"}],"replies":[{"embeddable":true,"href":"https:\/\/agora.xtec.cat\/cfapalafrugell\/wp-json\/wp\/v2\/comments?post=312"}],"version-history":[{"count":3,"href":"https:\/\/agora.xtec.cat\/cfapalafrugell\/wp-json\/wp\/v2\/pages\/312\/revisions"}],"predecessor-version":[{"id":1876,"href":"https:\/\/agora.xtec.cat\/cfapalafrugell\/wp-json\/wp\/v2\/pages\/312\/revisions\/1876"}],"up":[{"embeddable":true,"href":"https:\/\/agora.xtec.cat\/cfapalafrugell\/wp-json\/wp\/v2\/pages\/286"}],"wp:attachment":[{"href":"https:\/\/agora.xtec.cat\/cfapalafrugell\/wp-json\/wp\/v2\/media?parent=312"}],"curies":[{"name":"wp","href":"https:\/\/api.w.org\/{rel}","templated":true}]}}