{"id":27,"date":"2015-06-10T16:24:03","date_gmt":"2015-06-10T15:24:03","guid":{"rendered":"http:\/\/agora.xtec.cat\/cfapalafrugell\/?page_id=27"},"modified":"2015-06-15T16:47:27","modified_gmt":"2015-06-15T15:47:27","slug":"historia","status":"publish","type":"page","link":"https:\/\/agora.xtec.cat\/cfapalafrugell\/el-centre\/historia\/","title":{"rendered":"Hist\u00f2ria"},"content":{"rendered":"<p>El CFA Palafrugell, en els seus inicis Escola d&#8217;adults de Palafrugell, va comen\u00e7ar les seves activitats el curs 1979-80, amb un objectiu prioritari: intentar eradicar l&#8217;alt grau d&#8217;analfabetisme que hi havia llavors a la vila de Palafrugell.<\/p>\n<p>Tamb\u00e9 es pretenia dotar la vila d&#8217;una nova eina cultural al servei dels palafrugellencs i, perqu\u00e8 no, dels pobles ve\u00efns.<\/p>\n<p>No cal dir que aquesta data coincidia amb el retorn de les institucions democr\u00e0tiques al nostre pa\u00eds i, sobretot, amb el naixement dels ajuntaments escollits a trav\u00e9s del vot popular.<\/p>\n<p>En aquells moments es van posar en funcionament dos centres: un a les depend\u00e8ncies de la Casa de Cultura Josep Pla i, un altre als locals de l&#8217;Associaci\u00f3 de Ve\u00efns de la Sauleda. Hi havia tres mestres que impartien classes en torns: dues al Centre i una altra a la Sauleda.<\/p>\n<p>La iniciativa d&#8217;endegar aquestes aules, doncs, va ser una resposta a la demanda popular que reconeixia que per pert\u00e0nyer a una societat lliure, calia disposar d&#8217;una cultura que els f\u00e9s lliures\u009d.<br \/>\nDurant els primers anys del seu funcionament, l&#8217;escola estava a c\u00e0rrec de l&#8217;Ajuntament de la Vila.<\/p>\n<p>El curs escolar 1983-84, l&#8217;Escola va ser reconeguda oficialment pels SSTT d&#8217;Ensenyament de la Generalitat de Catalunya, que la va dotar amb una mestra del Departament, d&#8217;una subvenci\u00f3 i del dret d&#8217;atorgar les titulacions corresponents als cursos de Certificat i de Graduat Escolar.<\/p>\n<p>El curs escolar 1988-89 es produeix a Catalunya el trasp\u00e0s de la Formaci\u00f3 d&#8217;Adults des del Departament d&#8217;Ensenyament, als recentment creats SSTT de Benestar Social. Aquell anys augment\u00e0\u00a0 la plantilla amb una nova mestra del Departament. Els cursos no reglats s&#8217;ofereixen a trav\u00e9s de col\u00b7laboradors.<\/p>\n<p>El curs 1990-91 es va produir una ampliaci\u00f3 de l&#8217;oferta formativa fruit de la pla\u00e7a de mestre que va concedir el Departament de Benestar Social. A m\u00e9s dels cursos ja esmentats es va oferir el Curs de Preparaci\u00f3 per a la Prova de Maduresa per majors de 18 anys de FP. Aquests ensenyaments van tenir una extraordin\u00e0ria acollida a la nostra vila, ja que l&#8217;alumnat que majorit\u00e0riament reb\u00edem eren persones que necessitaven una titulaci\u00f3 professional espec\u00edfica en l&#8217;\u00e0mbit en qu\u00e8 ja estaven treballant des de feia anys. L&#8217;Escola oferia totes les mat\u00e8ries comunes i gran part de les espec\u00edfiques de la branca d&#8217;Administratiu. Els resultats d&#8217;alumnes que van aconseguir la titulaci\u00f3 corresponent va ser excel\u00b7lent.<\/p>\n<p>Les noves tecnologies comen\u00e7aven a formar part de la vida quotidiana de la poblaci\u00f3 i l&#8217;Escola d&#8217;Adults es va fer ress\u00f3 d&#8217;aquesta necessitat. Vam ser una de les primeres entitats p\u00fabliques de la vila a oferir cursos d&#8217;Inform\u00e0tica amb la col\u00b7laboraci\u00f3 d&#8217;altres centres docents del poble.<\/p>\n<p>En aquell moment es van comen\u00e7ar a incorporar a l&#8217;Escola persones immigrades amb una necessitat primordial: aprendre la llengua del pa\u00eds d&#8217;acollida per poder comunicar-se amb el seu entorn m\u00e9s proper.<\/p>\n<p>L&#8217;any 2005 vam celebrar els 25 anys de l&#8217;Escola d&#8217;Adults de Palafrugell amb un ventall d&#8217;activitats molt diferents de les que es van portar a terme quinze anys enrere. I \u00e9s que els nostres alumnes tamb\u00e9 eren molt diferents quant a proced\u00e8ncia: hi ha una xifra considerable d&#8217;alumnes procedents d&#8217;altres pa\u00efsos i, per tant d&#8217;altres cultures. Per\u00f2 la idea predominant va ser la interacci\u00f3 entre totes elles per tal de poder celebrar una festa de conviv\u00e8ncia dintre de la nostra comunitat educativa.<\/p>\n<p>La nostra escola est\u00e0\u00a0 vivint una constant transformaci\u00f3 que, darrerament s&#8217;ha vist accelerada amb la incorporaci\u00f3 massiva de persones immigrades de diferents pa\u00efsos. Hem treballat amb col\u00b7laboraci\u00f3 amb l&#8217;Ajuntament per poder oferir un itinerari formatiu per a cada persona segons les seves necessitats i els seus coneixements. Tamb\u00e9 treballem amb altres entitats de la vila per poder oferir-los un ventall m\u00e9s ampli de formaci\u00f3 que complementi l&#8217;estudi i el coneixement de la llengua i ajudi a la seva integraci\u00f3 social.<\/p>\n<p>La seg\u00fcent ampliaci\u00f3 del centre va tenir lloc el curs 2006-2007. Va coincidir amb el trasllat del CFA al nou edifici del Centre Municipal d&#8217;Educaci\u00f3 i amb l&#8217;ampliaci\u00f3, el curs 2007-2008, de tres persones m\u00e9s a la plantilla: dos professors de secund\u00e0ria, la qual cosa permetia impartir cursos del Graduat d&#8217;Educaci\u00f3 Secund\u00e0ria, \u00edntegrament. I un mestre de prim\u00e0ria de llengua anglesa, que permetia incrementar de manera notable els ensenyaments de lleng\u00fces estrangeres. A m\u00e9s, el departament d&#8217;Ensenyament va afegir-hi una pla\u00e7a d&#8217;administratius amb dedicaci\u00f3 a mitja jornada.<\/p>\n<p><a href=\"http:\/\/agora.xtec.cat\/cfapalafrugell\/wp-content\/uploads\/usu370\/2015\/06\/edifici235.jpg\"><img loading=\"lazy\" decoding=\"async\" class=\"wp-image-459 aligncenter\" src=\"http:\/\/agora.xtec.cat\/cfapalafrugell\/wp-content\/uploads\/usu370\/2015\/06\/edifici235-150x150.jpg\" alt=\"edifici235\" width=\"285\" height=\"285\" \/><\/a><a href=\"http:\/\/agora.xtec.cat\/cfapalafrugell\/wp-content\/uploads\/usu370\/2015\/06\/IMG_0175.jpg\">\u00a0\u00a0 \u00a0 \u00a0 \u00a0 \u00a0\u00a0\u00a0\u00a0\u00a0 <\/a>\u00a0\u00a0\u00a0\u00a0\u00a0 <a href=\"http:\/\/agora.xtec.cat\/cfapalafrugell\/wp-content\/uploads\/usu370\/2015\/06\/IMG_0174.jpg\"><img loading=\"lazy\" decoding=\"async\" class=\"size-medium wp-image-462 aligncenter\" src=\"http:\/\/agora.xtec.cat\/cfapalafrugell\/wp-content\/uploads\/usu370\/2015\/06\/IMG_0174-225x300.jpg\" alt=\"IMG_0174\" width=\"225\" height=\"300\" srcset=\"https:\/\/agora.xtec.cat\/cfapalafrugell\/wp-content\/uploads\/usu370\/2015\/06\/IMG_0174-225x300.jpg 225w, https:\/\/agora.xtec.cat\/cfapalafrugell\/wp-content\/uploads\/usu370\/2015\/06\/IMG_0174-768x1024.jpg 768w, https:\/\/agora.xtec.cat\/cfapalafrugell\/wp-content\/uploads\/usu370\/2015\/06\/IMG_0174.jpg 1944w\" sizes=\"auto, (max-width: 225px) 100vw, 225px\" \/><\/a><\/p>\n<p>&nbsp;<\/p>\n<p>&nbsp;<\/p>\n<p>&nbsp;<\/p>\n<p>&nbsp;<\/p>\n<p>&nbsp;<\/p>\n","protected":false},"excerpt":{"rendered":"<p>El CFA Palafrugell, en els seus inicis Escola d&#8217;adults de Palafrugell, va comen\u00e7ar les seves activitats el curs 1979-80, amb un objectiu prioritari: intentar eradicar l&#8217;alt grau d&#8217;analfabetisme que hi havia llavors a la vila de Palafrugell.<br \/>\nTamb\u00e9 es pretenia dotar la vila d&#8217;una nova eina&hellip;  <a href=\"https:\/\/agora.xtec.cat\/cfapalafrugell\/el-centre\/historia\/\" title=\"Read Hist\u00f2ria\">Llegeix m\u00e9s\u00bb<\/a><\/p>\n","protected":false},"author":1,"featured_media":0,"parent":261,"menu_order":20,"comment_status":"closed","ping_status":"closed","template":"page-templates\/side-menu.php","meta":{"_bbp_topic_count":0,"_bbp_reply_count":0,"_bbp_total_topic_count":0,"_bbp_total_reply_count":0,"_bbp_voice_count":0,"_bbp_anonymous_reply_count":0,"_bbp_topic_count_hidden":0,"_bbp_reply_count_hidden":0,"_bbp_forum_subforum_count":0,"footnotes":""},"class_list":["post-27","page","type-page","status-publish","hentry"],"post_mailing_queue_ids":[],"_links":{"self":[{"href":"https:\/\/agora.xtec.cat\/cfapalafrugell\/wp-json\/wp\/v2\/pages\/27","targetHints":{"allow":["GET"]}}],"collection":[{"href":"https:\/\/agora.xtec.cat\/cfapalafrugell\/wp-json\/wp\/v2\/pages"}],"about":[{"href":"https:\/\/agora.xtec.cat\/cfapalafrugell\/wp-json\/wp\/v2\/types\/page"}],"author":[{"embeddable":true,"href":"https:\/\/agora.xtec.cat\/cfapalafrugell\/wp-json\/wp\/v2\/users\/1"}],"replies":[{"embeddable":true,"href":"https:\/\/agora.xtec.cat\/cfapalafrugell\/wp-json\/wp\/v2\/comments?post=27"}],"version-history":[{"count":4,"href":"https:\/\/agora.xtec.cat\/cfapalafrugell\/wp-json\/wp\/v2\/pages\/27\/revisions"}],"predecessor-version":[{"id":467,"href":"https:\/\/agora.xtec.cat\/cfapalafrugell\/wp-json\/wp\/v2\/pages\/27\/revisions\/467"}],"up":[{"embeddable":true,"href":"https:\/\/agora.xtec.cat\/cfapalafrugell\/wp-json\/wp\/v2\/pages\/261"}],"wp:attachment":[{"href":"https:\/\/agora.xtec.cat\/cfapalafrugell\/wp-json\/wp\/v2\/media?parent=27"}],"curies":[{"name":"wp","href":"https:\/\/api.w.org\/{rel}","templated":true}]}}