{"id":265,"date":"2015-01-27T17:28:56","date_gmt":"2015-01-27T16:28:56","guid":{"rendered":"http:\/\/agora.xtec.cat\/cfapalafrugell\/?page_id=265"},"modified":"2022-04-07T16:08:25","modified_gmt":"2022-04-07T14:08:25","slug":"organitzacio-interna","status":"publish","type":"page","link":"https:\/\/agora.xtec.cat\/cfapalafrugell\/el-centre\/organitzacio-interna\/","title":{"rendered":"Organitzaci\u00f3 interna"},"content":{"rendered":"<p style=\"text-align: left;\"><strong>Equip directiu:<\/strong><\/p>\n<p>Director\/a: Teresa Avell\u00ed<br \/>\nSecretari: David Castell<br \/>\nCap d&#8217;estudis: Gemma Colom<\/p>\n<p><strong>Consell del centre:<\/strong><br \/>\n<em>El consell del centre \u00e9s l&#8217;\u00f2rgan consultiu del centre.<\/em><br \/>\n<em>Est\u00e0 constitu\u00eft per:<\/em><br \/>\nRepresentants del professorat: Enric Collado , N\u00faria Marco, \u00c1ngela Franquesa, Josep Puig.<br \/>\nRepresentant del personal administratiu i serveis (PAS): Carla Garc\u00eda<br \/>\nRepresentant de l&#8217;Ajuntament: M\u00f3nica Alcal\u00e0<br \/>\nRepresentants dels estudiants: Zineb Laiymani , Kevin Richarte, Anna Maria , Caramalau, Houda El Bouzidi.<br \/>\nEquip directiu: Teresa Avell\u00ed, Gemma Colom, David Castell<\/p>\n<p><strong>Equip de coordinaci\u00f3:<\/strong><br \/>\n<em>Cada programa compta amb un coordinador-a, que es responsabilitza de la din\u00e0mica global del programa i el seu desenvolupamnent.<\/em>Coordinaci\u00f3 Ensenyaments Inicials: Enric Collado<br \/>\nCoordinaci\u00f3 Ensenyaments B\u00e0sics: \u00c0ngela Franquesa<br \/>\nCoordinaci\u00f3 per a Proves Acc\u00e9s (GS i Universitat+25): Josep Puig<br \/>\nCoordinaci\u00f3 de Compet\u00e8ncies per a la Societat de la Informaci\u00f3: N\u00faria Marco<\/p>\n<p><strong>Professorat: <\/strong>\u00a0<span style=\"font-family: inherit; font-size: 1em;\">\u00a0<\/span>Teresa Avell\u00ed,\u00a0<span style=\"font-family: inherit; font-size: 1em;\">David Castell, Gemma Colom, \u00c0ngela Franquesa,\u00a0 <\/span><span style=\"font-family: inherit; font-size: 1em;\">Enric Collado , Josep Puig<\/span><span style=\"font-family: inherit; font-size: 1em;\">, <\/span>N\u00faria Marco.<\/p>\n<p><strong>Personal d&#8217;administraci\u00f3 i de serveis:<\/strong><br \/>\nCarla Garc\u00eda<\/p>\n<p>&nbsp;<\/p>\n","protected":false},"excerpt":{"rendered":"<p>Equip directiu:<br \/>\nDirector\/a: Teresa Avell\u00ed<br \/>\nSecretari: David Castell<br \/>\nCap d&#8217;estudis: Gemma Colom<br \/>\nConsell del centre:<br \/>\nEl consell del centre \u00e9s l&#8217;\u00f2rgan consultiu del centre.<br \/>\nEst\u00e0 constitu\u00eft per:<br \/>\nRepresentants del professorat: Enric Collado , N\u00faria Marco, \u00c1ngela Franquesa, Josep Puig.<br \/>\nRepresentant del personal administratiu i serveis (PAS): Carla Garc\u00eda<br \/>\nRepresentant de l&#8217;Ajuntament: M\u00f3nica Alcal\u00e0<br \/>\nRepresentants dels&hellip;  <a href=\"https:\/\/agora.xtec.cat\/cfapalafrugell\/el-centre\/organitzacio-interna\/\" title=\"Read Organitzaci\u00f3 interna\">Llegeix m\u00e9s\u00bb<\/a><\/p>\n","protected":false},"author":2,"featured_media":0,"parent":261,"menu_order":40,"comment_status":"closed","ping_status":"closed","template":"page-templates\/side-menu.php","meta":{"_bbp_topic_count":0,"_bbp_reply_count":0,"_bbp_total_topic_count":0,"_bbp_total_reply_count":0,"_bbp_voice_count":0,"_bbp_anonymous_reply_count":0,"_bbp_topic_count_hidden":0,"_bbp_reply_count_hidden":0,"_bbp_forum_subforum_count":0,"footnotes":""},"class_list":["post-265","page","type-page","status-publish","hentry"],"post_mailing_queue_ids":[],"_links":{"self":[{"href":"https:\/\/agora.xtec.cat\/cfapalafrugell\/wp-json\/wp\/v2\/pages\/265","targetHints":{"allow":["GET"]}}],"collection":[{"href":"https:\/\/agora.xtec.cat\/cfapalafrugell\/wp-json\/wp\/v2\/pages"}],"about":[{"href":"https:\/\/agora.xtec.cat\/cfapalafrugell\/wp-json\/wp\/v2\/types\/page"}],"author":[{"embeddable":true,"href":"https:\/\/agora.xtec.cat\/cfapalafrugell\/wp-json\/wp\/v2\/users\/2"}],"replies":[{"embeddable":true,"href":"https:\/\/agora.xtec.cat\/cfapalafrugell\/wp-json\/wp\/v2\/comments?post=265"}],"version-history":[{"count":3,"href":"https:\/\/agora.xtec.cat\/cfapalafrugell\/wp-json\/wp\/v2\/pages\/265\/revisions"}],"predecessor-version":[{"id":393,"href":"https:\/\/agora.xtec.cat\/cfapalafrugell\/wp-json\/wp\/v2\/pages\/265\/revisions\/393"}],"up":[{"embeddable":true,"href":"https:\/\/agora.xtec.cat\/cfapalafrugell\/wp-json\/wp\/v2\/pages\/261"}],"wp:attachment":[{"href":"https:\/\/agora.xtec.cat\/cfapalafrugell\/wp-json\/wp\/v2\/media?parent=265"}],"curies":[{"name":"wp","href":"https:\/\/api.w.org\/{rel}","templated":true}]}}