{"id":2221,"date":"2025-10-04T16:34:36","date_gmt":"2025-10-04T14:34:36","guid":{"rendered":"https:\/\/agora.xtec.cat\/cfapalafrugell\/?page_id=2221"},"modified":"2025-10-04T16:34:58","modified_gmt":"2025-10-04T14:34:58","slug":"espai-i-installacions-2","status":"publish","type":"page","link":"https:\/\/agora.xtec.cat\/cfapalafrugell\/espai-i-installacions-2\/","title":{"rendered":"Espai i instal\u00b7lacions"},"content":{"rendered":"<p style=\"text-align: justify;\">El Centre de Formaci\u00f3 d\u2019Adults de Palafrugell est\u00e0 situat dins del Centre Municipal d\u2019Educaci\u00f3. La sala de professors i el despatx de direcci\u00f3 i atenci\u00f3 al p\u00fablic es troben situats al <strong>segon pis<\/strong>, mentre que les aules es troben repartides entre el primer pis i la planta baixa. S\u00f3n aules \u00e0mplies i lluminoses, totes elles equipades amb can\u00f3 de projecci\u00f3. A la planta baixa tamb\u00e9 hi ha l\u2019aula d\u2019inform\u00e0tica equipada amb disset ordinadors connectats en xarxa.<\/p>\n","protected":false},"excerpt":{"rendered":"<p>El Centre de Formaci\u00f3 d\u2019Adults de Palafrugell est\u00e0 situat dins del Centre Municipal d\u2019Educaci\u00f3. La sala de professors i el despatx de direcci\u00f3 i atenci\u00f3 al p\u00fablic es troben situats al segon pis, mentre que les aules es troben repartides entre el primer pis i&hellip;  <a href=\"https:\/\/agora.xtec.cat\/cfapalafrugell\/espai-i-installacions-2\/\" title=\"Read Espai i instal\u00b7lacions\">Llegeix m\u00e9s\u00bb<\/a><\/p>\n","protected":false},"author":1,"featured_media":0,"parent":0,"menu_order":0,"comment_status":"closed","ping_status":"closed","template":"","meta":{"_bbp_topic_count":0,"_bbp_reply_count":0,"_bbp_total_topic_count":0,"_bbp_total_reply_count":0,"_bbp_voice_count":0,"_bbp_anonymous_reply_count":0,"_bbp_topic_count_hidden":0,"_bbp_reply_count_hidden":0,"_bbp_forum_subforum_count":0,"footnotes":""},"class_list":["post-2221","page","type-page","status-publish","hentry"],"post_mailing_queue_ids":[],"_links":{"self":[{"href":"https:\/\/agora.xtec.cat\/cfapalafrugell\/wp-json\/wp\/v2\/pages\/2221","targetHints":{"allow":["GET"]}}],"collection":[{"href":"https:\/\/agora.xtec.cat\/cfapalafrugell\/wp-json\/wp\/v2\/pages"}],"about":[{"href":"https:\/\/agora.xtec.cat\/cfapalafrugell\/wp-json\/wp\/v2\/types\/page"}],"author":[{"embeddable":true,"href":"https:\/\/agora.xtec.cat\/cfapalafrugell\/wp-json\/wp\/v2\/users\/1"}],"replies":[{"embeddable":true,"href":"https:\/\/agora.xtec.cat\/cfapalafrugell\/wp-json\/wp\/v2\/comments?post=2221"}],"version-history":[{"count":2,"href":"https:\/\/agora.xtec.cat\/cfapalafrugell\/wp-json\/wp\/v2\/pages\/2221\/revisions"}],"predecessor-version":[{"id":2226,"href":"https:\/\/agora.xtec.cat\/cfapalafrugell\/wp-json\/wp\/v2\/pages\/2221\/revisions\/2226"}],"wp:attachment":[{"href":"https:\/\/agora.xtec.cat\/cfapalafrugell\/wp-json\/wp\/v2\/media?parent=2221"}],"curies":[{"name":"wp","href":"https:\/\/api.w.org\/{rel}","templated":true}]}}