{"id":2214,"date":"2025-10-04T16:29:43","date_gmt":"2025-10-04T14:29:43","guid":{"rendered":"https:\/\/agora.xtec.cat\/cfapalafrugell\/?page_id=2214"},"modified":"2025-10-04T16:31:43","modified_gmt":"2025-10-04T14:31:43","slug":"qui-som-2","status":"publish","type":"page","link":"https:\/\/agora.xtec.cat\/cfapalafrugell\/qui-som-2\/","title":{"rendered":"Qui som?"},"content":{"rendered":"<p style=\"text-align: justify;\">El CFA Palafrugell, en els seus inicis Escola d\u2019adults de Palafrugell, va comen\u00e7ar les seves activitats el curs 1979-80, amb un objectiu prioritari: intentar erradicar l\u2019alt grau d\u2019analfabetisme que hi havia llavors a la vila de Palafrugell.<\/p>\n<p style=\"text-align: justify;\">Tamb\u00e9 es pretenia dotar la vila d\u2019una nova eina cultural al servei dels palafrugellencs i, perqu\u00e8 no, dels pobles ve\u00efns.<\/p>\n<p style=\"text-align: justify;\">No cal dir que aquesta data coincidia amb el retorn de les institucions democr\u00e0tiques al nostre pa\u00eds i, sobretot, amb el naixement dels ajuntaments escollits a trav\u00e9s del vot popular.<\/p>\n<p style=\"text-align: justify;\">En aquells moments es van posar en funcionament dos centres: un a les depend\u00e8ncies de la Casa de Cultura Josep Pla i, un altre als locals de l\u2019Associaci\u00f3 de Ve\u00efns de la Sauleda. Hi havia tres mestres que impartien classes en torns: dues al Centre i una altra a la Sauleda.<\/p>\n<p style=\"text-align: justify;\">La iniciativa d\u2019endegar aquestes aules, doncs, va ser una resposta a la demanda popular que reconeixia que per pert\u00e0nyer a una societat lliure, calia disposar d\u2019una cultura que els f\u00e9s lliures\u009d.<br \/>\nDurant els primers anys del seu funcionament, l\u2019escola estava a c\u00e0rrec de l\u2019Ajuntament de la Vila.<\/p>\n<p style=\"text-align: justify;\">El curs escolar 1983-84, l\u2019Escola va ser reconeguda oficialment pels SSTT d\u2019Ensenyament de la Generalitat de Catalunya, que la va dotar amb una mestra del Departament, d\u2019una subvenci\u00f3 i del dret d\u2019atorgar les titulacions corresponents als cursos de Certificat i de Graduat Escolar.<\/p>\n<p style=\"text-align: justify;\">El curs escolar 1988-89 es produeix a Catalunya el trasp\u00e0s de la Formaci\u00f3 d\u2019Adults des del Departament d\u2019Ensenyament, als recentment creats SSTT de Benestar Social. Aquell anys augment\u00e0 la plantilla amb una nova mestra del Departament. Els cursos no reglats s\u2019ofereixen a trav\u00e9s de col\u00b7laboradors.<\/p>\n<p style=\"text-align: justify;\">El curs 1990-91 es va produir una ampliaci\u00f3 de l\u2019oferta formativa fruit de la pla\u00e7a de mestre que va concedir el Departament de Benestar Social. A m\u00e9s dels cursos ja esmentats es va oferir el Curs de Preparaci\u00f3 per a la Prova de Maduresa per majors de 18 anys de FP. Aquests ensenyaments van tenir una extraordin\u00e0ria acollida a la nostra vila, ja que l\u2019alumnat que majorit\u00e0riament reb\u00edem eren persones que necessitaven una titulaci\u00f3 professional espec\u00edfica en l\u2019\u00e0mbit en qu\u00e8 ja estaven treballant des de feia anys. L\u2019Escola oferia totes les mat\u00e8ries comunes i gran part de les espec\u00edfiques de la branca d\u2019Administratiu. Els resultats d\u2019alumnes que van aconseguir la titulaci\u00f3 corresponent va ser excel\u00b7lent.<\/p>\n<p style=\"text-align: justify;\">Les noves tecnologies comen\u00e7aven a formar part de la vida quotidiana de la poblaci\u00f3 i l\u2019Escola d\u2019Adults es va fer ress\u00f3 d\u2019aquesta necessitat. Vam ser una de les primeres entitats p\u00fabliques de la vila a oferir cursos d\u2019Inform\u00e0tica amb la col\u00b7laboraci\u00f3 d\u2019altres centres docents del poble.<\/p>\n<p style=\"text-align: justify;\">En aquell moment es van comen\u00e7ar a incorporar a l\u2019Escola persones immigrades amb una necessitat primordial: aprendre la llengua del pa\u00eds d\u2019acollida per poder comunicar-se amb el seu entorn m\u00e9s proper.<\/p>\n<p style=\"text-align: justify;\">L\u2019any 2005 vam celebrar els 25 anys de l\u2019Escola d\u2019Adults de Palafrugell amb un ventall d\u2019activitats molt diferents de les que es van portar a terme quinze anys enrere. I \u00e9s que els nostres alumnes tamb\u00e9 eren molt diferents quant a proced\u00e8ncia: hi ha una xifra considerable d\u2019alumnes procedents d\u2019altres pa\u00efsos i, per tant d\u2019altres cultures. Per\u00f2 la idea predominant va ser la interacci\u00f3 entre totes elles per tal de poder celebrar una festa de conviv\u00e8ncia dintre de la nostra comunitat educativa.<\/p>\n<p style=\"text-align: justify;\">La nostra escola est\u00e0 vivint una constant transformaci\u00f3 que, darrerament s\u2019ha vist accelerada amb la incorporaci\u00f3 massiva de persones immigrades de diferents pa\u00efsos. Hem treballat amb col\u00b7laboraci\u00f3 amb l\u2019Ajuntament per poder oferir un itinerari formatiu per a cada persona segons les seves necessitats i els seus coneixements. Tamb\u00e9 treballem amb altres entitats de la vila per poder oferir-los un ventall m\u00e9s ampli de formaci\u00f3 que complementi l\u2019estudi i el coneixement de la llengua i ajudi a la seva integraci\u00f3 social.<\/p>\n<p style=\"text-align: justify;\">La seg\u00fcent ampliaci\u00f3 del centre va tenir lloc el curs 2006-2007. Va coincidir amb el trasllat del CFA al nou edifici del Centre Municipal d\u2019Educaci\u00f3 i amb l\u2019ampliaci\u00f3, el curs 2007-2008, de tres persones m\u00e9s a la plantilla: dos professors de secund\u00e0ria, la qual cosa permetia impartir cursos del Graduat d\u2019Educaci\u00f3 Secund\u00e0ria, \u00edntegrament. I un mestre de prim\u00e0ria de llengua anglesa, que permetia incrementar de manera notable els ensenyaments de lleng\u00fces estrangeres. A m\u00e9s, el departament d\u2019Ensenyament va afegir-hi una pla\u00e7a d\u2019administratius amb dedicaci\u00f3 a mitja jornada.<\/p>\n","protected":false},"excerpt":{"rendered":"<p>El CFA Palafrugell, en els seus inicis Escola d\u2019adults de Palafrugell, va comen\u00e7ar les seves activitats el curs 1979-80, amb un objectiu prioritari: intentar erradicar l\u2019alt grau d\u2019analfabetisme que hi havia llavors a la vila de Palafrugell.<br \/>\nTamb\u00e9 es pretenia dotar la vila d\u2019una nova eina&hellip;  <a href=\"https:\/\/agora.xtec.cat\/cfapalafrugell\/qui-som-2\/\" title=\"Read Qui som?\">Llegeix m\u00e9s\u00bb<\/a><\/p>\n","protected":false},"author":1,"featured_media":0,"parent":0,"menu_order":0,"comment_status":"closed","ping_status":"closed","template":"","meta":{"_bbp_topic_count":0,"_bbp_reply_count":0,"_bbp_total_topic_count":0,"_bbp_total_reply_count":0,"_bbp_voice_count":0,"_bbp_anonymous_reply_count":0,"_bbp_topic_count_hidden":0,"_bbp_reply_count_hidden":0,"_bbp_forum_subforum_count":0,"footnotes":""},"class_list":["post-2214","page","type-page","status-publish","hentry"],"post_mailing_queue_ids":[],"_links":{"self":[{"href":"https:\/\/agora.xtec.cat\/cfapalafrugell\/wp-json\/wp\/v2\/pages\/2214","targetHints":{"allow":["GET"]}}],"collection":[{"href":"https:\/\/agora.xtec.cat\/cfapalafrugell\/wp-json\/wp\/v2\/pages"}],"about":[{"href":"https:\/\/agora.xtec.cat\/cfapalafrugell\/wp-json\/wp\/v2\/types\/page"}],"author":[{"embeddable":true,"href":"https:\/\/agora.xtec.cat\/cfapalafrugell\/wp-json\/wp\/v2\/users\/1"}],"replies":[{"embeddable":true,"href":"https:\/\/agora.xtec.cat\/cfapalafrugell\/wp-json\/wp\/v2\/comments?post=2214"}],"version-history":[{"count":3,"href":"https:\/\/agora.xtec.cat\/cfapalafrugell\/wp-json\/wp\/v2\/pages\/2214\/revisions"}],"predecessor-version":[{"id":2220,"href":"https:\/\/agora.xtec.cat\/cfapalafrugell\/wp-json\/wp\/v2\/pages\/2214\/revisions\/2220"}],"wp:attachment":[{"href":"https:\/\/agora.xtec.cat\/cfapalafrugell\/wp-json\/wp\/v2\/media?parent=2214"}],"curies":[{"name":"wp","href":"https:\/\/api.w.org\/{rel}","templated":true}]}}