{"id":1969,"date":"2023-01-27T13:10:00","date_gmt":"2023-01-27T12:10:00","guid":{"rendered":"https:\/\/agora.xtec.cat\/cfapalafrugell\/?page_id=1969"},"modified":"2023-06-27T12:48:15","modified_gmt":"2023-06-27T10:48:15","slug":"estrategia-digital-de-centre","status":"publish","type":"page","link":"https:\/\/agora.xtec.cat\/cfapalafrugell\/estrategia-digital-de-centre\/","title":{"rendered":"ESTRAT\u00c8GIA DIGITAL DE CENTRE"},"content":{"rendered":"<p style=\"text-align: center;\"><a href=\"https:\/\/sites.google.com\/xtec.cat\/edccfapalafrugell?usp=sharing\">Podeu visitar el SITE<\/a> que hem creat amb tota la informaci\u00f3 sobre l&#8217;<a href=\"https:\/\/sites.google.com\/xtec.cat\/edccfapalafrugell?usp=sharing\">EDC CFA Palafrugell<\/a>.<\/p>\n<p><a href=\"https:\/\/sites.google.com\/xtec.cat\/edccfapalafrugell?usp=sharing\">L&#8217;estrat\u00e8gia digital de centre (EDC)<\/a> defineix i concreta les l\u00ednies d&#8217;actuaci\u00f3 d&#8217;un centre que fan possible que docents, alumnat i centre assoleixin la compet\u00e8ncia digital. Per aconseguir aquesta compet\u00e8ncia digital, l&#8217;EDC compr\u00e8n tots els \u00e0mbits del centre: organitzatius, metodol\u00f2gics, curriculars i comunicatius, els quals s&#8217;han de veure necess\u00e0riament implicats i, si escau, transformats, des d\u2019una perspectiva d&#8217;innovaci\u00f3 i de millora cont\u00ednua.<\/p>\n<p>Els objectius de l&#8217;EDC es poden agrupar en cinc \u00e0mbits, que tenen com a fita el m\u00e0xim assoliment de la compet\u00e8ncia digital de l\u2019alumnat, del professorat i del centre:<\/p>\n<ul>\n<li>Assoliment de la compet\u00e8ncia digital<\/li>\n<li>Planificaci\u00f3 estrat\u00e8gica i organitzaci\u00f3<\/li>\n<li>Metodologies did\u00e0ctiques i innovaci\u00f3<\/li>\n<li>Inclusi\u00f3 digital i de g\u00e8nere<\/li>\n<li>Seguretat i protecci\u00f3 de dades<\/li>\n<\/ul>\n<p><a href=\"https:\/\/agora.xtec.cat\/cfapalafrugell\/estrategia-digital-de-centre\/attachment\/estrategia-digital\/\" rel=\"attachment wp-att-1981\"><img loading=\"lazy\" decoding=\"async\" class=\"wp-image-1981 aligncenter\" src=\"https:\/\/agora.xtec.cat\/cfapalafrugell\/wp-content\/uploads\/usu370\/2023\/02\/estrategia-digital.jpg\" alt=\"\" width=\"520\" height=\"325\" srcset=\"https:\/\/agora.xtec.cat\/cfapalafrugell\/wp-content\/uploads\/usu370\/2023\/02\/estrategia-digital.jpg 1080w, https:\/\/agora.xtec.cat\/cfapalafrugell\/wp-content\/uploads\/usu370\/2023\/02\/estrategia-digital-300x188.jpg 300w, https:\/\/agora.xtec.cat\/cfapalafrugell\/wp-content\/uploads\/usu370\/2023\/02\/estrategia-digital-1024x640.jpg 1024w, https:\/\/agora.xtec.cat\/cfapalafrugell\/wp-content\/uploads\/usu370\/2023\/02\/estrategia-digital-768x480.jpg 768w\" sizes=\"auto, (max-width: 520px) 100vw, 520px\" \/><\/a><\/p>\n","protected":false},"excerpt":{"rendered":"<p><a href=\"https:\/\/sites.google.com\/xtec.cat\/edccfapalafrugell?usp=sharing\">Podeu visitar el SITE<\/a> que hem creat amb tota la informaci\u00f3 sobre l&#8217;<a href=\"https:\/\/sites.google.com\/xtec.cat\/edccfapalafrugell?usp=sharing\">EDC CFA Palafrugell<\/a>.<br \/>\n<a href=\"https:\/\/sites.google.com\/xtec.cat\/edccfapalafrugell?usp=sharing\">L&#8217;estrat\u00e8gia digital de centre (EDC)<\/a> defineix i concreta les l\u00ednies d&#8217;actuaci\u00f3 d&#8217;un centre que fan possible que docents, alumnat i centre assoleixin la compet\u00e8ncia digital. Per aconseguir aquesta&hellip;  <a href=\"https:\/\/agora.xtec.cat\/cfapalafrugell\/estrategia-digital-de-centre\/\" title=\"Read ESTRAT\u00c8GIA DIGITAL DE CENTRE\">Llegeix m\u00e9s\u00bb<\/a><\/p>\n","protected":false},"author":1,"featured_media":0,"parent":0,"menu_order":0,"comment_status":"closed","ping_status":"closed","template":"","meta":{"_bbp_topic_count":0,"_bbp_reply_count":0,"_bbp_total_topic_count":0,"_bbp_total_reply_count":0,"_bbp_voice_count":0,"_bbp_anonymous_reply_count":0,"_bbp_topic_count_hidden":0,"_bbp_reply_count_hidden":0,"_bbp_forum_subforum_count":0,"footnotes":""},"class_list":["post-1969","page","type-page","status-publish","hentry"],"post_mailing_queue_ids":[],"_links":{"self":[{"href":"https:\/\/agora.xtec.cat\/cfapalafrugell\/wp-json\/wp\/v2\/pages\/1969","targetHints":{"allow":["GET"]}}],"collection":[{"href":"https:\/\/agora.xtec.cat\/cfapalafrugell\/wp-json\/wp\/v2\/pages"}],"about":[{"href":"https:\/\/agora.xtec.cat\/cfapalafrugell\/wp-json\/wp\/v2\/types\/page"}],"author":[{"embeddable":true,"href":"https:\/\/agora.xtec.cat\/cfapalafrugell\/wp-json\/wp\/v2\/users\/1"}],"replies":[{"embeddable":true,"href":"https:\/\/agora.xtec.cat\/cfapalafrugell\/wp-json\/wp\/v2\/comments?post=1969"}],"version-history":[{"count":3,"href":"https:\/\/agora.xtec.cat\/cfapalafrugell\/wp-json\/wp\/v2\/pages\/1969\/revisions"}],"predecessor-version":[{"id":1989,"href":"https:\/\/agora.xtec.cat\/cfapalafrugell\/wp-json\/wp\/v2\/pages\/1969\/revisions\/1989"}],"wp:attachment":[{"href":"https:\/\/agora.xtec.cat\/cfapalafrugell\/wp-json\/wp\/v2\/media?parent=1969"}],"curies":[{"name":"wp","href":"https:\/\/api.w.org\/{rel}","templated":true}]}}