{"id":320,"date":"2015-01-28T11:35:13","date_gmt":"2015-01-28T10:35:13","guid":{"rendered":"http:\/\/agora.xtec.cat\/cfanatura\/?page_id=320"},"modified":"2024-07-09T13:50:28","modified_gmt":"2024-07-09T11:50:28","slug":"a-cicles-formatius-de-grau-superior","status":"publish","type":"page","link":"https:\/\/agora.xtec.cat\/cfanatura\/ensenyaments\/ensenyaments-per-a-la-preparacio-de-proves-dacces\/a-cicles-formatius-de-grau-superior\/","title":{"rendered":"A cicles formatius de grau superior"},"content":{"rendered":"<div id=\"toolbar-6495292b-8cc6-4f06-850d-7087ba98d8c7\" class=\"block-library-classic__toolbar\" data-placeholder=\"Edita el cl\u00e0ssic\">\n<div id=\"mceu_77\" class=\"mce-tinymce mce-tinymce-inline mce-container mce-panel\" style=\"border-width: 1px; left: 0px; top: 0px; width: 0px; height: 0px;\" tabindex=\"-1\" role=\"application\">\n<div id=\"mceu_77-body\" class=\"mce-container-body mce-abs-layout\" style=\"width: 0px; height: 0px;\">\n<div id=\"mceu_78\" class=\"mce-toolbar-grp mce-container mce-panel mce-abs-layout-item mce-first mce-last\" style=\"left: 0px; top: 0px; width: 0px; height: 0px;\" tabindex=\"-1\" role=\"group\">\n<div id=\"mceu_78-body\" class=\"mce-container-body mce-stack-layout\" style=\"width: 0px; height: 0px;\">\n<div id=\"mceu_79\" class=\"mce-container mce-toolbar mce-stack-layout-item mce-first\" role=\"toolbar\">\n<div id=\"mceu_79-body\" class=\"mce-container-body mce-flow-layout\">\n<div id=\"mceu_80\" class=\"mce-container mce-flow-layout-item mce-first mce-last mce-btn-group\" role=\"group\">\n<div id=\"mceu_80-body\">\n<div id=\"mceu_65\" class=\"mce-widget mce-btn mce-last\" tabindex=\"-1\" role=\"button\" aria-label=\"Commuta la barra d'eines (Shift+Alt+Z)\"><\/div>\n<\/div>\n<\/div>\n<\/div>\n<\/div>\n<div id=\"mceu_81\" class=\"mce-container mce-toolbar mce-stack-layout-item mce-last\" role=\"toolbar\">\n<div id=\"mceu_81-body\" class=\"mce-container-body mce-flow-layout\">\n<div id=\"mceu_82\" class=\"mce-container mce-flow-layout-item mce-first mce-last mce-btn-group\" role=\"group\">\n<div id=\"mceu_82-body\">\n<div id=\"mceu_66\" class=\"mce-widget mce-btn mce-first\" tabindex=\"-1\" role=\"button\" aria-pressed=\"false\" aria-label=\"Ratllat (Shift+Alt+D)\"><\/div>\n<div id=\"mceu_67\" class=\"mce-widget mce-btn\" tabindex=\"-1\" role=\"button\" aria-label=\"L\u00ednia horitzontal\"><\/div>\n<div id=\"mceu_68\" class=\"mce-widget mce-btn mce-splitbtn mce-colorbutton\" tabindex=\"-1\" role=\"button\" aria-haspopup=\"true\" aria-label=\"Color del text\"><\/div>\n<div id=\"mceu_69\" class=\"mce-widget mce-btn\" tabindex=\"-1\" role=\"button\" aria-pressed=\"false\" aria-label=\"Enganxa com a text pla\"><\/div>\n<div id=\"mceu_70\" class=\"mce-widget mce-btn\" tabindex=\"-1\" role=\"button\" aria-label=\"Neteja el format\"><\/div>\n<div id=\"mceu_71\" class=\"mce-widget mce-btn\" tabindex=\"-1\" role=\"button\" aria-label=\"Car\u00e0cter especial\"><\/div>\n<div id=\"mceu_72\" class=\"mce-widget mce-btn\" tabindex=\"-1\" role=\"button\" aria-label=\"Redueix el sagnat\"><\/div>\n<div id=\"mceu_73\" class=\"mce-widget mce-btn\" tabindex=\"-1\" role=\"button\" aria-label=\"Augmenta el sagnat\"><\/div>\n<div id=\"mceu_74\" class=\"mce-widget mce-btn mce-disabled\" tabindex=\"-1\" role=\"button\" aria-label=\"Desf\u00e9s (Ctrl+Z)\" aria-disabled=\"true\"><\/div>\n<div id=\"mceu_75\" class=\"mce-widget mce-btn mce-disabled\" tabindex=\"-1\" role=\"button\" aria-label=\"Ref\u00e9s (Ctrl+Y)\" aria-disabled=\"true\"><\/div>\n<div id=\"mceu_76\" class=\"mce-widget mce-btn mce-last\" tabindex=\"-1\" role=\"button\" aria-label=\"Tecles de drecera (Shift+Alt+H)\"><\/div>\n<\/div>\n<\/div>\n<\/div>\n<\/div>\n<\/div>\n<\/div>\n<\/div>\n<\/div>\n<\/div>\n<div id=\"editor-6495292b-8cc6-4f06-850d-7087ba98d8c7\" class=\"wp-block-freeform block-library-rich-text__tinymce mce-content-body html5-captions mce-edit-focus\" style=\"position: relative;\" contenteditable=\"true\">\n<p>La prova d&#8217;acc\u00e9s a grau superior t\u00e9 com a finalitat facilitar l&#8217;acc\u00e9s als Cicles Formatius de Grau Superior (CFGS).<\/p>\n<p>Consta de\u00a0dues parts: una comuna, igual per a tots els cicles, i una altra d&#8217;espec\u00edfica, segons el cicle que es vol estudiar.<\/p>\n<p><strong>Part comuna: <\/strong><\/p>\n<p>_Llengua Catalana<br \/>\n_Llengua Castellana<br \/>\n_Idioma estranger: angl\u00e8s, franc\u00e8s o alemany<br \/>\n_Matem\u00e0tiques<\/p>\n<p><strong>Part espec\u00edfica:<\/strong><\/p>\n<p>Dues mat\u00e8ries, segons el cicle que es vulgui cursar.<\/p>\n<p><em>Qui pugui acreditar, com a m\u00ednim, un any d&#8217;experi\u00e8ncia laboral en la branca i categoria professional dels estudis que vulgui cursar, quedar\u00e0 exempt de la part espec\u00edfica de la prova d&#8217;acc\u00e9s, pr\u00e8via sol\u00b7licitud i aprovaci\u00f3 per part del departament d&#8217;Ensenyament.<br \/>\n<\/em><br \/>\nA l&#8217;Escola d&#8217;Adults Natura oferim preparaci\u00f3 per a totes les mat\u00e8ries corresponents a la part comuna (amb l&#8217;angl\u00e8s com a llengua estrangera) i tamb\u00e9 per a les seg\u00fcents mat\u00e8ries espec\u00edfiques: geografia i psicologia.<\/p>\n<\/div>\n<p>Horari: de dilluns a dijous de 8.45 a 13 h<\/p>\n","protected":false},"excerpt":{"rendered":"<p>La prova d&#8217;acc\u00e9s a grau superior t\u00e9 com a finalitat facilitar l&#8217;acc\u00e9s als Cicles Formatius de Grau Superior (CFGS). Consta [&hellip;]<\/p>\n","protected":false},"author":1,"featured_media":0,"parent":288,"menu_order":0,"comment_status":"closed","ping_status":"closed","template":"page-templates\/side-menu.php","meta":{"site-sidebar-layout":"default","site-content-layout":"","ast-site-content-layout":"","site-content-style":"default","site-sidebar-style":"default","ast-global-header-display":"","ast-banner-title-visibility":"","ast-main-header-display":"","ast-hfb-above-header-display":"","ast-hfb-below-header-display":"","ast-hfb-mobile-header-display":"","site-post-title":"","ast-breadcrumbs-content":"","ast-featured-img":"","footer-sml-layout":"","theme-transparent-header-meta":"","adv-header-id-meta":"","stick-header-meta":"","header-above-stick-meta":"","header-main-stick-meta":"","header-below-stick-meta":"","astra-migrate-meta-layouts":"default","ast-page-background-enabled":"default","ast-page-background-meta":{"desktop":{"background-color":"var(--ast-global-color-4)","background-image":"","background-repeat":"repeat","background-position":"center center","background-size":"auto","background-attachment":"scroll","background-type":"","background-media":"","overlay-type":"","overlay-color":"","overlay-opacity":"","overlay-gradient":""},"tablet":{"background-color":"","background-image":"","background-repeat":"repeat","background-position":"center center","background-size":"auto","background-attachment":"scroll","background-type":"","background-media":"","overlay-type":"","overlay-color":"","overlay-opacity":"","overlay-gradient":""},"mobile":{"background-color":"","background-image":"","background-repeat":"repeat","background-position":"center center","background-size":"auto","background-attachment":"scroll","background-type":"","background-media":"","overlay-type":"","overlay-color":"","overlay-opacity":"","overlay-gradient":""}},"ast-content-background-meta":{"desktop":{"background-color":"var(--ast-global-color-5)","background-image":"","background-repeat":"repeat","background-position":"center center","background-size":"auto","background-attachment":"scroll","background-type":"","background-media":"","overlay-type":"","overlay-color":"","overlay-opacity":"","overlay-gradient":""},"tablet":{"background-color":"var(--ast-global-color-5)","background-image":"","background-repeat":"repeat","background-position":"center center","background-size":"auto","background-attachment":"scroll","background-type":"","background-media":"","overlay-type":"","overlay-color":"","overlay-opacity":"","overlay-gradient":""},"mobile":{"background-color":"var(--ast-global-color-5)","background-image":"","background-repeat":"repeat","background-position":"center center","background-size":"auto","background-attachment":"scroll","background-type":"","background-media":"","overlay-type":"","overlay-color":"","overlay-opacity":"","overlay-gradient":""}},"footnotes":""},"class_list":["post-320","page","type-page","status-publish","hentry"],"post_mailing_queue_ids":[],"_links":{"self":[{"href":"https:\/\/agora.xtec.cat\/cfanatura\/wp-json\/wp\/v2\/pages\/320","targetHints":{"allow":["GET"]}}],"collection":[{"href":"https:\/\/agora.xtec.cat\/cfanatura\/wp-json\/wp\/v2\/pages"}],"about":[{"href":"https:\/\/agora.xtec.cat\/cfanatura\/wp-json\/wp\/v2\/types\/page"}],"author":[{"embeddable":true,"href":"https:\/\/agora.xtec.cat\/cfanatura\/wp-json\/wp\/v2\/users\/1"}],"replies":[{"embeddable":true,"href":"https:\/\/agora.xtec.cat\/cfanatura\/wp-json\/wp\/v2\/comments?post=320"}],"version-history":[{"count":2,"href":"https:\/\/agora.xtec.cat\/cfanatura\/wp-json\/wp\/v2\/pages\/320\/revisions"}],"predecessor-version":[{"id":571,"href":"https:\/\/agora.xtec.cat\/cfanatura\/wp-json\/wp\/v2\/pages\/320\/revisions\/571"}],"up":[{"embeddable":true,"href":"https:\/\/agora.xtec.cat\/cfanatura\/wp-json\/wp\/v2\/pages\/288"}],"wp:attachment":[{"href":"https:\/\/agora.xtec.cat\/cfanatura\/wp-json\/wp\/v2\/media?parent=320"}],"curies":[{"name":"wp","href":"https:\/\/api.w.org\/{rel}","templated":true}]}}