{"id":318,"date":"2015-01-28T11:34:47","date_gmt":"2015-01-28T10:34:47","guid":{"rendered":"http:\/\/agora.xtec.cat\/cfanatura\/?page_id=318"},"modified":"2024-07-09T13:48:53","modified_gmt":"2024-07-09T11:48:53","slug":"a-cicles-formatius-de-grau-mitja","status":"publish","type":"page","link":"https:\/\/agora.xtec.cat\/cfanatura\/ensenyaments\/ensenyaments-per-a-la-preparacio-de-proves-dacces\/a-cicles-formatius-de-grau-mitja\/","title":{"rendered":"A cicles formatius de grau mitj\u00e0"},"content":{"rendered":"<p>Els estudis d&#8217;acc\u00e9s al Cicle Formatiu de Grau Mitj\u00e0 (CFGM) permeten, a les persones que el superen, l&#8217;acc\u00e9s directe als cicles de grau mitj\u00e0 de formaci\u00f3 professional inicial.<\/p>\n<p>Les mat\u00e8ries del curs s&#8217;estructuren en <strong>3 \u00e0mbits<\/strong>: \u00e0mbit de la comunicaci\u00f3 (COM), \u00e0mbit social (SOC) i \u00e0mbit cient\u00edfic-tecnol\u00f2gic (CTE).<\/p>\n<p>A) Part comunicativa i social: compr\u00e8n les mat\u00e8ries de compet\u00e8ncia en llengua catalana, compet\u00e8ncia en llengua castellana, compet\u00e8ncia en llengua estrangera (angl\u00e8s o franc\u00e8s) i compet\u00e8ncia social i ciutadana.<\/p>\n<p>B) Part cient\u00edfica i tecnol\u00f2gica: compr\u00e8n les mat\u00e8ries de compet\u00e8ncia d&#8217;interacci\u00f3 amb el m\u00f3n f\u00edsic i de compet\u00e8ncia en tecnologia.<\/p>\n<p>C) Part matem\u00e0tica: compr\u00e8n la mat\u00e8ria de compet\u00e8ncia matem\u00e0tica.<\/p>\n<p><span style=\"color: #1375bb; text-decoration: underline;\"><strong>La prova<\/strong><\/span><\/p>\n<p>El temps de realitzaci\u00f3 de la prova\u00a0\u00e9s de 4 hores, distribuida en 2 blocs temporals. En el primer bloc, la compet\u00e8ncia en llengua catalana, en llengua castellana, en llengua estrangera, la social i ciutadana. En el segon bloc, la compet\u00e8ncia matem\u00e0tica, la d&#8217;interacci\u00f3 amb el m\u00f3n f\u00edsic i la de tecnologies.<\/p>\n<p>Si una persona aspirant est\u00e0 exempta d&#8217;una o m\u00e9s mat\u00e8ries, la qualificaci\u00f3 global es calcula sobre 10 punts.<\/p>\n<p>Les persones aspirants que obtinguin una qualificaci\u00f3 global inferior a 4 es declararan no aptes, i en cap cas a la qualificaci\u00f3 de la prova se n&#8217;hi pot sumar cap altra.<br \/>\nLes persones aspirants que obtinguin una qualificaci\u00f3 global igual o superior a 4 se&#8217;ls hi\u00a0podr\u00e0 sumar, si escau, un 20% de la qualificaci\u00f3 del curs de preparaci\u00f3: sempre que sigui positiva, es multiplicar\u00e0 pel coeficient 0,20 i s\u2019afegir\u00e0 a la qualificaci\u00f3 obtinguda a la prova d\u2019acc\u00e9s als cicles formatius de formaci\u00f3 professional, d\u2019arts pl\u00e0stiques i disseny o dels ensenyaments esportius.<\/p>\n<p>La qualificaci\u00f3 final s&#8217;obt\u00e9 al sumar la qualificaci\u00f3 global i les puntuacions complement\u00e0ries a qu\u00e8 tingui dret l&#8217;aspirant. Si la qualificaci\u00f3 final \u00e9s igual o superior a 5, l&#8217;aspirant es considera apte.<\/p>\n<p><span style=\"color: #1375bb; text-decoration: underline;\"><strong>Exempci\u00f3 de la part cient\u00edfica i tecnol\u00f2gica<\/strong><\/span><\/p>\n<p>La poden sol\u2022licitar:<br \/>\n_Les persones que tenen experi\u00e8ncia laboral en qualsevol \u00e0mbit professional, que acreditin com a m\u00ednim un any d&#8217;experi\u00e8ncia laboral a jornada completa o el temps proporcional en cas de jornada parcial.<\/p>\n<p>_Les persones que tenen experi\u00e8ncia en tasques de voluntariat en entitats que tinguin com a finalitat activitats socioculturals, socioeducatives o de lleure o experi\u00e8ncia esportiva (entrenament, direcci\u00f3 d&#8217;equips o altres activitats complement\u00e0ries), d&#8217;un m\u00ednim d&#8217;un any a jornada completa o el temps proporcional en cas de jornada a temps parcial.<\/p>\n<p><span style=\"color: #1375bb; text-decoration: underline;\"><strong>Horari: <\/strong><\/span><span style=\"color: #1375bb;\">de dilluns a dijous de 15 a 19 h<\/span><\/p>\n<p>&nbsp;<\/p>\n<p><span style=\"color: #1375bb; text-decoration: underline;\"><strong>Qui pot cursar el CFGM?<\/strong><\/span><\/p>\n<p>Poden accedir-hi les persones que no posseeixen el t\u00edtol de graduat en Educaci\u00f3 Secund\u00e0ria Obligat\u00f2ria o equivalent acad\u00e8mic.<br \/>\nEdat d\u2019acc\u00e9s:<br \/>\n&#8211; majors de 16 anys i\u00a0les persones\u00a0que\u00a0compleixen l&#8217;edat durant l&#8217;any natural en qu\u00e8 inicien la formaci\u00f3.<\/p>\n<p>Per m\u00e9s informaci\u00f3: <a href=\"http:\/\/www20.gencat.cat\/portal\/site\/ensenyament\/\" target=\"_blank\" rel=\"noopener\">departament d&#8217;Ensenyament de la Generalitat de Catalunya<\/a>.<\/p>\n<p><a href=\"http:\/\/www.milaifontanals.cat\/examen\/examen.htm\">Ex\u00e0mens anys anteriors<\/a><\/p>\n<p><a href=\"https:\/\/www.xelu.net\/html\/materials\/materials.php?idioma=catala\">Materials \u00fatils<\/a><\/p>\n","protected":false},"excerpt":{"rendered":"<p>Els estudis d&#8217;acc\u00e9s al Cicle Formatiu de Grau Mitj\u00e0 (CFGM) permeten, a les persones que el superen, l&#8217;acc\u00e9s directe als [&hellip;]<\/p>\n","protected":false},"author":1,"featured_media":0,"parent":288,"menu_order":0,"comment_status":"closed","ping_status":"closed","template":"page-templates\/side-menu.php","meta":{"site-sidebar-layout":"default","site-content-layout":"","ast-site-content-layout":"","site-content-style":"default","site-sidebar-style":"default","ast-global-header-display":"","ast-banner-title-visibility":"","ast-main-header-display":"","ast-hfb-above-header-display":"","ast-hfb-below-header-display":"","ast-hfb-mobile-header-display":"","site-post-title":"","ast-breadcrumbs-content":"","ast-featured-img":"","footer-sml-layout":"","theme-transparent-header-meta":"","adv-header-id-meta":"","stick-header-meta":"","header-above-stick-meta":"","header-main-stick-meta":"","header-below-stick-meta":"","astra-migrate-meta-layouts":"default","ast-page-background-enabled":"default","ast-page-background-meta":{"desktop":{"background-color":"var(--ast-global-color-4)","background-image":"","background-repeat":"repeat","background-position":"center center","background-size":"auto","background-attachment":"scroll","background-type":"","background-media":"","overlay-type":"","overlay-color":"","overlay-opacity":"","overlay-gradient":""},"tablet":{"background-color":"","background-image":"","background-repeat":"repeat","background-position":"center center","background-size":"auto","background-attachment":"scroll","background-type":"","background-media":"","overlay-type":"","overlay-color":"","overlay-opacity":"","overlay-gradient":""},"mobile":{"background-color":"","background-image":"","background-repeat":"repeat","background-position":"center center","background-size":"auto","background-attachment":"scroll","background-type":"","background-media":"","overlay-type":"","overlay-color":"","overlay-opacity":"","overlay-gradient":""}},"ast-content-background-meta":{"desktop":{"background-color":"var(--ast-global-color-5)","background-image":"","background-repeat":"repeat","background-position":"center center","background-size":"auto","background-attachment":"scroll","background-type":"","background-media":"","overlay-type":"","overlay-color":"","overlay-opacity":"","overlay-gradient":""},"tablet":{"background-color":"var(--ast-global-color-5)","background-image":"","background-repeat":"repeat","background-position":"center center","background-size":"auto","background-attachment":"scroll","background-type":"","background-media":"","overlay-type":"","overlay-color":"","overlay-opacity":"","overlay-gradient":""},"mobile":{"background-color":"var(--ast-global-color-5)","background-image":"","background-repeat":"repeat","background-position":"center center","background-size":"auto","background-attachment":"scroll","background-type":"","background-media":"","overlay-type":"","overlay-color":"","overlay-opacity":"","overlay-gradient":""}},"footnotes":""},"class_list":["post-318","page","type-page","status-publish","hentry"],"post_mailing_queue_ids":[],"_links":{"self":[{"href":"https:\/\/agora.xtec.cat\/cfanatura\/wp-json\/wp\/v2\/pages\/318","targetHints":{"allow":["GET"]}}],"collection":[{"href":"https:\/\/agora.xtec.cat\/cfanatura\/wp-json\/wp\/v2\/pages"}],"about":[{"href":"https:\/\/agora.xtec.cat\/cfanatura\/wp-json\/wp\/v2\/types\/page"}],"author":[{"embeddable":true,"href":"https:\/\/agora.xtec.cat\/cfanatura\/wp-json\/wp\/v2\/users\/1"}],"replies":[{"embeddable":true,"href":"https:\/\/agora.xtec.cat\/cfanatura\/wp-json\/wp\/v2\/comments?post=318"}],"version-history":[{"count":2,"href":"https:\/\/agora.xtec.cat\/cfanatura\/wp-json\/wp\/v2\/pages\/318\/revisions"}],"predecessor-version":[{"id":570,"href":"https:\/\/agora.xtec.cat\/cfanatura\/wp-json\/wp\/v2\/pages\/318\/revisions\/570"}],"up":[{"embeddable":true,"href":"https:\/\/agora.xtec.cat\/cfanatura\/wp-json\/wp\/v2\/pages\/288"}],"wp:attachment":[{"href":"https:\/\/agora.xtec.cat\/cfanatura\/wp-json\/wp\/v2\/media?parent=318"}],"curies":[{"name":"wp","href":"https:\/\/api.w.org\/{rel}","templated":true}]}}