{"id":312,"date":"2015-01-28T11:32:38","date_gmt":"2015-01-28T10:32:38","guid":{"rendered":"http:\/\/agora.xtec.cat\/cfanatura\/?page_id=312"},"modified":"2024-07-19T12:14:21","modified_gmt":"2024-07-19T10:14:21","slug":"llengua-anglesa","status":"publish","type":"page","link":"https:\/\/agora.xtec.cat\/cfanatura\/ensenyaments\/ensenyaments-transprofessionals\/llengua-anglesa\/","title":{"rendered":"Llengua anglesa"},"content":{"rendered":"\r\n<p><\/p>\r\n<p>A l\u2019Escola d\u2019Adults Natura podreu cursar diferents nivell d\u2019angl\u00e8s, sempre i quan arriben a un n\u00famero m\u00ednim de matriculats:<\/p>\r\n<p>\r\n\r\n<\/p>\r\n<h4 class=\"wp-block-heading\"><strong>Nivell 1<\/strong><\/h4>\r\n<p>\r\n\r\n<\/p>\r\n<h4 class=\"wp-block-heading\"><strong>Nivell 2<\/strong><\/h4>\r\n<p>\r\n\r\n<\/p>\r\n<h4 class=\"wp-block-heading\"><strong>Nivell 3<\/strong><\/h4>\r\n<p>\r\n\r\n<\/p>\r\n<p>Al final del Nivell 3 es far\u00e0 un examen acreditatiu per l\u2019obtenci\u00f3 de la titulaci\u00f3 A.2.2.<\/p>\r\n<p>\r\n\r\n<\/p>\r\n<p>Per determinar el nivell de cada persona es realitzar\u00e0 un test de nivell abans de fer la inscripci\u00f3.\u00a0<\/p>\r\n<p>\r\n\r\n<\/p>\r\n<p><strong>Horaris\u00a0<\/strong><\/p>\r\n<p>\r\n\r\n<\/p>\r\n<p><strong>_Angl\u00e8s nivell 1:<\/strong> Dimarts i dijous de 17 a 18.15<\/p>\r\n<p>\r\n\r\n<\/p>\r\n<p><strong>_Angl\u00e8s nivell 2:<\/strong> Dilluns i dimecres\u00a0 de 17 a 19<\/p>\r\n<p>\r\n\r\n<\/p>\r\n<p><strong>_Angl\u00e8s nivell 3:\u00a0<\/strong>Dimarts i Dijous de 10 a 12<\/p>\r\n<p>\r\n\r\n<\/p>\r\n<p><strong>Qui pot accedir-hi?<\/strong><\/p>\r\n<p>\r\n\r\n<\/p>\r\n<p>Els destinataris d\u2019aquests cursos s\u00f3n persones adultes d\u2019edats diferents.<\/p>\r\n<p><span style=\"text-decoration: underline;\"><strong>Recurs<\/strong><\/span><\/p>\r\n<p>Amb Fun with English pots practicar situacions quotidianes en angl\u00e8s. Clicka a sota i comen\u00e7a.<\/p>\r\n<p><\/p>\r\n\r\n\r\n\r\n<p><a href=\"https:\/\/sites.google.com\/d\/1Nb2H1RowjqQcY8Uoi0neyCpjUAQa5lWe\/p\/1Pqhsi3LzD-Kr-Dk0VxJAZkNeBt61YuOs\/edit\" target=\"_blank\" rel=\"noopener\">FUN WITH ENGLISH<\/a><\/p>","protected":false},"excerpt":{"rendered":"<p>A l\u2019Escola d\u2019Adults Natura podreu cursar diferents nivell d\u2019angl\u00e8s, sempre i quan arriben a un n\u00famero m\u00ednim de matriculats: Nivell [&hellip;]<\/p>\n","protected":false},"author":1,"featured_media":0,"parent":286,"menu_order":0,"comment_status":"closed","ping_status":"closed","template":"page-templates\/side-menu.php","meta":{"site-sidebar-layout":"default","site-content-layout":"","ast-site-content-layout":"","site-content-style":"default","site-sidebar-style":"default","ast-global-header-display":"","ast-banner-title-visibility":"","ast-main-header-display":"","ast-hfb-above-header-display":"","ast-hfb-below-header-display":"","ast-hfb-mobile-header-display":"","site-post-title":"","ast-breadcrumbs-content":"","ast-featured-img":"","footer-sml-layout":"","theme-transparent-header-meta":"","adv-header-id-meta":"","stick-header-meta":"","header-above-stick-meta":"","header-main-stick-meta":"","header-below-stick-meta":"","astra-migrate-meta-layouts":"default","ast-page-background-enabled":"default","ast-page-background-meta":{"desktop":{"background-color":"var(--ast-global-color-4)","background-image":"","background-repeat":"repeat","background-position":"center center","background-size":"auto","background-attachment":"scroll","background-type":"","background-media":"","overlay-type":"","overlay-color":"","overlay-opacity":"","overlay-gradient":""},"tablet":{"background-color":"","background-image":"","background-repeat":"repeat","background-position":"center center","background-size":"auto","background-attachment":"scroll","background-type":"","background-media":"","overlay-type":"","overlay-color":"","overlay-opacity":"","overlay-gradient":""},"mobile":{"background-color":"","background-image":"","background-repeat":"repeat","background-position":"center center","background-size":"auto","background-attachment":"scroll","background-type":"","background-media":"","overlay-type":"","overlay-color":"","overlay-opacity":"","overlay-gradient":""}},"ast-content-background-meta":{"desktop":{"background-color":"var(--ast-global-color-5)","background-image":"","background-repeat":"repeat","background-position":"center center","background-size":"auto","background-attachment":"scroll","background-type":"","background-media":"","overlay-type":"","overlay-color":"","overlay-opacity":"","overlay-gradient":""},"tablet":{"background-color":"var(--ast-global-color-5)","background-image":"","background-repeat":"repeat","background-position":"center center","background-size":"auto","background-attachment":"scroll","background-type":"","background-media":"","overlay-type":"","overlay-color":"","overlay-opacity":"","overlay-gradient":""},"mobile":{"background-color":"var(--ast-global-color-5)","background-image":"","background-repeat":"repeat","background-position":"center center","background-size":"auto","background-attachment":"scroll","background-type":"","background-media":"","overlay-type":"","overlay-color":"","overlay-opacity":"","overlay-gradient":""}},"footnotes":""},"class_list":["post-312","page","type-page","status-publish","hentry"],"post_mailing_queue_ids":[],"_links":{"self":[{"href":"https:\/\/agora.xtec.cat\/cfanatura\/wp-json\/wp\/v2\/pages\/312","targetHints":{"allow":["GET"]}}],"collection":[{"href":"https:\/\/agora.xtec.cat\/cfanatura\/wp-json\/wp\/v2\/pages"}],"about":[{"href":"https:\/\/agora.xtec.cat\/cfanatura\/wp-json\/wp\/v2\/types\/page"}],"author":[{"embeddable":true,"href":"https:\/\/agora.xtec.cat\/cfanatura\/wp-json\/wp\/v2\/users\/1"}],"replies":[{"embeddable":true,"href":"https:\/\/agora.xtec.cat\/cfanatura\/wp-json\/wp\/v2\/comments?post=312"}],"version-history":[{"count":6,"href":"https:\/\/agora.xtec.cat\/cfanatura\/wp-json\/wp\/v2\/pages\/312\/revisions"}],"predecessor-version":[{"id":614,"href":"https:\/\/agora.xtec.cat\/cfanatura\/wp-json\/wp\/v2\/pages\/312\/revisions\/614"}],"up":[{"embeddable":true,"href":"https:\/\/agora.xtec.cat\/cfanatura\/wp-json\/wp\/v2\/pages\/286"}],"wp:attachment":[{"href":"https:\/\/agora.xtec.cat\/cfanatura\/wp-json\/wp\/v2\/media?parent=312"}],"curies":[{"name":"wp","href":"https:\/\/api.w.org\/{rel}","templated":true}]}}