{"id":301,"date":"2015-01-28T11:21:46","date_gmt":"2015-01-28T10:21:46","guid":{"rendered":"http:\/\/agora.xtec.cat\/cfanatura\/?page_id=301"},"modified":"2024-07-19T12:04:00","modified_gmt":"2024-07-19T10:04:00","slug":"formacio-instrumental","status":"publish","type":"page","link":"https:\/\/agora.xtec.cat\/cfanatura\/ensenyaments\/ensenyaments-inicials-i-formacio-basica\/formacio-instrumental\/","title":{"rendered":"Formaci\u00f3 instrumental"},"content":{"rendered":"<p>La formaci\u00f3 instrumental \u00e9s una nova oportunitat d\u2019aprenentatge per a les persones adultes perqu\u00e8 proporciona els mitjans per a l\u2019adquisici\u00f3 de les compet\u00e8ncies, destreses i capacitats que contribueixen a l\u2019actualitzaci\u00f3 de les compet\u00e8ncies clau, facilitant el desenvolupament i l\u2019autonomia personals i acad\u00e8miques, la integraci\u00f3 social i l\u2019acc\u00e9s al m\u00f3n laboral.<\/p>\n<p>L\u2019ensenyament de formaci\u00f3 instrumental disposa de 980 hores lectives, distribu\u00efdes en <strong>quatre nivells<\/strong>, <strong>dos al primer cicle<\/strong> i <strong>dos al segon cicle.<\/strong><\/p>\n<p>El curr\u00edculum s\u2019estructura en tres \u00e0rees curriculars (\u00e0rea ling\u00fc\u00edstica, \u00e0rea matem\u00e0tica i \u00e0rea del medi natural, social i cultural) i dues compet\u00e8ncies transversals (compet\u00e8ncia digital i compet\u00e8ncia personal, social i laboral).<\/p>\n<p>Es treballen integrades al llarg dels dos cicles i amb una perspectiva transversal, significativa i funcional.<\/p>\n<p>La superaci\u00f3 d&#8217;aquests estudis permet l&#8217;obtenci\u00f3 del <strong>certificat de formaci\u00f3 instrumental<\/strong>. Tamb\u00e9 l&#8217;assoliment d&#8217;un nivell A2 del MECR en les dues lleng\u00fces oficials i un coneixement equivalent al nivell de COMPETIC inicial.<\/p>\n<p>Horari:<\/p>\n<p>Instrumental I:<\/p>\n<p>grup A: Dimarts i dijous de 10 a 12<\/p>\n<p>grup B: Dimarts i dijous de 15 a 17<\/p>\n<p>grup C: dimarts i dijous de 18 a 20<\/p>\n<p>Instrumental II:<\/p>\n<p>grup A: Dilluns i dimecres de 15 a 17 h<\/p>\n<p>grup B: Dilluns i dimecres de 18 a 20 h<\/p>\n<p>Instrumental III: de dilluns a dijous de 15 a 17 h<\/p>\n<p>Instrumental IV: de dilluns a dijous de 15 a 17 h<\/p>\n<p>&nbsp;<\/p>\n","protected":false},"excerpt":{"rendered":"<p>La formaci\u00f3 instrumental \u00e9s una nova oportunitat d\u2019aprenentatge per a les persones adultes perqu\u00e8 proporciona els mitjans per a l\u2019adquisici\u00f3 [&hellip;]<\/p>\n","protected":false},"author":1,"featured_media":0,"parent":283,"menu_order":0,"comment_status":"closed","ping_status":"closed","template":"page-templates\/side-menu.php","meta":{"site-sidebar-layout":"default","site-content-layout":"","ast-site-content-layout":"","site-content-style":"default","site-sidebar-style":"default","ast-global-header-display":"","ast-banner-title-visibility":"","ast-main-header-display":"","ast-hfb-above-header-display":"","ast-hfb-below-header-display":"","ast-hfb-mobile-header-display":"","site-post-title":"","ast-breadcrumbs-content":"","ast-featured-img":"","footer-sml-layout":"","theme-transparent-header-meta":"","adv-header-id-meta":"","stick-header-meta":"","header-above-stick-meta":"","header-main-stick-meta":"","header-below-stick-meta":"","astra-migrate-meta-layouts":"default","ast-page-background-enabled":"default","ast-page-background-meta":{"desktop":{"background-color":"var(--ast-global-color-4)","background-image":"","background-repeat":"repeat","background-position":"center center","background-size":"auto","background-attachment":"scroll","background-type":"","background-media":"","overlay-type":"","overlay-color":"","overlay-opacity":"","overlay-gradient":""},"tablet":{"background-color":"","background-image":"","background-repeat":"repeat","background-position":"center center","background-size":"auto","background-attachment":"scroll","background-type":"","background-media":"","overlay-type":"","overlay-color":"","overlay-opacity":"","overlay-gradient":""},"mobile":{"background-color":"","background-image":"","background-repeat":"repeat","background-position":"center center","background-size":"auto","background-attachment":"scroll","background-type":"","background-media":"","overlay-type":"","overlay-color":"","overlay-opacity":"","overlay-gradient":""}},"ast-content-background-meta":{"desktop":{"background-color":"var(--ast-global-color-5)","background-image":"","background-repeat":"repeat","background-position":"center center","background-size":"auto","background-attachment":"scroll","background-type":"","background-media":"","overlay-type":"","overlay-color":"","overlay-opacity":"","overlay-gradient":""},"tablet":{"background-color":"var(--ast-global-color-5)","background-image":"","background-repeat":"repeat","background-position":"center center","background-size":"auto","background-attachment":"scroll","background-type":"","background-media":"","overlay-type":"","overlay-color":"","overlay-opacity":"","overlay-gradient":""},"mobile":{"background-color":"var(--ast-global-color-5)","background-image":"","background-repeat":"repeat","background-position":"center center","background-size":"auto","background-attachment":"scroll","background-type":"","background-media":"","overlay-type":"","overlay-color":"","overlay-opacity":"","overlay-gradient":""}},"footnotes":""},"class_list":["post-301","page","type-page","status-publish","hentry"],"post_mailing_queue_ids":[],"_links":{"self":[{"href":"https:\/\/agora.xtec.cat\/cfanatura\/wp-json\/wp\/v2\/pages\/301","targetHints":{"allow":["GET"]}}],"collection":[{"href":"https:\/\/agora.xtec.cat\/cfanatura\/wp-json\/wp\/v2\/pages"}],"about":[{"href":"https:\/\/agora.xtec.cat\/cfanatura\/wp-json\/wp\/v2\/types\/page"}],"author":[{"embeddable":true,"href":"https:\/\/agora.xtec.cat\/cfanatura\/wp-json\/wp\/v2\/users\/1"}],"replies":[{"embeddable":true,"href":"https:\/\/agora.xtec.cat\/cfanatura\/wp-json\/wp\/v2\/comments?post=301"}],"version-history":[{"count":6,"href":"https:\/\/agora.xtec.cat\/cfanatura\/wp-json\/wp\/v2\/pages\/301\/revisions"}],"predecessor-version":[{"id":613,"href":"https:\/\/agora.xtec.cat\/cfanatura\/wp-json\/wp\/v2\/pages\/301\/revisions\/613"}],"up":[{"embeddable":true,"href":"https:\/\/agora.xtec.cat\/cfanatura\/wp-json\/wp\/v2\/pages\/283"}],"wp:attachment":[{"href":"https:\/\/agora.xtec.cat\/cfanatura\/wp-json\/wp\/v2\/media?parent=301"}],"curies":[{"name":"wp","href":"https:\/\/api.w.org\/{rel}","templated":true}]}}