{"id":265,"date":"2015-01-27T17:28:56","date_gmt":"2015-01-27T16:28:56","guid":{"rendered":"http:\/\/agora.xtec.cat\/cfanatura\/?page_id=265"},"modified":"2024-06-05T14:30:02","modified_gmt":"2024-06-05T12:30:02","slug":"organitzacio-interna","status":"publish","type":"page","link":"https:\/\/agora.xtec.cat\/cfanatura\/el-centre\/organitzacio-interna\/","title":{"rendered":"Organitzaci\u00f3 interna"},"content":{"rendered":"<p>&nbsp;<\/p>\n<p><b>Els \u00f2rgans de gesti\u00f3 i participaci\u00f3 a l\u2019escola s\u00f3n:<\/b><\/p>\n<p>&nbsp;<\/p>\n<ul>\n<li style=\"font-weight: 400;\" aria-level=\"1\"><b>Equip Directiu<\/b><span style=\"font-weight: 400;\">: es compon\u00a0 del director, el secretari i el cap d\u2019estudis. Tenen les atribucions que es marquen en el Decret 72\/1994, de 6 d\u2019abril, pel qual es regulen els centres de formaci\u00f3 d\u2019adults.<\/span><\/li>\n<\/ul>\n<p>&nbsp;<\/p>\n<ul>\n<li style=\"font-weight: 400;\" aria-level=\"1\"><b>Consell Escolar<\/b><span style=\"font-weight: 400;\"> : T\u00e9 les atribucions que marca el Decret 72\/1994, de 6 d\u2019Abril, de regulaci\u00f3 dels centres de Formaci\u00f3 d\u2019Adults: \u00c9s l\u2019\u00f2rgan de participaci\u00f3 dels diferents membres de la comunitat educativa i el<\/span> <span style=\"font-weight: 400;\">principal \u00f2rgan de decisi\u00f3 del centre. Est\u00e0 compost per:<\/span><\/li>\n<\/ul>\n<p>&nbsp;<\/p>\n<p><span style=\"font-weight: 400;\">&#8211; El\/La Director\/a.<\/span><\/p>\n<p><span style=\"font-weight: 400;\">&#8211; El\/La Cap d\u2019Estudis.<\/span><\/p>\n<p><span style=\"font-weight: 400;\">&#8211; El\/La Secretari\/\u00e0ria\u00a0<\/span><\/p>\n<p><span style=\"font-weight: 400;\">&#8211; Representats dels alumnes.<\/span><\/p>\n<p><span style=\"font-weight: 400;\">&#8211; Representants del Claustre.<\/span><\/p>\n<p>&nbsp;<\/p>\n<ul>\n<li style=\"font-weight: 400;\" aria-level=\"1\"><b>Claustre de professors:<\/b><span style=\"font-weight: 400;\"> est\u00e0 integrat per la totalitat del personal docent i per a qualsevol altre professional contractat per a activitats de doc\u00e8ncia. T\u00e9 les compet\u00e8ncies que marca el Decret 72\/1994, de 6 d\u2019Abril, pel qual es regulen els centres de formaci\u00f3 d\u2019adults.<\/span><\/li>\n<\/ul>\n<p>&nbsp;<\/p>\n<ul>\n<li style=\"font-weight: 400;\" aria-level=\"1\"><b>Comissi\u00f3 de seguiment i avaluaci\u00f3: <\/b><span style=\"font-weight: 400;\">\u00c9s l\u2019\u00f2rgan encarregat de fer el seguiment i l\u2019avaluaci\u00f3 del projecte. Estar\u00e0 compost per persones designades per l\u2019Ajuntament de Pineda i una o dues persones designades per Suara Serveis sccl. Ser\u00e0 presidida pel Regidor d\u2019Ensenyament de l\u2019Ajuntament de Pineda o la persona en qui delegui. Aquesta comissi\u00f3 es reunir\u00e0 a petici\u00f3 de qualsevol de les dues parts.<\/span><\/li>\n<\/ul>\n<p>&nbsp;<\/p>\n<p><span style=\"font-weight: 400;\">La gesti\u00f3 quotidiana ser\u00e0 la que determini la llei, la participaci\u00f3 de l\u2019alumnat ser\u00e0 a trav\u00e9s del Consell de Participaci\u00f3 de Centre, els o les delegats\/des de grup i les dues comissions creades\u00a0 per impulsar activitats concretes. Aquestes comissions s\u00f3n: la Comissi\u00f3 de Festes i la Comissi\u00f3 de Conviv\u00e8ncia.<\/span><\/p>\n<p>&nbsp;<\/p>\n<p><span style=\"font-weight: 400;\">Si s\u2019escau es podran establir responsabilitats entre l\u2019equip docent de coordinaci\u00f3 d\u2019\u00e0rees de treball o activitats concretes. Aleshores tindran la funci\u00f3 b\u00e0sica de vetllar per l\u2019aplicaci\u00f3 del contingut del projecte educatiu en aquella \u00e0rea, activitat, &#8230; en concret.<\/span><\/p>\n<p>&nbsp;<\/p>\n<p>&nbsp;<\/p>\n","protected":false},"excerpt":{"rendered":"<p>&nbsp; Els \u00f2rgans de gesti\u00f3 i participaci\u00f3 a l\u2019escola s\u00f3n: &nbsp; Equip Directiu: es compon\u00a0 del director, el secretari i [&hellip;]<\/p>\n","protected":false},"author":1,"featured_media":0,"parent":261,"menu_order":40,"comment_status":"closed","ping_status":"closed","template":"page-templates\/side-menu.php","meta":{"site-sidebar-layout":"default","site-content-layout":"","ast-site-content-layout":"","site-content-style":"default","site-sidebar-style":"default","ast-global-header-display":"","ast-banner-title-visibility":"","ast-main-header-display":"","ast-hfb-above-header-display":"","ast-hfb-below-header-display":"","ast-hfb-mobile-header-display":"","site-post-title":"","ast-breadcrumbs-content":"","ast-featured-img":"","footer-sml-layout":"","theme-transparent-header-meta":"","adv-header-id-meta":"","stick-header-meta":"","header-above-stick-meta":"","header-main-stick-meta":"","header-below-stick-meta":"","astra-migrate-meta-layouts":"default","ast-page-background-enabled":"default","ast-page-background-meta":{"desktop":{"background-color":"var(--ast-global-color-4)","background-image":"","background-repeat":"repeat","background-position":"center center","background-size":"auto","background-attachment":"scroll","background-type":"","background-media":"","overlay-type":"","overlay-color":"","overlay-opacity":"","overlay-gradient":""},"tablet":{"background-color":"","background-image":"","background-repeat":"repeat","background-position":"center center","background-size":"auto","background-attachment":"scroll","background-type":"","background-media":"","overlay-type":"","overlay-color":"","overlay-opacity":"","overlay-gradient":""},"mobile":{"background-color":"","background-image":"","background-repeat":"repeat","background-position":"center center","background-size":"auto","background-attachment":"scroll","background-type":"","background-media":"","overlay-type":"","overlay-color":"","overlay-opacity":"","overlay-gradient":""}},"ast-content-background-meta":{"desktop":{"background-color":"var(--ast-global-color-5)","background-image":"","background-repeat":"repeat","background-position":"center center","background-size":"auto","background-attachment":"scroll","background-type":"","background-media":"","overlay-type":"","overlay-color":"","overlay-opacity":"","overlay-gradient":""},"tablet":{"background-color":"var(--ast-global-color-5)","background-image":"","background-repeat":"repeat","background-position":"center center","background-size":"auto","background-attachment":"scroll","background-type":"","background-media":"","overlay-type":"","overlay-color":"","overlay-opacity":"","overlay-gradient":""},"mobile":{"background-color":"var(--ast-global-color-5)","background-image":"","background-repeat":"repeat","background-position":"center center","background-size":"auto","background-attachment":"scroll","background-type":"","background-media":"","overlay-type":"","overlay-color":"","overlay-opacity":"","overlay-gradient":""}},"footnotes":""},"class_list":["post-265","page","type-page","status-publish","hentry"],"post_mailing_queue_ids":[],"_links":{"self":[{"href":"https:\/\/agora.xtec.cat\/cfanatura\/wp-json\/wp\/v2\/pages\/265","targetHints":{"allow":["GET"]}}],"collection":[{"href":"https:\/\/agora.xtec.cat\/cfanatura\/wp-json\/wp\/v2\/pages"}],"about":[{"href":"https:\/\/agora.xtec.cat\/cfanatura\/wp-json\/wp\/v2\/types\/page"}],"author":[{"embeddable":true,"href":"https:\/\/agora.xtec.cat\/cfanatura\/wp-json\/wp\/v2\/users\/1"}],"replies":[{"embeddable":true,"href":"https:\/\/agora.xtec.cat\/cfanatura\/wp-json\/wp\/v2\/comments?post=265"}],"version-history":[{"count":1,"href":"https:\/\/agora.xtec.cat\/cfanatura\/wp-json\/wp\/v2\/pages\/265\/revisions"}],"predecessor-version":[{"id":472,"href":"https:\/\/agora.xtec.cat\/cfanatura\/wp-json\/wp\/v2\/pages\/265\/revisions\/472"}],"up":[{"embeddable":true,"href":"https:\/\/agora.xtec.cat\/cfanatura\/wp-json\/wp\/v2\/pages\/261"}],"wp:attachment":[{"href":"https:\/\/agora.xtec.cat\/cfanatura\/wp-json\/wp\/v2\/media?parent=265"}],"curies":[{"name":"wp","href":"https:\/\/api.w.org\/{rel}","templated":true}]}}