{"id":65,"date":"2014-09-18T10:12:22","date_gmt":"2014-09-18T10:12:22","guid":{"rendered":"http:\/\/agora.xtec.cat\/cfamorerapomar\/\/?page_id=65"},"modified":"2019-03-04T20:45:44","modified_gmt":"2019-03-04T19:45:44","slug":"serveis-digitals","status":"publish","type":"page","link":"https:\/\/agora.xtec.cat\/cfamorerapomar\/serveis\/serveis-digitals\/","title":{"rendered":"Serveis digitals"},"content":{"rendered":"<h4><span style=\"color: #008080;\">L<\/span><span style=\"color: #008080;\">&#8216;escola \u00e9s centre col\u00b7laborador de les proves lliures <strong><span style=\"color: #008080;\"><a style=\"color: #008080;\" href=\"https:\/\/actic.gencat.cat\/ca\/inici\/\">ACTIC.\u00a0<\/a><\/span><\/strong><\/span><\/h4>\n<p style=\"text-align: justify;\">Si vols acreditar els teus coneixements d&#8217;inform\u00e0tica pots fer la prova d&#8217;acreditaci\u00f3 amb nosaltres. El certificat\u00a0\u00a0<b>ACTIC<\/b>\u00a0correspon a l\u2019<b>acreditaci\u00f3 de compet\u00e8ncies en tecnologies de l&#8217;informaci\u00f3\u00a0i la comunicaci\u00f3.\u00a0<\/b>\u00c9s un certificat acreditatiu de la compet\u00e8ncia digital, entesa com la combinaci\u00f3 de coneixements, habilitats i actituds en l\u2019\u00e0mbit de les tecnologies de la informaci\u00f3 i la comunicaci\u00f3.<\/p>\n<h4 class=\"entry-title\"><span style=\"color: #008080;\">Per qu\u00e8 serveix el\u00a0certificat?<\/span><\/h4>\n<div class=\"entry-content\">\n<p><u>Per acreditar coneixements<\/u>: L\u2019obtenci\u00f3 d\u2019aquest certificat et possibilita acreditar el teu nivell de compet\u00e8ncia en TIC davant de qualsevol empresa o administraci\u00f3.<\/p>\n<p style=\"text-align: justify;\"><u>Per promoci\u00f3 professional<\/u>: A m\u00e9s, el certificat <strong>puntua a borses de treball i oposicions a l\u2019administraci\u00f3 p\u00fablica<\/strong>. En concret, la borsa de treball de <strong>l\u2019Institut Catal\u00e0 de la Salut (ICS),<\/strong> atorga dos punts a les persones que aportin el <strong>certificat de nivell mitj\u00e0<\/strong>, el que suposa la mateixa quantitat de punts que pels qui aportin un postgrau o m\u00e0ster.<\/p>\n<\/div>\n<p style=\"text-align: left;\">Per a tenir m\u00e9s informaci\u00f3 sobre el procediment d&#8217;acreditaci\u00f3 clica <a href=\"https:\/\/guc.actic.gencat.cat\/actic\/AppJava\/usuari.do?reqCode=acces&amp;set-locale=ca_ES\">aqu\u00ed<\/a><\/p>\n<p><span style=\"color: #008080;\"><strong><img loading=\"lazy\" decoding=\"async\" class=\"wp-image-2527 alignleft\" src=\"https:\/\/agora.xtec.cat\/cfamorerapomar\/wp-content\/uploads\/usu268\/2019\/03\/actic_0.jpg\" alt=\"\" width=\"360\" height=\"216\" srcset=\"https:\/\/agora.xtec.cat\/cfamorerapomar\/wp-content\/uploads\/usu268\/2019\/03\/actic_0.jpg 1280w, https:\/\/agora.xtec.cat\/cfamorerapomar\/wp-content\/uploads\/usu268\/2019\/03\/actic_0-300x180.jpg 300w, https:\/\/agora.xtec.cat\/cfamorerapomar\/wp-content\/uploads\/usu268\/2019\/03\/actic_0-768x461.jpg 768w, https:\/\/agora.xtec.cat\/cfamorerapomar\/wp-content\/uploads\/usu268\/2019\/03\/actic_0-1024x615.jpg 1024w\" sizes=\"auto, (max-width: 360px) 100vw, 360px\" \/><\/strong><\/span><\/p>\n<p><span style=\"color: #008080;\"><span style=\"color: #333333;\">Tamb\u00e9 disposem de<\/span> <strong>facebook<\/strong>, <strong>twiter<\/strong> i <strong>instagram.<\/strong><\/span><\/p>\n<p>&nbsp;<\/p>\n","protected":false},"excerpt":{"rendered":"<p>L&#8216;escola \u00e9s centre col\u00b7laborador de les proves lliures ACTIC.\u00a0 Si vols acreditar els teus coneixements d&#8217;inform\u00e0tica pots fer la prova d&#8217;acreditaci\u00f3 amb nosaltres. El certificat\u00a0\u00a0ACTIC\u00a0correspon a l\u2019acreditaci\u00f3 de compet\u00e8ncies en tecnologies de l&#8217;informaci\u00f3\u00a0i la comunicaci\u00f3.\u00a0\u00c9s un certificat acreditatiu de la compet\u00e8ncia digital, entesa com la combinaci\u00f3 de coneixements, habilitats i actituds en l\u2019\u00e0mbit de les [&hellip;]<\/p>\n","protected":false},"author":3,"featured_media":0,"parent":63,"menu_order":10,"comment_status":"closed","ping_status":"closed","template":"page-templates\/side-menu.php","meta":{"_bbp_topic_count":0,"_bbp_reply_count":0,"_bbp_total_topic_count":0,"_bbp_total_reply_count":0,"_bbp_voice_count":0,"_bbp_anonymous_reply_count":0,"_bbp_topic_count_hidden":0,"_bbp_reply_count_hidden":0,"_bbp_forum_subforum_count":0,"site-sidebar-layout":"default","site-content-layout":"","ast-site-content-layout":"","site-content-style":"default","site-sidebar-style":"default","ast-global-header-display":"","ast-banner-title-visibility":"","ast-main-header-display":"","ast-hfb-above-header-display":"","ast-hfb-below-header-display":"","ast-hfb-mobile-header-display":"","site-post-title":"","ast-breadcrumbs-content":"","ast-featured-img":"","footer-sml-layout":"","theme-transparent-header-meta":"","adv-header-id-meta":"","stick-header-meta":"","header-above-stick-meta":"","header-main-stick-meta":"","header-below-stick-meta":"","astra-migrate-meta-layouts":"default","ast-page-background-enabled":"default","ast-page-background-meta":{"desktop":{"background-color":"var(--ast-global-color-4)","background-image":"","background-repeat":"repeat","background-position":"center center","background-size":"auto","background-attachment":"scroll","background-type":"","background-media":"","overlay-type":"","overlay-color":"","overlay-opacity":"","overlay-gradient":""},"tablet":{"background-color":"","background-image":"","background-repeat":"repeat","background-position":"center center","background-size":"auto","background-attachment":"scroll","background-type":"","background-media":"","overlay-type":"","overlay-color":"","overlay-opacity":"","overlay-gradient":""},"mobile":{"background-color":"","background-image":"","background-repeat":"repeat","background-position":"center center","background-size":"auto","background-attachment":"scroll","background-type":"","background-media":"","overlay-type":"","overlay-color":"","overlay-opacity":"","overlay-gradient":""}},"ast-content-background-meta":{"desktop":{"background-color":"var(--ast-global-color-5)","background-image":"","background-repeat":"repeat","background-position":"center center","background-size":"auto","background-attachment":"scroll","background-type":"","background-media":"","overlay-type":"","overlay-color":"","overlay-opacity":"","overlay-gradient":""},"tablet":{"background-color":"var(--ast-global-color-5)","background-image":"","background-repeat":"repeat","background-position":"center center","background-size":"auto","background-attachment":"scroll","background-type":"","background-media":"","overlay-type":"","overlay-color":"","overlay-opacity":"","overlay-gradient":""},"mobile":{"background-color":"var(--ast-global-color-5)","background-image":"","background-repeat":"repeat","background-position":"center center","background-size":"auto","background-attachment":"scroll","background-type":"","background-media":"","overlay-type":"","overlay-color":"","overlay-opacity":"","overlay-gradient":""}},"footnotes":""},"class_list":["post-65","page","type-page","status-publish","hentry"],"post_mailing_queue_ids":[],"_links":{"self":[{"href":"https:\/\/agora.xtec.cat\/cfamorerapomar\/wp-json\/wp\/v2\/pages\/65","targetHints":{"allow":["GET"]}}],"collection":[{"href":"https:\/\/agora.xtec.cat\/cfamorerapomar\/wp-json\/wp\/v2\/pages"}],"about":[{"href":"https:\/\/agora.xtec.cat\/cfamorerapomar\/wp-json\/wp\/v2\/types\/page"}],"author":[{"embeddable":true,"href":"https:\/\/agora.xtec.cat\/cfamorerapomar\/wp-json\/wp\/v2\/users\/3"}],"replies":[{"embeddable":true,"href":"https:\/\/agora.xtec.cat\/cfamorerapomar\/wp-json\/wp\/v2\/comments?post=65"}],"version-history":[{"count":4,"href":"https:\/\/agora.xtec.cat\/cfamorerapomar\/wp-json\/wp\/v2\/pages\/65\/revisions"}],"predecessor-version":[{"id":2552,"href":"https:\/\/agora.xtec.cat\/cfamorerapomar\/wp-json\/wp\/v2\/pages\/65\/revisions\/2552"}],"up":[{"embeddable":true,"href":"https:\/\/agora.xtec.cat\/cfamorerapomar\/wp-json\/wp\/v2\/pages\/63"}],"wp:attachment":[{"href":"https:\/\/agora.xtec.cat\/cfamorerapomar\/wp-json\/wp\/v2\/media?parent=65"}],"curies":[{"name":"wp","href":"https:\/\/api.w.org\/{rel}","templated":true}]}}