{"id":5426,"date":"2023-04-13T16:25:36","date_gmt":"2023-04-13T14:25:36","guid":{"rendered":"https:\/\/agora.xtec.cat\/cfamorerapomar\/?page_id=5426"},"modified":"2023-04-13T16:38:54","modified_gmt":"2023-04-13T14:38:54","slug":"concurs-gust-per-la-lectura","status":"publish","type":"page","link":"https:\/\/agora.xtec.cat\/cfamorerapomar\/concurs-gust-per-la-lectura\/","title":{"rendered":"Concurs gust per la lectura"},"content":{"rendered":"<p>El concurs suposa la participaci\u00f3 de l&#8217;alumnat en el programa. Es basa en la lectura i treball de les obres i els dossiers did\u00e0ctics\u00a0proposats\u00a0amb anterioritat.<\/p>\n<p>Cada curs, el Servei de Suports i Recursos Ling\u00fc\u00edstics (SSRL) fa p\u00fabliques les bases de la convocat\u00f2ria i el professorat dels centres hi realitza la inscripci\u00f3.<\/p>\n<p>A les bases de la convocat\u00f2ria s\u2019hi recullen els requisits de participaci\u00f3, els criteris de selecci\u00f3 i el contingut dels treballs de totes les categories. Pel que fa a la tipologia de treballs, s\u2019ofereix la possibilitat de presentar-ne d\u2019individuals i de col\u00b7lectius, de creaci\u00f3 liter\u00e0ria, de recerca\u2026; i fer-ho en suports diferents: llibre il\u00b7lustrat, mural, audiovisual, web, multim\u00e8dia\u2026<\/p>\n<p>El termini de presentaci\u00f3 dels treballs sol allargar-se fins a finals d&#8217;abril i l&#8217;acte de cloenda, en qu\u00e8 es donen a con\u00e8ixer els treballs guanyadors, t\u00e9 lloc durant el mes de juny.<\/p>\n<p>&nbsp;<\/p>\n<p><img loading=\"lazy\" decoding=\"async\" class=\"aligncenter size-full wp-image-5427\" src=\"https:\/\/agora.xtec.cat\/cfamorerapomar\/wp-content\/uploads\/usu268\/2023\/04\/Captura-de-pantalla-2023-04-13-162506.png\" alt=\"\" width=\"324\" height=\"277\" srcset=\"https:\/\/agora.xtec.cat\/cfamorerapomar\/wp-content\/uploads\/usu268\/2023\/04\/Captura-de-pantalla-2023-04-13-162506.png 324w, https:\/\/agora.xtec.cat\/cfamorerapomar\/wp-content\/uploads\/usu268\/2023\/04\/Captura-de-pantalla-2023-04-13-162506-300x256.png 300w\" sizes=\"auto, (max-width: 324px) 100vw, 324px\" \/><\/p>\n","protected":false},"excerpt":{"rendered":"<p>El concurs suposa la participaci\u00f3 de l&#8217;alumnat en el programa. Es basa en la lectura i treball de les obres i els dossiers did\u00e0ctics\u00a0proposats\u00a0amb anterioritat. Cada curs, el Servei de Suports i Recursos Ling\u00fc\u00edstics (SSRL) fa p\u00fabliques les bases de la convocat\u00f2ria i el professorat dels centres hi realitza la inscripci\u00f3. A les bases de [&hellip;]<\/p>\n","protected":false},"author":3,"featured_media":0,"parent":0,"menu_order":0,"comment_status":"closed","ping_status":"closed","template":"","meta":{"_bbp_topic_count":0,"_bbp_reply_count":0,"_bbp_total_topic_count":0,"_bbp_total_reply_count":0,"_bbp_voice_count":0,"_bbp_anonymous_reply_count":0,"_bbp_topic_count_hidden":0,"_bbp_reply_count_hidden":0,"_bbp_forum_subforum_count":0,"site-sidebar-layout":"default","site-content-layout":"","ast-site-content-layout":"","site-content-style":"default","site-sidebar-style":"default","ast-global-header-display":"","ast-banner-title-visibility":"","ast-main-header-display":"","ast-hfb-above-header-display":"","ast-hfb-below-header-display":"","ast-hfb-mobile-header-display":"","site-post-title":"","ast-breadcrumbs-content":"","ast-featured-img":"","footer-sml-layout":"","theme-transparent-header-meta":"","adv-header-id-meta":"","stick-header-meta":"","header-above-stick-meta":"","header-main-stick-meta":"","header-below-stick-meta":"","astra-migrate-meta-layouts":"default","ast-page-background-enabled":"default","ast-page-background-meta":{"desktop":{"background-color":"var(--ast-global-color-4)","background-image":"","background-repeat":"repeat","background-position":"center center","background-size":"auto","background-attachment":"scroll","background-type":"","background-media":"","overlay-type":"","overlay-color":"","overlay-opacity":"","overlay-gradient":""},"tablet":{"background-color":"","background-image":"","background-repeat":"repeat","background-position":"center center","background-size":"auto","background-attachment":"scroll","background-type":"","background-media":"","overlay-type":"","overlay-color":"","overlay-opacity":"","overlay-gradient":""},"mobile":{"background-color":"","background-image":"","background-repeat":"repeat","background-position":"center center","background-size":"auto","background-attachment":"scroll","background-type":"","background-media":"","overlay-type":"","overlay-color":"","overlay-opacity":"","overlay-gradient":""}},"ast-content-background-meta":{"desktop":{"background-color":"var(--ast-global-color-5)","background-image":"","background-repeat":"repeat","background-position":"center center","background-size":"auto","background-attachment":"scroll","background-type":"","background-media":"","overlay-type":"","overlay-color":"","overlay-opacity":"","overlay-gradient":""},"tablet":{"background-color":"var(--ast-global-color-5)","background-image":"","background-repeat":"repeat","background-position":"center center","background-size":"auto","background-attachment":"scroll","background-type":"","background-media":"","overlay-type":"","overlay-color":"","overlay-opacity":"","overlay-gradient":""},"mobile":{"background-color":"var(--ast-global-color-5)","background-image":"","background-repeat":"repeat","background-position":"center center","background-size":"auto","background-attachment":"scroll","background-type":"","background-media":"","overlay-type":"","overlay-color":"","overlay-opacity":"","overlay-gradient":""}},"footnotes":""},"class_list":["post-5426","page","type-page","status-publish","hentry"],"post_mailing_queue_ids":[],"_links":{"self":[{"href":"https:\/\/agora.xtec.cat\/cfamorerapomar\/wp-json\/wp\/v2\/pages\/5426","targetHints":{"allow":["GET"]}}],"collection":[{"href":"https:\/\/agora.xtec.cat\/cfamorerapomar\/wp-json\/wp\/v2\/pages"}],"about":[{"href":"https:\/\/agora.xtec.cat\/cfamorerapomar\/wp-json\/wp\/v2\/types\/page"}],"author":[{"embeddable":true,"href":"https:\/\/agora.xtec.cat\/cfamorerapomar\/wp-json\/wp\/v2\/users\/3"}],"replies":[{"embeddable":true,"href":"https:\/\/agora.xtec.cat\/cfamorerapomar\/wp-json\/wp\/v2\/comments?post=5426"}],"version-history":[{"count":2,"href":"https:\/\/agora.xtec.cat\/cfamorerapomar\/wp-json\/wp\/v2\/pages\/5426\/revisions"}],"predecessor-version":[{"id":5431,"href":"https:\/\/agora.xtec.cat\/cfamorerapomar\/wp-json\/wp\/v2\/pages\/5426\/revisions\/5431"}],"wp:attachment":[{"href":"https:\/\/agora.xtec.cat\/cfamorerapomar\/wp-json\/wp\/v2\/media?parent=5426"}],"curies":[{"name":"wp","href":"https:\/\/api.w.org\/{rel}","templated":true}]}}