{"id":4295,"date":"2021-04-15T21:38:18","date_gmt":"2021-04-15T19:38:18","guid":{"rendered":"http:\/\/agora.xtec.cat\/cfamorerapomar\/?page_id=4295"},"modified":"2021-04-15T21:41:16","modified_gmt":"2021-04-15T19:41:16","slug":"convidats-al-consell-escolar-de-catalunya","status":"publish","type":"page","link":"https:\/\/agora.xtec.cat\/cfamorerapomar\/premis-i-agraiments\/premis\/convidats-al-consell-escolar-de-catalunya\/","title":{"rendered":"CONVIDATS AL CONSELL ESCOLAR DE CATALUNYA"},"content":{"rendered":"<p><img loading=\"lazy\" decoding=\"async\" class=\" wp-image-4131 alignleft\" src=\"https:\/\/agora.xtec.cat\/cfamorerapomar\/wp-content\/uploads\/usu268\/2021\/03\/Sin-t\u00edtulo.bmp\" alt=\"\" width=\"626\" height=\"869\" srcset=\"https:\/\/agora.xtec.cat\/cfamorerapomar\/wp-content\/uploads\/usu268\/2021\/03\/Sin-t\u00edtulo.bmp 682w, https:\/\/agora.xtec.cat\/cfamorerapomar\/wp-content\/uploads\/usu268\/2021\/03\/Sin-t\u00edtulo-216x300.jpg 216w\" sizes=\"auto, (max-width: 626px) 100vw, 626px\" \/><\/p>\n<p style=\"text-align: justify;\">El passat mes de febrer, l&#8217;escola va ser\u00a0 convidada per a participar en els grups de discussi\u00f3 de la\u00a0 <a href=\"https:\/\/projectes.xtec.cat\/consescat\/\"><strong>XVIII\u00a0 Jornada de reflexi\u00f3 del Consell Escolar de Catalunya,<\/strong> <\/a><strong>&#8220;Un nou present eductiu&#8221;. <\/strong>Hem d&#8217;agrair a dues alumnes del GES 2, R.B.H y M. G. M\u00a0 la seva participaci\u00f3.<\/p>\n<p style=\"text-align: justify;\">Podeu llegir els comentaris fets per totes les persones convidades de tots els centres de Ctalunya a la <a href=\"https:\/\/projectes.xtec.cat\/consescat\/\">web del Consell.<\/a> La nostra aportaci\u00f3 va servir per a debatre, des de la perpectiva de les escoles d&#8217;adults, la necessitat d&#8217; incrementar els recursos humans\u00a0 i it\u00e8cnics, especialment els inform\u00e0tics en els nostres centres. Si b\u00e9 la visibilitzaci\u00f3 de la formaci\u00f3 d&#8217;adults ha millorat respecte anys enrere, tamb\u00e9 \u00e9s cert que encara queda molt\u00edssima feina per fer&#8230;<\/p>\n","protected":false},"excerpt":{"rendered":"<p>El passat mes de febrer, l&#8217;escola va ser\u00a0 convidada per a participar en els grups de discussi\u00f3 de la\u00a0 XVIII\u00a0 Jornada de reflexi\u00f3 del Consell Escolar de Catalunya, &#8220;Un nou present eductiu&#8221;. Hem d&#8217;agrair a dues alumnes del GES 2, R.B.H y M. G. M\u00a0 la seva participaci\u00f3. Podeu llegir els comentaris fets per totes [&hellip;]<\/p>\n","protected":false},"author":3,"featured_media":0,"parent":3140,"menu_order":1,"comment_status":"closed","ping_status":"closed","template":"","meta":{"_bbp_topic_count":0,"_bbp_reply_count":0,"_bbp_total_topic_count":0,"_bbp_total_reply_count":0,"_bbp_voice_count":0,"_bbp_anonymous_reply_count":0,"_bbp_topic_count_hidden":0,"_bbp_reply_count_hidden":0,"_bbp_forum_subforum_count":0,"site-sidebar-layout":"default","site-content-layout":"","ast-site-content-layout":"","site-content-style":"default","site-sidebar-style":"default","ast-global-header-display":"","ast-banner-title-visibility":"","ast-main-header-display":"","ast-hfb-above-header-display":"","ast-hfb-below-header-display":"","ast-hfb-mobile-header-display":"","site-post-title":"","ast-breadcrumbs-content":"","ast-featured-img":"","footer-sml-layout":"","theme-transparent-header-meta":"","adv-header-id-meta":"","stick-header-meta":"","header-above-stick-meta":"","header-main-stick-meta":"","header-below-stick-meta":"","astra-migrate-meta-layouts":"default","ast-page-background-enabled":"default","ast-page-background-meta":{"desktop":{"background-color":"var(--ast-global-color-4)","background-image":"","background-repeat":"repeat","background-position":"center center","background-size":"auto","background-attachment":"scroll","background-type":"","background-media":"","overlay-type":"","overlay-color":"","overlay-opacity":"","overlay-gradient":""},"tablet":{"background-color":"","background-image":"","background-repeat":"repeat","background-position":"center center","background-size":"auto","background-attachment":"scroll","background-type":"","background-media":"","overlay-type":"","overlay-color":"","overlay-opacity":"","overlay-gradient":""},"mobile":{"background-color":"","background-image":"","background-repeat":"repeat","background-position":"center center","background-size":"auto","background-attachment":"scroll","background-type":"","background-media":"","overlay-type":"","overlay-color":"","overlay-opacity":"","overlay-gradient":""}},"ast-content-background-meta":{"desktop":{"background-color":"var(--ast-global-color-5)","background-image":"","background-repeat":"repeat","background-position":"center center","background-size":"auto","background-attachment":"scroll","background-type":"","background-media":"","overlay-type":"","overlay-color":"","overlay-opacity":"","overlay-gradient":""},"tablet":{"background-color":"var(--ast-global-color-5)","background-image":"","background-repeat":"repeat","background-position":"center center","background-size":"auto","background-attachment":"scroll","background-type":"","background-media":"","overlay-type":"","overlay-color":"","overlay-opacity":"","overlay-gradient":""},"mobile":{"background-color":"var(--ast-global-color-5)","background-image":"","background-repeat":"repeat","background-position":"center center","background-size":"auto","background-attachment":"scroll","background-type":"","background-media":"","overlay-type":"","overlay-color":"","overlay-opacity":"","overlay-gradient":""}},"footnotes":""},"class_list":["post-4295","page","type-page","status-publish","hentry"],"post_mailing_queue_ids":[],"_links":{"self":[{"href":"https:\/\/agora.xtec.cat\/cfamorerapomar\/wp-json\/wp\/v2\/pages\/4295","targetHints":{"allow":["GET"]}}],"collection":[{"href":"https:\/\/agora.xtec.cat\/cfamorerapomar\/wp-json\/wp\/v2\/pages"}],"about":[{"href":"https:\/\/agora.xtec.cat\/cfamorerapomar\/wp-json\/wp\/v2\/types\/page"}],"author":[{"embeddable":true,"href":"https:\/\/agora.xtec.cat\/cfamorerapomar\/wp-json\/wp\/v2\/users\/3"}],"replies":[{"embeddable":true,"href":"https:\/\/agora.xtec.cat\/cfamorerapomar\/wp-json\/wp\/v2\/comments?post=4295"}],"version-history":[{"count":2,"href":"https:\/\/agora.xtec.cat\/cfamorerapomar\/wp-json\/wp\/v2\/pages\/4295\/revisions"}],"predecessor-version":[{"id":4297,"href":"https:\/\/agora.xtec.cat\/cfamorerapomar\/wp-json\/wp\/v2\/pages\/4295\/revisions\/4297"}],"up":[{"embeddable":true,"href":"https:\/\/agora.xtec.cat\/cfamorerapomar\/wp-json\/wp\/v2\/pages\/3140"}],"wp:attachment":[{"href":"https:\/\/agora.xtec.cat\/cfamorerapomar\/wp-json\/wp\/v2\/media?parent=4295"}],"curies":[{"name":"wp","href":"https:\/\/api.w.org\/{rel}","templated":true}]}}