{"id":3828,"date":"2020-09-20T19:18:47","date_gmt":"2020-09-20T17:18:47","guid":{"rendered":"http:\/\/agora.xtec.cat\/cfamorerapomar\/?page_id=3828"},"modified":"2025-09-25T14:26:30","modified_gmt":"2025-09-25T12:26:30","slug":"formacio-inicial-aprenentatge-hibrid","status":"publish","type":"page","link":"https:\/\/agora.xtec.cat\/cfamorerapomar\/formacio-inicial-aprenentatge-hibrid\/","title":{"rendered":"FORMACI\u00d3 INICIAL CORREU CORPORATIU I EVA"},"content":{"rendered":"<p><span style=\"color: #33cccc;\"><strong>Com em puc comunicar amb el meu professor\/a o amb l&#8217;escola?<\/strong><\/span><\/p>\n<p>Aquest curs, com a novetat, cada alumne del nostre centre tindr\u00e0 un correu electr\u00f2nic corporatiu del centre (Aquest correu electr\u00f2nic funciona sota la plataforma GMAIL, per\u00f2 respecta totes les lleis de protecci\u00f3 de dades LOPD)<\/p>\n<p>Caracter\u00edstiques del correu que se us assignar\u00e0:<\/p>\n<ul>\n<li style=\"list-style-type: none;\">\n<ul>\n<li>T\u00e9 clarament una finalitat educativa i en acabar la relaci\u00f3 amb l&#8217;escola es donar\u00e0 de baixa<\/li>\n<li>Tots els correus tindran el mateix format: &#8220;inicialnom+primer cognom+darrera xifra DNI+lletra DNI<span class=\"\">@<\/span>cfamorerapomar.cat&#8221;<\/li>\n<li>Podreu utilitzar qualsevol contrasenya, per\u00f2 en cas d&#8217;oblit, podeu demanar als vostres professors que us la regenerin.<\/li>\n<li>Totes les comunicacions entre l&#8217;escola i vosaltres es faran per aquest mitj\u00e0 de comunicaci\u00f3, \u00e9s recomanable que us configureu aquest correu electr\u00f2nic als vostres dispositius m\u00f2bils, per a rebre qualsevol notificaci\u00f3 urgent de l&#8217;escola.<\/li>\n<li>Per accedir al vostre correu electr\u00f2nic per primera vegada, haureu d&#8217;entrar com si an\u00e9ssiu a un correu de Gmail i en el nom d&#8217;usuari posar l&#8217;adre\u00e7a sencera i la contrasenya que us hem indicat i que despr\u00e9s canviareu.<\/li>\n<\/ul>\n<\/li>\n<\/ul>\n<p style=\"padding-left: 40px; text-align: left;\"><span style=\"color: #33cccc;\"><strong>Quins materials o equipaments s\u00f3n necessaris a casa?<\/strong><\/span><\/p>\n<ul>\n<li style=\"list-style-type: none;\">\n<ul>\n<li>Ordinador o dispositiu port\u00e0til amb connexi\u00f3 a Internet<\/li>\n<li>Webcam<\/li>\n<li>Auriculars i micr\u00f2fon<\/li>\n<li>Recomanable: impressora i dispositiu per a poder fotografiar o escanejar documents<\/li>\n<\/ul>\n<\/li>\n<\/ul>\n<p><span style=\"color: #33cccc;\"><strong>A continuaci\u00f3 teniu uns videotutorials per a poder accedir als cursos on treballareu (<span style=\"text-decoration: underline;\">Google Classroom<\/span>)<\/strong><\/span><\/p>\n<p>Rebreu un correu electr\u00f2nic al correu corporatiu de l&#8217;escola amb els enlla\u00e7os als vostres grups de treball.<\/p>\n<p style=\"padding-left: 40px; text-align: center;\"><a href=\"https:\/\/www.youtube.com\/watch?v=aG4t4ti3JXE\">\u2666Com accedir a google Classroom<\/a><\/p>\n<p><a style=\"color: #2795b6;\" href=\"https:\/\/www.youtube.com\/watch?v=aG4t4ti3JXE\"><img loading=\"lazy\" decoding=\"async\" class=\"aligncenter\" src=\"https:\/\/www.passy-muir.com\/wp-content\/uploads\/2016\/08\/Videos_Icon_2.jpg\" alt=\"Videos of the Passy Muir Valve - Passy-Muir\" width=\"87\" height=\"87\" \/><\/a><\/p>\n<p>&nbsp;<\/p>\n<p>&nbsp;<\/p>\n<p><!--a=1--><\/p>\n","protected":false},"excerpt":{"rendered":"<p>Com em puc comunicar amb el meu professor\/a o amb l&#8217;escola? Aquest curs, com a novetat, cada alumne del nostre centre tindr\u00e0 un correu electr\u00f2nic corporatiu del centre (Aquest correu electr\u00f2nic funciona sota la plataforma GMAIL, per\u00f2 respecta totes les lleis de protecci\u00f3 de dades LOPD) Caracter\u00edstiques del correu que se us assignar\u00e0: T\u00e9 clarament [&hellip;]<\/p>\n","protected":false},"author":3,"featured_media":0,"parent":0,"menu_order":0,"comment_status":"closed","ping_status":"closed","template":"","meta":{"_bbp_topic_count":0,"_bbp_reply_count":0,"_bbp_total_topic_count":0,"_bbp_total_reply_count":0,"_bbp_voice_count":0,"_bbp_anonymous_reply_count":0,"_bbp_topic_count_hidden":0,"_bbp_reply_count_hidden":0,"_bbp_forum_subforum_count":0,"site-sidebar-layout":"default","site-content-layout":"","ast-site-content-layout":"","site-content-style":"default","site-sidebar-style":"default","ast-global-header-display":"","ast-banner-title-visibility":"","ast-main-header-display":"","ast-hfb-above-header-display":"","ast-hfb-below-header-display":"","ast-hfb-mobile-header-display":"","site-post-title":"","ast-breadcrumbs-content":"","ast-featured-img":"","footer-sml-layout":"","theme-transparent-header-meta":"","adv-header-id-meta":"","stick-header-meta":"","header-above-stick-meta":"","header-main-stick-meta":"","header-below-stick-meta":"","astra-migrate-meta-layouts":"default","ast-page-background-enabled":"default","ast-page-background-meta":{"desktop":{"background-color":"var(--ast-global-color-4)","background-image":"","background-repeat":"repeat","background-position":"center center","background-size":"auto","background-attachment":"scroll","background-type":"","background-media":"","overlay-type":"","overlay-color":"","overlay-opacity":"","overlay-gradient":""},"tablet":{"background-color":"","background-image":"","background-repeat":"repeat","background-position":"center center","background-size":"auto","background-attachment":"scroll","background-type":"","background-media":"","overlay-type":"","overlay-color":"","overlay-opacity":"","overlay-gradient":""},"mobile":{"background-color":"","background-image":"","background-repeat":"repeat","background-position":"center center","background-size":"auto","background-attachment":"scroll","background-type":"","background-media":"","overlay-type":"","overlay-color":"","overlay-opacity":"","overlay-gradient":""}},"ast-content-background-meta":{"desktop":{"background-color":"var(--ast-global-color-5)","background-image":"","background-repeat":"repeat","background-position":"center center","background-size":"auto","background-attachment":"scroll","background-type":"","background-media":"","overlay-type":"","overlay-color":"","overlay-opacity":"","overlay-gradient":""},"tablet":{"background-color":"var(--ast-global-color-5)","background-image":"","background-repeat":"repeat","background-position":"center center","background-size":"auto","background-attachment":"scroll","background-type":"","background-media":"","overlay-type":"","overlay-color":"","overlay-opacity":"","overlay-gradient":""},"mobile":{"background-color":"var(--ast-global-color-5)","background-image":"","background-repeat":"repeat","background-position":"center center","background-size":"auto","background-attachment":"scroll","background-type":"","background-media":"","overlay-type":"","overlay-color":"","overlay-opacity":"","overlay-gradient":""}},"footnotes":""},"class_list":["post-3828","page","type-page","status-publish","hentry"],"post_mailing_queue_ids":[],"_links":{"self":[{"href":"https:\/\/agora.xtec.cat\/cfamorerapomar\/wp-json\/wp\/v2\/pages\/3828","targetHints":{"allow":["GET"]}}],"collection":[{"href":"https:\/\/agora.xtec.cat\/cfamorerapomar\/wp-json\/wp\/v2\/pages"}],"about":[{"href":"https:\/\/agora.xtec.cat\/cfamorerapomar\/wp-json\/wp\/v2\/types\/page"}],"author":[{"embeddable":true,"href":"https:\/\/agora.xtec.cat\/cfamorerapomar\/wp-json\/wp\/v2\/users\/3"}],"replies":[{"embeddable":true,"href":"https:\/\/agora.xtec.cat\/cfamorerapomar\/wp-json\/wp\/v2\/comments?post=3828"}],"version-history":[{"count":5,"href":"https:\/\/agora.xtec.cat\/cfamorerapomar\/wp-json\/wp\/v2\/pages\/3828\/revisions"}],"predecessor-version":[{"id":6197,"href":"https:\/\/agora.xtec.cat\/cfamorerapomar\/wp-json\/wp\/v2\/pages\/3828\/revisions\/6197"}],"wp:attachment":[{"href":"https:\/\/agora.xtec.cat\/cfamorerapomar\/wp-json\/wp\/v2\/media?parent=3828"}],"curies":[{"name":"wp","href":"https:\/\/api.w.org\/{rel}","templated":true}]}}