{"id":3602,"date":"2020-07-07T16:17:10","date_gmt":"2020-07-07T14:17:10","guid":{"rendered":"http:\/\/agora.xtec.cat\/cfamorerapomar\/?page_id=3602"},"modified":"2026-02-18T11:12:13","modified_gmt":"2026-02-18T10:12:13","slug":"x","status":"publish","type":"page","link":"https:\/\/agora.xtec.cat\/cfamorerapomar\/x\/","title":{"rendered":"Pr\u00e0ctiques d&#8217; estudiants universitaris"},"content":{"rendered":"<p style=\"text-align: justify;\"><span style=\"font-size: 20px;\">La nostra escola \u00e9s centre formador d&#8217;alumnes de pr\u00e0ctiques universit\u00e0ries. Amb aquesta col\u00b7laboraci\u00f3 potenciem la relaci\u00f3 amb les universitats, la recerca i els nostres estudiants. Durant el curs 2020\/2021 hem estat mentors d&#8217;una estudiant de Filosofia de la UB i dos alumnes de ci\u00e8ncies de la UPF. Al <a href=\"https:\/\/drive.google.com\/file\/d\/1vmz3ZvUy0HGjm-aqYl7kH6Wk4NbrV61B\/view?usp=sharing\">v\u00eddeo<\/a> podeu veure a les estudiants de la UPF<\/span><span style=\"font-size: 20px;\"> fent una pr\u00e0ctica sobre el tema de les forces f\u00edsiques amb els alumnes de GES 2. La classe continua despr\u00e9s al jard\u00ed.<\/span><\/p>\n<p style=\"text-align: justify;\"><img loading=\"lazy\" decoding=\"async\" class=\"wp-image-4384 aligncenter\" src=\"https:\/\/agora.xtec.cat\/cfamorerapomar\/wp-content\/uploads\/usu268\/2021\/05\/IMG_6872.jpg\" alt=\"\" width=\"817\" height=\"524\" srcset=\"https:\/\/agora.xtec.cat\/cfamorerapomar\/wp-content\/uploads\/usu268\/2021\/05\/IMG_6872.jpg 2050w, https:\/\/agora.xtec.cat\/cfamorerapomar\/wp-content\/uploads\/usu268\/2021\/05\/IMG_6872-300x192.jpg 300w, https:\/\/agora.xtec.cat\/cfamorerapomar\/wp-content\/uploads\/usu268\/2021\/05\/IMG_6872-768x492.jpg 768w, https:\/\/agora.xtec.cat\/cfamorerapomar\/wp-content\/uploads\/usu268\/2021\/05\/IMG_6872-1024x656.jpg 1024w\" sizes=\"auto, (max-width: 817px) 100vw, 817px\" \/><\/p>\n<p><!--a=1--><\/p>\n<p><!--a=1--><\/p>\n","protected":false},"excerpt":{"rendered":"<p>La nostra escola \u00e9s centre formador d&#8217;alumnes de pr\u00e0ctiques universit\u00e0ries. Amb aquesta col\u00b7laboraci\u00f3 potenciem la relaci\u00f3 amb les universitats, la recerca i els nostres estudiants. Durant el curs 2020\/2021 hem estat mentors d&#8217;una estudiant de Filosofia de la UB i dos alumnes de ci\u00e8ncies de la UPF. Al v\u00eddeo podeu veure a les estudiants de [&hellip;]<\/p>\n","protected":false},"author":3,"featured_media":0,"parent":0,"menu_order":0,"comment_status":"closed","ping_status":"closed","template":"","meta":{"_bbp_topic_count":0,"_bbp_reply_count":0,"_bbp_total_topic_count":0,"_bbp_total_reply_count":0,"_bbp_voice_count":0,"_bbp_anonymous_reply_count":0,"_bbp_topic_count_hidden":0,"_bbp_reply_count_hidden":0,"_bbp_forum_subforum_count":0,"site-sidebar-layout":"default","site-content-layout":"","ast-site-content-layout":"","site-content-style":"default","site-sidebar-style":"default","ast-global-header-display":"","ast-banner-title-visibility":"","ast-main-header-display":"","ast-hfb-above-header-display":"","ast-hfb-below-header-display":"","ast-hfb-mobile-header-display":"","site-post-title":"","ast-breadcrumbs-content":"","ast-featured-img":"","footer-sml-layout":"","theme-transparent-header-meta":"","adv-header-id-meta":"","stick-header-meta":"","header-above-stick-meta":"","header-main-stick-meta":"","header-below-stick-meta":"","astra-migrate-meta-layouts":"default","ast-page-background-enabled":"default","ast-page-background-meta":{"desktop":{"background-color":"var(--ast-global-color-4)","background-image":"","background-repeat":"repeat","background-position":"center center","background-size":"auto","background-attachment":"scroll","background-type":"","background-media":"","overlay-type":"","overlay-color":"","overlay-opacity":"","overlay-gradient":""},"tablet":{"background-color":"","background-image":"","background-repeat":"repeat","background-position":"center center","background-size":"auto","background-attachment":"scroll","background-type":"","background-media":"","overlay-type":"","overlay-color":"","overlay-opacity":"","overlay-gradient":""},"mobile":{"background-color":"","background-image":"","background-repeat":"repeat","background-position":"center center","background-size":"auto","background-attachment":"scroll","background-type":"","background-media":"","overlay-type":"","overlay-color":"","overlay-opacity":"","overlay-gradient":""}},"ast-content-background-meta":{"desktop":{"background-color":"var(--ast-global-color-5)","background-image":"","background-repeat":"repeat","background-position":"center center","background-size":"auto","background-attachment":"scroll","background-type":"","background-media":"","overlay-type":"","overlay-color":"","overlay-opacity":"","overlay-gradient":""},"tablet":{"background-color":"var(--ast-global-color-5)","background-image":"","background-repeat":"repeat","background-position":"center center","background-size":"auto","background-attachment":"scroll","background-type":"","background-media":"","overlay-type":"","overlay-color":"","overlay-opacity":"","overlay-gradient":""},"mobile":{"background-color":"var(--ast-global-color-5)","background-image":"","background-repeat":"repeat","background-position":"center center","background-size":"auto","background-attachment":"scroll","background-type":"","background-media":"","overlay-type":"","overlay-color":"","overlay-opacity":"","overlay-gradient":""}},"footnotes":""},"class_list":["post-3602","page","type-page","status-publish","hentry"],"post_mailing_queue_ids":[],"_links":{"self":[{"href":"https:\/\/agora.xtec.cat\/cfamorerapomar\/wp-json\/wp\/v2\/pages\/3602","targetHints":{"allow":["GET"]}}],"collection":[{"href":"https:\/\/agora.xtec.cat\/cfamorerapomar\/wp-json\/wp\/v2\/pages"}],"about":[{"href":"https:\/\/agora.xtec.cat\/cfamorerapomar\/wp-json\/wp\/v2\/types\/page"}],"author":[{"embeddable":true,"href":"https:\/\/agora.xtec.cat\/cfamorerapomar\/wp-json\/wp\/v2\/users\/3"}],"replies":[{"embeddable":true,"href":"https:\/\/agora.xtec.cat\/cfamorerapomar\/wp-json\/wp\/v2\/comments?post=3602"}],"version-history":[{"count":6,"href":"https:\/\/agora.xtec.cat\/cfamorerapomar\/wp-json\/wp\/v2\/pages\/3602\/revisions"}],"predecessor-version":[{"id":6242,"href":"https:\/\/agora.xtec.cat\/cfamorerapomar\/wp-json\/wp\/v2\/pages\/3602\/revisions\/6242"}],"wp:attachment":[{"href":"https:\/\/agora.xtec.cat\/cfamorerapomar\/wp-json\/wp\/v2\/media?parent=3602"}],"curies":[{"name":"wp","href":"https:\/\/api.w.org\/{rel}","templated":true}]}}