{"id":322,"date":"2015-01-28T11:36:17","date_gmt":"2015-01-28T10:36:17","guid":{"rendered":"http:\/\/agora.xtec.cat\/cfamorerapomar\/\/?page_id=322"},"modified":"2025-07-04T12:17:27","modified_gmt":"2025-07-04T10:17:27","slug":"a-la-universitat-per-a-majors-de-25-anys","status":"publish","type":"page","link":"https:\/\/agora.xtec.cat\/cfamorerapomar\/ensenyaments\/ensenyaments-per-a-la-preparacio-de-proves-dacces\/a-la-universitat-per-a-majors-de-25-anys\/","title":{"rendered":"A la universitat per a majors de 25 i 45 anys"},"content":{"rendered":"<p>El curs prepara a alumnes majors de 25 i 45 anys per poder presentar-se a les proves d\u2019acc\u00e9s a la Universitat, consistent en <strong>\u00a0<\/strong>prova comuna (llengua catalana, llengua castellana, llengua anglesa i comentari de text) i una prova espec\u00edfica (Biologia i Qu\u00edmica; Geografia i \u00a0Hist\u00f2ria).<\/p>\n<ul>\n<li><strong><span style=\"color: #003366;\">Durada<\/span><\/strong><\/li>\n<\/ul>\n<p>Des de l&#8217;inic de curs (setembre) fins la setmana de la prova (abril)<\/p>\n<p>280 hores anuals (8h\/setmana, part comuna) i 3 h\/setmana (part espec\u00edfica)<\/p>\n<ul>\n<li><span style=\"color: #003366;\"><b>Grups<\/b><\/span><\/li>\n<\/ul>\n<p><strong>Grup de mat\u00ed (A)<\/strong>: de 9h a 14h<\/p>\n<p>&nbsp;<\/p>\n<p><strong>Grup de tarda (B)<\/strong>: de 15h a 20:30h<\/p>\n<p>&nbsp;<\/p>\n<p>(*Els horaris esmentats es refereixen a les franges hor\u00e0ries de mat\u00ed i tarda en sentit ampli).<\/p>\n<p>&nbsp;<\/p>\n<p>&nbsp;<\/p>\n<ul>\n<li><span style=\"color: #003366;\"><b>Requisits<\/b><\/span><\/li>\n<\/ul>\n<p><b>Es poden presentar a les proves els candidats que reuneixin els requisits seg\u00fcents:<\/b><\/p>\n<p>\u2022 T<span style=\"font-family: inherit; font-size: 1em;\">en<\/span><span style=\"font-family: inherit; font-size: 1em;\">ir 25 e<\/span><span style=\"font-family: inherit; font-size: 1em;\">n l&#8217;any natural en qu\u00e8 realitzar\u00e0 la prova.<\/span><\/p>\n<p>\u2022 No haver superat les PAU (o equivalent).<\/p>\n<p>\u2022 No estar en possessi\u00f3 d\u2019un t\u00edtol de t\u00e8cnic superior de formaci\u00f3 professional, d\u2019arts pl\u00e0stiques i disseny, o d\u2019esports (o equivalent).<\/p>\n<p>\u2022 No tenir cap titulaci\u00f3 universit\u00e0ria.<\/p>\n<ul>\n<li><strong><span style=\"color: #003366;\">Curr\u00edculum<\/span><\/strong><\/li>\n<\/ul>\n<table style=\"height: 221px;\" width=\"540\">\n<tbody>\n<tr>\n<td style=\"text-align: center;\"><strong>Part comuna<\/strong><\/td>\n<td style=\"text-align: center;\">\n<p><strong>Espec\u00edfiques \u00a0 \u00a0 \u00a0<\/strong><\/p>\n<p><em>Ci\u00e8ncies\u00a0<\/em><\/p>\n<p><em>Ci\u00e8ncies de la salut<\/em><\/p>\n<\/td>\n<td style=\"text-align: center;\">\n<p><strong>Espec\u00edfiques<\/strong><\/p>\n<p><em>Arts i Humanitats\u00a0<\/em><\/p>\n<p><em>Ci\u00e8ncies Socials i Jur\u00eddiques<\/em><\/p>\n<\/td>\n<\/tr>\n<tr>\n<td>Comentari de text<\/td>\n<td>&nbsp;<\/td>\n<td>&nbsp;<\/td>\n<\/tr>\n<tr>\n<td>Llengua castellana<\/td>\n<td style=\"text-align: center;\">\u00a0<\/td>\n<td style=\"text-align: center;\">Geografia<\/td>\n<\/tr>\n<tr>\n<td>Llengua catalana<\/td>\n<td style=\"text-align: center;\">\u00a0Biologia<\/td>\n<td style=\"text-align: center;\">\u00a0Hist\u00f2ria<\/td>\n<\/tr>\n<tr>\n<td>Llengua estrangera (angl\u00e8s)<\/td>\n<td style=\"text-align: center;\">Estad\u00edstica<\/td>\n<td style=\"text-align: center;\">\u00a0<\/td>\n<\/tr>\n<\/tbody>\n<\/table>\n<p>&nbsp;<\/p>\n<ul>\n<li><strong><span style=\"color: #003366;\">Avaluaci\u00f3<\/span><\/strong><\/li>\n<\/ul>\n<p>L&#8217;escola fa una valuaci\u00f3 continuada i dos simulacres de la prova.<\/p>\n<p>&nbsp;<\/p>\n<p>&nbsp;<\/p>\n","protected":false},"excerpt":{"rendered":"<p>El curs prepara a alumnes majors de 25 i 45 anys per poder presentar-se a les proves d\u2019acc\u00e9s a la Universitat, consistent en \u00a0prova comuna (llengua catalana, llengua castellana, llengua anglesa i comentari de text) i una prova espec\u00edfica (Biologia i Qu\u00edmica; Geografia i \u00a0Hist\u00f2ria). Durada Des de l&#8217;inic de curs (setembre) fins la setmana [&hellip;]<\/p>\n","protected":false},"author":2,"featured_media":0,"parent":288,"menu_order":0,"comment_status":"closed","ping_status":"closed","template":"page-templates\/side-menu.php","meta":{"_bbp_topic_count":0,"_bbp_reply_count":0,"_bbp_total_topic_count":0,"_bbp_total_reply_count":0,"_bbp_voice_count":0,"_bbp_anonymous_reply_count":0,"_bbp_topic_count_hidden":0,"_bbp_reply_count_hidden":0,"_bbp_forum_subforum_count":0,"site-sidebar-layout":"default","site-content-layout":"","ast-site-content-layout":"","site-content-style":"default","site-sidebar-style":"default","ast-global-header-display":"","ast-banner-title-visibility":"","ast-main-header-display":"","ast-hfb-above-header-display":"","ast-hfb-below-header-display":"","ast-hfb-mobile-header-display":"","site-post-title":"","ast-breadcrumbs-content":"","ast-featured-img":"","footer-sml-layout":"","theme-transparent-header-meta":"","adv-header-id-meta":"","stick-header-meta":"","header-above-stick-meta":"","header-main-stick-meta":"","header-below-stick-meta":"","astra-migrate-meta-layouts":"default","ast-page-background-enabled":"default","ast-page-background-meta":{"desktop":{"background-color":"var(--ast-global-color-4)","background-image":"","background-repeat":"repeat","background-position":"center center","background-size":"auto","background-attachment":"scroll","background-type":"","background-media":"","overlay-type":"","overlay-color":"","overlay-opacity":"","overlay-gradient":""},"tablet":{"background-color":"","background-image":"","background-repeat":"repeat","background-position":"center center","background-size":"auto","background-attachment":"scroll","background-type":"","background-media":"","overlay-type":"","overlay-color":"","overlay-opacity":"","overlay-gradient":""},"mobile":{"background-color":"","background-image":"","background-repeat":"repeat","background-position":"center center","background-size":"auto","background-attachment":"scroll","background-type":"","background-media":"","overlay-type":"","overlay-color":"","overlay-opacity":"","overlay-gradient":""}},"ast-content-background-meta":{"desktop":{"background-color":"var(--ast-global-color-5)","background-image":"","background-repeat":"repeat","background-position":"center center","background-size":"auto","background-attachment":"scroll","background-type":"","background-media":"","overlay-type":"","overlay-color":"","overlay-opacity":"","overlay-gradient":""},"tablet":{"background-color":"var(--ast-global-color-5)","background-image":"","background-repeat":"repeat","background-position":"center center","background-size":"auto","background-attachment":"scroll","background-type":"","background-media":"","overlay-type":"","overlay-color":"","overlay-opacity":"","overlay-gradient":""},"mobile":{"background-color":"var(--ast-global-color-5)","background-image":"","background-repeat":"repeat","background-position":"center center","background-size":"auto","background-attachment":"scroll","background-type":"","background-media":"","overlay-type":"","overlay-color":"","overlay-opacity":"","overlay-gradient":""}},"footnotes":""},"class_list":["post-322","page","type-page","status-publish","hentry"],"post_mailing_queue_ids":[],"_links":{"self":[{"href":"https:\/\/agora.xtec.cat\/cfamorerapomar\/wp-json\/wp\/v2\/pages\/322","targetHints":{"allow":["GET"]}}],"collection":[{"href":"https:\/\/agora.xtec.cat\/cfamorerapomar\/wp-json\/wp\/v2\/pages"}],"about":[{"href":"https:\/\/agora.xtec.cat\/cfamorerapomar\/wp-json\/wp\/v2\/types\/page"}],"author":[{"embeddable":true,"href":"https:\/\/agora.xtec.cat\/cfamorerapomar\/wp-json\/wp\/v2\/users\/2"}],"replies":[{"embeddable":true,"href":"https:\/\/agora.xtec.cat\/cfamorerapomar\/wp-json\/wp\/v2\/comments?post=322"}],"version-history":[{"count":6,"href":"https:\/\/agora.xtec.cat\/cfamorerapomar\/wp-json\/wp\/v2\/pages\/322\/revisions"}],"predecessor-version":[{"id":6177,"href":"https:\/\/agora.xtec.cat\/cfamorerapomar\/wp-json\/wp\/v2\/pages\/322\/revisions\/6177"}],"up":[{"embeddable":true,"href":"https:\/\/agora.xtec.cat\/cfamorerapomar\/wp-json\/wp\/v2\/pages\/288"}],"wp:attachment":[{"href":"https:\/\/agora.xtec.cat\/cfamorerapomar\/wp-json\/wp\/v2\/media?parent=322"}],"curies":[{"name":"wp","href":"https:\/\/api.w.org\/{rel}","templated":true}]}}