{"id":3144,"date":"2020-04-06T16:39:55","date_gmt":"2020-04-06T14:39:55","guid":{"rendered":"http:\/\/agora.xtec.cat\/cfamorerapomar\/?page_id=3144"},"modified":"2025-09-25T14:22:13","modified_gmt":"2025-09-25T12:22:13","slug":"agraiments","status":"publish","type":"page","link":"https:\/\/agora.xtec.cat\/cfamorerapomar\/premis-i-agraiments\/agraiments\/","title":{"rendered":"Agra\u00efments"},"content":{"rendered":"<ul>\n<li style=\"list-style-type: none;\">\n<ul>\n<li><strong>CONVIDATS AL CONSELL ESCOLAR DE CATALUNYA<\/strong><\/li>\n<\/ul>\n<p><img loading=\"lazy\" decoding=\"async\" class=\" wp-image-4131 alignleft\" src=\"https:\/\/agora.xtec.cat\/cfamorerapomar\/wp-content\/uploads\/usu268\/2021\/03\/Sin-t\u00edtulo.bmp\" alt=\"\" width=\"510\" height=\"708\" srcset=\"https:\/\/agora.xtec.cat\/cfamorerapomar\/wp-content\/uploads\/usu268\/2021\/03\/Sin-t\u00edtulo.bmp 682w, https:\/\/agora.xtec.cat\/cfamorerapomar\/wp-content\/uploads\/usu268\/2021\/03\/Sin-t\u00edtulo-216x300.jpg 216w\" sizes=\"auto, (max-width: 510px) 100vw, 510px\" \/><span style=\"font-family: inherit; font-size: 1em;\">El passat mes de febrer, l&#8217;escola va ser convidada per a participar en els grups de discussi\u00f3 de la <\/span><a style=\"font-family: inherit; font-size: 1em;\" href=\"https:\/\/projectes.xtec.cat\/consescat\/\"><strong>XVIII Jornada de reflexi\u00f3 del Consell Escolar de Catalunya,<\/strong> <\/a><strong style=\"font-family: inherit; font-size: 1em;\">&#8220;Un nou present eductiu&#8221;. <\/strong><span style=\"font-family: inherit; font-size: 1em;\">Hem d&#8217;agrair a dues alumnes del GES 2, R.B.H y M. G. M la seva participaci\u00f3.<\/span><\/p>\n<p style=\"text-align: justify;\">Podeu llegir els comentaris fets per totes les persones convidades de tots els centres de Catalunya a la <a href=\"https:\/\/projectes.xtec.cat\/consescat\/\">web del Consell.<\/a> La nostra aportaci\u00f3 va servir per a debatre, des de la perspectiva de les escoles d&#8217;adults, la necessitat d&#8217;incrementar els recursos humans i t\u00e8cnics, especialment els inform\u00e0tics en els nostres centres. Si b\u00e9 la visibilitzaci\u00f3 de la formaci\u00f3 d&#8217;adults ha millorat respecte anys enrere, tamb\u00e9 \u00e9s cert que encara queda molt\u00edssima feina per fer&#8230;<\/p>\n<p>&nbsp;<\/p>\n<\/li>\n<\/ul>\n<p>&nbsp;<\/p>\n<p>&nbsp;<\/p>\n<p>&nbsp;<\/p>\n<p>&nbsp;<\/p>\n<p>&nbsp;<\/p>\n<p>&nbsp;<\/p>\n<p>&nbsp;<\/p>\n<ul>\n<li>\n<h4>Agra\u00efments de l&#8217;Associaci\u00f3 Canadenca de Psiquiatria<\/h4>\n<\/li>\n<\/ul>\n<p><img loading=\"lazy\" decoding=\"async\" class=\"aligncenter size-full wp-image-2332\" src=\"https:\/\/agora.xtec.cat\/cfamorerapomar\/wp-content\/uploads\/usu268\/2018\/10\/canadian-ps-2.png\" alt=\"\" width=\"1200\" height=\"150\" srcset=\"https:\/\/agora.xtec.cat\/cfamorerapomar\/wp-content\/uploads\/usu268\/2018\/10\/canadian-ps-2.png 1200w, https:\/\/agora.xtec.cat\/cfamorerapomar\/wp-content\/uploads\/usu268\/2018\/10\/canadian-ps-2-300x38.png 300w, https:\/\/agora.xtec.cat\/cfamorerapomar\/wp-content\/uploads\/usu268\/2018\/10\/canadian-ps-2-768x96.png 768w, https:\/\/agora.xtec.cat\/cfamorerapomar\/wp-content\/uploads\/usu268\/2018\/10\/canadian-ps-2-1024x128.png 1024w\" sizes=\"auto, (max-width: 1200px) 100vw, 1200px\" \/><\/p>\n<p style=\"text-align: justify;\"><span style=\"color: #008080;\"><em>\u201c<strong>Gender differences in Social Cognition: A Cross-Sectional Pilot Study of recently Diagnosed Patients with Schizophrenia and Healthy Subjects\u201d<\/strong><\/em>, Dra. Sol Fern\u00e1ndez -Casado (investigadora principal), Guillem Navarra -Ventura, Marc Turon, Esther Pousa, Diego Palao, Narc\u00eds Cardoner i Merc\u00e8 Jodar en The Canadian Journal of Psyquiatry, 2017<\/span><\/p>\n<p style=\"text-align: justify;\"><span style=\"color: #008080;\">La formaci\u00f3 integral, oberta i \u00e0mplia de mires que volem per als nostres estudiants no pot deixar de banda el coneixement de com es construeix la ci\u00e8ncia i q<img loading=\"lazy\" decoding=\"async\" class=\"alignleft wp-image-2349\" src=\"https:\/\/agora.xtec.cat\/cfamorerapomar\/wp-content\/uploads\/usu268\/2018\/10\/people-mind-emotion-character-cartoon-vector-illustration.jpg\" alt=\"\" width=\"421\" height=\"295\" srcset=\"https:\/\/agora.xtec.cat\/cfamorerapomar\/wp-content\/uploads\/usu268\/2018\/10\/people-mind-emotion-character-cartoon-vector-illustration.jpg 700w, https:\/\/agora.xtec.cat\/cfamorerapomar\/wp-content\/uploads\/usu268\/2018\/10\/people-mind-emotion-character-cartoon-vector-illustration-300x210.jpg 300w\" sizes=\"auto, (max-width: 421px) 100vw, 421px\" \/><\/span><span style=\"color: #008080;\">uina \u00e9s la seva relaci\u00f3 amb la societat. El curs 2016-2017 se&#8217;ns va oferir la possibilitat de col\u00b7laborar en la investigaci\u00f3 de la Dra. Sol Fern\u00e1ndez Casado i Guillem Navarra -Ventura entre d&#8217;altres (Servei de Neurologia i Psiquiatria de l&#8217;Hospital<\/span><span style=\"color: #008080;\"><strong>\u00a0Universitari<\/strong>\u00a0<strong><a style=\"color: #008080;\" href=\"https:\/\/www.tauli.cat\/tauli\/\">P<\/a><a style=\"color: #008080;\" href=\"https:\/\/www.tauli.cat\/tauli\/\">arc<\/a><a style=\"color: #008080;\" href=\"https:\/\/www.tauli.cat\/tauli\/\"> Taul\u00ed<\/a>). <\/strong>L&#8217;estudi tractava d&#8217;esbrinar la relaci\u00f3 entre el g\u00e8nere i la forma en qu\u00e8 coneixen les persones diagnosticades amb esquizofr\u00e8nia. Les conclusions han estat publicades a la <strong>Revista de l&#8217;Associaci\u00f3 Canadenca de Psiquiatria<\/strong>. La nostra col\u00b7laboraci\u00f3 va consistir a aportar estudiants sans que volunt\u00e0riament volguessin parti<\/span><span style=\"color: #008080;\">cipar com a poblaci\u00f3 mostra de l&#8217;estudi amb l&#8217;objectiu cient\u00edfic de comparar els resultats obtingu<\/span><span style=\"font-family: inherit; font-size: 1em; color: #008080;\">ts amb la poblaci\u00f3 diagnosticada amb la malaltia. La participaci\u00f3 de l&#8217;escola es va fer seguint el protocol d&#8217;investigaci\u00f3, consentiment informat i signat pels estudiants participants i amb garantia de confidencialitat de les dades. Els resultats dels investigadors i investigadores han estat publicats a la revista de <\/span><strong style=\"font-family: inherit; font-size: 1em; color: #008080;\">l&#8217;Associaci\u00f3 Canadenca de Psiquiatria<\/strong><span style=\"font-family: inherit; font-size: 1em; color: #008080;\"> amb l&#8217;agra\u00efment expressat envers l&#8217;escola (p\u00e0g. 7).<\/span><\/p>\n<p>&nbsp;<\/p>\n<p>&nbsp;<\/p>\n<p>&nbsp;<\/p>\n<p>&nbsp;<\/p>\n<p><!--a=1--><\/p>\n","protected":false},"excerpt":{"rendered":"<p>CONVIDATS AL CONSELL ESCOLAR DE CATALUNYA El passat mes de febrer, l&#8217;escola va ser convidada per a participar en els grups de discussi\u00f3 de la XVIII Jornada de reflexi\u00f3 del Consell Escolar de Catalunya, &#8220;Un nou present eductiu&#8221;. Hem d&#8217;agrair a dues alumnes del GES 2, R.B.H y M. G. M la seva participaci\u00f3. Podeu [&hellip;]<\/p>\n","protected":false},"author":3,"featured_media":0,"parent":3147,"menu_order":1,"comment_status":"closed","ping_status":"closed","template":"","meta":{"_bbp_topic_count":0,"_bbp_reply_count":0,"_bbp_total_topic_count":0,"_bbp_total_reply_count":0,"_bbp_voice_count":0,"_bbp_anonymous_reply_count":0,"_bbp_topic_count_hidden":0,"_bbp_reply_count_hidden":0,"_bbp_forum_subforum_count":0,"site-sidebar-layout":"default","site-content-layout":"","ast-site-content-layout":"","site-content-style":"default","site-sidebar-style":"default","ast-global-header-display":"","ast-banner-title-visibility":"","ast-main-header-display":"","ast-hfb-above-header-display":"","ast-hfb-below-header-display":"","ast-hfb-mobile-header-display":"","site-post-title":"","ast-breadcrumbs-content":"","ast-featured-img":"","footer-sml-layout":"","theme-transparent-header-meta":"","adv-header-id-meta":"","stick-header-meta":"","header-above-stick-meta":"","header-main-stick-meta":"","header-below-stick-meta":"","astra-migrate-meta-layouts":"default","ast-page-background-enabled":"default","ast-page-background-meta":{"desktop":{"background-color":"var(--ast-global-color-4)","background-image":"","background-repeat":"repeat","background-position":"center center","background-size":"auto","background-attachment":"scroll","background-type":"","background-media":"","overlay-type":"","overlay-color":"","overlay-opacity":"","overlay-gradient":""},"tablet":{"background-color":"","background-image":"","background-repeat":"repeat","background-position":"center center","background-size":"auto","background-attachment":"scroll","background-type":"","background-media":"","overlay-type":"","overlay-color":"","overlay-opacity":"","overlay-gradient":""},"mobile":{"background-color":"","background-image":"","background-repeat":"repeat","background-position":"center center","background-size":"auto","background-attachment":"scroll","background-type":"","background-media":"","overlay-type":"","overlay-color":"","overlay-opacity":"","overlay-gradient":""}},"ast-content-background-meta":{"desktop":{"background-color":"var(--ast-global-color-5)","background-image":"","background-repeat":"repeat","background-position":"center center","background-size":"auto","background-attachment":"scroll","background-type":"","background-media":"","overlay-type":"","overlay-color":"","overlay-opacity":"","overlay-gradient":""},"tablet":{"background-color":"var(--ast-global-color-5)","background-image":"","background-repeat":"repeat","background-position":"center center","background-size":"auto","background-attachment":"scroll","background-type":"","background-media":"","overlay-type":"","overlay-color":"","overlay-opacity":"","overlay-gradient":""},"mobile":{"background-color":"var(--ast-global-color-5)","background-image":"","background-repeat":"repeat","background-position":"center center","background-size":"auto","background-attachment":"scroll","background-type":"","background-media":"","overlay-type":"","overlay-color":"","overlay-opacity":"","overlay-gradient":""}},"footnotes":""},"class_list":["post-3144","page","type-page","status-publish","hentry"],"post_mailing_queue_ids":[],"_links":{"self":[{"href":"https:\/\/agora.xtec.cat\/cfamorerapomar\/wp-json\/wp\/v2\/pages\/3144","targetHints":{"allow":["GET"]}}],"collection":[{"href":"https:\/\/agora.xtec.cat\/cfamorerapomar\/wp-json\/wp\/v2\/pages"}],"about":[{"href":"https:\/\/agora.xtec.cat\/cfamorerapomar\/wp-json\/wp\/v2\/types\/page"}],"author":[{"embeddable":true,"href":"https:\/\/agora.xtec.cat\/cfamorerapomar\/wp-json\/wp\/v2\/users\/3"}],"replies":[{"embeddable":true,"href":"https:\/\/agora.xtec.cat\/cfamorerapomar\/wp-json\/wp\/v2\/comments?post=3144"}],"version-history":[{"count":5,"href":"https:\/\/agora.xtec.cat\/cfamorerapomar\/wp-json\/wp\/v2\/pages\/3144\/revisions"}],"predecessor-version":[{"id":6192,"href":"https:\/\/agora.xtec.cat\/cfamorerapomar\/wp-json\/wp\/v2\/pages\/3144\/revisions\/6192"}],"up":[{"embeddable":true,"href":"https:\/\/agora.xtec.cat\/cfamorerapomar\/wp-json\/wp\/v2\/pages\/3147"}],"wp:attachment":[{"href":"https:\/\/agora.xtec.cat\/cfamorerapomar\/wp-json\/wp\/v2\/media?parent=3144"}],"curies":[{"name":"wp","href":"https:\/\/api.w.org\/{rel}","templated":true}]}}