{"id":3140,"date":"2020-04-06T16:38:02","date_gmt":"2020-04-06T14:38:02","guid":{"rendered":"http:\/\/agora.xtec.cat\/cfamorerapomar\/?page_id=3140"},"modified":"2021-04-16T20:49:41","modified_gmt":"2021-04-16T18:49:41","slug":"premis","status":"publish","type":"page","link":"https:\/\/agora.xtec.cat\/cfamorerapomar\/premis-i-agraiments\/premis\/","title":{"rendered":"Premis"},"content":{"rendered":"<ul>\n<li>\n<h4>Arc en caten\u00e0ria. Finalista en concurs de fotografia matem\u00e0tica ABEAM<\/h4>\n<\/li>\n<\/ul>\n<p style=\"text-align: justify;\">Matem\u00e0tiques, aritm\u00e8tica,\u00a0 geometria&#8230; s\u00f3n molt m\u00e9s que fer c\u00e0lculs. S\u00f3n poesia, art, racionalitat i pensament. Ja ho va dir Plat\u00f3. Preparen l&#8217;\u00e0nima per a la filosofia i el coneixement de la veritat. L&#8217;alumna\u00a0 A.A. amb la fotograf\u00eda\u00a0 &#8220;<strong><em>Arc en catenaria<\/em><\/strong>&#8221; ha\u00a0 estat finalista del concurs de Fotografia matem\u00e0tica organitzat per <a href=\"http:\/\/abeam.feemcat.org\/mod\/page\/view.php?id=527\"><strong>ABEAM<\/strong>.<\/a> Cada any hi participem. En la darrera convocat\u00f2ria l&#8217;escola ha estat l&#8217; \u00fanica finalista de Catalunya en la modalitat de la formaci\u00f3 d&#8217;adults.\u00a0 L&#8217;ABEAM e<span id=\"yui_3_17_2_2_1579254424809_46\" lang=\"CA\">s membre de la\u00a0<\/span><a href=\"http:\/\/feemcat.org\/\" target=\"_blank\" rel=\"noopener noreferrer\"><span lang=\"CA\">FEEMCAT<\/span><\/a>\u00a0<span lang=\"CA\">(Federaci\u00f3 d&#8217;Entitats per a l&#8217;Ensenyament de les Matem\u00e0tiques de Catalunya) i de\u00a0 la\u00a0<a href=\"http:\/\/www.fespm.es\/\" target=\"_blank\" rel=\"noopener noreferrer\">FESPM<\/a> (Federaci\u00f3n Espa\u00f1ola de Sociedades de Profesores de Matem\u00e1ticas).\u00a0\u00a0<\/span><\/p>\n<p><img loading=\"lazy\" decoding=\"async\" class=\"aligncenter wp-image-2946\" src=\"https:\/\/agora.xtec.cat\/cfamorerapomar\/wp-content\/uploads\/usu268\/2020\/01\/ARC-EN-CATEN\u00c0RIA.-ANA-ALFONSO.jpg\" alt=\"\" width=\"543\" height=\"724\" srcset=\"https:\/\/agora.xtec.cat\/cfamorerapomar\/wp-content\/uploads\/usu268\/2020\/01\/ARC-EN-CATEN\u00c0RIA.-ANA-ALFONSO.jpg 1200w, https:\/\/agora.xtec.cat\/cfamorerapomar\/wp-content\/uploads\/usu268\/2020\/01\/ARC-EN-CATEN\u00c0RIA.-ANA-ALFONSO-225x300.jpg 225w, https:\/\/agora.xtec.cat\/cfamorerapomar\/wp-content\/uploads\/usu268\/2020\/01\/ARC-EN-CATEN\u00c0RIA.-ANA-ALFONSO-768x1024.jpg 768w\" sizes=\"auto, (max-width: 543px) 100vw, 543px\" \/><\/p>\n","protected":false},"excerpt":{"rendered":"<p>Arc en caten\u00e0ria. Finalista en concurs de fotografia matem\u00e0tica ABEAM Matem\u00e0tiques, aritm\u00e8tica,\u00a0 geometria&#8230; s\u00f3n molt m\u00e9s que fer c\u00e0lculs. S\u00f3n poesia, art, racionalitat i pensament. Ja ho va dir Plat\u00f3. Preparen l&#8217;\u00e0nima per a la filosofia i el coneixement de la veritat. L&#8217;alumna\u00a0 A.A. amb la fotograf\u00eda\u00a0 &#8220;Arc en catenaria&#8221; ha\u00a0 estat finalista del concurs [&hellip;]<\/p>\n","protected":false},"author":3,"featured_media":0,"parent":3147,"menu_order":1,"comment_status":"closed","ping_status":"closed","template":"","meta":{"_bbp_topic_count":0,"_bbp_reply_count":0,"_bbp_total_topic_count":0,"_bbp_total_reply_count":0,"_bbp_voice_count":0,"_bbp_anonymous_reply_count":0,"_bbp_topic_count_hidden":0,"_bbp_reply_count_hidden":0,"_bbp_forum_subforum_count":0,"site-sidebar-layout":"default","site-content-layout":"","ast-site-content-layout":"","site-content-style":"default","site-sidebar-style":"default","ast-global-header-display":"","ast-banner-title-visibility":"","ast-main-header-display":"","ast-hfb-above-header-display":"","ast-hfb-below-header-display":"","ast-hfb-mobile-header-display":"","site-post-title":"","ast-breadcrumbs-content":"","ast-featured-img":"","footer-sml-layout":"","theme-transparent-header-meta":"","adv-header-id-meta":"","stick-header-meta":"","header-above-stick-meta":"","header-main-stick-meta":"","header-below-stick-meta":"","astra-migrate-meta-layouts":"default","ast-page-background-enabled":"default","ast-page-background-meta":{"desktop":{"background-color":"var(--ast-global-color-4)","background-image":"","background-repeat":"repeat","background-position":"center center","background-size":"auto","background-attachment":"scroll","background-type":"","background-media":"","overlay-type":"","overlay-color":"","overlay-opacity":"","overlay-gradient":""},"tablet":{"background-color":"","background-image":"","background-repeat":"repeat","background-position":"center center","background-size":"auto","background-attachment":"scroll","background-type":"","background-media":"","overlay-type":"","overlay-color":"","overlay-opacity":"","overlay-gradient":""},"mobile":{"background-color":"","background-image":"","background-repeat":"repeat","background-position":"center center","background-size":"auto","background-attachment":"scroll","background-type":"","background-media":"","overlay-type":"","overlay-color":"","overlay-opacity":"","overlay-gradient":""}},"ast-content-background-meta":{"desktop":{"background-color":"var(--ast-global-color-5)","background-image":"","background-repeat":"repeat","background-position":"center center","background-size":"auto","background-attachment":"scroll","background-type":"","background-media":"","overlay-type":"","overlay-color":"","overlay-opacity":"","overlay-gradient":""},"tablet":{"background-color":"var(--ast-global-color-5)","background-image":"","background-repeat":"repeat","background-position":"center center","background-size":"auto","background-attachment":"scroll","background-type":"","background-media":"","overlay-type":"","overlay-color":"","overlay-opacity":"","overlay-gradient":""},"mobile":{"background-color":"var(--ast-global-color-5)","background-image":"","background-repeat":"repeat","background-position":"center center","background-size":"auto","background-attachment":"scroll","background-type":"","background-media":"","overlay-type":"","overlay-color":"","overlay-opacity":"","overlay-gradient":""}},"footnotes":""},"class_list":["post-3140","page","type-page","status-publish","hentry"],"post_mailing_queue_ids":[],"_links":{"self":[{"href":"https:\/\/agora.xtec.cat\/cfamorerapomar\/wp-json\/wp\/v2\/pages\/3140","targetHints":{"allow":["GET"]}}],"collection":[{"href":"https:\/\/agora.xtec.cat\/cfamorerapomar\/wp-json\/wp\/v2\/pages"}],"about":[{"href":"https:\/\/agora.xtec.cat\/cfamorerapomar\/wp-json\/wp\/v2\/types\/page"}],"author":[{"embeddable":true,"href":"https:\/\/agora.xtec.cat\/cfamorerapomar\/wp-json\/wp\/v2\/users\/3"}],"replies":[{"embeddable":true,"href":"https:\/\/agora.xtec.cat\/cfamorerapomar\/wp-json\/wp\/v2\/comments?post=3140"}],"version-history":[{"count":3,"href":"https:\/\/agora.xtec.cat\/cfamorerapomar\/wp-json\/wp\/v2\/pages\/3140\/revisions"}],"predecessor-version":[{"id":4316,"href":"https:\/\/agora.xtec.cat\/cfamorerapomar\/wp-json\/wp\/v2\/pages\/3140\/revisions\/4316"}],"up":[{"embeddable":true,"href":"https:\/\/agora.xtec.cat\/cfamorerapomar\/wp-json\/wp\/v2\/pages\/3147"}],"wp:attachment":[{"href":"https:\/\/agora.xtec.cat\/cfamorerapomar\/wp-json\/wp\/v2\/media?parent=3140"}],"curies":[{"name":"wp","href":"https:\/\/api.w.org\/{rel}","templated":true}]}}