{"id":303,"date":"2015-01-28T11:23:05","date_gmt":"2015-01-28T10:23:05","guid":{"rendered":"http:\/\/agora.xtec.cat\/cfamorerapomar\/\/?page_id=303"},"modified":"2026-02-18T11:16:37","modified_gmt":"2026-02-18T10:16:37","slug":"graduat-en-educacio-secundaria-per-adults","status":"publish","type":"page","link":"https:\/\/agora.xtec.cat\/cfamorerapomar\/ensenyaments\/ensenyaments-inicials-i-formacio-basica\/graduat-en-educacio-secundaria-per-adults\/","title":{"rendered":"Graduat en educaci\u00f3 secundaria per adults (GESO)"},"content":{"rendered":"<p>Condueix a l\u2019obtenci\u00f3 del t\u00edtol de Graduat en Ensenyament Secundari <span style=\"color: #003366;\"><strong>(GESO)<\/strong><\/span>. Facilita l\u2019adquisici\u00f3 de les compet\u00e8ncies b\u00e0siques, \u00e9s a dir, aquelles capacitats que permetran que l\u2019alumne aprofundeixi en el coneixement de la realitat, procurant una formaci\u00f3 integral tot introduint nous ensenyaments i noves metodologies. Es desenvolupa en tres \u00e0mbits de coneixement.<\/p>\n<ul>\n<li><span style=\"color: #003366;\"><strong>Nivells<\/strong><\/span><\/li>\n<\/ul>\n<p>S\u2019organitza en dos nivells (<strong><span style=\"color: #003366;\">nivell 1 i nivell 2<\/span><\/strong>) \u00a0i de forma modular. El curr\u00edculum complet consta de 34 m\u00f2duls (28 obligatoris i 6 opcionals).<\/p>\n<ul>\n<li><span style=\"color: #003366;\"><strong>Un curs (595 hores anuals) per cada nivell. Durada<\/strong><\/span><\/li>\n<\/ul>\n<ul>\n<li><span style=\"color: #003366;\"><strong>Organitzaci\u00f3<\/strong><\/span><\/li>\n<\/ul>\n<p>Trimestral i per \u00e0mbits de coneixement<\/p>\n<p>&nbsp;<\/p>\n<ul>\n<li><span style=\"color: #003366;\"><strong>Curr\u00edculum<\/strong><\/span><\/li>\n<\/ul>\n<p><em>\u00c0mbit de la comunicaci\u00f3<\/em> (inclou les mat\u00e8ries de llengua catalana, llengua castellana, angl\u00e8s, literatura catalana i literatura castellana)<\/p>\n<p><em>\u00c0mbit de les ci\u00e8ncies socials i de la participaci\u00f3<\/em> (inclou les mat\u00e8ries de geografia, hist\u00f2ria, filosofia i art)<\/p>\n<p><em>\u00c0mbit de les matem\u00e0tiques, ci\u00e8ncies i tecnologia<\/em> (inclou les mat\u00e8ries de matem\u00e0tiques, ci\u00e8ncies naturals i tecnologia)<\/p>\n<ul>\n<li><span style=\"color: #003366;\"><strong>Convalidacions i acreditacions<\/strong><\/span><\/li>\n<\/ul>\n<p>Segons \u00a0estudis previs i criteri de l&#8217;administraci\u00f3 educativa<\/p>\n<ul>\n<li><span style=\"color: #003366;\"><strong>Avaluaci\u00f3<\/strong><\/span><\/li>\n<\/ul>\n<p>Avaluaci\u00f3 continuada i trimestral<\/p>\n<ul>\n<li><span style=\"color: #003366;\"><strong>Obtenci\u00f3 de certificaci\u00f3<\/strong><\/span><\/li>\n<\/ul>\n<p>La superaci\u00f3 dels nivells 1 i 2 permet obtenir el t\u00edtol de Graduat en Educaci\u00f3 Secund\u00e0ria Obligat\u00f2ria<\/p>\n<p><!--a=1--><\/p>\n","protected":false},"excerpt":{"rendered":"<p>Condueix a l\u2019obtenci\u00f3 del t\u00edtol de Graduat en Ensenyament Secundari (GESO). Facilita l\u2019adquisici\u00f3 de les compet\u00e8ncies b\u00e0siques, \u00e9s a dir, aquelles capacitats que permetran que l\u2019alumne aprofundeixi en el coneixement de la realitat, procurant una formaci\u00f3 integral tot introduint nous ensenyaments i noves metodologies. Es desenvolupa en tres \u00e0mbits de coneixement. Nivells S\u2019organitza en dos [&hellip;]<\/p>\n","protected":false},"author":2,"featured_media":0,"parent":283,"menu_order":0,"comment_status":"closed","ping_status":"closed","template":"page-templates\/side-menu.php","meta":{"_bbp_topic_count":0,"_bbp_reply_count":0,"_bbp_total_topic_count":0,"_bbp_total_reply_count":0,"_bbp_voice_count":0,"_bbp_anonymous_reply_count":0,"_bbp_topic_count_hidden":0,"_bbp_reply_count_hidden":0,"_bbp_forum_subforum_count":0,"site-sidebar-layout":"default","site-content-layout":"","ast-site-content-layout":"","site-content-style":"default","site-sidebar-style":"default","ast-global-header-display":"","ast-banner-title-visibility":"","ast-main-header-display":"","ast-hfb-above-header-display":"","ast-hfb-below-header-display":"","ast-hfb-mobile-header-display":"","site-post-title":"","ast-breadcrumbs-content":"","ast-featured-img":"","footer-sml-layout":"","theme-transparent-header-meta":"","adv-header-id-meta":"","stick-header-meta":"","header-above-stick-meta":"","header-main-stick-meta":"","header-below-stick-meta":"","astra-migrate-meta-layouts":"default","ast-page-background-enabled":"default","ast-page-background-meta":{"desktop":{"background-color":"var(--ast-global-color-4)","background-image":"","background-repeat":"repeat","background-position":"center center","background-size":"auto","background-attachment":"scroll","background-type":"","background-media":"","overlay-type":"","overlay-color":"","overlay-opacity":"","overlay-gradient":""},"tablet":{"background-color":"","background-image":"","background-repeat":"repeat","background-position":"center center","background-size":"auto","background-attachment":"scroll","background-type":"","background-media":"","overlay-type":"","overlay-color":"","overlay-opacity":"","overlay-gradient":""},"mobile":{"background-color":"","background-image":"","background-repeat":"repeat","background-position":"center center","background-size":"auto","background-attachment":"scroll","background-type":"","background-media":"","overlay-type":"","overlay-color":"","overlay-opacity":"","overlay-gradient":""}},"ast-content-background-meta":{"desktop":{"background-color":"var(--ast-global-color-5)","background-image":"","background-repeat":"repeat","background-position":"center center","background-size":"auto","background-attachment":"scroll","background-type":"","background-media":"","overlay-type":"","overlay-color":"","overlay-opacity":"","overlay-gradient":""},"tablet":{"background-color":"var(--ast-global-color-5)","background-image":"","background-repeat":"repeat","background-position":"center center","background-size":"auto","background-attachment":"scroll","background-type":"","background-media":"","overlay-type":"","overlay-color":"","overlay-opacity":"","overlay-gradient":""},"mobile":{"background-color":"var(--ast-global-color-5)","background-image":"","background-repeat":"repeat","background-position":"center center","background-size":"auto","background-attachment":"scroll","background-type":"","background-media":"","overlay-type":"","overlay-color":"","overlay-opacity":"","overlay-gradient":""}},"footnotes":""},"class_list":["post-303","page","type-page","status-publish","hentry"],"post_mailing_queue_ids":[],"_links":{"self":[{"href":"https:\/\/agora.xtec.cat\/cfamorerapomar\/wp-json\/wp\/v2\/pages\/303","targetHints":{"allow":["GET"]}}],"collection":[{"href":"https:\/\/agora.xtec.cat\/cfamorerapomar\/wp-json\/wp\/v2\/pages"}],"about":[{"href":"https:\/\/agora.xtec.cat\/cfamorerapomar\/wp-json\/wp\/v2\/types\/page"}],"author":[{"embeddable":true,"href":"https:\/\/agora.xtec.cat\/cfamorerapomar\/wp-json\/wp\/v2\/users\/2"}],"replies":[{"embeddable":true,"href":"https:\/\/agora.xtec.cat\/cfamorerapomar\/wp-json\/wp\/v2\/comments?post=303"}],"version-history":[{"count":4,"href":"https:\/\/agora.xtec.cat\/cfamorerapomar\/wp-json\/wp\/v2\/pages\/303\/revisions"}],"predecessor-version":[{"id":6245,"href":"https:\/\/agora.xtec.cat\/cfamorerapomar\/wp-json\/wp\/v2\/pages\/303\/revisions\/6245"}],"up":[{"embeddable":true,"href":"https:\/\/agora.xtec.cat\/cfamorerapomar\/wp-json\/wp\/v2\/pages\/283"}],"wp:attachment":[{"href":"https:\/\/agora.xtec.cat\/cfamorerapomar\/wp-json\/wp\/v2\/media?parent=303"}],"curies":[{"name":"wp","href":"https:\/\/api.w.org\/{rel}","templated":true}]}}