{"id":27,"date":"2014-09-17T16:24:03","date_gmt":"2014-09-17T16:24:03","guid":{"rendered":"http:\/\/agora.xtec.cat\/cfamorerapomar\/\/?page_id=27"},"modified":"2026-02-18T11:07:35","modified_gmt":"2026-02-18T10:07:35","slug":"historia","status":"publish","type":"page","link":"https:\/\/agora.xtec.cat\/cfamorerapomar\/el-centre\/historia\/","title":{"rendered":"Hist\u00f2ria"},"content":{"rendered":"<p><strong><em>Els inicis (anys 80 i 90). L\u2019Aula de Formaci\u00f3 d\u2019Adults Morera Pomar <\/em><\/strong><\/p>\n<p style=\"text-align: justify;\">El CFA Morera Pomar \u00e9s un centre d\u2019educaci\u00f3 de persones adultes de qualitat, p\u00fablic, gratu\u00eft, laic i plural <span style=\"font-weight: 400;\">depenent del Departament d\u2019Educaci\u00f3. Va n\u00e9ixer l\u2019any 1981 com a Aula de Formaci\u00f3 de Persones Adultes al barri de Pomar i des de llavors ha crescut fins a esdevenir un centre de refer\u00e8ncia de la formaci\u00f3 d&#8217;adults de la ciutat de Badalona. <\/span>Actualment, est\u00e0 ubicat al carrer Pineda 2 al barri de Pomar, tot i que durant molts anys ha estat al barri de Morera. L\u2019escola sempre ha rebut alumnes d\u2019aquests dos barris, per\u00f2 tamb\u00e9 del centre de la ciutat i tamb\u00e9 de municipis del voltant, Montgat, Tiana, Matar\u00f3&#8230;<\/p>\n<p style=\"text-align: justify;\">En els seus inicis, l&#8217;Aula ocupava quatre modestos locals i comptava amb una dotaci\u00f3 de recursos molt petita. Tot i no ser-ho, l\u2019escola va funcionar com a un centre, amb un equip de gesti\u00f3 propi i que elaborava la documentaci\u00f3 estrat\u00e8gica.\u00a0 En aquells primers l&#8217;escola tenia un marcat car\u00e0cter social, amb alumnes amb necessitat d&#8217;alfabetitzaci\u00f3 i titulaci\u00f3 (Graduat Escolar) i vinculats a moviments sindicals i ve\u00efnals. Sobretot eren dones i homes de 30 a 40 anys. L\u2019horari escolar era de tarda. L&#8217;alumnat es va anar incrementant progressivament augmentant el nombre de dones i de joves orientats a l\u2019obtenci\u00f3 de titulacions acad\u00e8miques. Arran de l&#8217;augment de matr\u00edcula l&#8217;Ajuntament de la ciutat va ampliar els espais disponibles i el Departament de Benestar Social va augmentar la plantilla docent.<\/p>\n<p><strong><em>Del 98 fins a l\u2019any 2014. El Centre de Formaci\u00f3 d\u2019Adults (CFA Morera Pomar)<\/em><\/strong><\/p>\n<p style=\"text-align: justify;\">L\u2019any 1998 es va produir un nou canvi de local i l\u2019escola es va traslladar al carrer Ferrer Bassa n. 15, al barri de Morera sent aquesta la ubicaci\u00f3 anterior a l\u2019actual. A partir del curs 1998-1999 l\u2019Aula Morera Pomar va ser de les primeres escoles d\u2019adults en iniciar el curs de preparaci\u00f3 per a les proves d\u2019acc\u00e9s als cicles de grau mitj\u00e0 i superior i tamb\u00e9 una de les primeres a impartir el Graduat en Educaci\u00f3 Secund\u00e0ria (GES). Paral\u00b7lelament, la gesti\u00f3 de la formaci\u00f3 d&#8217;adults va passar de Benestar Social al Departament d&#8217;Educaci\u00f3, L\u2019any 2005 per tal de facilitar la participaci\u00f3 de l\u2019alumnat en la gesti\u00f3 del centre es va crear l\u2019Associaci\u00f3 Escola d\u2019Adults Morera Pomar. Est\u00e0 registrada legalment. Finalment, el setembre del 2014, despr\u00e9s del darrer trasllat, l&#8217;escola va passar a ser Centre de Formaci\u00f3 d\u2019Adults.<\/p>\n<p><em><strong>Endavant: El CFA Morera Pomar, escola inclusiva del segle XXI<\/strong><\/em><\/p>\n<p style=\"text-align: justify;\"><span style=\"font-weight: 400;\">Al llarg dels anys fins a arribar a avui dia, els nostres objectius principals han estat el desenvolupament integral dels nostres estudiants, independentment de la seva edat i nacionalitat. T<\/span>reballem per a la seva millora personal, acad\u00e8mica i professional de cada alumne<b>,<\/b><span style=\"font-weight: 400;\"> donant-los recursos (angl\u00e8s, inform\u00e0tica, acreditacions ACTIC, acc\u00e9s a la Universitat) per a adaptar-se a la <strong>societat digital, global, intercultural i pluriling\u00fce del segle XXI.<\/strong><\/span><\/p>\n<p style=\"text-align: justify;\">Som una escola i<strong>nclusiva<\/strong>. Tothom pot trobar el seu lloc, el seu curs (presencial i alguns en l\u00ednia) i la seva oportunitat per cr\u00e9ixer. <span style=\"font-weight: 400;\">Creixem en i<strong>nnovaci\u00f3, <\/strong>aprofitant tots els recursos al nostre abast i <strong>tr<\/strong><\/span><b>eballant en xarxa<\/b><span style=\"font-weight: 400;\"> amb diverses entitats. Formem part del <strong>Pla de Desenvolupament Comunitari del barri de Pomar,<\/strong> col\u00b7laborem amb els<strong> Departaments de Joventut i d\u2019Educaci\u00f3 de Badalona<\/strong> i amb el <strong>Servei d\u2019Ocupaci\u00f3 de Catalunya (SOC)<\/strong>, amb algunes <strong>cooperatives<\/strong> d\u2019iniciativa social, amb les <strong>Universitats, amb les xarxes d&#8217;escoles verdes<\/strong> i tamb\u00e9 en<strong> programes de mobilitat europea<\/strong> (Servei de Voluntariat Europeu-SVE, Erasmus+).\u00a0<\/span><\/p>\n<p><img loading=\"lazy\" decoding=\"async\" class=\"aligncenter size-full wp-image-2126\" src=\"https:\/\/agora.xtec.cat\/cfamorerapomar\/wp-content\/uploads\/usu268\/2018\/04\/29791401_214753072604923_6985896538802917839_n.jpg\" alt=\"\" width=\"960\" height=\"720\" srcset=\"https:\/\/agora.xtec.cat\/cfamorerapomar\/wp-content\/uploads\/usu268\/2018\/04\/29791401_214753072604923_6985896538802917839_n.jpg 960w, https:\/\/agora.xtec.cat\/cfamorerapomar\/wp-content\/uploads\/usu268\/2018\/04\/29791401_214753072604923_6985896538802917839_n-300x225.jpg 300w, https:\/\/agora.xtec.cat\/cfamorerapomar\/wp-content\/uploads\/usu268\/2018\/04\/29791401_214753072604923_6985896538802917839_n-768x576.jpg 768w, https:\/\/agora.xtec.cat\/cfamorerapomar\/wp-content\/uploads\/usu268\/2018\/04\/29791401_214753072604923_6985896538802917839_n-200x150.jpg 200w\" sizes=\"auto, (max-width: 960px) 100vw, 960px\" \/><\/p>\n<p><span style=\"font-size: 12px;\">\u00a0 \u00a0 \u00a0 \u00a0 \u00a0 \u00a0 \u00a0 \u00a0 \u00a0<span style=\"font-size: 14px;\"> \u00a0 \u00a0 Viatge d&#8217;estudis a Maced\u00f2nia, 2018<\/span><\/span><\/p>\n<p><!--a=1--><!--a=1--><!--a=1--><\/p>\n","protected":false},"excerpt":{"rendered":"<p>Els inicis (anys 80 i 90). L\u2019Aula de Formaci\u00f3 d\u2019Adults Morera Pomar El CFA Morera Pomar \u00e9s un centre d\u2019educaci\u00f3 de persones adultes de qualitat, p\u00fablic, gratu\u00eft, laic i plural depenent del Departament d\u2019Educaci\u00f3. Va n\u00e9ixer l\u2019any 1981 com a Aula de Formaci\u00f3 de Persones Adultes al barri de Pomar i des de llavors ha [&hellip;]<\/p>\n","protected":false},"author":3,"featured_media":0,"parent":261,"menu_order":20,"comment_status":"closed","ping_status":"closed","template":"","meta":{"_bbp_topic_count":0,"_bbp_reply_count":0,"_bbp_total_topic_count":0,"_bbp_total_reply_count":0,"_bbp_voice_count":0,"_bbp_anonymous_reply_count":0,"_bbp_topic_count_hidden":0,"_bbp_reply_count_hidden":0,"_bbp_forum_subforum_count":0,"site-sidebar-layout":"default","site-content-layout":"","ast-site-content-layout":"","site-content-style":"default","site-sidebar-style":"default","ast-global-header-display":"","ast-banner-title-visibility":"","ast-main-header-display":"","ast-hfb-above-header-display":"","ast-hfb-below-header-display":"","ast-hfb-mobile-header-display":"","site-post-title":"","ast-breadcrumbs-content":"","ast-featured-img":"","footer-sml-layout":"","theme-transparent-header-meta":"","adv-header-id-meta":"","stick-header-meta":"","header-above-stick-meta":"","header-main-stick-meta":"","header-below-stick-meta":"","astra-migrate-meta-layouts":"default","ast-page-background-enabled":"default","ast-page-background-meta":{"desktop":{"background-color":"var(--ast-global-color-4)","background-image":"","background-repeat":"repeat","background-position":"center center","background-size":"auto","background-attachment":"scroll","background-type":"","background-media":"","overlay-type":"","overlay-color":"","overlay-opacity":"","overlay-gradient":""},"tablet":{"background-color":"","background-image":"","background-repeat":"repeat","background-position":"center center","background-size":"auto","background-attachment":"scroll","background-type":"","background-media":"","overlay-type":"","overlay-color":"","overlay-opacity":"","overlay-gradient":""},"mobile":{"background-color":"","background-image":"","background-repeat":"repeat","background-position":"center center","background-size":"auto","background-attachment":"scroll","background-type":"","background-media":"","overlay-type":"","overlay-color":"","overlay-opacity":"","overlay-gradient":""}},"ast-content-background-meta":{"desktop":{"background-color":"var(--ast-global-color-5)","background-image":"","background-repeat":"repeat","background-position":"center center","background-size":"auto","background-attachment":"scroll","background-type":"","background-media":"","overlay-type":"","overlay-color":"","overlay-opacity":"","overlay-gradient":""},"tablet":{"background-color":"var(--ast-global-color-5)","background-image":"","background-repeat":"repeat","background-position":"center center","background-size":"auto","background-attachment":"scroll","background-type":"","background-media":"","overlay-type":"","overlay-color":"","overlay-opacity":"","overlay-gradient":""},"mobile":{"background-color":"var(--ast-global-color-5)","background-image":"","background-repeat":"repeat","background-position":"center center","background-size":"auto","background-attachment":"scroll","background-type":"","background-media":"","overlay-type":"","overlay-color":"","overlay-opacity":"","overlay-gradient":""}},"footnotes":""},"class_list":["post-27","page","type-page","status-publish","hentry"],"post_mailing_queue_ids":[],"_links":{"self":[{"href":"https:\/\/agora.xtec.cat\/cfamorerapomar\/wp-json\/wp\/v2\/pages\/27","targetHints":{"allow":["GET"]}}],"collection":[{"href":"https:\/\/agora.xtec.cat\/cfamorerapomar\/wp-json\/wp\/v2\/pages"}],"about":[{"href":"https:\/\/agora.xtec.cat\/cfamorerapomar\/wp-json\/wp\/v2\/types\/page"}],"author":[{"embeddable":true,"href":"https:\/\/agora.xtec.cat\/cfamorerapomar\/wp-json\/wp\/v2\/users\/3"}],"replies":[{"embeddable":true,"href":"https:\/\/agora.xtec.cat\/cfamorerapomar\/wp-json\/wp\/v2\/comments?post=27"}],"version-history":[{"count":6,"href":"https:\/\/agora.xtec.cat\/cfamorerapomar\/wp-json\/wp\/v2\/pages\/27\/revisions"}],"predecessor-version":[{"id":6238,"href":"https:\/\/agora.xtec.cat\/cfamorerapomar\/wp-json\/wp\/v2\/pages\/27\/revisions\/6238"}],"up":[{"embeddable":true,"href":"https:\/\/agora.xtec.cat\/cfamorerapomar\/wp-json\/wp\/v2\/pages\/261"}],"wp:attachment":[{"href":"https:\/\/agora.xtec.cat\/cfamorerapomar\/wp-json\/wp\/v2\/media?parent=27"}],"curies":[{"name":"wp","href":"https:\/\/api.w.org\/{rel}","templated":true}]}}