{"id":265,"date":"2015-01-27T17:28:56","date_gmt":"2015-01-27T16:28:56","guid":{"rendered":"http:\/\/agora.xtec.cat\/cfamorerapomar\/\/?page_id=265"},"modified":"2026-02-18T11:10:05","modified_gmt":"2026-02-18T10:10:05","slug":"organitzacio-interna","status":"publish","type":"page","link":"https:\/\/agora.xtec.cat\/cfamorerapomar\/el-centre\/organitzacio-interna\/","title":{"rendered":"Organitzaci\u00f3 interna"},"content":{"rendered":"<h4><strong>Equip Directiu<\/strong><\/h4>\n<p>Directora: Mar Bail\u00f3n Dur\u00e1n: llicenciada en f\u00edsica.<\/p>\n<p>Cap d&#8217;Estudis: Rosa Manzano N\u00fa\u00f1ez: llicenciada en hist\u00f2ria.<\/p>\n<p>Secret\u00e0ria: Marta Alsina Boladeres: llicenciada en filologia anglesa.<\/p>\n<p><strong>Equip Docent i \u00d2rgans Unipersonals de Coordinaci\u00f3<\/strong><\/p>\n<p>1 Mestre i coordinador d&#8217;ensenyaments inicials i b\u00e0sics<\/p>\n<p>1 Mestre de matem\u00e0tiques i ci\u00e8ncies i coordinador de riscos laborals<\/p>\n<p>2 Fil\u00f2logues i professores de comunicaci\u00f3; una d&#8217;elles coordinadora de proves d&#8217;acc\u00e9s i una altra coordinadora de coeducaci\u00f3, conviv\u00e8ncia i benestar emocional<\/p>\n<p>1 Catedr\u00e0tica d&#8217;angl\u00e8s, professora de comunicaci\u00f3 i coordinadora LIC<\/p>\n<p>1 Bi\u00f2leg i professor de ci\u00e8ncies i coordinador digital<\/p>\n<p>1 Bi\u00f2loga i professora de ci\u00e8ncies i coordinadora de societat de la informaci\u00f3.\u00a0<\/p>\n<p>1 Llicenciada en filosofia, historiadora i professora de ci\u00e8ncies socials i psicologia<\/p>\n<p>1 Llicenciada en geografia i hist\u00f2ria i professora de ci\u00e8ncies socials<\/p>\n<p><strong>Consell Escolar\u00a0<\/strong><\/p>\n<p>Presidenta: la directora<\/p>\n<p>Cap d&#8217;Estudis<\/p>\n<p>Impulsora de la igualtat real i efectiva entre homes i dones: 1<\/p>\n<p>Representants del professorat: 2<\/p>\n<p>Representants de l&#8217;alumnat: 2<\/p>\n<p>Representant del PAS: 1<\/p>\n<p>Representant de l&#8217;Ajuntament: 1<\/p>\n<h4><strong>Organigrama<\/strong><\/h4>\n<p>&nbsp;<\/p>\n<h5><img loading=\"lazy\" decoding=\"async\" class=\"aligncenter wp-image-3793\" src=\"https:\/\/agora.xtec.cat\/cfamorerapomar\/wp-content\/uploads\/usu268\/2020\/08\/Captura-3.png\" alt=\"\" width=\"899\" height=\"655\" srcset=\"https:\/\/agora.xtec.cat\/cfamorerapomar\/wp-content\/uploads\/usu268\/2020\/08\/Captura-3.png 761w, https:\/\/agora.xtec.cat\/cfamorerapomar\/wp-content\/uploads\/usu268\/2020\/08\/Captura-3-300x218.png 300w\" sizes=\"auto, (max-width: 899px) 100vw, 899px\" \/><\/h5>\n<p><!--a=1--><!--a=1--><!--a=1--><\/p>\n","protected":false},"excerpt":{"rendered":"<p>Equip Directiu Directora: Mar Bail\u00f3n Dur\u00e1n: llicenciada en f\u00edsica. Cap d&#8217;Estudis: Rosa Manzano N\u00fa\u00f1ez: llicenciada en hist\u00f2ria. Secret\u00e0ria: Marta Alsina Boladeres: llicenciada en filologia anglesa. Equip Docent i \u00d2rgans Unipersonals de Coordinaci\u00f3 1 Mestre i coordinador d&#8217;ensenyaments inicials i b\u00e0sics 1 Mestre de matem\u00e0tiques i ci\u00e8ncies i coordinador de riscos laborals 2 Fil\u00f2logues i professores [&hellip;]<\/p>\n","protected":false},"author":2,"featured_media":0,"parent":261,"menu_order":40,"comment_status":"closed","ping_status":"closed","template":"","meta":{"_bbp_topic_count":0,"_bbp_reply_count":0,"_bbp_total_topic_count":0,"_bbp_total_reply_count":0,"_bbp_voice_count":0,"_bbp_anonymous_reply_count":0,"_bbp_topic_count_hidden":0,"_bbp_reply_count_hidden":0,"_bbp_forum_subforum_count":0,"site-sidebar-layout":"default","site-content-layout":"","ast-site-content-layout":"","site-content-style":"default","site-sidebar-style":"default","ast-global-header-display":"","ast-banner-title-visibility":"","ast-main-header-display":"","ast-hfb-above-header-display":"","ast-hfb-below-header-display":"","ast-hfb-mobile-header-display":"","site-post-title":"","ast-breadcrumbs-content":"","ast-featured-img":"","footer-sml-layout":"","theme-transparent-header-meta":"","adv-header-id-meta":"","stick-header-meta":"","header-above-stick-meta":"","header-main-stick-meta":"","header-below-stick-meta":"","astra-migrate-meta-layouts":"default","ast-page-background-enabled":"default","ast-page-background-meta":{"desktop":{"background-color":"var(--ast-global-color-4)","background-image":"","background-repeat":"repeat","background-position":"center center","background-size":"auto","background-attachment":"scroll","background-type":"","background-media":"","overlay-type":"","overlay-color":"","overlay-opacity":"","overlay-gradient":""},"tablet":{"background-color":"","background-image":"","background-repeat":"repeat","background-position":"center center","background-size":"auto","background-attachment":"scroll","background-type":"","background-media":"","overlay-type":"","overlay-color":"","overlay-opacity":"","overlay-gradient":""},"mobile":{"background-color":"","background-image":"","background-repeat":"repeat","background-position":"center center","background-size":"auto","background-attachment":"scroll","background-type":"","background-media":"","overlay-type":"","overlay-color":"","overlay-opacity":"","overlay-gradient":""}},"ast-content-background-meta":{"desktop":{"background-color":"var(--ast-global-color-5)","background-image":"","background-repeat":"repeat","background-position":"center center","background-size":"auto","background-attachment":"scroll","background-type":"","background-media":"","overlay-type":"","overlay-color":"","overlay-opacity":"","overlay-gradient":""},"tablet":{"background-color":"var(--ast-global-color-5)","background-image":"","background-repeat":"repeat","background-position":"center center","background-size":"auto","background-attachment":"scroll","background-type":"","background-media":"","overlay-type":"","overlay-color":"","overlay-opacity":"","overlay-gradient":""},"mobile":{"background-color":"var(--ast-global-color-5)","background-image":"","background-repeat":"repeat","background-position":"center center","background-size":"auto","background-attachment":"scroll","background-type":"","background-media":"","overlay-type":"","overlay-color":"","overlay-opacity":"","overlay-gradient":""}},"footnotes":""},"class_list":["post-265","page","type-page","status-publish","hentry"],"post_mailing_queue_ids":[],"_links":{"self":[{"href":"https:\/\/agora.xtec.cat\/cfamorerapomar\/wp-json\/wp\/v2\/pages\/265","targetHints":{"allow":["GET"]}}],"collection":[{"href":"https:\/\/agora.xtec.cat\/cfamorerapomar\/wp-json\/wp\/v2\/pages"}],"about":[{"href":"https:\/\/agora.xtec.cat\/cfamorerapomar\/wp-json\/wp\/v2\/types\/page"}],"author":[{"embeddable":true,"href":"https:\/\/agora.xtec.cat\/cfamorerapomar\/wp-json\/wp\/v2\/users\/2"}],"replies":[{"embeddable":true,"href":"https:\/\/agora.xtec.cat\/cfamorerapomar\/wp-json\/wp\/v2\/comments?post=265"}],"version-history":[{"count":7,"href":"https:\/\/agora.xtec.cat\/cfamorerapomar\/wp-json\/wp\/v2\/pages\/265\/revisions"}],"predecessor-version":[{"id":6240,"href":"https:\/\/agora.xtec.cat\/cfamorerapomar\/wp-json\/wp\/v2\/pages\/265\/revisions\/6240"}],"up":[{"embeddable":true,"href":"https:\/\/agora.xtec.cat\/cfamorerapomar\/wp-json\/wp\/v2\/pages\/261"}],"wp:attachment":[{"href":"https:\/\/agora.xtec.cat\/cfamorerapomar\/wp-json\/wp\/v2\/media?parent=265"}],"curies":[{"name":"wp","href":"https:\/\/api.w.org\/{rel}","templated":true}]}}