{"id":2482,"date":"2019-01-11T13:12:52","date_gmt":"2019-01-11T12:12:52","guid":{"rendered":"http:\/\/agora.xtec.cat\/cfamorerapomar\/?page_id=2482"},"modified":"2026-05-08T12:21:55","modified_gmt":"2026-05-08T10:21:55","slug":"to-be-or-not-to-be-formal","status":"publish","type":"page","link":"https:\/\/agora.xtec.cat\/cfamorerapomar\/mobilitat-internacional\/erasmus\/to-be-or-not-to-be-formal\/","title":{"rendered":"To be or not to be formal"},"content":{"rendered":"<p><strong><span style=\"color: #68aeb3;\">El nostre Erasmus + a Maced\u00f2nia\u00a0 (2016) !!<\/span><span style=\"color: #33cccc;\">\u00a0<\/span><\/strong><span style=\"color: #68aeb3;\">A. M;\u00a0 D.\u00a0 <\/span>(de Grau Superior) i <span style=\"color: #68aeb3;\">G. S\u00a0 <\/span>(Angl\u00e8s 2) se&#8217;n van anar a Maced\u00f2nia dins del programa <strong><span style=\"color: #68aeb3;\"><em>To be or not to be formal\u00a0<\/em><\/span><\/strong> per a reivindicar la import\u00e0ncia de l&#8217;educaci\u00f3 no formal i la conviv\u00e8ncia amb estudiants d&#8217;altres nacionalitats. Una espl\u00e8ndida experi\u00e8ncia que volem repetir&#8230;<\/p>\n<p><iframe loading=\"lazy\" src=\"\/\/www.youtube.com\/embed\/ESkuWIuNWJU\" width=\"560\" height=\"314\"><\/iframe><\/p>\n<p><!--a=1--><\/p>\n","protected":false},"excerpt":{"rendered":"<p>El nostre Erasmus + a Maced\u00f2nia\u00a0 (2016) !!\u00a0A. M;\u00a0 D.\u00a0 (de Grau Superior) i G. S\u00a0 (Angl\u00e8s 2) se&#8217;n van anar a Maced\u00f2nia dins del programa To be or not to be formal\u00a0 per a reivindicar la import\u00e0ncia de l&#8217;educaci\u00f3 no formal i la conviv\u00e8ncia amb estudiants d&#8217;altres nacionalitats. Una espl\u00e8ndida experi\u00e8ncia que volem repetir&#8230;<\/p>\n","protected":false},"author":3,"featured_media":0,"parent":2469,"menu_order":0,"comment_status":"closed","ping_status":"closed","template":"","meta":{"_bbp_topic_count":0,"_bbp_reply_count":0,"_bbp_total_topic_count":0,"_bbp_total_reply_count":0,"_bbp_voice_count":0,"_bbp_anonymous_reply_count":0,"_bbp_topic_count_hidden":0,"_bbp_reply_count_hidden":0,"_bbp_forum_subforum_count":0,"site-sidebar-layout":"default","site-content-layout":"","ast-site-content-layout":"default","site-content-style":"default","site-sidebar-style":"default","ast-global-header-display":"","ast-banner-title-visibility":"","ast-main-header-display":"","ast-hfb-above-header-display":"","ast-hfb-below-header-display":"","ast-hfb-mobile-header-display":"","site-post-title":"","ast-breadcrumbs-content":"","ast-featured-img":"","footer-sml-layout":"","theme-transparent-header-meta":"default","adv-header-id-meta":"","stick-header-meta":"","header-above-stick-meta":"","header-main-stick-meta":"","header-below-stick-meta":"","astra-migrate-meta-layouts":"set","ast-page-background-enabled":"default","ast-page-background-meta":{"desktop":{"background-color":"var(--ast-global-color-4)","background-image":"","background-repeat":"repeat","background-position":"center center","background-size":"auto","background-attachment":"scroll","background-type":"","background-media":"","overlay-type":"","overlay-color":"","overlay-opacity":"","overlay-gradient":""},"tablet":{"background-color":"","background-image":"","background-repeat":"repeat","background-position":"center center","background-size":"auto","background-attachment":"scroll","background-type":"","background-media":"","overlay-type":"","overlay-color":"","overlay-opacity":"","overlay-gradient":""},"mobile":{"background-color":"","background-image":"","background-repeat":"repeat","background-position":"center center","background-size":"auto","background-attachment":"scroll","background-type":"","background-media":"","overlay-type":"","overlay-color":"","overlay-opacity":"","overlay-gradient":""}},"ast-content-background-meta":{"desktop":{"background-color":"var(--ast-global-color-5)","background-image":"","background-repeat":"repeat","background-position":"center center","background-size":"auto","background-attachment":"scroll","background-type":"","background-media":"","overlay-type":"","overlay-color":"","overlay-opacity":"","overlay-gradient":""},"tablet":{"background-color":"var(--ast-global-color-5)","background-image":"","background-repeat":"repeat","background-position":"center center","background-size":"auto","background-attachment":"scroll","background-type":"","background-media":"","overlay-type":"","overlay-color":"","overlay-opacity":"","overlay-gradient":""},"mobile":{"background-color":"var(--ast-global-color-5)","background-image":"","background-repeat":"repeat","background-position":"center center","background-size":"auto","background-attachment":"scroll","background-type":"","background-media":"","overlay-type":"","overlay-color":"","overlay-opacity":"","overlay-gradient":""}},"footnotes":""},"class_list":["post-2482","page","type-page","status-publish","hentry"],"post_mailing_queue_ids":[],"_links":{"self":[{"href":"https:\/\/agora.xtec.cat\/cfamorerapomar\/wp-json\/wp\/v2\/pages\/2482","targetHints":{"allow":["GET"]}}],"collection":[{"href":"https:\/\/agora.xtec.cat\/cfamorerapomar\/wp-json\/wp\/v2\/pages"}],"about":[{"href":"https:\/\/agora.xtec.cat\/cfamorerapomar\/wp-json\/wp\/v2\/types\/page"}],"author":[{"embeddable":true,"href":"https:\/\/agora.xtec.cat\/cfamorerapomar\/wp-json\/wp\/v2\/users\/3"}],"replies":[{"embeddable":true,"href":"https:\/\/agora.xtec.cat\/cfamorerapomar\/wp-json\/wp\/v2\/comments?post=2482"}],"version-history":[{"count":5,"href":"https:\/\/agora.xtec.cat\/cfamorerapomar\/wp-json\/wp\/v2\/pages\/2482\/revisions"}],"predecessor-version":[{"id":6395,"href":"https:\/\/agora.xtec.cat\/cfamorerapomar\/wp-json\/wp\/v2\/pages\/2482\/revisions\/6395"}],"up":[{"embeddable":true,"href":"https:\/\/agora.xtec.cat\/cfamorerapomar\/wp-json\/wp\/v2\/pages\/2469"}],"wp:attachment":[{"href":"https:\/\/agora.xtec.cat\/cfamorerapomar\/wp-json\/wp\/v2\/media?parent=2482"}],"curies":[{"name":"wp","href":"https:\/\/api.w.org\/{rel}","templated":true}]}}