{"id":2476,"date":"2019-01-11T12:50:10","date_gmt":"2019-01-11T11:50:10","guid":{"rendered":"http:\/\/agora.xtec.cat\/cfamorerapomar\/?page_id=2476"},"modified":"2026-05-08T12:20:40","modified_gmt":"2026-05-08T10:20:40","slug":"servei-de-voluntariat-europeu-sve-a-karsamaki-finlandia-2017","status":"publish","type":"page","link":"https:\/\/agora.xtec.cat\/cfamorerapomar\/mobilitat-internacional\/erasmus\/servei-de-voluntariat-europeu-sve-a-karsamaki-finlandia-2017\/","title":{"rendered":"Servei de Voluntariat Europeu: SVE a K\u00e4rs\u00e4maki, Finl\u00e0ndia (2017)"},"content":{"rendered":"<p><span style=\"color: #68aeb3;\"><a style=\"color: #68aeb3;\" href=\"http:\/\/erasmusplus.injuve.es\/\" target=\"_blank\" rel=\"noopener noreferrer\"><img loading=\"lazy\" decoding=\"async\" class=\"wp-image-1796 aligncenter\" src=\"http:\/\/agora.xtec.cat\/cfamorerapomar\/wp-content\/uploads\/usu268\/2017\/09\/IMG-20170929-WA0001-1.jpg\" alt=\"\" width=\"284\" height=\"388\" srcset=\"https:\/\/agora.xtec.cat\/cfamorerapomar\/wp-content\/uploads\/usu268\/2017\/09\/IMG-20170929-WA0001-1.jpg 1170w, https:\/\/agora.xtec.cat\/cfamorerapomar\/wp-content\/uploads\/usu268\/2017\/09\/IMG-20170929-WA0001-1-219x300.jpg 219w, https:\/\/agora.xtec.cat\/cfamorerapomar\/wp-content\/uploads\/usu268\/2017\/09\/IMG-20170929-WA0001-1-768x1050.jpg 768w, https:\/\/agora.xtec.cat\/cfamorerapomar\/wp-content\/uploads\/usu268\/2017\/09\/IMG-20170929-WA0001-1-749x1024.jpg 749w\" sizes=\"auto, (max-width: 284px) 100vw, 284px\" \/><\/a><\/span><\/p>\n<p>&nbsp;<\/p>\n<p><span style=\"color: #68aeb3;\"><strong><a href=\"http:\/\/www.barcelonesjove.net\/info\/agenda\/sve-finl%C3%A0ndia-activitats-en-una-cooperativa-dentitats\">Servei de Voluntariat Europeu: SVE a K\u00e4rs\u00e4maki, Finl\u00e0ndia (2017<\/a>) .\u00a0 <\/strong><\/span>A finals de juny <span style=\"color: #68aeb3;\">D. C <\/span>va ser ser seleccionat per ocupar una de les dues vacants del projecte<a href=\"https:\/\/kattilakoski.wordpress.com\/\">\u00a0<\/a><strong><span style=\"color: #68aeb3;\"><em><a href=\"https:\/\/kattilakoski.wordpress.com\/\" target=\"_blank\" rel=\"noopener noreferrer\">Kattilakoski<\/a>,\u00a0\u00a0<\/em><\/span><\/strong>cooperativa cultural sense \u00e0nim de lucre\u00a0 coordinadora d\u2019associacions culturals.<\/p>\n<p>&nbsp;<\/p>\n<p>&nbsp;<\/p>\n<p>&nbsp;<\/p>\n<p><!--a=1--><\/p>\n","protected":false},"excerpt":{"rendered":"<p>&nbsp; Servei de Voluntariat Europeu: SVE a K\u00e4rs\u00e4maki, Finl\u00e0ndia (2017) .\u00a0 A finals de juny D. C va ser ser seleccionat per ocupar una de les dues vacants del projecte\u00a0Kattilakoski,\u00a0\u00a0cooperativa cultural sense \u00e0nim de lucre\u00a0 coordinadora d\u2019associacions culturals. &nbsp; &nbsp; &nbsp;<\/p>\n","protected":false},"author":3,"featured_media":0,"parent":2469,"menu_order":0,"comment_status":"closed","ping_status":"closed","template":"","meta":{"_bbp_topic_count":0,"_bbp_reply_count":0,"_bbp_total_topic_count":0,"_bbp_total_reply_count":0,"_bbp_voice_count":0,"_bbp_anonymous_reply_count":0,"_bbp_topic_count_hidden":0,"_bbp_reply_count_hidden":0,"_bbp_forum_subforum_count":0,"site-sidebar-layout":"default","site-content-layout":"","ast-site-content-layout":"default","site-content-style":"default","site-sidebar-style":"default","ast-global-header-display":"","ast-banner-title-visibility":"","ast-main-header-display":"","ast-hfb-above-header-display":"","ast-hfb-below-header-display":"","ast-hfb-mobile-header-display":"","site-post-title":"","ast-breadcrumbs-content":"","ast-featured-img":"","footer-sml-layout":"","theme-transparent-header-meta":"default","adv-header-id-meta":"","stick-header-meta":"","header-above-stick-meta":"","header-main-stick-meta":"","header-below-stick-meta":"","astra-migrate-meta-layouts":"set","ast-page-background-enabled":"default","ast-page-background-meta":{"desktop":{"background-color":"var(--ast-global-color-4)","background-image":"","background-repeat":"repeat","background-position":"center center","background-size":"auto","background-attachment":"scroll","background-type":"","background-media":"","overlay-type":"","overlay-color":"","overlay-opacity":"","overlay-gradient":""},"tablet":{"background-color":"","background-image":"","background-repeat":"repeat","background-position":"center center","background-size":"auto","background-attachment":"scroll","background-type":"","background-media":"","overlay-type":"","overlay-color":"","overlay-opacity":"","overlay-gradient":""},"mobile":{"background-color":"","background-image":"","background-repeat":"repeat","background-position":"center center","background-size":"auto","background-attachment":"scroll","background-type":"","background-media":"","overlay-type":"","overlay-color":"","overlay-opacity":"","overlay-gradient":""}},"ast-content-background-meta":{"desktop":{"background-color":"var(--ast-global-color-5)","background-image":"","background-repeat":"repeat","background-position":"center center","background-size":"auto","background-attachment":"scroll","background-type":"","background-media":"","overlay-type":"","overlay-color":"","overlay-opacity":"","overlay-gradient":""},"tablet":{"background-color":"var(--ast-global-color-5)","background-image":"","background-repeat":"repeat","background-position":"center center","background-size":"auto","background-attachment":"scroll","background-type":"","background-media":"","overlay-type":"","overlay-color":"","overlay-opacity":"","overlay-gradient":""},"mobile":{"background-color":"var(--ast-global-color-5)","background-image":"","background-repeat":"repeat","background-position":"center center","background-size":"auto","background-attachment":"scroll","background-type":"","background-media":"","overlay-type":"","overlay-color":"","overlay-opacity":"","overlay-gradient":""}},"footnotes":""},"class_list":["post-2476","page","type-page","status-publish","hentry"],"post_mailing_queue_ids":[],"_links":{"self":[{"href":"https:\/\/agora.xtec.cat\/cfamorerapomar\/wp-json\/wp\/v2\/pages\/2476","targetHints":{"allow":["GET"]}}],"collection":[{"href":"https:\/\/agora.xtec.cat\/cfamorerapomar\/wp-json\/wp\/v2\/pages"}],"about":[{"href":"https:\/\/agora.xtec.cat\/cfamorerapomar\/wp-json\/wp\/v2\/types\/page"}],"author":[{"embeddable":true,"href":"https:\/\/agora.xtec.cat\/cfamorerapomar\/wp-json\/wp\/v2\/users\/3"}],"replies":[{"embeddable":true,"href":"https:\/\/agora.xtec.cat\/cfamorerapomar\/wp-json\/wp\/v2\/comments?post=2476"}],"version-history":[{"count":4,"href":"https:\/\/agora.xtec.cat\/cfamorerapomar\/wp-json\/wp\/v2\/pages\/2476\/revisions"}],"predecessor-version":[{"id":6394,"href":"https:\/\/agora.xtec.cat\/cfamorerapomar\/wp-json\/wp\/v2\/pages\/2476\/revisions\/6394"}],"up":[{"embeddable":true,"href":"https:\/\/agora.xtec.cat\/cfamorerapomar\/wp-json\/wp\/v2\/pages\/2469"}],"wp:attachment":[{"href":"https:\/\/agora.xtec.cat\/cfamorerapomar\/wp-json\/wp\/v2\/media?parent=2476"}],"curies":[{"name":"wp","href":"https:\/\/api.w.org\/{rel}","templated":true}]}}