{"id":965,"date":"2021-04-13T16:03:48","date_gmt":"2021-04-13T14:03:48","guid":{"rendered":"https:\/\/agora.xtec.cat\/cfamontserratroig\/?page_id=965"},"modified":"2026-04-12T18:03:16","modified_gmt":"2026-04-12T16:03:16","slug":"el-gust-per-la-lectura","status":"publish","type":"page","link":"https:\/\/agora.xtec.cat\/cfamontserratroig\/programes-i-projectes-del-centre\/el-gust-per-la-lectura\/","title":{"rendered":"El gust per la lectura"},"content":{"rendered":"<table style=\"border-style: hidden; height: 194px; width: 100.243%;\">\n<tbody>\n<tr style=\"height: 194px;\">\n<td style=\"width: 345px; border-style: hidden; height: 194px;\"><a href=\"https:\/\/agora.xtec.cat\/cfamontserratroig\/wp-content\/uploads\/usu2436\/2021\/04\/PHOTO-2021-02-26-10-05-00.jpg.jpeg\"><img loading=\"lazy\" decoding=\"async\" class=\"size-medium wp-image-2317 alignleft\" src=\"https:\/\/agora.xtec.cat\/cfamontserratroig\/wp-content\/uploads\/usu2436\/2024\/03\/GustPerLaLectura-300x122.jpg\" alt=\"\" width=\"300\" height=\"122\" srcset=\"https:\/\/agora.xtec.cat\/cfamontserratroig\/wp-content\/uploads\/usu2436\/2024\/03\/GustPerLaLectura-300x122.jpg 300w, https:\/\/agora.xtec.cat\/cfamontserratroig\/wp-content\/uploads\/usu2436\/2024\/03\/GustPerLaLectura.jpg 538w\" sizes=\"auto, (max-width: 300px) 100vw, 300px\" \/><\/a><\/td>\n<td style=\"width: 472px; border-style: hidden; height: 194px;\">&nbsp;<\/p>\n<p style=\"text-align: left;\">Els alumnes de GES 2 del CFA Montserrat Roig participen habitualment en el concurs \u201cEl gust per la lectura\u201d organitzat pel Departament d\u2019Educaci\u00f3. La finalitat \u00e9s que els nostres alumnes esdevinguin lectors competents, cr\u00edtics i capa\u00e7os de gaudir del plaer de la lectura.<\/p>\n<p>&nbsp;<\/td>\n<\/tr>\n<\/tbody>\n<\/table>\n<table style=\"height: 284px; width: 96.7883%;\" width=\"749\">\n<tbody>\n<tr>\n<td style=\"width: 31%;\">\n<h5><strong>Curs 2025-2026<\/strong><\/h5>\n<p>XXXI edici\u00f3 del concurs<a href=\"https:\/\/agora.xtec.cat\/cfamontserratroig\/wp-content\/uploads\/usu2436\/2026\/04\/RGB-2026-LOGO_Gran-HI-PARTICIPEM.png\"><img loading=\"lazy\" decoding=\"async\" class=\"wp-image-2909 alignright\" src=\"https:\/\/agora.xtec.cat\/cfamontserratroig\/wp-content\/uploads\/usu2436\/2026\/04\/RGB-2026-LOGO_Gran-HI-PARTICIPEM-300x300.png\" alt=\"\" width=\"104\" height=\"104\" srcset=\"https:\/\/agora.xtec.cat\/cfamontserratroig\/wp-content\/uploads\/usu2436\/2026\/04\/RGB-2026-LOGO_Gran-HI-PARTICIPEM-300x300.png 300w, https:\/\/agora.xtec.cat\/cfamontserratroig\/wp-content\/uploads\/usu2436\/2026\/04\/RGB-2026-LOGO_Gran-HI-PARTICIPEM-1024x1024.png 1024w, https:\/\/agora.xtec.cat\/cfamontserratroig\/wp-content\/uploads\/usu2436\/2026\/04\/RGB-2026-LOGO_Gran-HI-PARTICIPEM-150x150.png 150w, https:\/\/agora.xtec.cat\/cfamontserratroig\/wp-content\/uploads\/usu2436\/2026\/04\/RGB-2026-LOGO_Gran-HI-PARTICIPEM-768x768.png 768w, https:\/\/agora.xtec.cat\/cfamontserratroig\/wp-content\/uploads\/usu2436\/2026\/04\/RGB-2026-LOGO_Gran-HI-PARTICIPEM-1536x1536.png 1536w, https:\/\/agora.xtec.cat\/cfamontserratroig\/wp-content\/uploads\/usu2436\/2026\/04\/RGB-2026-LOGO_Gran-HI-PARTICIPEM.png 2000w\" sizes=\"auto, (max-width: 104px) 100vw, 104px\" \/><\/a><\/td>\n<td style=\"width: 68%;\">\n<ul>\n<li>Llibre llegit: <i>Els reis de la muntanya,\u00a0<\/i>de Daniel Hern\u00e1ndez Chambers<\/li>\n<li>En grups, els alumnes de GES 2 han realitzat un treball suggerit per la lectura del llibre. N&#8217;hem seleccionat dos per a presentar-los al concurs:\n<ul>\n<li><a href=\"https:\/\/drive.google.com\/file\/d\/1bOx9XHPCTi7CT8Mcj8h4-bRvZBlZogCu\/view?usp=sharing\" target=\"_blank\" rel=\"noopener\">Cam\u00ed per viure<\/a><\/li>\n<li><a href=\"https:\/\/drive.google.com\/file\/d\/1uUdirHoiQlEI_eUe1DgkOR7bRcEQtAZa\/view?usp=sharing\" target=\"_blank\" rel=\"noopener\">Uns reis sense castells\u00a0<\/a><\/li>\n<\/ul>\n<\/li>\n<\/ul>\n<\/td>\n<\/tr>\n<tr>\n<td style=\"width: 31%;\">\n<h5><strong>Curs 2024-2025<\/strong><\/h5>\n<p>XXX edici\u00f3 del concurs<\/p>\n<p><img loading=\"lazy\" decoding=\"async\" class=\"wp-image-2584 alignright\" src=\"https:\/\/agora.xtec.cat\/cfamontserratroig\/wp-content\/uploads\/usu2436\/2025\/02\/RGB-2024-LOGO_Petit-HI-PARTICIPEM-1-150x150.png\" alt=\"\" width=\"94\" height=\"94\" srcset=\"https:\/\/agora.xtec.cat\/cfamontserratroig\/wp-content\/uploads\/usu2436\/2025\/02\/RGB-2024-LOGO_Petit-HI-PARTICIPEM-1-150x150.png 150w, https:\/\/agora.xtec.cat\/cfamontserratroig\/wp-content\/uploads\/usu2436\/2025\/02\/RGB-2024-LOGO_Petit-HI-PARTICIPEM-1-300x300.png 300w, https:\/\/agora.xtec.cat\/cfamontserratroig\/wp-content\/uploads\/usu2436\/2025\/02\/RGB-2024-LOGO_Petit-HI-PARTICIPEM-1.png 375w\" sizes=\"auto, (max-width: 94px) 100vw, 94px\" \/><\/td>\n<td style=\"width: 68%;\">\n<ul>\n<li>Llibre llegit: <em>La tercera m\u00e0scara, <\/em>de Care Santos<\/li>\n<li>En grups, els alumnes de GES 2 han realitzat un treball suggerit per la lectura del llibre. N&#8217;hem seleccionat dos per a presentar-los al concurs:\n<ul>\n<li><a href=\"https:\/\/drive.google.com\/file\/d\/1jYOaFoJWva6H0E7BWocKSIFWYNwunHew\/view?usp=sharing\" target=\"_blank\" rel=\"noopener\">Un fruiter i mil ferides<\/a><\/li>\n<li><a href=\"https:\/\/drive.google.com\/file\/d\/1bojcoasZNk945MgC8JbREecDOuWAXyo7\/view?usp=sharing\" target=\"_blank\" rel=\"noopener\">El desig de la Diana<\/a><\/li>\n<\/ul>\n<\/li>\n<\/ul>\n<\/td>\n<\/tr>\n<tr>\n<td style=\"width: 31%;\">\n<h5><strong>Curs 2023-2024<\/strong><\/h5>\n<p>XXIX edici\u00f3 del concurs<img loading=\"lazy\" decoding=\"async\" class=\"wp-image-2330 alignright\" src=\"https:\/\/agora.xtec.cat\/cfamontserratroig\/wp-content\/uploads\/usu2436\/2024\/03\/2024-LOGO_Petit-HI-PARTICIPEM-1-300x300.png\" alt=\"\" width=\"110\" height=\"110\" srcset=\"https:\/\/agora.xtec.cat\/cfamontserratroig\/wp-content\/uploads\/usu2436\/2024\/03\/2024-LOGO_Petit-HI-PARTICIPEM-1-300x300.png 300w, https:\/\/agora.xtec.cat\/cfamontserratroig\/wp-content\/uploads\/usu2436\/2024\/03\/2024-LOGO_Petit-HI-PARTICIPEM-1-150x150.png 150w, https:\/\/agora.xtec.cat\/cfamontserratroig\/wp-content\/uploads\/usu2436\/2024\/03\/2024-LOGO_Petit-HI-PARTICIPEM-1.png 375w\" sizes=\"auto, (max-width: 110px) 100vw, 110px\" \/><\/td>\n<td style=\"width: 68%;\">\n<ul>\n<li>Llibre llegit: <em>Els crims de la taula peri\u00f2dica, <\/em>de Xavier Duran i Jordi de Manuel<\/li>\n<li>En grups, els alumnes de GES 2 han realitzat un treball suggerit per la lectura del llibre. N&#8217;hem seleccionat tres per a presentar-los al concurs:\n<ul>\n<li><a href=\"https:\/\/drive.google.com\/file\/d\/1ryR-h7DG8I1kPfazQHtVW420UJeCTfj1\/view?usp=sharing\">El paper del ferro, l&#8217;urani i el plutoni en la hist\u00f2ria<\/a><\/li>\n<li><a href=\"https:\/\/drive.google.com\/file\/d\/1ZLiRJ8eVd7pKRtXzdU-gw95zCg5j5dzm\/view?usp=sharing\">Els elements de la taula peri\u00f2dica al cinema<\/a><\/li>\n<li><a href=\"https:\/\/drive.google.com\/file\/d\/1V41fbEnqXWnjHxCplsXZz1OI5KICyS7l\/view?usp=sharing\">Els elements qu\u00edmics que cont\u00e9 el teu tel\u00e8fon<\/a><\/li>\n<\/ul>\n<\/li>\n<\/ul>\n<\/td>\n<\/tr>\n<tr>\n<td style=\"width: 31%;\">\n<h5><strong>Curs 2021-2022<\/strong><\/h5>\n<p>XXVII edici\u00f3 del concurs<\/td>\n<td style=\"width: 68%;\">\n<ul>\n<li>Llibre llegit: <i>Momo, <\/i>de Michael Ende<\/li>\n<li>Cada alumne de GES 2 ha realitzat el video (Booktuber), per\u00f2 s&#8217;han reservat el dret de visualitzaci\u00f3 a les xarxes socials.<\/li>\n<\/ul>\n<\/td>\n<\/tr>\n<tr>\n<td style=\"width: 31%;\">\n<h5><strong>Curs 2018-2019<\/strong><\/h5>\n<p>XXIV edici\u00f3 del concurs<\/td>\n<td style=\"width: 68%;\">\n<ul>\n<li>Llibre llegit: <em>Autobiografia de l&#8217;home invisible<\/em>, d&#8217;en Joan Ballart<\/li>\n<li>Vam guanyar el concurs!!<\/li>\n<li>Podeu veure el resultat de la feina dels nostres alumnes <a href=\"https:\/\/www.youtube.com\/watch?v=hnDEMcAE7ec\" target=\"_blank\" rel=\"noopener noreferrer\">AQU\u00cd<\/a><\/li>\n<\/ul>\n<\/td>\n<\/tr>\n<tr>\n<td style=\"width: 31%;\">\n<h5><strong>Curs 2017-2018<\/strong><\/h5>\n<p>XXIII edici\u00f3 del concurs<\/td>\n<td style=\"width: 68%;\">\n<ul>\n<li>Llibre llegit: <em>Xaval gras es menja el m\u00f3n<\/em>, d&#8217;en K.L. Going<\/li>\n<li>Vam quedar finalistes!<\/li>\n<li>Podeu veure el resultat de la feina dels nostres alumnes <a href=\"https:\/\/www.youtube.com\/watch?v=jPEaTOgE4TQ&amp;t=21s\" target=\"_blank\" rel=\"noopener noreferrer\">AQU\u00cd<\/a><\/li>\n<\/ul>\n<\/td>\n<\/tr>\n<tr>\n<td style=\"width: 31%;\">\n<h5><strong>Curs 2016-2017<\/strong><\/h5>\n<p>XXII edici\u00f3 del concurs<\/td>\n<td style=\"width: 68%;\">\n<ul>\n<li>Llibre llegit: La casa de l&#8217;\u00e0ngel de la guarda, de la Katty Clark<\/li>\n<li>Vam quedar finalistes!<\/li>\n<li>Podeu veure el resultat de la feina dels nostres alumnes <a href=\"https:\/\/www.youtube.com\/watch?v=r_d_v55ctUY\" target=\"_blank\" rel=\"noopener noreferrer\">AQU\u00cd<\/a><\/li>\n<\/ul>\n<\/td>\n<\/tr>\n<\/tbody>\n<\/table>\n","protected":false},"excerpt":{"rendered":"<p><a href=\"https:\/\/agora.xtec.cat\/cfamontserratroig\/wp-content\/uploads\/usu2436\/2021\/04\/PHOTO-2021-02-26-10-05-00.jpg.jpeg\"><\/a><br \/>\n&nbsp;<br \/>\nEls alumnes de GES 2 del CFA Montserrat Roig participen habitualment en el concurs \u201cEl gust per la lectura\u201d organitzat pel Departament d\u2019Educaci\u00f3. La finalitat \u00e9s que els nostres alumnes esdevinguin lectors competents, cr\u00edtics i capa\u00e7os de gaudir del plaer de la lectura.<br \/>\n&nbsp;<\/p>\n<p>Curs 2025-2026<br \/>\nXXXI&hellip;  <a href=\"https:\/\/agora.xtec.cat\/cfamontserratroig\/programes-i-projectes-del-centre\/el-gust-per-la-lectura\/\" title=\"Read El gust per la lectura\">Llegeix m\u00e9s\u00bb<\/a><\/p>\n","protected":false},"author":3,"featured_media":0,"parent":955,"menu_order":30,"comment_status":"closed","ping_status":"closed","template":"page-templates\/side-menu.php","meta":{"_bbp_topic_count":0,"_bbp_reply_count":0,"_bbp_total_topic_count":0,"_bbp_total_reply_count":0,"_bbp_voice_count":0,"_bbp_anonymous_reply_count":0,"_bbp_topic_count_hidden":0,"_bbp_reply_count_hidden":0,"_bbp_forum_subforum_count":0,"footnotes":""},"class_list":["post-965","page","type-page","status-publish","hentry"],"post_mailing_queue_ids":[],"_links":{"self":[{"href":"https:\/\/agora.xtec.cat\/cfamontserratroig\/wp-json\/wp\/v2\/pages\/965","targetHints":{"allow":["GET"]}}],"collection":[{"href":"https:\/\/agora.xtec.cat\/cfamontserratroig\/wp-json\/wp\/v2\/pages"}],"about":[{"href":"https:\/\/agora.xtec.cat\/cfamontserratroig\/wp-json\/wp\/v2\/types\/page"}],"author":[{"embeddable":true,"href":"https:\/\/agora.xtec.cat\/cfamontserratroig\/wp-json\/wp\/v2\/users\/3"}],"replies":[{"embeddable":true,"href":"https:\/\/agora.xtec.cat\/cfamontserratroig\/wp-json\/wp\/v2\/comments?post=965"}],"version-history":[{"count":7,"href":"https:\/\/agora.xtec.cat\/cfamontserratroig\/wp-json\/wp\/v2\/pages\/965\/revisions"}],"predecessor-version":[{"id":2918,"href":"https:\/\/agora.xtec.cat\/cfamontserratroig\/wp-json\/wp\/v2\/pages\/965\/revisions\/2918"}],"up":[{"embeddable":true,"href":"https:\/\/agora.xtec.cat\/cfamontserratroig\/wp-json\/wp\/v2\/pages\/955"}],"wp:attachment":[{"href":"https:\/\/agora.xtec.cat\/cfamontserratroig\/wp-json\/wp\/v2\/media?parent=965"}],"curies":[{"name":"wp","href":"https:\/\/api.w.org\/{rel}","templated":true}]}}