{"id":963,"date":"2021-04-13T16:01:30","date_gmt":"2021-04-13T14:01:30","guid":{"rendered":"https:\/\/agora.xtec.cat\/cfamontserratroig\/?page_id=963"},"modified":"2026-03-24T20:50:38","modified_gmt":"2026-03-24T19:50:38","slug":"lletres-a-les-aules","status":"publish","type":"page","link":"https:\/\/agora.xtec.cat\/cfamontserratroig\/programes-i-projectes-del-centre\/lletres-a-les-aules\/","title":{"rendered":"Lletres a les aules"},"content":{"rendered":"<table style=\"border-style: hidden; width: 71.1942%;\">\n<tbody>\n<tr>\n<td style=\"width: 57.634%; border-style: hidden;\">&nbsp;<\/p>\n<p><img loading=\"lazy\" decoding=\"async\" class=\"alignnone size-large wp-image-2658\" src=\"https:\/\/agora.xtec.cat\/cfamontserratroig\/wp-content\/uploads\/usu2436\/2025\/03\/WhatsApp-Image-2025-03-04-at-17.39.24-1024x771.jpeg\" alt=\"\" width=\"1024\" height=\"771\" srcset=\"https:\/\/agora.xtec.cat\/cfamontserratroig\/wp-content\/uploads\/usu2436\/2025\/03\/WhatsApp-Image-2025-03-04-at-17.39.24-1024x771.jpeg 1024w, https:\/\/agora.xtec.cat\/cfamontserratroig\/wp-content\/uploads\/usu2436\/2025\/03\/WhatsApp-Image-2025-03-04-at-17.39.24-300x226.jpeg 300w, https:\/\/agora.xtec.cat\/cfamontserratroig\/wp-content\/uploads\/usu2436\/2025\/03\/WhatsApp-Image-2025-03-04-at-17.39.24-768x578.jpeg 768w, https:\/\/agora.xtec.cat\/cfamontserratroig\/wp-content\/uploads\/usu2436\/2025\/03\/WhatsApp-Image-2025-03-04-at-17.39.24-1536x1157.jpeg 1536w, https:\/\/agora.xtec.cat\/cfamontserratroig\/wp-content\/uploads\/usu2436\/2025\/03\/WhatsApp-Image-2025-03-04-at-17.39.24-200x150.jpeg 200w, https:\/\/agora.xtec.cat\/cfamontserratroig\/wp-content\/uploads\/usu2436\/2025\/03\/WhatsApp-Image-2025-03-04-at-17.39.24.jpeg 2040w\" sizes=\"auto, (max-width: 1024px) 100vw, 1024px\" \/><\/td>\n<td style=\"width: 59.6693%; border-style: hidden;\">&nbsp;<\/p>\n<p><strong>Lletres a les Aules<\/strong> \u00e9s un programa de <strong>foment de la lectura i de promoci\u00f3 de la literatura<\/strong> organitzar per l\u2019Institut de les Lletres Catalanes i el Departament d&#8217;Educaci\u00f3 que permet apropar l\u2019alumnat al fet literari, millorar la comprensi\u00f3 lectora com a eina fonamental per accedir al coneixement, estimular i potenciar l\u2019habilitat lectora i el coneixement de la llengua. Disposa de dues modalitats:<\/p>\n<ul>\n<li><strong>Autors a les aules<\/strong><\/li>\n<li><strong>Els nostres cl\u00e0ssics en veu alta (<em>nou<\/em>)<\/strong><\/li>\n<\/ul>\n<p>&nbsp;<\/td>\n<\/tr>\n<\/tbody>\n<\/table>\n<table style=\"height: 170px;\">\n<tbody>\n<tr>\n<td style=\"width: 251px;\">\n<h5>Curs 2025-2026<\/h5>\n<\/td>\n<td style=\"width: 552px;\">Dins de la modalitat<strong> Autors a les aules &#8211; Cl\u00e0ssics<\/strong>, organitzem enguany l&#8217;activitat dinamitzada per Mar\u00eda Sevilla i Raquel Santanera,\u00a0 <em>F\u00faries, monstres i altres b\u00e8sties.<\/em>\u00a0Durant la sessi\u00f3, es van treballar textos d\u2019autores com Salv\u00e0, Rodoreda, Mar\u00e7al i Dolors Miquel, que en el seu moment van trencar amb els c\u00e0nons literaris tradicionals i van abordar q\u00fcestions com la identitat i la corporalitat. L\u2019activitat va permetre a l\u2019alumnat aproximar-se a la literatura des d\u2019una perspectiva cr\u00edtica i reflexiva.<\/td>\n<\/tr>\n<tr>\n<td style=\"width: 251px;\">\n<h5><\/h5>\n<h5><strong>Curs 2024-2025<\/strong><\/h5>\n<h5><strong>\u00a0<\/strong><\/h5>\n<\/td>\n<td style=\"width: 552px;\">Dins de la modalitat <strong>Els nostres cl\u00e0ssics en veu alta<\/strong>, el dia 4 de mar\u00e7, els alumnes han pogut tornar a guadir de l&#8217;espectacle <em>Bruixes, <\/em>per Assumpta Mercader. En el marc del 8M, l&#8217; Assumpta ha captivitat els assistents amb llegendes de bruixes, dones s\u00e0vies perseguides al llarg de la hist\u00f2ria. La sessi\u00f3, molt ben rebuda pels assistents, ha ressaltat la import\u00e0ncia de la sororitat i la reivindicaci\u00f3 del seu llegat.<\/td>\n<\/tr>\n<tr>\n<td style=\"width: 251px;\">\n<h5><strong>Curs 2023-2024<\/strong><\/h5>\n<h5><strong>\u00a0<\/strong><\/h5>\n<\/td>\n<td style=\"width: 552px;\">Dins de la modalitat <strong>Autors a les aules<\/strong>, ens torna a visitar l&#8217;Assumpta Mercader, en aquest cas com l&#8217;autora del llibre protagonista del Club de Lectura programat en el segon trimestre,\u00a0 <em>La dona que somniava mariachis, <\/em>un recull de 27 contes plens d&#8217;humor. L&#8217;autora va donar-nos una lli\u00e7\u00f3 magistral de com s&#8217;ha d&#8217;estimar la lectura i la llengua , i de com \u00e9s d&#8217;important la comunicaci\u00f3.<\/td>\n<\/tr>\n<tr>\n<td style=\"width: 251px;\">\n<h5><strong>Curs 2022-2023<\/strong><\/h5>\n<\/td>\n<td style=\"width: 552px;\">Dins de la modalitat <strong>En Veu Alta<\/strong>, i en el marc dels actes preparats pel dia 8 de mar\u00e7, els alumnes han pogut gaudir de l&#8217;espectacle <em>Bruixes i dones fosques, <\/em>per \u00a0Assumpta Mercader. L&#8217;Assumpta ens va explicar llegendes pr\u00f2pies dels territoris de parla catalana protagonitzades per dones amb poders extraordinaris. Ens va parlar de les bruixes com a \u00e9ssers fant\u00e0stics i, tamb\u00e9, de les dones que van ser acusades de ser-ho i van ser cruelment castigades.<\/td>\n<\/tr>\n<tr>\n<td style=\"width: 251px;\">\n<h5><strong>Curs 2021-2022<\/strong><\/h5>\n<\/td>\n<td style=\"width: 552px;\">Enguany els alumnes de Catal\u00e0 3 han llegit el llibre <em>Dem\u00e0 ens estimaran<\/em>, de la Najat El Hachmi, en el marc d&#8217;<strong>Autors a les aules. <\/strong>La Najat ens va visitar el dia 26 d&#8217;abril i ha aconseguit que, una vegada m\u00e9s, la literatura ens emocioni i ens faci replantejar idees preconcebudes.<\/td>\n<\/tr>\n<tr style=\"height: 108px;\">\n<td style=\"width: 251px; height: 108px;\">\n<h5><strong>Curs 2020-2021<\/strong><\/h5>\n<\/td>\n<td style=\"width: 552px; height: 108px;\">Aquest curs hem decidit participar en la modalitat <strong>Autors\u00a0a les aules<\/strong> amb el grup de Catal\u00e0 2. Els alumnes han llegit les novel\u00b7les de la Laia Aguilar,\u00a0 <em>Wolfang<\/em> i <em>Juno, <\/em>en el 1r i 2n trimestre, respectivament. El dimarts 13 de mar\u00e7 els alumnes han tingut el plaer de compartir amb l&#8217;autora les hist\u00f2ries dels protagonistes de les seves novel\u00b7les. Preguntes, sentiments, opinions, possibles finals&#8230; tot aix\u00f2 i m\u00e9s ha estat possible!<\/td>\n<\/tr>\n<tr style=\"height: 62px;\">\n<td style=\"width: 251px; height: 62px;\">\n<h5><strong>Curs 2019-2020<\/strong><\/h5>\n<\/td>\n<td style=\"width: 552px; height: 62px;\">Dins de la modalitat <strong>En veu alta<\/strong>, el dia 4 de mar\u00e7 els alumnes de Catal\u00e0 3 van gaudir de\u00a0la pres\u00e8ncia de la Gemma Reguant, que va dur a terme el recital &#8220;Dones poetes&#8221;<\/td>\n<\/tr>\n<\/tbody>\n<\/table>\n","protected":false},"excerpt":{"rendered":"<p>&nbsp;<\/p>\n<p>&nbsp;<br \/>\nLletres a les Aules \u00e9s un programa de foment de la lectura i de promoci\u00f3 de la literatura organitzar per l\u2019Institut de les Lletres Catalanes i el Departament d&#8217;Educaci\u00f3 que permet apropar l\u2019alumnat al fet literari, millorar la comprensi\u00f3 lectora com a eina fonamental per&hellip;  <a href=\"https:\/\/agora.xtec.cat\/cfamontserratroig\/programes-i-projectes-del-centre\/lletres-a-les-aules\/\" title=\"Read Lletres a les aules\">Llegeix m\u00e9s\u00bb<\/a><\/p>\n","protected":false},"author":3,"featured_media":0,"parent":955,"menu_order":40,"comment_status":"closed","ping_status":"closed","template":"page-templates\/side-menu.php","meta":{"_bbp_topic_count":0,"_bbp_reply_count":0,"_bbp_total_topic_count":0,"_bbp_total_reply_count":0,"_bbp_voice_count":0,"_bbp_anonymous_reply_count":0,"_bbp_topic_count_hidden":0,"_bbp_reply_count_hidden":0,"_bbp_forum_subforum_count":0,"footnotes":""},"class_list":["post-963","page","type-page","status-publish","hentry"],"post_mailing_queue_ids":[],"_links":{"self":[{"href":"https:\/\/agora.xtec.cat\/cfamontserratroig\/wp-json\/wp\/v2\/pages\/963","targetHints":{"allow":["GET"]}}],"collection":[{"href":"https:\/\/agora.xtec.cat\/cfamontserratroig\/wp-json\/wp\/v2\/pages"}],"about":[{"href":"https:\/\/agora.xtec.cat\/cfamontserratroig\/wp-json\/wp\/v2\/types\/page"}],"author":[{"embeddable":true,"href":"https:\/\/agora.xtec.cat\/cfamontserratroig\/wp-json\/wp\/v2\/users\/3"}],"replies":[{"embeddable":true,"href":"https:\/\/agora.xtec.cat\/cfamontserratroig\/wp-json\/wp\/v2\/comments?post=963"}],"version-history":[{"count":7,"href":"https:\/\/agora.xtec.cat\/cfamontserratroig\/wp-json\/wp\/v2\/pages\/963\/revisions"}],"predecessor-version":[{"id":2879,"href":"https:\/\/agora.xtec.cat\/cfamontserratroig\/wp-json\/wp\/v2\/pages\/963\/revisions\/2879"}],"up":[{"embeddable":true,"href":"https:\/\/agora.xtec.cat\/cfamontserratroig\/wp-json\/wp\/v2\/pages\/955"}],"wp:attachment":[{"href":"https:\/\/agora.xtec.cat\/cfamontserratroig\/wp-json\/wp\/v2\/media?parent=963"}],"curies":[{"name":"wp","href":"https:\/\/api.w.org\/{rel}","templated":true}]}}