{"id":961,"date":"2021-04-13T16:01:06","date_gmt":"2021-04-13T14:01:06","guid":{"rendered":"https:\/\/agora.xtec.cat\/cfamontserratroig\/?page_id=961"},"modified":"2021-04-19T16:35:11","modified_gmt":"2021-04-19T14:35:11","slug":"limpuls-de-la-lectura","status":"publish","type":"page","link":"https:\/\/agora.xtec.cat\/cfamontserratroig\/programes-i-projectes-del-centre\/limpuls-de-la-lectura\/","title":{"rendered":"L&#8217;impuls de la lectura"},"content":{"rendered":"<table style=\"border-style: hidden;\">\n<tbody>\n<tr>\n<td style=\"width: 584px; border-style: hidden;\"><iframe loading=\"lazy\" src=\"https:\/\/www.youtube.com\/embed\/eXeNSF2tVv8\" width=\"560\" height=\"315\" frameborder=\"0\"><\/iframe><\/td>\n<td style=\"width: 452px; border-style: hidden; text-align: justify;\">&nbsp;<\/p>\n<p>Aquest projecte t\u00e9 com a objectiu la <strong>millora de l&#8217;\u00e8xit escolar<\/strong> de tots els alumnes. I ho fa potenciant la lectura\u00a0 en tots els ensenyaments i nivells per augmentar la compet\u00e8ncia comunicativa ling\u00fc\u00edstica i el desenvolupament de l&#8217;h\u00e0bit lector dels alumnes, tenint present que la compet\u00e8ncia lectora \u00e9s a la base de molts dels aprenentatges i un requisit per participar amb \u00e8xit en bona part dels \u00e0mbits de la vida adulta. Com a cloenda dels tres anys de formaci\u00f3 ILEC (Impuls de la lectura) a finals del curts 2017-2018 es presenta aquest video que recull totes les actuacions entorn aquest projecte, i que continuen un dels eixos vertebradors del nostre projecte educatiu.<\/p>\n<p>&nbsp;<\/td>\n<\/tr>\n<\/tbody>\n<\/table>\n","protected":false},"excerpt":{"rendered":"<p>&nbsp;<br \/>\nAquest projecte t\u00e9 com a objectiu la millora de l&#8217;\u00e8xit escolar de tots els alumnes. I ho fa potenciant la lectura\u00a0 en tots els ensenyaments i nivells per augmentar la compet\u00e8ncia comunicativa ling\u00fc\u00edstica i el desenvolupament de l&#8217;h\u00e0bit lector dels alumnes, tenint present que la&hellip;  <a href=\"https:\/\/agora.xtec.cat\/cfamontserratroig\/programes-i-projectes-del-centre\/limpuls-de-la-lectura\/\" title=\"Read L&#8217;impuls de la lectura\">Llegeix m\u00e9s\u00bb<\/a><\/p>\n","protected":false},"author":3,"featured_media":0,"parent":955,"menu_order":50,"comment_status":"closed","ping_status":"closed","template":"page-templates\/side-menu.php","meta":{"_bbp_topic_count":0,"_bbp_reply_count":0,"_bbp_total_topic_count":0,"_bbp_total_reply_count":0,"_bbp_voice_count":0,"_bbp_anonymous_reply_count":0,"_bbp_topic_count_hidden":0,"_bbp_reply_count_hidden":0,"_bbp_forum_subforum_count":0,"footnotes":""},"class_list":["post-961","page","type-page","status-publish","hentry"],"post_mailing_queue_ids":[],"_links":{"self":[{"href":"https:\/\/agora.xtec.cat\/cfamontserratroig\/wp-json\/wp\/v2\/pages\/961","targetHints":{"allow":["GET"]}}],"collection":[{"href":"https:\/\/agora.xtec.cat\/cfamontserratroig\/wp-json\/wp\/v2\/pages"}],"about":[{"href":"https:\/\/agora.xtec.cat\/cfamontserratroig\/wp-json\/wp\/v2\/types\/page"}],"author":[{"embeddable":true,"href":"https:\/\/agora.xtec.cat\/cfamontserratroig\/wp-json\/wp\/v2\/users\/3"}],"replies":[{"embeddable":true,"href":"https:\/\/agora.xtec.cat\/cfamontserratroig\/wp-json\/wp\/v2\/comments?post=961"}],"version-history":[{"count":5,"href":"https:\/\/agora.xtec.cat\/cfamontserratroig\/wp-json\/wp\/v2\/pages\/961\/revisions"}],"predecessor-version":[{"id":1219,"href":"https:\/\/agora.xtec.cat\/cfamontserratroig\/wp-json\/wp\/v2\/pages\/961\/revisions\/1219"}],"up":[{"embeddable":true,"href":"https:\/\/agora.xtec.cat\/cfamontserratroig\/wp-json\/wp\/v2\/pages\/955"}],"wp:attachment":[{"href":"https:\/\/agora.xtec.cat\/cfamontserratroig\/wp-json\/wp\/v2\/media?parent=961"}],"curies":[{"name":"wp","href":"https:\/\/api.w.org\/{rel}","templated":true}]}}