{"id":959,"date":"2021-04-13T16:00:35","date_gmt":"2021-04-13T14:00:35","guid":{"rendered":"https:\/\/agora.xtec.cat\/cfamontserratroig\/?page_id=959"},"modified":"2021-04-26T17:44:36","modified_gmt":"2021-04-26T15:44:36","slug":"orientacio-educativa","status":"publish","type":"page","link":"https:\/\/agora.xtec.cat\/cfamontserratroig\/programes-i-projectes-del-centre\/orientacio-educativa\/","title":{"rendered":"Orientaci\u00f3 educativa"},"content":{"rendered":"<table style=\"border-style: hidden;\">\n<tbody>\n<tr>\n<td style=\"width: 213px; border-style: hidden;\"><img loading=\"lazy\" decoding=\"async\" class=\"size-full wp-image-982 alignleft\" src=\"https:\/\/agora.xtec.cat\/cfamontserratroig\/wp-content\/uploads\/usu2436\/2021\/04\/2-1.jpg\" alt=\"\" width=\"309\" height=\"163\" srcset=\"https:\/\/agora.xtec.cat\/cfamontserratroig\/wp-content\/uploads\/usu2436\/2021\/04\/2-1.jpg 309w, https:\/\/agora.xtec.cat\/cfamontserratroig\/wp-content\/uploads\/usu2436\/2021\/04\/2-1-300x158.jpg 300w\" sizes=\"auto, (max-width: 309px) 100vw, 309px\" \/><\/td>\n<td style=\"width: 604px; border-style: hidden;\">&nbsp;<\/p>\n<p>El CFA Montserrat Roig participa en el Programa de formaci\u00f3 interna de centre: <strong>L\u2019Orientaci\u00f3 educativa: factor clau d\u2019\u00e8xit en l\u2019educaci\u00f3 al llarg de vida<\/strong>.<\/p>\n<p>Un dels nostres objectius i prioritats \u00e9s poder oferir una excel\u00b7lent orientaci\u00f3 al nostre alumnat i \u00e9s per aix\u00f2 que la formaci\u00f3 docent per poder dur-la a terme amb \u00e8xit \u00e9s una prioritat en la nostra tasca docent.<\/td>\n<\/tr>\n<\/tbody>\n<\/table>\n<table style=\"height: 33px;\">\n<tbody>\n<tr style=\"height: 33px;\">\n<td style=\"width: 249px; height: 33px;\">\n<h5><strong>Curs 2020-2021<\/strong><\/h5>\n<\/td>\n<td style=\"width: 559px; height: 33px;\">Inici de la formaci\u00f3 i elaboraci\u00f3 del Pla d&#8217;Orientaci\u00f3.<\/td>\n<\/tr>\n<\/tbody>\n<\/table>\n","protected":false},"excerpt":{"rendered":"<p>&nbsp;<br \/>\nEl CFA Montserrat Roig participa en el Programa de formaci\u00f3 interna de centre: L\u2019Orientaci\u00f3 educativa: factor clau d\u2019\u00e8xit en l\u2019educaci\u00f3 al llarg de vida.<br \/>\nUn dels nostres objectius i prioritats \u00e9s poder oferir una excel\u00b7lent orientaci\u00f3 al nostre alumnat i \u00e9s per aix\u00f2 que la formaci\u00f3&hellip;  <a href=\"https:\/\/agora.xtec.cat\/cfamontserratroig\/programes-i-projectes-del-centre\/orientacio-educativa\/\" title=\"Read Orientaci\u00f3 educativa\">Llegeix m\u00e9s\u00bb<\/a><\/p>\n","protected":false},"author":3,"featured_media":0,"parent":955,"menu_order":60,"comment_status":"closed","ping_status":"closed","template":"page-templates\/side-menu.php","meta":{"_bbp_topic_count":0,"_bbp_reply_count":0,"_bbp_total_topic_count":0,"_bbp_total_reply_count":0,"_bbp_voice_count":0,"_bbp_anonymous_reply_count":0,"_bbp_topic_count_hidden":0,"_bbp_reply_count_hidden":0,"_bbp_forum_subforum_count":0,"footnotes":""},"class_list":["post-959","page","type-page","status-publish","hentry"],"post_mailing_queue_ids":[],"_links":{"self":[{"href":"https:\/\/agora.xtec.cat\/cfamontserratroig\/wp-json\/wp\/v2\/pages\/959","targetHints":{"allow":["GET"]}}],"collection":[{"href":"https:\/\/agora.xtec.cat\/cfamontserratroig\/wp-json\/wp\/v2\/pages"}],"about":[{"href":"https:\/\/agora.xtec.cat\/cfamontserratroig\/wp-json\/wp\/v2\/types\/page"}],"author":[{"embeddable":true,"href":"https:\/\/agora.xtec.cat\/cfamontserratroig\/wp-json\/wp\/v2\/users\/3"}],"replies":[{"embeddable":true,"href":"https:\/\/agora.xtec.cat\/cfamontserratroig\/wp-json\/wp\/v2\/comments?post=959"}],"version-history":[{"count":4,"href":"https:\/\/agora.xtec.cat\/cfamontserratroig\/wp-json\/wp\/v2\/pages\/959\/revisions"}],"predecessor-version":[{"id":1427,"href":"https:\/\/agora.xtec.cat\/cfamontserratroig\/wp-json\/wp\/v2\/pages\/959\/revisions\/1427"}],"up":[{"embeddable":true,"href":"https:\/\/agora.xtec.cat\/cfamontserratroig\/wp-json\/wp\/v2\/pages\/955"}],"wp:attachment":[{"href":"https:\/\/agora.xtec.cat\/cfamontserratroig\/wp-json\/wp\/v2\/media?parent=959"}],"curies":[{"name":"wp","href":"https:\/\/api.w.org\/{rel}","templated":true}]}}