{"id":957,"date":"2021-04-13T15:58:53","date_gmt":"2021-04-13T13:58:53","guid":{"rendered":"https:\/\/agora.xtec.cat\/cfamontserratroig\/?page_id=957"},"modified":"2025-11-30T20:55:29","modified_gmt":"2025-11-30T19:55:29","slug":"lart-de-parlar","status":"publish","type":"page","link":"https:\/\/agora.xtec.cat\/cfamontserratroig\/programes-i-projectes-del-centre\/lart-de-parlar\/","title":{"rendered":"L&#8217;art de parlar"},"content":{"rendered":"<table style=\"border-style: hidden; height: 194px;\">\n<tbody>\n<tr style=\"height: 194px;\">\n<td style=\"width: 345px; border-style: hidden; height: 194px;\"><a href=\"https:\/\/agora.xtec.cat\/cfamontserratroig\/wp-content\/uploads\/usu2436\/2021\/04\/PHOTO-2021-02-26-10-05-00.jpg.jpeg\"><img loading=\"lazy\" decoding=\"async\" class=\"alignnone size-large wp-image-1199\" src=\"https:\/\/agora.xtec.cat\/cfamontserratroig\/wp-content\/uploads\/usu2436\/2021\/04\/PHOTO-2021-02-26-10-05-00.jpg-1024x768.jpeg\" alt=\"\" width=\"1024\" height=\"768\" srcset=\"https:\/\/agora.xtec.cat\/cfamontserratroig\/wp-content\/uploads\/usu2436\/2021\/04\/PHOTO-2021-02-26-10-05-00.jpg-1024x768.jpeg 1024w, https:\/\/agora.xtec.cat\/cfamontserratroig\/wp-content\/uploads\/usu2436\/2021\/04\/PHOTO-2021-02-26-10-05-00.jpg-300x225.jpeg 300w, https:\/\/agora.xtec.cat\/cfamontserratroig\/wp-content\/uploads\/usu2436\/2021\/04\/PHOTO-2021-02-26-10-05-00.jpg-768x576.jpeg 768w, https:\/\/agora.xtec.cat\/cfamontserratroig\/wp-content\/uploads\/usu2436\/2021\/04\/PHOTO-2021-02-26-10-05-00.jpg-200x150.jpeg 200w, https:\/\/agora.xtec.cat\/cfamontserratroig\/wp-content\/uploads\/usu2436\/2021\/04\/PHOTO-2021-02-26-10-05-00.jpg.jpeg 2048w\" sizes=\"auto, (max-width: 1024px) 100vw, 1024px\" \/><\/a><\/td>\n<td style=\"width: 472px; border-style: hidden; height: 194px;\">&nbsp;<\/p>\n<p>El CFA Montserrat Roig forma part del programa d\u2019innovaci\u00f3 pedag\u00f2gica <strong>L\u2019ART DE PARLAR:\u00a0 Aprenem llengua a trav\u00e9s de l\u2019art i les estrat\u00e8gies de pensament visual <\/strong>(<strong>VTS<\/strong>). Es tracta d&#8217;una metodologia per impulsar la pr\u00e0ctica oral dels alumnes que estudien lleng\u00fces al nostre centre. L\u2019objectiu \u00e9s que els alumnes utilitzin aquesta pr\u00e0ctica per millorar l&#8217;expressi\u00f3 oral. Per a m\u00e9s informaci\u00f3, feu clic <a href=\"https:\/\/projectes.xtec.cat\/xarxadults\/programes\/lart-de-parlar\/\" target=\"_blank\" rel=\"noopener noreferrer\">AQU\u00cd<\/a><\/p>\n<p>&nbsp;<\/td>\n<\/tr>\n<\/tbody>\n<\/table>\n<table style=\"height: 186px;\">\n<tbody>\n<tr>\n<td style=\"width: 224px;\">\n<h5><strong>Curs 2022-2023<\/strong><\/h5>\n<\/td>\n<td style=\"width: 559px;\">Donem per finalitzada la formaci\u00f3 en metodologia VTS; ja es tracta d&#8217;un projecte implementat en el centre; finalment, i donada l&#8217;experi\u00e8ncia de cursos anteriors, s&#8217;aplica el programa als cursos de:<\/p>\n<ul>\n<li>Angl\u00e8s 3<\/li>\n<li>Catal\u00e0 2<\/li>\n<li>Castell\u00e0 2 i 3<\/li>\n<\/ul>\n<\/td>\n<\/tr>\n<tr>\n<td style=\"width: 224px;\">\n<h5><strong>Curs 2021-2022<\/strong><\/h5>\n<h5><strong>\u00a0<\/strong><\/h5>\n<\/td>\n<td style=\"width: 559px;\">Seguim amb el 3r any de la formaci\u00f3 espec\u00edfica en metodologia VTS; es continua aplicant el programa als cursos de:<\/p>\n<ul>\n<li>GES 1 (Llengua castellana)<\/li>\n<li>GES 2 (Llengua catalana)<\/li>\n<li>Angl\u00e8s 3<\/li>\n<li>Catal\u00e0 2<\/li>\n<li>Castell\u00e0 2 i 3<\/li>\n<\/ul>\n<\/td>\n<\/tr>\n<tr style=\"height: 54px;\">\n<td style=\"width: 224px; height: 10px;\">\n<h5><strong>Curs 2020-2021<\/strong><\/h5>\n<\/td>\n<td style=\"width: 559px; height: 10px;\">Seguim amb el 2n any de la formaci\u00f3 espec\u00edfica en metodologia VTS; s&#8217;implementa el programa als cursos de:<\/p>\n<ul>\n<li>GES 1 (Llengua castellana)<\/li>\n<li>GES 2 (Llengua catalana)<\/li>\n<li>Angl\u00e8s 3<\/li>\n<\/ul>\n<p>i es continua fent al cursos de:<\/p>\n<ul>\n<li>Catal\u00e0 2<\/li>\n<li>Castell\u00e0 2 i 3<\/li>\n<\/ul>\n<\/td>\n<\/tr>\n<tr style=\"height: 54px;\">\n<td style=\"width: 224px; height: 54px;\">\n<h5><strong>Curs 2019-2020<\/strong><\/h5>\n<\/td>\n<td style=\"width: 559px; height: 54px;\">El Departament d&#8217;Educaci\u00f3 aprova la nostra participaci\u00f3 en el projecte d&#8217;innovaci\u00f3 l&#8217;Art de Parlar. Comencem la formaci\u00f3 especifica per als centres que participen en aquest programa. S&#8217;implementa als cursos de<\/p>\n<ul>\n<li>Catal\u00e0 2<\/li>\n<li>Castell\u00e0 2 i 3<\/li>\n<\/ul>\n<\/td>\n<\/tr>\n<tr style=\"height: 54px;\">\n<td style=\"width: 224px; height: 54px;\">\n<h5><strong>Curs 2018-2019<\/strong><\/h5>\n<\/td>\n<td style=\"width: 559px; height: 54px;\">Participaci\u00f3 d&#8217;alguns docents en el curs de formaci\u00f3 VTS, restringit a vuit centres de formaci\u00f3 d&#8217;adults de Catalunya. Pilotatge de la metodologia amb els alumnes de Catal\u00e0 3.<\/td>\n<\/tr>\n<tr style=\"height: 94px;\">\n<td style=\"width: 224px; height: 68px;\">\n<h5><strong>Curs 2017-2018<\/strong><\/h5>\n<\/td>\n<td style=\"width: 559px; height: 68px;\">Participaci\u00f3 d&#8217;alguns docents en el pilotatge d\u2019experimentaci\u00f3 de la metodologia VTS.<\/td>\n<\/tr>\n<\/tbody>\n<\/table>\n","protected":false},"excerpt":{"rendered":"<p><a href=\"https:\/\/agora.xtec.cat\/cfamontserratroig\/wp-content\/uploads\/usu2436\/2021\/04\/PHOTO-2021-02-26-10-05-00.jpg.jpeg\"><\/a><br \/>\n&nbsp;<br \/>\nEl CFA Montserrat Roig forma part del programa d\u2019innovaci\u00f3 pedag\u00f2gica L\u2019ART DE PARLAR:\u00a0 Aprenem llengua a trav\u00e9s de l\u2019art i les estrat\u00e8gies de pensament visual (VTS). Es tracta d&#8217;una metodologia per impulsar la pr\u00e0ctica oral dels alumnes que estudien lleng\u00fces al nostre centre. L\u2019objectiu&hellip;  <a href=\"https:\/\/agora.xtec.cat\/cfamontserratroig\/programes-i-projectes-del-centre\/lart-de-parlar\/\" title=\"Read L&#8217;art de parlar\">Llegeix m\u00e9s\u00bb<\/a><\/p>\n","protected":false},"author":3,"featured_media":0,"parent":955,"menu_order":10,"comment_status":"closed","ping_status":"closed","template":"page-templates\/side-menu.php","meta":{"_bbp_topic_count":0,"_bbp_reply_count":0,"_bbp_total_topic_count":0,"_bbp_total_reply_count":0,"_bbp_voice_count":0,"_bbp_anonymous_reply_count":0,"_bbp_topic_count_hidden":0,"_bbp_reply_count_hidden":0,"_bbp_forum_subforum_count":0,"footnotes":""},"class_list":["post-957","page","type-page","status-publish","hentry"],"post_mailing_queue_ids":[],"_links":{"self":[{"href":"https:\/\/agora.xtec.cat\/cfamontserratroig\/wp-json\/wp\/v2\/pages\/957","targetHints":{"allow":["GET"]}}],"collection":[{"href":"https:\/\/agora.xtec.cat\/cfamontserratroig\/wp-json\/wp\/v2\/pages"}],"about":[{"href":"https:\/\/agora.xtec.cat\/cfamontserratroig\/wp-json\/wp\/v2\/types\/page"}],"author":[{"embeddable":true,"href":"https:\/\/agora.xtec.cat\/cfamontserratroig\/wp-json\/wp\/v2\/users\/3"}],"replies":[{"embeddable":true,"href":"https:\/\/agora.xtec.cat\/cfamontserratroig\/wp-json\/wp\/v2\/comments?post=957"}],"version-history":[{"count":4,"href":"https:\/\/agora.xtec.cat\/cfamontserratroig\/wp-json\/wp\/v2\/pages\/957\/revisions"}],"predecessor-version":[{"id":2101,"href":"https:\/\/agora.xtec.cat\/cfamontserratroig\/wp-json\/wp\/v2\/pages\/957\/revisions\/2101"}],"up":[{"embeddable":true,"href":"https:\/\/agora.xtec.cat\/cfamontserratroig\/wp-json\/wp\/v2\/pages\/955"}],"wp:attachment":[{"href":"https:\/\/agora.xtec.cat\/cfamontserratroig\/wp-json\/wp\/v2\/media?parent=957"}],"curies":[{"name":"wp","href":"https:\/\/api.w.org\/{rel}","templated":true}]}}