{"id":955,"date":"2021-04-13T15:58:12","date_gmt":"2021-04-13T13:58:12","guid":{"rendered":"https:\/\/agora.xtec.cat\/cfamontserratroig\/?page_id=955"},"modified":"2025-02-28T19:57:58","modified_gmt":"2025-02-28T18:57:58","slug":"programes-i-projectes-del-centre","status":"publish","type":"page","link":"https:\/\/agora.xtec.cat\/cfamontserratroig\/programes-i-projectes-del-centre\/","title":{"rendered":"Programes i projectes"},"content":{"rendered":"<p>Iniciatives adre\u00e7ades a fomentar la millora de la qualitat educativa i la participaci\u00f3 de l\u2019alumnat des dels diferents ensenyaments impartits en el centre, sempre amb l\u2019objectiu d\u2019aconseguir l\u2019\u00e8xit en la formaci\u00f3 dels nostres alumnes i afavorir la cohesi\u00f3 social.<\/p>\n<table style=\"height: 407px; border-style: solid;\">\n<tbody>\n<tr>\n<td style=\"width: 264.733px; border-style: solid;\"><a href=\"https:\/\/agora.xtec.cat\/cfamontserratroig\/programes-i-projectes-del-centre\/fluency-boost-programa-dauxiliars-de-conversa-en-angles\/\" target=\"_blank\" rel=\"noopener\"><img loading=\"lazy\" decoding=\"async\" class=\"alignnone size-full wp-image-2572\" src=\"https:\/\/agora.xtec.cat\/cfamontserratroig\/wp-content\/uploads\/usu2436\/2025\/02\/Captura-de-pantalla-2025-02-27-195251.png\" alt=\"\" width=\"312\" height=\"91\" srcset=\"https:\/\/agora.xtec.cat\/cfamontserratroig\/wp-content\/uploads\/usu2436\/2025\/02\/Captura-de-pantalla-2025-02-27-195251.png 312w, https:\/\/agora.xtec.cat\/cfamontserratroig\/wp-content\/uploads\/usu2436\/2025\/02\/Captura-de-pantalla-2025-02-27-195251-300x88.png 300w\" sizes=\"auto, (max-width: 312px) 100vw, 312px\" \/><\/a><\/td>\n<td style=\"width: 264.733px; border-style: solid;\"><a href=\"https:\/\/agora.xtec.cat\/cfamontserratroig\/programes-i-projectes-del-centre\/programa-enginy\/\" target=\"_blank\" rel=\"noopener\"><img loading=\"lazy\" decoding=\"async\" class=\"alignnone size-medium wp-image-2336\" src=\"https:\/\/agora.xtec.cat\/cfamontserratroig\/wp-content\/uploads\/usu2436\/2024\/03\/enginy-300x80.jpg\" alt=\"\" width=\"300\" height=\"80\" srcset=\"https:\/\/agora.xtec.cat\/cfamontserratroig\/wp-content\/uploads\/usu2436\/2024\/03\/enginy-300x80.jpg 300w, https:\/\/agora.xtec.cat\/cfamontserratroig\/wp-content\/uploads\/usu2436\/2024\/03\/enginy.jpg 559w\" sizes=\"auto, (max-width: 300px) 100vw, 300px\" \/><\/a><\/td>\n<td style=\"width: 278.533px; border-style: solid;\"><a href=\"https:\/\/agora.xtec.cat\/cfamontserratroig\/programes-i-projectes-del-centre\/el-gust-per-la-lectura\/\"><img loading=\"lazy\" decoding=\"async\" class=\"aligncenter wp-image-8896 size-medium\" title=\"El gust per la lectura\" src=\"https:\/\/projectes.xtec.cat\/xarxadults\/wp-content\/uploads\/usu1741\/2018\/01\/Sin-t\u00edtulo-19-300x148.png\" alt=\"Logo El gust per la lectura\" width=\"300\" height=\"148\" \/><\/a><\/td>\n<\/tr>\n<tr>\n<td style=\"width: 264.733px; border-style: solid;\"><a href=\"https:\/\/agora.xtec.cat\/cfamontserratroig\/programes-i-projectes-del-centre\/aprenentatge-servei-3\/\" target=\"_blank\" rel=\"noopener\"><img loading=\"lazy\" decoding=\"async\" class=\"alignnone size-medium wp-image-2120\" src=\"https:\/\/agora.xtec.cat\/cfamontserratroig\/wp-content\/uploads\/usu2436\/2023\/06\/aps-300x163.png\" alt=\"\" width=\"300\" height=\"163\" srcset=\"https:\/\/agora.xtec.cat\/cfamontserratroig\/wp-content\/uploads\/usu2436\/2023\/06\/aps-300x163.png 300w, https:\/\/agora.xtec.cat\/cfamontserratroig\/wp-content\/uploads\/usu2436\/2023\/06\/aps.png 591w\" sizes=\"auto, (max-width: 300px) 100vw, 300px\" \/><\/a><\/td>\n<td style=\"width: 264.733px; border-style: solid;\"><a href=\"https:\/\/agora.xtec.cat\/cfamontserratroig\/intercanvis-linguistics\/\" target=\"_blank\" rel=\"noopener\"><img loading=\"lazy\" decoding=\"async\" class=\"alignnone size-medium wp-image-2611\" src=\"https:\/\/agora.xtec.cat\/cfamontserratroig\/wp-content\/uploads\/usu2436\/2025\/02\/intercanvis-300x237.png\" alt=\"\" width=\"300\" height=\"237\" srcset=\"https:\/\/agora.xtec.cat\/cfamontserratroig\/wp-content\/uploads\/usu2436\/2025\/02\/intercanvis-300x237.png 300w, https:\/\/agora.xtec.cat\/cfamontserratroig\/wp-content\/uploads\/usu2436\/2025\/02\/intercanvis.png 427w\" sizes=\"auto, (max-width: 300px) 100vw, 300px\" \/><\/a><\/td>\n<td style=\"width: 278.533px; border-style: solid;\"><a href=\"https:\/\/agora.xtec.cat\/cfamontserratroig\/programes-i-projectes-del-centre\/voluntariat-per-la-llengua\/\" target=\"_blank\" rel=\"noopener\"><img loading=\"lazy\" decoding=\"async\" class=\"size-thumbnail wp-image-2089 aligncenter\" style=\"font-size: 16px;\" src=\"https:\/\/agora.xtec.cat\/cfamontserratroig\/wp-content\/uploads\/usu2436\/2023\/04\/vpl-150x150.jpg\" alt=\"\" width=\"150\" height=\"150\" \/><\/a><\/td>\n<\/tr>\n<tr style=\"height: 198px;\">\n<td style=\"width: 264.733px; border-style: solid; height: 198px;\"><img loading=\"lazy\" decoding=\"async\" class=\"aligncenter wp-image-984\" style=\"border: none; color: #2795b6;\" title=\"Lectura f\u00e0cil\" src=\"https:\/\/agora.xtec.cat\/cfamontserratroig\/wp-content\/uploads\/usu2436\/2021\/04\/6.jpg\" alt=\"\" width=\"199\" height=\"155\" \/><\/td>\n<td style=\"width: 264.733px; border-style: solid; height: 198px;\"><a href=\"https:\/\/agora.xtec.cat\/cfamontserratroig\/programes-i-projectes-del-centre\/lart-de-parlar\/\"><img loading=\"lazy\" decoding=\"async\" class=\"aligncenter wp-image-985\" title=\"L'art de parlar\" src=\"https:\/\/agora.xtec.cat\/cfamontserratroig\/wp-content\/uploads\/usu2436\/2021\/04\/1-1.png\" alt=\"\" width=\"212\" height=\"165\" srcset=\"https:\/\/agora.xtec.cat\/cfamontserratroig\/wp-content\/uploads\/usu2436\/2021\/04\/1-1.png 473w, https:\/\/agora.xtec.cat\/cfamontserratroig\/wp-content\/uploads\/usu2436\/2021\/04\/1-1-300x234.png 300w\" sizes=\"auto, (max-width: 212px) 100vw, 212px\" \/><\/a><\/td>\n<td style=\"width: 278.533px; border-style: solid; height: 198px;\"><a href=\"https:\/\/agora.xtec.cat\/cfamontserratroig\/programes-i-projectes-del-centre\/lletres-a-les-aules\/\" target=\"_blank\" rel=\"noopener\"><img loading=\"lazy\" decoding=\"async\" class=\"aligncenter wp-image-9394\" title=\"Lletres a les aules\" src=\"https:\/\/projectes.xtec.cat\/xarxadults\/wp-content\/uploads\/usu1741\/2018\/06\/lletres-e1527962226944-300x293.png\" alt=\"Logo Lletres a les aules\" width=\"164\" height=\"160\" \/><\/a><\/td>\n<\/tr>\n<tr style=\"height: 203px;\">\n<td style=\"width: 264.733px; border-style: solid; height: 209px;\"><img loading=\"lazy\" decoding=\"async\" class=\"aligncenter wp-image-973\" style=\"border: none; color: #2795b6;\" title=\"L'impuls de la lectura\" src=\"https:\/\/agora.xtec.cat\/cfamontserratroig\/wp-content\/uploads\/usu2436\/2021\/04\/3.jpg\" alt=\"\" width=\"154\" height=\"154\" srcset=\"https:\/\/agora.xtec.cat\/cfamontserratroig\/wp-content\/uploads\/usu2436\/2021\/04\/3.jpg 225w, https:\/\/agora.xtec.cat\/cfamontserratroig\/wp-content\/uploads\/usu2436\/2021\/04\/3-150x150.jpg 150w\" sizes=\"auto, (max-width: 154px) 100vw, 154px\" \/><\/td>\n<td style=\"width: 264.733px; border-style: solid; height: 209px;\"><a href=\"https:\/\/agora.xtec.cat\/cfamontserratroig\/programes-i-projectes-del-centre\/orientacio-educativa\/\"><img loading=\"lazy\" decoding=\"async\" class=\"aligncenter wp-image-982\" title=\"Orientaci\u00f3 educativa\" src=\"https:\/\/agora.xtec.cat\/cfamontserratroig\/wp-content\/uploads\/usu2436\/2021\/04\/2-1.jpg\" alt=\"\" width=\"273\" height=\"144\" srcset=\"https:\/\/agora.xtec.cat\/cfamontserratroig\/wp-content\/uploads\/usu2436\/2021\/04\/2-1.jpg 309w, https:\/\/agora.xtec.cat\/cfamontserratroig\/wp-content\/uploads\/usu2436\/2021\/04\/2-1-300x158.jpg 300w\" sizes=\"auto, (max-width: 273px) 100vw, 273px\" \/><\/a><\/td>\n<td style=\"width: 278.533px; border-style: solid; height: 209px;\"><\/td>\n<\/tr>\n<\/tbody>\n<\/table>\n","protected":false},"excerpt":{"rendered":"<p>Iniciatives adre\u00e7ades a fomentar la millora de la qualitat educativa i la participaci\u00f3 de l\u2019alumnat des dels diferents ensenyaments impartits en el centre, sempre amb l\u2019objectiu d\u2019aconseguir l\u2019\u00e8xit en la formaci\u00f3 dels nostres alumnes i afavorir la cohesi\u00f3 social.<\/p>\n<p><a href=\"https:\/\/agora.xtec.cat\/cfamontserratroig\/programes-i-projectes-del-centre\/fluency-boost-programa-dauxiliars-de-conversa-en-angles\/\" target=\"_blank\" rel=\"noopener\"><\/a><br \/>\n<a href=\"https:\/\/agora.xtec.cat\/cfamontserratroig\/programes-i-projectes-del-centre\/programa-enginy\/\" target=\"_blank\" rel=\"noopener\"><\/a><br \/>\n<a&hellip;  <a href=\"https:\/\/agora.xtec.cat\/cfamontserratroig\/programes-i-projectes-del-centre\/\" title=\"Read Programes i projectes\">Llegeix m\u00e9s\u00bb<\/a><\/p>\n","protected":false},"author":3,"featured_media":0,"parent":0,"menu_order":0,"comment_status":"closed","ping_status":"closed","template":"page-templates\/side-menu.php","meta":{"_bbp_topic_count":0,"_bbp_reply_count":0,"_bbp_total_topic_count":0,"_bbp_total_reply_count":0,"_bbp_voice_count":0,"_bbp_anonymous_reply_count":0,"_bbp_topic_count_hidden":0,"_bbp_reply_count_hidden":0,"_bbp_forum_subforum_count":0,"footnotes":""},"class_list":["post-955","page","type-page","status-publish","hentry"],"post_mailing_queue_ids":[],"_links":{"self":[{"href":"https:\/\/agora.xtec.cat\/cfamontserratroig\/wp-json\/wp\/v2\/pages\/955","targetHints":{"allow":["GET"]}}],"collection":[{"href":"https:\/\/agora.xtec.cat\/cfamontserratroig\/wp-json\/wp\/v2\/pages"}],"about":[{"href":"https:\/\/agora.xtec.cat\/cfamontserratroig\/wp-json\/wp\/v2\/types\/page"}],"author":[{"embeddable":true,"href":"https:\/\/agora.xtec.cat\/cfamontserratroig\/wp-json\/wp\/v2\/users\/3"}],"replies":[{"embeddable":true,"href":"https:\/\/agora.xtec.cat\/cfamontserratroig\/wp-json\/wp\/v2\/comments?post=955"}],"version-history":[{"count":8,"href":"https:\/\/agora.xtec.cat\/cfamontserratroig\/wp-json\/wp\/v2\/pages\/955\/revisions"}],"predecessor-version":[{"id":2647,"href":"https:\/\/agora.xtec.cat\/cfamontserratroig\/wp-json\/wp\/v2\/pages\/955\/revisions\/2647"}],"wp:attachment":[{"href":"https:\/\/agora.xtec.cat\/cfamontserratroig\/wp-json\/wp\/v2\/media?parent=955"}],"curies":[{"name":"wp","href":"https:\/\/api.w.org\/{rel}","templated":true}]}}