{"id":690,"date":"2021-05-18T08:00:33","date_gmt":"2021-05-18T06:00:33","guid":{"rendered":"https:\/\/agora.xtec.cat\/cfamontserratroig\/?page_id=690"},"modified":"2025-10-20T14:05:17","modified_gmt":"2025-10-20T12:05:17","slug":"horaris-generals","status":"publish","type":"page","link":"https:\/\/agora.xtec.cat\/cfamontserratroig\/el-centre\/horaris\/horaris-generals\/","title":{"rendered":"Horaris dels ensenyaments 25-26"},"content":{"rendered":"<p>Aquests s\u00f3n els horaris per al <strong>curs 25-26<\/strong>:<\/p>\n<p><span style=\"color: #ffffff;\"><em>Aquests horaris s\u00f3n orientatius. S&#8217;acabaran de concretar al setembre, quan els grups estiguin confirmats.<\/em><\/span><\/p>\n<p><span style=\"color: #000000;\"><em>No tots els cursos programats aquest any tenen assegurada la continu\u00eftat a la mateixa franja hor\u00e0ria o dia per l&#8217;any vinent. Els horaris s&#8217;elaboren en funci\u00f3 de la demanda i de la disponibilitat de professorat i espais.<\/em><\/span><\/p>\n<p><span style=\"color: #000000;\"><strong>\u2022 A la seu de Poblenou:<\/strong><\/span><\/p>\n<table style=\"border-style: double; border-color: #5c5c5c; width: 73.3316%; height: 777px;\">\n<tbody>\n<tr style=\"height: 33px;\">\n<td style=\"height: 513px; width: 18.8198%; background-color: #89629f; border-color: #5c5c5c; border-style: double;\" rowspan=\"15\"><strong><span style=\"color: #ffffff;\">Ensenyaments de lleng\u00fces<\/span><\/strong><br \/>\n<strong><span style=\"color: #ffffff;\">\u00a0<\/span><\/strong><\/td>\n<td style=\"height: 33px; width: 32.9146%; border-color: #5c5c5c; border-style: double; background-color: #e3d8eb;\"><strong>Llengua anglesa 1 Mat\u00ed\u00a0<\/strong><\/td>\n<td style=\"height: 33px; width: 44.0752%; border-color: #5c5c5c; border-style: double; background-color: #e3d8eb;\">Dilluns i dimecres de 10:30 a 12:00<\/td>\n<\/tr>\n<tr style=\"height: 33px;\">\n<td style=\"width: 32.9146%; border-color: #5c5c5c; border-style: double; background-color: #e3d8eb; height: 33px;\"><strong>Llengua anglesa 1 Tarda\u00a0<\/strong><\/td>\n<td style=\"width: 44.0752%; border-color: #5c5c5c; border-style: double; background-color: #e3d8eb; height: 33px;\">Dimarts i dijous de 17:00 a 18:30<\/td>\n<\/tr>\n<tr style=\"height: 33px;\">\n<td style=\"height: 33px; width: 32.9146%; border-color: #5c5c5c; border-style: double; background-color: #e3d8eb;\"><strong>Llengua anglesa 2 Mat\u00ed<\/strong><\/td>\n<td style=\"height: 33px; width: 44.0752%; border-color: #5c5c5c; border-style: double; background-color: #e3d8eb;\">Dilluns i dimecres de 12:00 a 14:00<\/td>\n<\/tr>\n<tr style=\"height: 33px;\">\n<td style=\"width: 32.9146%; border-color: #5c5c5c; border-style: double; background-color: #e3d8eb; height: 33px;\"><strong>Llengua anglesa 2 Tarda<\/strong><\/td>\n<td style=\"width: 44.0752%; border-color: #5c5c5c; border-style: double; background-color: #e3d8eb; height: 33px;\">Dilluns i dimecres de 17:00 a 19:00<\/td>\n<\/tr>\n<tr style=\"height: 33px;\">\n<td style=\"height: 33px; width: 32.9146%; border-color: #5c5c5c; border-style: double; background-color: #e3d8eb;\"><strong>Llengua anglesa 3 Mat\u00ed<\/strong><\/td>\n<td style=\"height: 33px; width: 44.0752%; border-color: #5c5c5c; border-style: double; background-color: #e3d8eb;\">Dimarts i dijous de 12:00 a 14:00<\/td>\n<\/tr>\n<tr style=\"height: 33px;\">\n<td style=\"height: 35px; width: 32.9146%; border-color: #5c5c5c; border-style: double; background-color: #e3d8eb;\"><strong>Llengua anglesa 3 Tarda<\/strong><\/td>\n<td style=\"height: 35px; width: 44.0752%; border-color: #5c5c5c; border-style: double; background-color: #e3d8eb;\">Dilluns i dimecres de 15:00 a 17:00<\/td>\n<\/tr>\n<tr style=\"height: 33px;\">\n<td style=\"width: 32.9146%; border-color: #5c5c5c; border-style: double; background-color: #edc0eb; height: 33px;\"><strong>Llengua catalana 1<\/strong><\/td>\n<td style=\"width: 44.0752%; border-color: #5c5c5c; border-style: double; background-color: #edc0eb; height: 33px;\">Dilluns i dimecres de 15:00 a 16:30<\/td>\n<\/tr>\n<tr style=\"height: 33px;\">\n<td style=\"height: 33px; width: 32.9146%; border-color: #5c5c5c; border-style: double; background-color: #edc0eb;\"><strong>Llengua catalana 2<\/strong><\/td>\n<td style=\"height: 33px; width: 44.0752%; border-color: #5c5c5c; border-style: double; background-color: #edc0eb;\">Dimarts i dijous de 17:00 a 19:00<\/td>\n<\/tr>\n<tr style=\"height: 49px;\">\n<td style=\"width: 32.9146%; border-color: #5c5c5c; border-style: double; background-color: #edc0eb; height: 49px;\"><strong>Llengua catalana 3<\/strong><\/td>\n<td style=\"width: 44.0752%; border-color: #5c5c5c; border-style: double; background-color: #edc0eb; height: 49px;\">Dilluns i dimecres de 16:30 a 18:30<\/td>\n<\/tr>\n<tr style=\"height: 33px;\">\n<td style=\"width: 32.9146%; background-color: #dfa6ff; border-color: #5c5c5c; border-style: double; height: 33px;\"><strong>Llengua castellana 1 A<\/strong><\/td>\n<td style=\"width: 44.0752%; background-color: #dfa6ff; border-color: #5c5c5c; border-style: double; height: 33px;\">Dimarts i dijous de 10:30 a 12:00.<\/td>\n<\/tr>\n<tr style=\"height: 33px;\">\n<td style=\"width: 32.9146%; background-color: #dfa6ff; border-color: #5c5c5c; border-style: double; height: 33px;\"><strong>Llengua castellana 1 B<\/strong><\/td>\n<td style=\"width: 44.0752%; background-color: #dfa6ff; border-color: #5c5c5c; border-style: double; height: 33px;\">Dimarts i dijous de 18:30 a 20:00<\/td>\n<\/tr>\n<tr style=\"height: 33px;\">\n<td style=\"width: 32.9146%; height: 33px; background-color: #dfa6ff; border-color: #5c5c5c; border-style: double;\"><strong>Llengua castellana 2 A<\/strong><\/td>\n<td style=\"width: 44.0752%; height: 33px; background-color: #dfa6ff; border-color: #5c5c5c; border-style: double;\">Dilluns i dimecres de 16:30 a 18:30<\/td>\n<\/tr>\n<tr style=\"height: 33px;\">\n<td style=\"width: 32.9146%; background-color: #dfa6ff; border-color: #5c5c5c; border-style: double; height: 33px;\"><strong>Llengua castellana 2 B<\/strong><\/td>\n<td style=\"width: 44.0752%; background-color: #dfa6ff; border-color: #5c5c5c; border-style: double; height: 33px;\">Dilluns i dimecres de 18:30 a 20:30<\/td>\n<\/tr>\n<tr style=\"height: 33px;\">\n<td style=\"width: 32.9146%; height: 33px; background-color: #dfa6ff; border-color: #5c5c5c; border-style: double;\"><strong>Llengua castellana 3 A<\/strong><\/td>\n<td style=\"width: 44.0752%; height: 33px; background-color: #dfa6ff; border-color: #5c5c5c; border-style: double;\">Dimarts i dijous de 15:30 a 17:30<\/td>\n<\/tr>\n<tr style=\"height: 33px;\">\n<td style=\"width: 32.9146%; height: 33px; background-color: #dfa6ff; border-color: #5c5c5c; border-style: double;\"><strong>Llengua castellana 3 B<\/strong><\/td>\n<td style=\"width: 44.0752%; height: 33px; background-color: #dfa6ff; border-color: #5c5c5c; border-style: double;\">Diimarts i dijous de 17:30 a 19:30<\/td>\n<\/tr>\n<tr style=\"height: 33px;\">\n<td style=\"width: 18.8198%; height: 66px; background-color: #7e9309; border-color: #5c5c5c; border-style: double;\" rowspan=\"2\"><strong><span style=\"color: #ffffff;\">Cicle d&#8217;educaci\u00f3 secund\u00e0ria<\/span><\/strong><\/td>\n<td style=\"width: 32.9146%; height: 33px; border-color: #5c5c5c; border-style: double; background-color: #afd6a7;\"><strong>GESO 1<\/strong><\/td>\n<td style=\"width: 44.0752%; height: 33px; border-color: #5c5c5c; border-style: double; background-color: #afd6a7;\">De dilluns a dijous de 9 a 13:30<br \/>\nDivendres de 9:00 a 10:30<\/td>\n<\/tr>\n<tr style=\"height: 33px;\">\n<td style=\"width: 32.9146%; height: 33px; border-color: #5c5c5c; border-style: double; background-color: #afd6a7;\"><strong>GESO 2<\/strong><\/td>\n<td style=\"width: 44.0752%; height: 33px; border-color: #5c5c5c; border-style: double; background-color: #afd6a7;\">De dilluns a dijous de 9 a 13:30<br \/>\nDivendres de 9:00 a 10:30<\/td>\n<\/tr>\n<tr style=\"height: 33px;\">\n<td style=\"width: 18.8198%; background-color: #ec8122; border-color: #5c5c5c; border-style: double; height: 198px;\" rowspan=\"6\"><strong><span style=\"color: #ffffff;\"><br \/>\n<\/span><\/strong><strong><span style=\"color: #ffffff;\">Inform\u00e0tica<\/span><\/strong><\/td>\n<td style=\"width: 32.9146%; height: 33px; border-color: #5c5c5c; border-style: double; background-color: #edbf91;\"><strong>Inform\u00e0tica COMPETIC 1 Mat\u00ed<\/strong><\/td>\n<td style=\"width: 44.0752%; height: 33px; border-color: #5c5c5c; border-style: double; background-color: #edbf91;\">Dimarts i dijous de 12:00 a 13:30<\/td>\n<\/tr>\n<tr style=\"height: 33px;\">\n<td style=\"width: 32.9146%; height: 33px; border-color: #5c5c5c; border-style: double; background-color: #edbf91;\"><strong>Inform\u00e0tica COMPETIC 1 Tarda<\/strong><\/td>\n<td style=\"width: 44.0752%; height: 33px; border-color: #5c5c5c; border-style: double; background-color: #edbf91;\">Dilluns i dimecres de 15:00 a 16:30<\/td>\n<\/tr>\n<tr style=\"height: 33px;\">\n<td style=\"width: 32.9146%; border-color: #5c5c5c; border-style: double; background-color: #edbf91; height: 33px;\"><strong>Inform\u00e0tica COMPETIC 2 Mat\u00ed<\/strong><\/td>\n<td style=\"width: 44.0752%; border-color: #5c5c5c; border-style: double; background-color: #edbf91; height: 33px;\">Dilluns i dimecres de 10:00 a 12:00 (semipresencial o a dist\u00e0ncia amb suport presencial)<\/td>\n<\/tr>\n<tr style=\"height: 33px;\">\n<td style=\"width: 32.9146%; height: 33px; border-color: #5c5c5c; border-style: double; background-color: #edbf91;\"><strong>Inform\u00e0tica COMPETIC 2 Tarda<\/strong><\/td>\n<td style=\"width: 44.0752%; height: 33px; border-color: #5c5c5c; border-style: double; background-color: #edbf91;\">Dilluns i dimarts de 16:30 a 18:30.<br \/>\n(semipresencial o a dist\u00e0ncia amb suport presencial)<\/td>\n<\/tr>\n<tr style=\"height: 33px;\">\n<td style=\"height: 33px; width: 32.9146%; border-color: #5c5c5c; border-style: double; background-color: #edbf91;\"><strong>Inform\u00e0tica COMPETIC 3 Mat\u00ed<\/strong><\/td>\n<td style=\"height: 33px; width: 44.0752%; border-color: #5c5c5c; border-style: double; background-color: #edbf91;\">Dimarts i dijous de 10:30 a 12:00 (semipresencial o a dist\u00e0ncia amb suport presencial)<\/td>\n<\/tr>\n<tr style=\"height: 33px;\">\n<td style=\"height: 33px; width: 32.9146%; border-color: #5c5c5c; border-style: double; background-color: #edbf91;\"><strong>Inform\u00e0tica COMPETIC 3 Tarda<\/strong><\/td>\n<td style=\"height: 33px; width: 44.0752%; border-color: #5c5c5c; border-style: double; background-color: #edbf91;\">Dilluns de 18:30 a 20:00 i dimecres de 17:00 a 18:30 (semipresencial o a dist\u00e0ncia amb suport presencial)<\/td>\n<\/tr>\n<\/tbody>\n<\/table>\n<p>&nbsp;<\/p>\n","protected":false},"excerpt":{"rendered":"<p>Aquests s\u00f3n els horaris per al curs 25-26:<br \/>\nAquests horaris s\u00f3n orientatius. S&#8217;acabaran de concretar al setembre, quan els grups estiguin confirmats.<br \/>\nNo tots els cursos programats aquest any tenen assegurada la continu\u00eftat a la mateixa franja hor\u00e0ria o dia per l&#8217;any vinent. Els horaris s&#8217;elaboren en&hellip;  <a href=\"https:\/\/agora.xtec.cat\/cfamontserratroig\/el-centre\/horaris\/horaris-generals\/\" title=\"Read Horaris dels ensenyaments 25-26\">Llegeix m\u00e9s\u00bb<\/a><\/p>\n","protected":false},"author":1,"featured_media":0,"parent":894,"menu_order":10,"comment_status":"closed","ping_status":"closed","template":"page-templates\/side-menu.php","meta":{"_bbp_topic_count":0,"_bbp_reply_count":0,"_bbp_total_topic_count":0,"_bbp_total_reply_count":0,"_bbp_voice_count":0,"_bbp_anonymous_reply_count":0,"_bbp_topic_count_hidden":0,"_bbp_reply_count_hidden":0,"_bbp_forum_subforum_count":0,"footnotes":""},"class_list":["post-690","page","type-page","status-publish","hentry"],"post_mailing_queue_ids":[],"_links":{"self":[{"href":"https:\/\/agora.xtec.cat\/cfamontserratroig\/wp-json\/wp\/v2\/pages\/690","targetHints":{"allow":["GET"]}}],"collection":[{"href":"https:\/\/agora.xtec.cat\/cfamontserratroig\/wp-json\/wp\/v2\/pages"}],"about":[{"href":"https:\/\/agora.xtec.cat\/cfamontserratroig\/wp-json\/wp\/v2\/types\/page"}],"author":[{"embeddable":true,"href":"https:\/\/agora.xtec.cat\/cfamontserratroig\/wp-json\/wp\/v2\/users\/1"}],"replies":[{"embeddable":true,"href":"https:\/\/agora.xtec.cat\/cfamontserratroig\/wp-json\/wp\/v2\/comments?post=690"}],"version-history":[{"count":8,"href":"https:\/\/agora.xtec.cat\/cfamontserratroig\/wp-json\/wp\/v2\/pages\/690\/revisions"}],"predecessor-version":[{"id":2777,"href":"https:\/\/agora.xtec.cat\/cfamontserratroig\/wp-json\/wp\/v2\/pages\/690\/revisions\/2777"}],"up":[{"embeddable":true,"href":"https:\/\/agora.xtec.cat\/cfamontserratroig\/wp-json\/wp\/v2\/pages\/894"}],"wp:attachment":[{"href":"https:\/\/agora.xtec.cat\/cfamontserratroig\/wp-json\/wp\/v2\/media?parent=690"}],"curies":[{"name":"wp","href":"https:\/\/api.w.org\/{rel}","templated":true}]}}