{"id":339,"date":"2015-01-28T12:22:56","date_gmt":"2015-01-28T11:22:56","guid":{"rendered":"http:\/\/agora.xtec.cat\/cfamontserratroig\/?page_id=339"},"modified":"2026-03-27T08:56:25","modified_gmt":"2026-03-27T07:56:25","slug":"atencio-al-public","status":"publish","type":"page","link":"https:\/\/agora.xtec.cat\/cfamontserratroig\/el-centre\/horaris\/atencio-al-public\/","title":{"rendered":"Horari d&#8217;atenci\u00f3 al p\u00fablic 25-26"},"content":{"rendered":"<p><strong>Horari d&#8217;atenci\u00f3 general<\/strong><\/p>\n<ul class=\"horaris\">\n<li>De dilluns a dijous: de <strong>9:00<\/strong> a <strong>13:00<\/strong>\u00a0 i de <strong>15:00<\/strong> a <strong>18:00<\/strong><\/li>\n<li>Divendres: de <strong>9:00<\/strong><span style=\"font-family: inherit; font-size: 1em;\"> a <\/span><strong>13:00<\/strong><\/li>\n<\/ul>\n<p>&nbsp;<\/p>\n<p>&nbsp;<\/p>\n","protected":false},"excerpt":{"rendered":"<p>Horari d&#8217;atenci\u00f3 general<\/p>\n<ul class=\"horaris\">\n<li>De dilluns a dijous: de 9:00 a 13:00\u00a0 i de 15:00 a 18:00<\/li>\n<li>Divendres: de 9:00 a 13:00<\/li>\n<\/ul>\n<p>&nbsp;<br \/>\n&nbsp;<\/p>\n","protected":false},"author":1,"featured_media":0,"parent":894,"menu_order":20,"comment_status":"closed","ping_status":"closed","template":"page-templates\/side-menu.php","meta":{"_bbp_topic_count":0,"_bbp_reply_count":0,"_bbp_total_topic_count":0,"_bbp_total_reply_count":0,"_bbp_voice_count":0,"_bbp_anonymous_reply_count":0,"_bbp_topic_count_hidden":0,"_bbp_reply_count_hidden":0,"_bbp_forum_subforum_count":0,"footnotes":""},"class_list":["post-339","page","type-page","status-publish","hentry"],"post_mailing_queue_ids":[],"_links":{"self":[{"href":"https:\/\/agora.xtec.cat\/cfamontserratroig\/wp-json\/wp\/v2\/pages\/339","targetHints":{"allow":["GET"]}}],"collection":[{"href":"https:\/\/agora.xtec.cat\/cfamontserratroig\/wp-json\/wp\/v2\/pages"}],"about":[{"href":"https:\/\/agora.xtec.cat\/cfamontserratroig\/wp-json\/wp\/v2\/types\/page"}],"author":[{"embeddable":true,"href":"https:\/\/agora.xtec.cat\/cfamontserratroig\/wp-json\/wp\/v2\/users\/1"}],"replies":[{"embeddable":true,"href":"https:\/\/agora.xtec.cat\/cfamontserratroig\/wp-json\/wp\/v2\/comments?post=339"}],"version-history":[{"count":8,"href":"https:\/\/agora.xtec.cat\/cfamontserratroig\/wp-json\/wp\/v2\/pages\/339\/revisions"}],"predecessor-version":[{"id":2887,"href":"https:\/\/agora.xtec.cat\/cfamontserratroig\/wp-json\/wp\/v2\/pages\/339\/revisions\/2887"}],"up":[{"embeddable":true,"href":"https:\/\/agora.xtec.cat\/cfamontserratroig\/wp-json\/wp\/v2\/pages\/894"}],"wp:attachment":[{"href":"https:\/\/agora.xtec.cat\/cfamontserratroig\/wp-json\/wp\/v2\/media?parent=339"}],"curies":[{"name":"wp","href":"https:\/\/api.w.org\/{rel}","templated":true}]}}