{"id":303,"date":"2015-01-28T11:23:05","date_gmt":"2015-01-28T10:23:05","guid":{"rendered":"http:\/\/agora.xtec.cat\/cfamontserratroig\/?page_id=303"},"modified":"2021-04-26T17:33:17","modified_gmt":"2021-04-26T15:33:17","slug":"graduat-en-educacio-secundaria-per-adults","status":"publish","type":"page","link":"https:\/\/agora.xtec.cat\/cfamontserratroig\/ensenyaments\/ensenyaments-inicials-i-formacio-basica\/graduat-en-educacio-secundaria-per-adults\/","title":{"rendered":"Graduat en educaci\u00f3 secundaria per adults (GESO)"},"content":{"rendered":"<p>Aquests estudis permeten completar els ensenyaments b\u00e0sics i obtenir el <strong>t\u00edtol de graduat o graduada en educaci\u00f3 secund\u00e0ria obligat\u00f2ria<\/strong> (GESO).<\/p>\n<p><a href=\"https:\/\/agora.xtec.cat\/cfamontserratroig\/el-centre\/horaris-generals\/\" target=\"_blank\" rel=\"noopener noreferrer\"><button class=\"button\"><span style=\"color: #fff;\">HORARIS<\/span><\/button><\/a><\/p>\n<h5><strong>Nivells<\/strong><\/h5>\n<table style=\"height: 250px;\">\n<tbody>\n<tr style=\"height: 33px;\">\n<td style=\"width: 699px; height: 33px;\" colspan=\"3\">\n<h5><strong>M\u00f2duls del nivell I\u00a0 &#8211;\u00a0 35h per m\u00f2dul<br \/>\n<\/strong><\/h5>\n<\/td>\n<\/tr>\n<tr style=\"height: 33px;\">\n<td style=\"width: 231.4px; height: 33px;\"><strong>\u00c0mbit de la comunicaci\u00f3<\/strong><\/td>\n<td style=\"width: 232.85px; height: 33px;\"><strong>\u00c0mbit cientificotecnol\u00f2gic<\/strong><\/td>\n<td style=\"width: 230.75px; height: 33px;\"><strong>\u00c0mbit social<\/strong><\/td>\n<\/tr>\n<tr style=\"height: 151px;\">\n<td style=\"width: 231.4px; height: 151px; text-align: left;\" valign=\"top\">\n<ul>\n<li>Literatura<\/li>\n<li>Llengua catalana I<\/li>\n<li>Llengua castellana I<\/li>\n<li>Llengua estrangera I<\/li>\n<li>Llengua catalana II<\/li>\n<li>Llengua castellana II<\/li>\n<\/ul>\n<\/td>\n<td style=\"width: 232.85px; height: 151px;\" valign=\"top\">\n<ul>\n<li>Matem\u00e0tiques I<\/li>\n<li>Matem\u00e0tiques II<\/li>\n<li>F\u00edsica i qu\u00edmica I<\/li>\n<li>Ci\u00e8ncies naturals<\/li>\n<li>Educaci\u00f3 per a la salut<\/li>\n<\/ul>\n<\/td>\n<td style=\"width: 230.75px; height: 151px;\" valign=\"top\">\n<ul>\n<li>Ci\u00e8ncies socials I i educaci\u00f3 per a la ciutadania<\/li>\n<li>Geografia I<\/li>\n<li>Hist\u00f2ria I<\/li>\n<\/ul>\n<\/td>\n<\/tr>\n<tr style=\"height: 33px;\">\n<td style=\"width: 699px; height: 33px;\" colspan=\"3\">Total m\u00f2duls del 1r nivell a cursar: 14 comuns i 3 opcionals<\/td>\n<\/tr>\n<\/tbody>\n<\/table>\n<table style=\"height: 232px;\">\n<tbody>\n<tr>\n<td style=\"width: 698px;\" colspan=\"3\">\n<h5><strong>M\u00f2duls del nivell II<\/strong><strong>\u00a0 &#8211;\u00a0 35h per m\u00f2dul<\/strong><\/h5>\n<\/td>\n<\/tr>\n<tr>\n<td style=\"width: 197.683px;\"><strong>\u00c0mbit de la comunicaci\u00f3<\/strong><\/td>\n<td style=\"width: 211.35px;\"><strong>\u00c0mbit cientificotecnol\u00f2gic<\/strong><\/td>\n<td style=\"width: 284.967px;\"><strong>\u00c0mbit social<\/strong><\/td>\n<\/tr>\n<tr>\n<td style=\"width: 197.683px;\" valign=\"top\">\n<ul>\n<li>Llengua catalana III<\/li>\n<li>Llengua castellana III<\/li>\n<li>Llengua estrangera II<\/li>\n<li>Llengua estrangera III<\/li>\n<li>Literatura catalana<\/li>\n<li>Literatura castellana<\/li>\n<\/ul>\n<\/td>\n<td style=\"width: 211.35px;\" valign=\"top\">\n<ul>\n<li>Matem\u00e0tiques III<\/li>\n<li>Matem\u00e0tiques IV<\/li>\n<li>F\u00edsica i qu\u00edmica II<\/li>\n<li>Biologia i geologia<\/li>\n<li>Tecnologia<\/li>\n<\/ul>\n<\/td>\n<td style=\"width: 284.967px;\" valign=\"top\">\n<ul>\n<li>Ci\u00e8ncies socials II i moviments migratoris<\/li>\n<li>Geografia II<\/li>\n<li>Hist\u00f2ria II<\/li>\n<\/ul>\n<\/td>\n<\/tr>\n<tr>\n<td style=\"width: 698px;\" colspan=\"3\">Total m\u00f2duls del 2r nivell a cursar: 14 comuns i 3 opcionals<\/td>\n<\/tr>\n<\/tbody>\n<\/table>\n<table style=\"height: 275px;\">\n<tbody>\n<tr>\n<td style=\"width: 698px;\" colspan=\"3\">\n<h5><strong>M\u00f2duls opcionals<\/strong><strong>\u00a0 &#8211;\u00a0 35h per m\u00f2dul<\/strong><\/h5>\n<\/td>\n<\/tr>\n<tr>\n<td style=\"width: 185.533px;\"><strong>\u00c0mbit de la comunicaci\u00f3<\/strong><\/td>\n<td style=\"width: 279.8px;\"><strong>\u00c0mbit cientificotecnol\u00f2gic<\/strong><\/td>\n<td style=\"width: 228.667px;\"><strong>\u00c0mbit social<\/strong><\/td>\n<\/tr>\n<tr>\n<td style=\"width: 185.533px;\" valign=\"top\">\n<ul>\n<li>Llengua estrangera 0<\/li>\n<li>Taller d\u2019escriptura creativa<\/li>\n<li>El Gust per la lectura<\/li>\n<\/ul>\n<\/td>\n<td style=\"width: 279.8px;\" valign=\"top\">\n<ul>\n<li>Matem\u00e0tiques inicials<\/li>\n<li>Tecnologies de la informaci\u00f3 i la comunicaci\u00f3<\/li>\n<\/ul>\n<\/td>\n<td style=\"width: 228.667px;\" valign=\"top\">\n<ul>\n<li>Arts i artistes<\/li>\n<\/ul>\n<\/td>\n<\/tr>\n<tr>\n<td style=\"width: 698px;\" colspan=\"3\">Total m\u00f2duls opcionals: 3 m\u00f2duls opcionals a cada nivell<\/td>\n<\/tr>\n<\/tbody>\n<\/table>\n<h5><strong>Acc\u00e9s<\/strong><\/h5>\n<p>Amb car\u00e0cter general, per accedir a l\u2019educaci\u00f3 d\u2019adults cal tenir <strong>18 anys<\/strong>, o b\u00e9 complir-los durant l\u2019any natural en qu\u00e8 s\u2019inicia la formaci\u00f3.<\/p>\n<p>Tamb\u00e9 hi poden accedir les persones m\u00e9s grans de 16 anys o que els compleixin durant l\u2019any natural en qu\u00e8 inicien la formaci\u00f3 si es troben en alguna de les situacions seg\u00fcents:<\/p>\n<ul>\n<li>Tenen un contracte laboral que els impedeixi assistir als centres educatius en r\u00e8gim ordinari.<\/li>\n<li>Es troben en proc\u00e9s d\u2019obtenci\u00f3 d\u2019un perm\u00eds de treball.<\/li>\n<li>S\u00f3n esportistes d\u2019alt rendiment.<\/li>\n<li>Han cursat o estan cursant els programes postobligatoris de formaci\u00f3 i inserci\u00f3 i volen cursar, en paral\u00b7lel, els ensenyaments d\u2019educaci\u00f3 secund\u00e0ria obligat\u00f2ria per a adults.<\/li>\n<li>Participen en el programa d\u2019experi\u00e8ncia professional per a l\u2019ocupaci\u00f3 juvenil a Catalunya \u201cJoves per l\u2019ocupaci\u00f3\u201d.<\/li>\n<li>Excepcionalment el director o directora dels serveis territorials o el gerent del Consorci a la ciutat de Barcelona, pot autoritzar la incorporaci\u00f3 d\u2019alumnes que no compleixin els requisits anteriors.<\/li>\n<\/ul>\n<h5><strong>Durada<\/strong><\/h5>\n<p>Els cursos s\u00f3n anuals. La durada total d\u2019aquests estudis \u00e9s de 1.190 hores.<\/p>\n<table style=\"height: 182px;\">\n<tbody>\n<tr style=\"height: 33px;\">\n<td style=\"height: 45px; width: 109.217px; border-style: solid;\"><strong>Nivell<\/strong><\/td>\n<td style=\"height: 45px; width: 86.1667px; border-style: solid;\"><strong>Hores totals<\/strong><\/td>\n<td style=\"height: 45px; width: 363.733px; border-style: solid;\"><strong>Hores setmanals<\/strong><\/td>\n<td style=\"width: 446.883px; height: 182px; border-style: hidden hidden hidden solid; border-right: medium hidden; border-bottom: medium hidden; border-top: medium hidden; text-align: center;\" rowspan=\"3\"><strong><a href=\"https:\/\/agora.xtec.cat\/cfamontserratroig\/el-centre\/horaris-generals\/\" target=\"_blank\" rel=\"noopener noreferrer\"><button class=\"button\"><span style=\"color: #fff;\">HORARIS<\/span><\/button><\/a><\/strong><\/td>\n<\/tr>\n<tr style=\"height: 33px;\">\n<td style=\"height: 51px; width: 109.217px; border-style: solid;\">GESO 1<\/td>\n<td style=\"height: 51px; width: 86.1667px; border-style: solid;\">595h<\/td>\n<td style=\"height: 51px; width: 363.733px; border-style: solid;\">De dilluns a dijous de 9 a 13:30 h<br \/>\nDivendres de 9 a 12 h (COMPETIC 1)<\/td>\n<\/tr>\n<tr style=\"height: 33px;\">\n<td style=\"height: 43px; width: 109.217px; border-style: solid;\">GESO 2<\/td>\n<td style=\"height: 43px; width: 86.1667px; border-style: solid;\">595h<\/td>\n<td style=\"height: 43px; width: 363.733px; border-style: solid;\">De dilluns a dijous de 9 a 13:30 h<br \/>\nDivendres de 9 a 12 h<\/td>\n<\/tr>\n<\/tbody>\n<\/table>\n<p>Per a <strong>m\u00e9s informaci\u00f3<\/strong> sobre aquests estudis podeu visitar la p\u00e0gina del Departament d\u2019Ensenyament de la Generalitat de Catalunya <strong>fent clic al seg\u00fcent bot\u00f3<\/strong>:<\/p>\n<p><a href=\"http:\/\/queestudiar.gencat.cat\/ca\/estudis\/adults\/estudis\/secundaria\/?p_id=280&amp;estudi\" target=\"_blank\" rel=\"noopener noreferrer\"><img decoding=\"async\" class=\"\" style=\"width: 146px; height: 47px;\" src=\"https:\/\/agora.xtec.cat\/cfamontserratroig\/wp-content\/uploads\/usu2436\/2021\/03\/gencat.png\" alt=\"GENCAT\" \/><\/a><\/p>\n","protected":false},"excerpt":{"rendered":"<p>Aquests estudis permeten completar els ensenyaments b\u00e0sics i obtenir el t\u00edtol de graduat o graduada en educaci\u00f3 secund\u00e0ria obligat\u00f2ria (GESO).<br \/>\n<a href=\"https:\/\/agora.xtec.cat\/cfamontserratroig\/el-centre\/horaris-generals\/\" target=\"_blank\" rel=\"noopener noreferrer\">HORARIS<\/a><br \/>\nNivells<\/p>\n<p>M\u00f2duls del nivell I\u00a0 &#8211;\u00a0 35h per m\u00f2dul<\/p>\n<p>\u00c0mbit de la comunicaci\u00f3<br \/>\n\u00c0mbit cientificotecnol\u00f2gic<br \/>\n\u00c0mbit social<\/p>\n<ul>\n<li>Literatura<\/li>\n<li>Llengua catalana I<\/li>\n<li>Llengua castellana I<\/li>\n<li>Llengua estrangera I<\/li>\n<li>Llengua catalana II<\/li>\n<li>Llengua castellana&hellip;  <a href=\"https:\/\/agora.xtec.cat\/cfamontserratroig\/ensenyaments\/ensenyaments-inicials-i-formacio-basica\/graduat-en-educacio-secundaria-per-adults\/\" title=\"Read Graduat en educaci\u00f3 secundaria per adults (GESO)\">Llegeix m\u00e9s\u00bb<\/a><br \/>\n","protected":false},"author":1,"featured_media":0,"parent":283,"menu_order":0,"comment_status":"closed","ping_status":"closed","template":"page-templates\/side-menu.php","meta":{"_bbp_topic_count":0,"_bbp_reply_count":0,"_bbp_total_topic_count":0,"_bbp_total_reply_count":0,"_bbp_voice_count":0,"_bbp_anonymous_reply_count":0,"_bbp_topic_count_hidden":0,"_bbp_reply_count_hidden":0,"_bbp_forum_subforum_count":0,"footnotes":""},"class_list":["post-303","page","type-page","status-publish","hentry"],"post_mailing_queue_ids":[],"_links":{"self":[{"href":"https:\/\/agora.xtec.cat\/cfamontserratroig\/wp-json\/wp\/v2\/pages\/303","targetHints":{"allow":["GET"]}}],"collection":[{"href":"https:\/\/agora.xtec.cat\/cfamontserratroig\/wp-json\/wp\/v2\/pages"}],"about":[{"href":"https:\/\/agora.xtec.cat\/cfamontserratroig\/wp-json\/wp\/v2\/types\/page"}],"author":[{"embeddable":true,"href":"https:\/\/agora.xtec.cat\/cfamontserratroig\/wp-json\/wp\/v2\/users\/1"}],"replies":[{"embeddable":true,"href":"https:\/\/agora.xtec.cat\/cfamontserratroig\/wp-json\/wp\/v2\/comments?post=303"}],"version-history":[{"count":4,"href":"https:\/\/agora.xtec.cat\/cfamontserratroig\/wp-json\/wp\/v2\/pages\/303\/revisions"}],"predecessor-version":[{"id":1416,"href":"https:\/\/agora.xtec.cat\/cfamontserratroig\/wp-json\/wp\/v2\/pages\/303\/revisions\/1416"}],"up":[{"embeddable":true,"href":"https:\/\/agora.xtec.cat\/cfamontserratroig\/wp-json\/wp\/v2\/pages\/283"}],"wp:attachment":[{"href":"https:\/\/agora.xtec.cat\/cfamontserratroig\/wp-json\/wp\/v2\/media?parent=303"}],"curies":[{"name":"wp","href":"https:\/\/api.w.org\/{rel}","templated":true}]}}