{"id":299,"date":"2015-01-28T11:21:22","date_gmt":"2015-01-28T10:21:22","guid":{"rendered":"http:\/\/agora.xtec.cat\/cfamontserratroig\/?page_id=299"},"modified":"2025-05-07T09:50:36","modified_gmt":"2025-05-07T07:50:36","slug":"llengua-castellana","status":"publish","type":"page","link":"https:\/\/agora.xtec.cat\/cfamontserratroig\/ensenyaments\/ensenyaments-inicials-i-formacio-basica\/llengua-castellana\/","title":{"rendered":"Llengua castellana"},"content":{"rendered":"<p>Els ensenyaments de la <strong>llengua castellana<\/strong> s\u2019imparteixen en <strong>tres nivells<\/strong>. En aquests es treballen les habilitats de comprensi\u00f3 i expressi\u00f3 orals i escrites que permeten fer front a la major part de situacions ling\u00fc\u00edstiques de la vida quotidiana.<\/p>\n<ul>\n<li style=\"list-style-type: none;\">\n<ul style=\"list-style-type: disc;\">\n<li><strong><span style=\"color: #5e3a73;\">Nivell 1 <\/span><\/strong>(equivalent al <strong>nivell A1<\/strong> del MCER)<strong>: <\/strong>L\u2019alumnat aprenent del curs s\u00f3n persones amb total desconeixement de la llengua castellana.<\/li>\n<\/ul>\n<\/li>\n<\/ul>\n<ul>\n<li style=\"list-style-type: none;\">\n<ul style=\"list-style-type: disc;\">\n<li><strong><span style=\"color: #5e3a73;\">Nivells 2 i 3 <\/span><\/strong>(equivalents, respectivament, als<strong> nivells A2 i B1<\/strong> del MCER)<strong>:<\/strong> S\u2019adrecen a persones que han superat el nivell 1 o 2, o que disposen dels coneixements corresponents per a poder-lo seguir.<\/li>\n<\/ul>\n<\/li>\n<\/ul>\n<table style=\"height: 174px;\">\n<tbody>\n<tr style=\"height: 33px;\">\n<td style=\"height: 45px; width: 97.7833px; border-style: solid;\"><strong>Nivell<\/strong><\/td>\n<td style=\"height: 45px; width: 78.8667px; border-style: solid;\"><strong>Hores totals<\/strong><\/td>\n<td style=\"height: 45px; width: 358.8px; border-style: solid;\"><strong>Hores setmanals<\/strong><\/td>\n<td style=\"width: 277.55px; height: 174px; border-style: hidden hidden hidden solid; border-right: medium hidden; border-bottom: medium hidden; border-top: medium hidden; text-align: center;\" rowspan=\"4\"><strong><a href=\"https:\/\/agora.xtec.cat\/cfamontserratroig\/el-centre\/horaris-generals\/\" target=\"_blank\" rel=\"noopener noreferrer\"><button class=\"button\"><span style=\"color: #fff;\">HORARIS<\/span><\/button><\/a><\/strong><\/td>\n<\/tr>\n<tr style=\"height: 33px;\">\n<td style=\"height: 43px; width: 97.7833px; border-style: solid;\">Castell\u00e0 1<\/td>\n<td style=\"height: 43px; width: 78.8667px; border-style: solid;\">105h<\/td>\n<td style=\"height: 43px; width: 358.8px; border-style: solid;\">Dues sessions setmanals d&#8217;1h 30&#8242; de setembre a juny <em>(compatible amb l&#8217;obtenci\u00f3 del certificat de 45h)<\/em><\/td>\n<\/tr>\n<tr style=\"height: 33px;\">\n<td style=\"height: 43px; width: 97.7833px; border-style: solid;\">Castell\u00e0 2<\/td>\n<td style=\"height: 43px; width: 78.8667px; border-style: solid;\">140h<\/td>\n<td style=\"height: 43px; width: 358.8px; border-style: solid;\">Dues sessions setmanals de 2h de setembre a juny<\/td>\n<\/tr>\n<tr style=\"height: 34px;\">\n<td style=\"height: 43px; width: 97.7833px; border-style: solid;\">Castell\u00e0 3<\/td>\n<td style=\"height: 43px; width: 78.8667px; border-style: solid;\">140h<\/td>\n<td style=\"height: 43px; width: 358.8px; border-style: solid;\">Dues sessions setmanals de 2h de setembre a juny<\/td>\n<\/tr>\n<\/tbody>\n<\/table>\n<p>&nbsp;<\/p>\n","protected":false},"excerpt":{"rendered":"<p>Els ensenyaments de la llengua castellana s\u2019imparteixen en tres nivells. En aquests es treballen les habilitats de comprensi\u00f3 i expressi\u00f3 orals i escrites que permeten fer front a la major part de situacions ling\u00fc\u00edstiques de la vida quotidiana.<\/p>\n<ul>\n<li style=\"list-style-type: none;\">\n<ul style=\"list-style-type: disc;\">\n<li>Nivell 1 (equivalent al&hellip;  <a href=\"https:\/\/agora.xtec.cat\/cfamontserratroig\/ensenyaments\/ensenyaments-inicials-i-formacio-basica\/llengua-castellana\/\" title=\"Read Llengua castellana\">Llegeix m\u00e9s\u00bb<\/a><br \/>\n","protected":false},"author":1,"featured_media":0,"parent":283,"menu_order":0,"comment_status":"closed","ping_status":"closed","template":"page-templates\/side-menu.php","meta":{"_bbp_topic_count":0,"_bbp_reply_count":0,"_bbp_total_topic_count":0,"_bbp_total_reply_count":0,"_bbp_voice_count":0,"_bbp_anonymous_reply_count":0,"_bbp_topic_count_hidden":0,"_bbp_reply_count_hidden":0,"_bbp_forum_subforum_count":0,"footnotes":""},"class_list":["post-299","page","type-page","status-publish","hentry"],"post_mailing_queue_ids":[],"_links":{"self":[{"href":"https:\/\/agora.xtec.cat\/cfamontserratroig\/wp-json\/wp\/v2\/pages\/299","targetHints":{"allow":["GET"]}}],"collection":[{"href":"https:\/\/agora.xtec.cat\/cfamontserratroig\/wp-json\/wp\/v2\/pages"}],"about":[{"href":"https:\/\/agora.xtec.cat\/cfamontserratroig\/wp-json\/wp\/v2\/types\/page"}],"author":[{"embeddable":true,"href":"https:\/\/agora.xtec.cat\/cfamontserratroig\/wp-json\/wp\/v2\/users\/1"}],"replies":[{"embeddable":true,"href":"https:\/\/agora.xtec.cat\/cfamontserratroig\/wp-json\/wp\/v2\/comments?post=299"}],"version-history":[{"count":5,"href":"https:\/\/agora.xtec.cat\/cfamontserratroig\/wp-json\/wp\/v2\/pages\/299\/revisions"}],"predecessor-version":[{"id":2698,"href":"https:\/\/agora.xtec.cat\/cfamontserratroig\/wp-json\/wp\/v2\/pages\/299\/revisions\/2698"}],"up":[{"embeddable":true,"href":"https:\/\/agora.xtec.cat\/cfamontserratroig\/wp-json\/wp\/v2\/pages\/283"}],"wp:attachment":[{"href":"https:\/\/agora.xtec.cat\/cfamontserratroig\/wp-json\/wp\/v2\/media?parent=299"}],"curies":[{"name":"wp","href":"https:\/\/api.w.org\/{rel}","templated":true}]}}