{"id":296,"date":"2015-01-28T11:18:08","date_gmt":"2015-01-28T10:18:08","guid":{"rendered":"http:\/\/agora.xtec.cat\/cfamontserratroig\/?page_id=296"},"modified":"2025-05-07T09:56:25","modified_gmt":"2025-05-07T07:56:25","slug":"llengua-catalana","status":"publish","type":"page","link":"https:\/\/agora.xtec.cat\/cfamontserratroig\/ensenyaments\/ensenyaments-inicials-i-formacio-basica\/llengua-catalana\/","title":{"rendered":"Llengua catalana"},"content":{"rendered":"<p>Els ensenyaments de la <strong>llengua catalana<\/strong> s\u2019imparteixen en <strong>tres nivells<\/strong>. En aquests es treballen les habilitats de comprensi\u00f3 i expressi\u00f3 orals i escrites que permeten fer front a la major part de situacions ling\u00fc\u00edstiques de la vida quotidiana.<\/p>\n<ul>\n<li style=\"list-style-type: none;\">\n<ul style=\"list-style-type: disc;\">\n<li><strong><span style=\"color: #5e3a73;\">Nivell 1 <\/span><\/strong>(equivalent al <strong>nivell A1<\/strong> del MCER)<strong>: <\/strong>L\u2019alumnat aprenent del curs s\u00f3n persones amb total desconeixement de la llengua catalana.<\/li>\n<\/ul>\n<\/li>\n<\/ul>\n<ul>\n<li style=\"list-style-type: none;\">\n<ul style=\"list-style-type: disc;\">\n<li><strong><span style=\"color: #5e3a73;\">Nivells 2 i 3 <\/span><\/strong>(equivalents, respectivament, als<strong> nivells A2 i B1<\/strong> del MCER)<strong>:<\/strong> S\u2019adrecen a persones que han superat el nivell 1 o 2, o que disposen dels coneixements corresponents per a poder-lo seguir.<\/li>\n<\/ul>\n<\/li>\n<\/ul>\n<table style=\"height: 125px; width: 60.2636%;\">\n<tbody>\n<tr style=\"height: 33px;\">\n<td style=\"height: 45px; width: 12.8606%; border-style: solid;\"><strong>Nivell<\/strong><\/td>\n<td style=\"height: 45px; width: 9.61532%; border-style: solid;\"><strong>Hores totals<\/strong><\/td>\n<td style=\"height: 45px; width: 43.5097%; border-style: solid;\"><strong>Hores setmanals<\/strong><\/td>\n<td style=\"width: 32.6923%; height: 125px; border-style: hidden hidden hidden solid; border-right-width: medium; border-right-color: initial; border-bottom-width: medium; border-bottom-color: initial; border-top-width: medium; border-top-color: initial; text-align: center;\" rowspan=\"4\"><strong><a class=\"links-botons\" href=\"https:\/\/agora.xtec.cat\/cfamontserratroig\/el-centre\/horaris-generals\/\" target=\"_blank\" rel=\"noopener noreferrer\"><button class=\"button\"><span style=\"color: #fff;\">HORARIS<\/span><\/button><\/a><\/strong><\/td>\n<\/tr>\n<tr style=\"height: 33px;\">\n<td style=\"height: 10px; width: 12.8606%; border-style: solid;\">Catal\u00e0 1<\/td>\n<td style=\"height: 10px; width: 9.61532%; border-style: solid;\">105h<\/td>\n<td style=\"height: 10px; width: 43.5097%; border-style: solid;\">Dues sessions setmanals d&#8217;1h 30&#8242; de setembre a juny. <em>(compatible amb l&#8217;obtenci\u00f3 del certificat de 45h)<\/em><\/td>\n<\/tr>\n<tr style=\"height: 33px;\">\n<td style=\"height: 35px; width: 12.8606%; border-style: solid;\">Catal\u00e0 2<\/td>\n<td style=\"height: 35px; width: 9.61532%; border-style: solid;\">140h<\/td>\n<td style=\"height: 35px; width: 43.5097%; border-style: solid;\">Dues sessions setmanals de 2h de setembre a juny<\/td>\n<\/tr>\n<tr style=\"height: 34px;\">\n<td style=\"height: 35px; width: 12.8606%; border-style: solid;\">Catal\u00e0 3<\/td>\n<td style=\"height: 35px; width: 9.61532%; border-style: solid;\">140h<\/td>\n<td style=\"height: 35px; width: 43.5097%; border-style: solid;\">Dues sessions setmanals de 2h de setembre a juny <strong>(CURS 24-25: No hi ha grup de Catal\u00e0 3)<\/strong><\/td>\n<\/tr>\n<\/tbody>\n<\/table>\n<p>&nbsp;<\/p>\n","protected":false},"excerpt":{"rendered":"<p>Els ensenyaments de la llengua catalana s\u2019imparteixen en tres nivells. En aquests es treballen les habilitats de comprensi\u00f3 i expressi\u00f3 orals i escrites que permeten fer front a la major part de situacions ling\u00fc\u00edstiques de la vida quotidiana.<\/p>\n<ul>\n<li style=\"list-style-type: none;\">\n<ul style=\"list-style-type: disc;\">\n<li>Nivell 1 (equivalent al&hellip;  <a href=\"https:\/\/agora.xtec.cat\/cfamontserratroig\/ensenyaments\/ensenyaments-inicials-i-formacio-basica\/llengua-catalana\/\" title=\"Read Llengua catalana\">Llegeix m\u00e9s\u00bb<\/a><br \/>\n","protected":false},"author":1,"featured_media":0,"parent":283,"menu_order":0,"comment_status":"closed","ping_status":"closed","template":"page-templates\/side-menu.php","meta":{"_bbp_topic_count":0,"_bbp_reply_count":0,"_bbp_total_topic_count":0,"_bbp_total_reply_count":0,"_bbp_voice_count":0,"_bbp_anonymous_reply_count":0,"_bbp_topic_count_hidden":0,"_bbp_reply_count_hidden":0,"_bbp_forum_subforum_count":0,"footnotes":""},"class_list":["post-296","page","type-page","status-publish","hentry"],"post_mailing_queue_ids":[],"_links":{"self":[{"href":"https:\/\/agora.xtec.cat\/cfamontserratroig\/wp-json\/wp\/v2\/pages\/296","targetHints":{"allow":["GET"]}}],"collection":[{"href":"https:\/\/agora.xtec.cat\/cfamontserratroig\/wp-json\/wp\/v2\/pages"}],"about":[{"href":"https:\/\/agora.xtec.cat\/cfamontserratroig\/wp-json\/wp\/v2\/types\/page"}],"author":[{"embeddable":true,"href":"https:\/\/agora.xtec.cat\/cfamontserratroig\/wp-json\/wp\/v2\/users\/1"}],"replies":[{"embeddable":true,"href":"https:\/\/agora.xtec.cat\/cfamontserratroig\/wp-json\/wp\/v2\/comments?post=296"}],"version-history":[{"count":7,"href":"https:\/\/agora.xtec.cat\/cfamontserratroig\/wp-json\/wp\/v2\/pages\/296\/revisions"}],"predecessor-version":[{"id":2700,"href":"https:\/\/agora.xtec.cat\/cfamontserratroig\/wp-json\/wp\/v2\/pages\/296\/revisions\/2700"}],"up":[{"embeddable":true,"href":"https:\/\/agora.xtec.cat\/cfamontserratroig\/wp-json\/wp\/v2\/pages\/283"}],"wp:attachment":[{"href":"https:\/\/agora.xtec.cat\/cfamontserratroig\/wp-json\/wp\/v2\/media?parent=296"}],"curies":[{"name":"wp","href":"https:\/\/api.w.org\/{rel}","templated":true}]}}