{"id":2889,"date":"2026-03-27T09:31:40","date_gmt":"2026-03-27T08:31:40","guid":{"rendered":"https:\/\/agora.xtec.cat\/cfamontserratroig\/?page_id=2889"},"modified":"2026-03-27T12:32:54","modified_gmt":"2026-03-27T11:32:54","slug":"horaris-del-personal-dadministracio-i-serveis","status":"publish","type":"page","link":"https:\/\/agora.xtec.cat\/cfamontserratroig\/el-centre\/horaris\/horaris-del-personal-dadministracio-i-serveis\/","title":{"rendered":"Horaris del Personal d&#8217;Administraci\u00f3 i Serveis"},"content":{"rendered":"<ul>\n<li><strong>Jornada laboral de 37,5 hores setmanals emmarcada dins del l\u2019horari del centre que \u00e9s de 8:30 a 20:30: <\/strong>Els horaris de cada membre del PAS s\u00f3n establerts trimestralment per l\u2019equip directiu, d\u2019acord amb les necessitats organitzatives i de funcionament del centre.<\/li>\n<\/ul>\n<p><em>En per\u00efodes concrets (preinscripci\u00f3 , matr\u00edcula, etc.) i dates assenyalades (Castanyada, Sant Jordi, Festa de final de curs, etc.) els horaris poden canviar puntualment per tal d\u2019adaptar-se a les necessitats del centre<\/em><\/p>\n","protected":false},"excerpt":{"rendered":"<ul>\n<li>Jornada laboral de 37,5 hores setmanals emmarcada dins del l\u2019horari del centre que \u00e9s de 8:30 a 20:30: Els horaris de cada membre del PAS s\u00f3n establerts trimestralment per l\u2019equip directiu, d\u2019acord amb les necessitats organitzatives i de funcionament del centre.<\/li>\n<\/ul>\n<p>En per\u00efodes concrets (preinscripci\u00f3 ,&hellip;  <a href=\"https:\/\/agora.xtec.cat\/cfamontserratroig\/el-centre\/horaris\/horaris-del-personal-dadministracio-i-serveis\/\" title=\"Read Horaris del Personal d&#8217;Administraci\u00f3 i Serveis\">Llegeix m\u00e9s\u00bb<\/a><\/p>\n","protected":false},"author":1,"featured_media":0,"parent":894,"menu_order":9,"comment_status":"closed","ping_status":"closed","template":"page-templates\/side-menu.php","meta":{"_bbp_topic_count":0,"_bbp_reply_count":0,"_bbp_total_topic_count":0,"_bbp_total_reply_count":0,"_bbp_voice_count":0,"_bbp_anonymous_reply_count":0,"_bbp_topic_count_hidden":0,"_bbp_reply_count_hidden":0,"_bbp_forum_subforum_count":0,"footnotes":""},"class_list":["post-2889","page","type-page","status-publish","hentry"],"post_mailing_queue_ids":[],"_links":{"self":[{"href":"https:\/\/agora.xtec.cat\/cfamontserratroig\/wp-json\/wp\/v2\/pages\/2889","targetHints":{"allow":["GET"]}}],"collection":[{"href":"https:\/\/agora.xtec.cat\/cfamontserratroig\/wp-json\/wp\/v2\/pages"}],"about":[{"href":"https:\/\/agora.xtec.cat\/cfamontserratroig\/wp-json\/wp\/v2\/types\/page"}],"author":[{"embeddable":true,"href":"https:\/\/agora.xtec.cat\/cfamontserratroig\/wp-json\/wp\/v2\/users\/1"}],"replies":[{"embeddable":true,"href":"https:\/\/agora.xtec.cat\/cfamontserratroig\/wp-json\/wp\/v2\/comments?post=2889"}],"version-history":[{"count":2,"href":"https:\/\/agora.xtec.cat\/cfamontserratroig\/wp-json\/wp\/v2\/pages\/2889\/revisions"}],"predecessor-version":[{"id":2899,"href":"https:\/\/agora.xtec.cat\/cfamontserratroig\/wp-json\/wp\/v2\/pages\/2889\/revisions\/2899"}],"up":[{"embeddable":true,"href":"https:\/\/agora.xtec.cat\/cfamontserratroig\/wp-json\/wp\/v2\/pages\/894"}],"wp:attachment":[{"href":"https:\/\/agora.xtec.cat\/cfamontserratroig\/wp-json\/wp\/v2\/media?parent=2889"}],"curies":[{"name":"wp","href":"https:\/\/api.w.org\/{rel}","templated":true}]}}