{"id":27,"date":"2014-09-17T16:24:03","date_gmt":"2014-09-17T16:24:03","guid":{"rendered":"http:\/\/agora.xtec.cat\/cfamontserratroig\/?page_id=27"},"modified":"2025-11-11T18:18:54","modified_gmt":"2025-11-11T17:18:54","slug":"historia","status":"publish","type":"page","link":"https:\/\/agora.xtec.cat\/cfamontserratroig\/el-centre\/historia\/","title":{"rendered":"El nostre centre"},"content":{"rendered":"<ul>\n<li>\n<h6><strong>Una mica d&#8217;hist\u00f2ria<\/strong><\/h6>\n<\/li>\n<\/ul>\n<p>El CFA Montserrat Roig pertany a la xarxa de centres p\u00fablics de formaci\u00f3 de persones adultes de la Generalitat de Catalunya,\u00a0 i va ser creat, com a tal,\u00a0 el 26 d\u2019agost de 2014. Tanmateix, el que avui es coneix com a CFA Montserrat Roig va n\u00e9ixer l\u2019any 1978 com una\u00a0 escola p\u00fablica que oferia educaci\u00f3 b\u00e0sica i comunit\u00e0ria a les persones que vivien al barri de la Perona. Quan als ve\u00efns de la Perona van ser reallotjats i el barri va desapar\u00e8ixer, a l\u2019any 1989, l\u2019escola es va ubicar al barri del Bes\u00f2s, concretament als locals de l\u2019Associaci\u00f3 de Ve\u00efns de la Rambla Prim 22. L\u2019any 1993 l\u2019escola es va traslladar a la tercera planta del\u00a0 Centre C\u00edvic del Bes\u00f2s a la Rambla Prim 87-89.<\/p>\n<p>El curs 2013-2014, el Districte de Sant Mart\u00ed va posar a disposici\u00f3 del Consorci d\u2019Educaci\u00f3 de Barcelona un nou equipament educatiu p\u00fablic al barri del Poblenou, situat a la Rambla del Poblenou, 130, que \u00e9s l\u2019edifici i la seu oficial del nostre centre.<\/p>\n<p>Des d\u2019aquesta seu es continuava dirigint, gestionant i impartint doc\u00e8ncia tamb\u00e9 a les aules del barri del Bes\u00f2s, que durant molts anys han estat ubicades a la tercera planta de l\u2019Institut Rambla Prim, al barri del Bes\u00f2s-Maresme, dins del mateix districte de Sant Mart\u00ed. Aquestes aules es compartien amb l\u2019alumnat de l\u2019institut i estaven disponibles en horari de tarda. Cal destacar que, a partir del curs 2025-2026, el nostre centre ja no imparteix classes a l\u2019Institut Rambla Prim, ja que s\u2019ha obert una nova escola d\u2019adults al barri del Bes\u00f2s, on es concentren ara les activitats formatives d\u2019aquesta zona.<\/p>\n<p>A la seu principal tamb\u00e9 hi ha les oficines del Servei d\u2019Orientaci\u00f3 &#8211; Pla Jove Sant Mart\u00ed, que col\u00b7labora amb el nostre centre (i amb d\u2019altres) en les accions d\u2019orientaci\u00f3 de l\u2019alumnat, donant suport als processos de continu\u00eftat formativa dels joves.<\/p>\n<p>El nostre centre ofereix a totes les persones iniciar o aprofundir en els seus coneixements, desenvolupar les seves capacitats i millorar les seves compet\u00e8ncies en els tres \u00e0mbits b\u00e0sics que defineix la Llei d\u2019Educaci\u00f3 d\u2019Adults: formaci\u00f3 instrumental i b\u00e0sica, formaci\u00f3 per al m\u00f3n laboral i formaci\u00f3 per al lleure i la cultura. Els nostres ensenyaments donen l\u2019oportunitat d\u2019accedir a altres estudis dins els sistema educatiu, fent aix\u00ed possible l\u2019entrada al m\u00f3n professional i laboral.<\/p>\n<ul>\n<li>\n<h6><a href=\"https:\/\/agora.xtec.cat\/cfamontserratroig\/ensenyaments\/\">Informa&#8217;t sobre els nostres cursos<\/a><\/h6>\n<\/li>\n<li>\n<h6><strong>Testimonis dels nostres alumnes<\/strong><\/h6>\n<\/li>\n<\/ul>\n<p><iframe loading=\"lazy\" src=\"https:\/\/www.youtube.com\/embed\/cyc5JyJHD7c\" width=\"560\" height=\"315\" frameborder=\"0\"><\/iframe><br \/>\nAquest v\u00eddeo va ser realitzat per alumnes de GESO 1 del curs 2015\/2016.<\/p>\n<p>&nbsp;<\/p>\n","protected":false},"excerpt":{"rendered":"<ul>\n<li>\nUna mica d&#8217;hist\u00f2ria\n<\/li>\n<\/ul>\n<p>El CFA Montserrat Roig pertany a la xarxa de centres p\u00fablics de formaci\u00f3 de persones adultes de la Generalitat de Catalunya,\u00a0 i va ser creat, com a tal,\u00a0 el 26 d\u2019agost de 2014. Tanmateix, el que avui es coneix com a CFA Montserrat&hellip;  <a href=\"https:\/\/agora.xtec.cat\/cfamontserratroig\/el-centre\/historia\/\" title=\"Read El nostre centre\">Llegeix m\u00e9s\u00bb<\/a><\/p>\n","protected":false},"author":1,"featured_media":0,"parent":261,"menu_order":10,"comment_status":"closed","ping_status":"closed","template":"page-templates\/side-menu.php","meta":{"_bbp_topic_count":0,"_bbp_reply_count":0,"_bbp_total_topic_count":0,"_bbp_total_reply_count":0,"_bbp_voice_count":0,"_bbp_anonymous_reply_count":0,"_bbp_topic_count_hidden":0,"_bbp_reply_count_hidden":0,"_bbp_forum_subforum_count":0,"footnotes":""},"class_list":["post-27","page","type-page","status-publish","hentry"],"post_mailing_queue_ids":[],"_links":{"self":[{"href":"https:\/\/agora.xtec.cat\/cfamontserratroig\/wp-json\/wp\/v2\/pages\/27","targetHints":{"allow":["GET"]}}],"collection":[{"href":"https:\/\/agora.xtec.cat\/cfamontserratroig\/wp-json\/wp\/v2\/pages"}],"about":[{"href":"https:\/\/agora.xtec.cat\/cfamontserratroig\/wp-json\/wp\/v2\/types\/page"}],"author":[{"embeddable":true,"href":"https:\/\/agora.xtec.cat\/cfamontserratroig\/wp-json\/wp\/v2\/users\/1"}],"replies":[{"embeddable":true,"href":"https:\/\/agora.xtec.cat\/cfamontserratroig\/wp-json\/wp\/v2\/comments?post=27"}],"version-history":[{"count":6,"href":"https:\/\/agora.xtec.cat\/cfamontserratroig\/wp-json\/wp\/v2\/pages\/27\/revisions"}],"predecessor-version":[{"id":2810,"href":"https:\/\/agora.xtec.cat\/cfamontserratroig\/wp-json\/wp\/v2\/pages\/27\/revisions\/2810"}],"up":[{"embeddable":true,"href":"https:\/\/agora.xtec.cat\/cfamontserratroig\/wp-json\/wp\/v2\/pages\/261"}],"wp:attachment":[{"href":"https:\/\/agora.xtec.cat\/cfamontserratroig\/wp-json\/wp\/v2\/media?parent=27"}],"curies":[{"name":"wp","href":"https:\/\/api.w.org\/{rel}","templated":true}]}}