{"id":265,"date":"2015-01-27T17:28:56","date_gmt":"2015-01-27T16:28:56","guid":{"rendered":"http:\/\/agora.xtec.cat\/cfamontserratroig\/?page_id=265"},"modified":"2024-09-29T13:02:22","modified_gmt":"2024-09-29T11:02:22","slug":"organitzacio-interna","status":"publish","type":"page","link":"https:\/\/agora.xtec.cat\/cfamontserratroig\/el-centre\/organitzacio-interna\/","title":{"rendered":"Qui som"},"content":{"rendered":"<h6><strong>Equip docent<\/strong><\/h6>\n<ul>\n<li><strong>Equip Directiu:<\/strong>\n<ul>\n<li style=\"list-style-type: none;\">\n<ul>\n<li>Jordi Isabal (Director)<\/li>\n<li>Roser de Antonio (Cap d\u2019estudis)<\/li>\n<li>Ruth Pleguezuelos (Secret\u00e0ria)<\/li>\n<\/ul>\n<\/li>\n<\/ul>\n<\/li>\n<\/ul>\n<ul>\n<li><strong>Equip Pedag\u00f2gic:<\/strong>\n<ul>\n<li style=\"list-style-type: none;\">\n<ul>\n<li>Elvira Samaniego (Coordinaci\u00f3 LIC i COCOBE)<\/li>\n<li>Elena Mur (Coordinaci\u00f3 de GESO)<\/li>\n<li>Obed Murillo (Responsable del Pla d&#8217;Estrat\u00e8gia Digital)<\/li>\n<li>Merc\u00e8 Garc\u00eda (Coordinaci\u00f3 d&#8217;Ensenyaments inicials i formaci\u00f3 b\u00e0sica)<\/li>\n<li>\u00c0ngel Pacheco (Docent de Lleng\u00fces)<\/li>\n<\/ul>\n<\/li>\n<\/ul>\n<\/li>\n<\/ul>\n<h6><strong>Personal d&#8217;administraci\u00f3 i serveis<\/strong><\/h6>\n<ul>\n<li><strong>Administrativa:<\/strong> Anna Gil<\/li>\n<li><strong>Responsable Consergeria:<\/strong> Ivan Alcalde<\/li>\n<li><strong>Responsable de neteja:\u00a0<\/strong>L\u00eddia Cobos<\/li>\n<\/ul>\n<h6><a href=\"https:\/\/ajuntament.barcelona.cat\/santmarti\/ca\/servei-dorientacio-pla-jove\" target=\"_blank\" rel=\"noopener noreferrer\"><strong>Servei d&#8217;orientaci\u00f3 (Pla Jove &#8211; Sant Mart\u00ed)<\/strong><\/a><\/h6>\n<table class=\"orientacio\" style=\"border-style: hidden;\">\n<tbody>\n<tr>\n<td style=\"border-style: hidden; width: 78px;\">Contacte:<\/td>\n<td style=\"border-style: hidden; width: 37px;\"><img loading=\"lazy\" decoding=\"async\" class=\"wp-image-1375 alignnone\" src=\"https:\/\/agora.xtec.cat\/cfamontserratroig\/wp-content\/uploads\/usu2436\/2021\/04\/email.png\" alt=\"\" width=\"16\" height=\"16\" srcset=\"https:\/\/agora.xtec.cat\/cfamontserratroig\/wp-content\/uploads\/usu2436\/2021\/04\/email.png 512w, https:\/\/agora.xtec.cat\/cfamontserratroig\/wp-content\/uploads\/usu2436\/2021\/04\/email-150x150.png 150w, https:\/\/agora.xtec.cat\/cfamontserratroig\/wp-content\/uploads\/usu2436\/2021\/04\/email-300x300.png 300w\" sizes=\"auto, (max-width: 16px) 100vw, 16px\" \/><\/td>\n<td style=\"border-style: hidden; width: 215px;\"><a href=\"mailto:so-santmarti.ceb@gencat.cat\">so-santmarti.ceb@gencat.cat<\/a><\/td>\n<td style=\"border-style: hidden; width: 37px;\"><img loading=\"lazy\" decoding=\"async\" class=\"alignnone wp-image-1374\" src=\"https:\/\/agora.xtec.cat\/cfamontserratroig\/wp-content\/uploads\/usu2436\/2021\/04\/call.png\" alt=\"\" width=\"15\" height=\"15\" srcset=\"https:\/\/agora.xtec.cat\/cfamontserratroig\/wp-content\/uploads\/usu2436\/2021\/04\/call.png 512w, https:\/\/agora.xtec.cat\/cfamontserratroig\/wp-content\/uploads\/usu2436\/2021\/04\/call-150x150.png 150w, https:\/\/agora.xtec.cat\/cfamontserratroig\/wp-content\/uploads\/usu2436\/2021\/04\/call-300x300.png 300w\" sizes=\"auto, (max-width: 15px) 100vw, 15px\" \/><\/td>\n<td style=\"border-style: hidden; width: 185px; font-size: 13px;\">932 778 400 \/ 634 287 572<\/td>\n<\/tr>\n<\/tbody>\n<\/table>\n","protected":false},"excerpt":{"rendered":"<p>Equip docent<\/p>\n<ul>\n<li>Equip Directiu:\n<ul>\n<li style=\"list-style-type: none;\">\n<ul>\n<li>Jordi Isabal (Director)<\/li>\n<li>Roser de Antonio (Cap d\u2019estudis)<\/li>\n<li>Ruth Pleguezuelos (Secret\u00e0ria)<\/li>\n<\/ul>\n<\/li>\n<\/ul>\n<\/li>\n<\/ul>\n<ul>\n<li>Equip Pedag\u00f2gic:\n<ul>\n<li style=\"list-style-type: none;\">\n<ul>\n<li>Elvira Samaniego (Coordinaci\u00f3 LIC i COCOBE)<\/li>\n<li>Elena Mur (Coordinaci\u00f3 de GESO)<\/li>\n<li>Obed Murillo (Responsable del Pla d&#8217;Estrat\u00e8gia Digital)<\/li>\n<li>Merc\u00e8 Garc\u00eda (Coordinaci\u00f3 d&#8217;Ensenyaments inicials i formaci\u00f3 b\u00e0sica)<\/li>\n<li>\u00c0ngel Pacheco (Docent de Lleng\u00fces)<\/li>\n<\/ul>\n<\/li>\n<\/ul>\n<\/li>\n<\/ul>\n<p>Personal d&#8217;administraci\u00f3 i serveis<\/p>\n<ul>\n<li>Administrativa:&hellip;  <a href=\"https:\/\/agora.xtec.cat\/cfamontserratroig\/el-centre\/organitzacio-interna\/\" title=\"Read Qui som\">Llegeix m\u00e9s\u00bb<\/a><br \/>\n","protected":false},"author":1,"featured_media":0,"parent":261,"menu_order":40,"comment_status":"closed","ping_status":"closed","template":"page-templates\/side-menu.php","meta":{"_bbp_topic_count":0,"_bbp_reply_count":0,"_bbp_total_topic_count":0,"_bbp_total_reply_count":0,"_bbp_voice_count":0,"_bbp_anonymous_reply_count":0,"_bbp_topic_count_hidden":0,"_bbp_reply_count_hidden":0,"_bbp_forum_subforum_count":0,"footnotes":""},"class_list":["post-265","page","type-page","status-publish","hentry"],"post_mailing_queue_ids":[],"_links":{"self":[{"href":"https:\/\/agora.xtec.cat\/cfamontserratroig\/wp-json\/wp\/v2\/pages\/265","targetHints":{"allow":["GET"]}}],"collection":[{"href":"https:\/\/agora.xtec.cat\/cfamontserratroig\/wp-json\/wp\/v2\/pages"}],"about":[{"href":"https:\/\/agora.xtec.cat\/cfamontserratroig\/wp-json\/wp\/v2\/types\/page"}],"author":[{"embeddable":true,"href":"https:\/\/agora.xtec.cat\/cfamontserratroig\/wp-json\/wp\/v2\/users\/1"}],"replies":[{"embeddable":true,"href":"https:\/\/agora.xtec.cat\/cfamontserratroig\/wp-json\/wp\/v2\/comments?post=265"}],"version-history":[{"count":8,"href":"https:\/\/agora.xtec.cat\/cfamontserratroig\/wp-json\/wp\/v2\/pages\/265\/revisions"}],"predecessor-version":[{"id":2480,"href":"https:\/\/agora.xtec.cat\/cfamontserratroig\/wp-json\/wp\/v2\/pages\/265\/revisions\/2480"}],"up":[{"embeddable":true,"href":"https:\/\/agora.xtec.cat\/cfamontserratroig\/wp-json\/wp\/v2\/pages\/261"}],"wp:attachment":[{"href":"https:\/\/agora.xtec.cat\/cfamontserratroig\/wp-json\/wp\/v2\/media?parent=265"}],"curies":[{"name":"wp","href":"https:\/\/api.w.org\/{rel}","templated":true}]}}