{"id":2630,"date":"2025-02-28T19:09:21","date_gmt":"2025-02-28T18:09:21","guid":{"rendered":"https:\/\/agora.xtec.cat\/cfamontserratroig\/?page_id=2630"},"modified":"2025-05-22T17:24:04","modified_gmt":"2025-05-22T15:24:04","slug":"aprenentatge-servei-3","status":"publish","type":"page","link":"https:\/\/agora.xtec.cat\/cfamontserratroig\/programes-i-projectes-del-centre\/aprenentatge-servei-3\/","title":{"rendered":"Aprenentatge Servei"},"content":{"rendered":"<p><img loading=\"lazy\" decoding=\"async\" class=\"size-medium wp-image-2120 alignleft\" src=\"https:\/\/agora.xtec.cat\/cfamontserratroig\/wp-content\/uploads\/usu2436\/2023\/06\/aps-300x163.png\" alt=\"\" width=\"300\" height=\"163\" srcset=\"https:\/\/agora.xtec.cat\/cfamontserratroig\/wp-content\/uploads\/usu2436\/2023\/06\/aps-300x163.png 300w, https:\/\/agora.xtec.cat\/cfamontserratroig\/wp-content\/uploads\/usu2436\/2023\/06\/aps.png 591w\" sizes=\"auto, (max-width: 300px) 100vw, 300px\" \/>Un projecte d\u2019Aprenentatge i Servei (APS) est\u00e0 constitu\u00eft per una metodologia que <strong>combina l\u2019adquisici\u00f3 de coneixements<\/strong> <strong>amb la realitzaci\u00f3 d\u2019una acci\u00f3 en benefici de la comunitat.<\/strong> A trav\u00e9s d\u2019aquest enfocament, els aprenentatges adquirits a l\u2019aula s\u2019apliquen a la resoluci\u00f3 de problem\u00e0tiques o necessitats reals del context social. D\u2019aquesta manera, no nom\u00e9s es facilita la consolidaci\u00f3 dels coneixements, sin\u00f3 que tamb\u00e9 es contribueix activament al benestar col\u00b7lectiu. Al nostre centre, ho implementem en els grups de GES.<\/p>\n<p>&nbsp;<\/p>\n<table style=\"border-collapse: collapse; width: 100%;\">\n<tbody>\n<tr>\n<td style=\"width: 10.4786%;\"><strong>curs 24-25<\/strong><\/td>\n<td style=\"width: 22.7883%;\"><img loading=\"lazy\" decoding=\"async\" class=\"alignnone size-medium wp-image-2637\" src=\"https:\/\/agora.xtec.cat\/cfamontserratroig\/wp-content\/uploads\/usu2436\/2025\/02\/1740666756504-300x225.jpg\" alt=\"\" width=\"300\" height=\"225\" srcset=\"https:\/\/agora.xtec.cat\/cfamontserratroig\/wp-content\/uploads\/usu2436\/2025\/02\/1740666756504-300x225.jpg 300w, https:\/\/agora.xtec.cat\/cfamontserratroig\/wp-content\/uploads\/usu2436\/2025\/02\/1740666756504-1024x768.jpg 1024w, https:\/\/agora.xtec.cat\/cfamontserratroig\/wp-content\/uploads\/usu2436\/2025\/02\/1740666756504-768x576.jpg 768w, https:\/\/agora.xtec.cat\/cfamontserratroig\/wp-content\/uploads\/usu2436\/2025\/02\/1740666756504-1536x1152.jpg 1536w, https:\/\/agora.xtec.cat\/cfamontserratroig\/wp-content\/uploads\/usu2436\/2025\/02\/1740666756504-2048x1536.jpg 2048w, https:\/\/agora.xtec.cat\/cfamontserratroig\/wp-content\/uploads\/usu2436\/2025\/02\/1740666756504-200x150.jpg 200w\" sizes=\"auto, (max-width: 300px) 100vw, 300px\" \/><\/td>\n<td style=\"width: 66.7331%;\">Durant el segon trimestre d&#8217;aquest curs, els nostres alumnes de GES 2 han participar en l&#8217;<strong>APS Contes per llegir, contes per crear<\/strong>, amb el suport de <strong>Casa \u00c0sia Barcelona<\/strong>. Es tracta de proporcionar un servei a la comunitat mitjan\u00e7ant la lectura de contes i hist\u00f2ries creades i escrites pels mateixos participants davant d\u2019un p\u00fablic divers:<\/p>\n<ul>\n<li>26 de mar\u00e7: alumnes de catal\u00e0 i castell\u00e0 b\u00e0sic de l&#8217;Associaci\u00f3 Apropem-nos, ubicada al centre c\u00edvic Can Felipa<\/li>\n<li>4 de mar\u00e7: alumnes de l&#8217;escola Poblenou<\/li>\n<li>6 de mar\u00e7: alumnes de Castell\u00e0 1 del nostre centre.<\/li>\n<li>20 de maig: alumnes de 5\u00e8 de l&#8217;escola Collaso i Gil<\/li>\n<li>20 de maig: alumnes de 5\u00e8 de l&#8217;escola Drassanes<\/li>\n<\/ul>\n<p>Els alumnes han pogut millorat les seves habilitats comunicatives, l\u2019escriptura creativa i la creaci\u00f3 art\u00edstica mitjan\u00e7ant la lectura, narraci\u00f3 i representaci\u00f3 de contes que ells mateixos han creat davant d\u2019un p\u00fablic divers. A trav\u00e9s d\u2019aquest projecte, han investigat sobre la cultura, la geografia i les tradicions del Jap\u00f3 per enriquir les seves hist\u00f2ries i comprendre millor el context cultural. A m\u00e9s, han hagut de treballar les seves habilitats art\u00edstiques i interpretatives en explicar els contes amb la t\u00e8cnica tradicional japonesa del kamishibai. Finalment, la realitzaci\u00f3 del projecte han potenciat les seves capacitats de la col\u00b7laboraci\u00f3 i del treball en equip.<\/p>\n<p>Podeu veure els treballs realitzats pels alumnes <strong><a href=\"https:\/\/issuu.com\/cfamontserratroig1\/docs\/contes_per_llegir_contes_per_crear_cfa_montserrat\" target=\"_blank\" rel=\"noopener\">AQU\u00cd<\/a>.<\/strong><\/td>\n<\/tr>\n<tr>\n<td style=\"width: 10.4786%;\"><strong>curs 22-23<\/strong><\/td>\n<td style=\"width: 22.7883%;\"><img loading=\"lazy\" decoding=\"async\" class=\" wp-image-2044 alignleft\" src=\"https:\/\/agora.xtec.cat\/cfamontserratroig\/wp-content\/uploads\/usu2436\/2023\/02\/APS-4-1-300x224.jpg\" alt=\"\" width=\"355\" height=\"265\" srcset=\"https:\/\/agora.xtec.cat\/cfamontserratroig\/wp-content\/uploads\/usu2436\/2023\/02\/APS-4-1-300x224.jpg 300w, https:\/\/agora.xtec.cat\/cfamontserratroig\/wp-content\/uploads\/usu2436\/2023\/02\/APS-4-1-1024x765.jpg 1024w, https:\/\/agora.xtec.cat\/cfamontserratroig\/wp-content\/uploads\/usu2436\/2023\/02\/APS-4-1-768x574.jpg 768w, https:\/\/agora.xtec.cat\/cfamontserratroig\/wp-content\/uploads\/usu2436\/2023\/02\/APS-4-1-1536x1148.jpg 1536w, https:\/\/agora.xtec.cat\/cfamontserratroig\/wp-content\/uploads\/usu2436\/2023\/02\/APS-4-1-200x150.jpg 200w, https:\/\/agora.xtec.cat\/cfamontserratroig\/wp-content\/uploads\/usu2436\/2023\/02\/APS-4-1.jpg 1600w\" sizes=\"auto, (max-width: 355px) 100vw, 355px\" \/><\/td>\n<td style=\"width: 66.7331%;\">Durant el primer trimestre d\u2019aquest curs els nostres alumnes de GES 1 han tingut la ocasi\u00f3 de participar en l\u2019<strong>APS Alimentaci\u00f3 sostenible<\/strong>, basat en la oportunitat d\u2019aprenentatge que ens donen els horts a les ciutats. Ha estat sens dubte una oportunitat d\u2019aprenentatge significativa i transformadora, ja que el treball voluntari als horts urbans\u00a0 permeten la reconexi\u00f3 amb la natura i revaloritzen el treball propi, afavorint la participaci\u00f3 activa en un projecte transformador.<\/p>\n<p>El proc\u00e9s de treball que hem seguit ha estat:<\/p>\n<ul>\n<li>Hem escollit un tema un tema: l\u2019alimentaci\u00f3 sostenible i saludable.<\/li>\n<li>El projecte l\u2019hem dut a terme en diverses sessions al centre, on hem estat acompanyats d\u2019una educadora ambiental que despr\u00e9s d\u2019introduir la problem\u00e0tica, ha ajudat els alumnes a realitzar recerques guiades sobre la tem\u00e0tica i ha dinamitzat un posterior debat.<\/li>\n<li>Accions directes a diferents horts urbans de la ciutat (hort vertical del Casal Ca l\u2019Isidret i l\u2019hort urb\u00e0 del Mercat de la Vall d\u2019Hebron, on tots els aliments van destinats a fam\u00edlies vulnerables).<\/li>\n<\/ul>\n<p>&nbsp;<\/td>\n<\/tr>\n<\/tbody>\n<\/table>\n","protected":false},"excerpt":{"rendered":"<p>Un projecte d\u2019Aprenentatge i Servei (APS) est\u00e0 constitu\u00eft per una metodologia que combina l\u2019adquisici\u00f3 de coneixements amb la realitzaci\u00f3 d\u2019una acci\u00f3 en benefici de la comunitat. A trav\u00e9s d\u2019aquest enfocament, els aprenentatges adquirits a l\u2019aula s\u2019apliquen a la resoluci\u00f3 de problem\u00e0tiques o necessitats reals del&hellip;  <a href=\"https:\/\/agora.xtec.cat\/cfamontserratroig\/programes-i-projectes-del-centre\/aprenentatge-servei-3\/\" title=\"Read Aprenentatge Servei\">Llegeix m\u00e9s\u00bb<\/a><\/p>\n","protected":false},"author":1,"featured_media":0,"parent":955,"menu_order":0,"comment_status":"closed","ping_status":"closed","template":"","meta":{"_bbp_topic_count":0,"_bbp_reply_count":0,"_bbp_total_topic_count":0,"_bbp_total_reply_count":0,"_bbp_voice_count":0,"_bbp_anonymous_reply_count":0,"_bbp_topic_count_hidden":0,"_bbp_reply_count_hidden":0,"_bbp_forum_subforum_count":0,"footnotes":""},"class_list":["post-2630","page","type-page","status-publish","hentry"],"post_mailing_queue_ids":[],"_links":{"self":[{"href":"https:\/\/agora.xtec.cat\/cfamontserratroig\/wp-json\/wp\/v2\/pages\/2630","targetHints":{"allow":["GET"]}}],"collection":[{"href":"https:\/\/agora.xtec.cat\/cfamontserratroig\/wp-json\/wp\/v2\/pages"}],"about":[{"href":"https:\/\/agora.xtec.cat\/cfamontserratroig\/wp-json\/wp\/v2\/types\/page"}],"author":[{"embeddable":true,"href":"https:\/\/agora.xtec.cat\/cfamontserratroig\/wp-json\/wp\/v2\/users\/1"}],"replies":[{"embeddable":true,"href":"https:\/\/agora.xtec.cat\/cfamontserratroig\/wp-json\/wp\/v2\/comments?post=2630"}],"version-history":[{"count":7,"href":"https:\/\/agora.xtec.cat\/cfamontserratroig\/wp-json\/wp\/v2\/pages\/2630\/revisions"}],"predecessor-version":[{"id":2724,"href":"https:\/\/agora.xtec.cat\/cfamontserratroig\/wp-json\/wp\/v2\/pages\/2630\/revisions\/2724"}],"up":[{"embeddable":true,"href":"https:\/\/agora.xtec.cat\/cfamontserratroig\/wp-json\/wp\/v2\/pages\/955"}],"wp:attachment":[{"href":"https:\/\/agora.xtec.cat\/cfamontserratroig\/wp-json\/wp\/v2\/media?parent=2630"}],"curies":[{"name":"wp","href":"https:\/\/api.w.org\/{rel}","templated":true}]}}