{"id":2620,"date":"2025-02-28T18:50:54","date_gmt":"2025-02-28T17:50:54","guid":{"rendered":"https:\/\/agora.xtec.cat\/cfamontserratroig\/?page_id=2620"},"modified":"2026-03-24T20:57:31","modified_gmt":"2026-03-24T19:57:31","slug":"programa-enginy","status":"publish","type":"page","link":"https:\/\/agora.xtec.cat\/cfamontserratroig\/programes-i-projectes-del-centre\/programa-enginy\/","title":{"rendered":"Programa Enginy"},"content":{"rendered":"<p data-start=\"0\" data-end=\"280\"><img loading=\"lazy\" decoding=\"async\" class=\"size-medium wp-image-2336 alignleft\" src=\"https:\/\/agora.xtec.cat\/cfamontserratroig\/wp-content\/uploads\/usu2436\/2024\/03\/enginy-300x80.jpg\" alt=\"\" width=\"300\" height=\"80\" srcset=\"https:\/\/agora.xtec.cat\/cfamontserratroig\/wp-content\/uploads\/usu2436\/2024\/03\/enginy-300x80.jpg 300w, https:\/\/agora.xtec.cat\/cfamontserratroig\/wp-content\/uploads\/usu2436\/2024\/03\/enginy.jpg 559w\" sizes=\"auto, (max-width: 300px) 100vw, 300px\" \/>El programa <strong><em data-start=\"12\" data-end=\"22\">Enginy<\/em><\/strong>, impulsat pel Consorci d\u2019Educaci\u00f3 de Barcelona, es va iniciar com a prova pilot el curs 2022-2023 per oferir eines d\u2019orientaci\u00f3 acad\u00e8mica i professional a l\u2019alumnat i prevenir l\u2019abandonament escolar mitjan\u00e7ant la descoberta de nous aprenentatges i oficis.<\/p>\n<p data-start=\"282\" data-end=\"707\" data-is-last-node=\"\" data-is-only-node=\"\">Consta de vint-i-dues hores distribu\u00efdes en onze sessions setmanals en horari de tarda de dues hores a realitzar durant el segon trimestre del curs. Els participants exploren professions de diversos \u00e0mbits i participen en tres tallers pr\u00e0ctics, seleccionats segons els seus interessos. Aquests tallers, organitzats en col\u00b7laboraci\u00f3 amb institucions especialitzades, garanteixen grups redu\u00efts i una experi\u00e8ncia formativa diversa i enriquidora.<\/p>\n<table style=\"border-collapse: collapse; width: 100%;\">\n<tbody>\n<tr>\n<td style=\"width: 12.2149%;\"><strong>curs 25-26<\/strong><\/td>\n<td style=\"width: 87.7852%;\">Durant aquest curs, sis alumnes de GES 2 han participat en el programa Enginy. L\u2019experi\u00e8ncia ha estat molt positiva i enriquidora, ja que els ha perm\u00e8s descobrir nous oficis i establir contacte directe amb professionals de diversos \u00e0mbits.Al llarg del programa han participat en diferents tallers, on han pogut con\u00e8ixer de primera m\u00e0 diverses realitats professionals. En l\u2019acte de cloenda, alguns dels alumnes van ser els encarregats d\u2019explicar davant del p\u00fablic les activitats realitzades, compartint aix\u00ed la seva experi\u00e8ncia.<\/td>\n<\/tr>\n<tr>\n<td style=\"width: 12.2149%;\"><strong>curs 24-25<\/strong><\/td>\n<td style=\"width: 87.7852%;\">En aquest segon curs, vuit alumnes de GESO 2 van participar en el programa Enginy. L\u2019experi\u00e8ncia va ser molt positiva i enriquidora per a tots ells, tant per la descoberta de nous oficis com pel contacte directe amb professionals de diferents \u00e0mbits. Cal destacar especialment dues alumnes que van ser escollides per compartir la seva experi\u00e8ncia davant de tota l\u2019audi\u00e8ncia en l\u2019acte de cloenda. La seva intervenci\u00f3 va ser molt ben valorada i va posar en relleu l\u2019aprenentatge i la motivaci\u00f3 que el programa els va aportar.<\/td>\n<\/tr>\n<tr>\n<td style=\"width: 12.2149%;\"><strong>curs 23-24<\/strong><\/td>\n<td style=\"width: 87.7852%;\">Durant el segon trimestre d\u2019aquest curs, cinc alumnes de GESO 2 (quatre noies i un noi) han participat en el programa. Al llarg de les sessions, han pogut con\u00e8ixer de prop diferents \u00e0mbits professionals i descobrir opcions formatives que els poden orientar en el seu futur acad\u00e8mic i laboral. Les seves impressions han estat molt positives;els participants destaquen que l\u2019experi\u00e8ncia els ha ajudat a con\u00e8ixer nous oficis, tenir m\u00e9s clar qu\u00e8 els interessa i sentir-se m\u00e9s motivats per continuar estudiant..<\/td>\n<\/tr>\n<\/tbody>\n<\/table>\n","protected":false},"excerpt":{"rendered":"<p>El programa Enginy, impulsat pel Consorci d\u2019Educaci\u00f3 de Barcelona, es va iniciar com a prova pilot el curs 2022-2023 per oferir eines d\u2019orientaci\u00f3 acad\u00e8mica i professional a l\u2019alumnat i prevenir l\u2019abandonament escolar mitjan\u00e7ant la descoberta de nous aprenentatges i oficis.<br \/>\nConsta de vint-i-dues hores distribu\u00efdes en&hellip;  <a href=\"https:\/\/agora.xtec.cat\/cfamontserratroig\/programes-i-projectes-del-centre\/programa-enginy\/\" title=\"Read Programa Enginy\">Llegeix m\u00e9s\u00bb<\/a><\/p>\n","protected":false},"author":1,"featured_media":0,"parent":955,"menu_order":0,"comment_status":"closed","ping_status":"closed","template":"","meta":{"_bbp_topic_count":0,"_bbp_reply_count":0,"_bbp_total_topic_count":0,"_bbp_total_reply_count":0,"_bbp_voice_count":0,"_bbp_anonymous_reply_count":0,"_bbp_topic_count_hidden":0,"_bbp_reply_count_hidden":0,"_bbp_forum_subforum_count":0,"footnotes":""},"class_list":["post-2620","page","type-page","status-publish","hentry"],"post_mailing_queue_ids":[],"_links":{"self":[{"href":"https:\/\/agora.xtec.cat\/cfamontserratroig\/wp-json\/wp\/v2\/pages\/2620","targetHints":{"allow":["GET"]}}],"collection":[{"href":"https:\/\/agora.xtec.cat\/cfamontserratroig\/wp-json\/wp\/v2\/pages"}],"about":[{"href":"https:\/\/agora.xtec.cat\/cfamontserratroig\/wp-json\/wp\/v2\/types\/page"}],"author":[{"embeddable":true,"href":"https:\/\/agora.xtec.cat\/cfamontserratroig\/wp-json\/wp\/v2\/users\/1"}],"replies":[{"embeddable":true,"href":"https:\/\/agora.xtec.cat\/cfamontserratroig\/wp-json\/wp\/v2\/comments?post=2620"}],"version-history":[{"count":8,"href":"https:\/\/agora.xtec.cat\/cfamontserratroig\/wp-json\/wp\/v2\/pages\/2620\/revisions"}],"predecessor-version":[{"id":2881,"href":"https:\/\/agora.xtec.cat\/cfamontserratroig\/wp-json\/wp\/v2\/pages\/2620\/revisions\/2881"}],"up":[{"embeddable":true,"href":"https:\/\/agora.xtec.cat\/cfamontserratroig\/wp-json\/wp\/v2\/pages\/955"}],"wp:attachment":[{"href":"https:\/\/agora.xtec.cat\/cfamontserratroig\/wp-json\/wp\/v2\/media?parent=2620"}],"curies":[{"name":"wp","href":"https:\/\/api.w.org\/{rel}","templated":true}]}}