{"id":2605,"date":"2025-02-28T16:38:56","date_gmt":"2025-02-28T15:38:56","guid":{"rendered":"https:\/\/agora.xtec.cat\/cfamontserratroig\/?page_id=2605"},"modified":"2025-12-09T10:47:24","modified_gmt":"2025-12-09T09:47:24","slug":"intercanvis-linguistics","status":"publish","type":"page","link":"https:\/\/agora.xtec.cat\/cfamontserratroig\/intercanvis-linguistics\/","title":{"rendered":"Intercanvis ling\u00fc\u00edstics"},"content":{"rendered":"<p><img loading=\"lazy\" decoding=\"async\" class=\"size-medium wp-image-2611 alignleft\" src=\"https:\/\/agora.xtec.cat\/cfamontserratroig\/wp-content\/uploads\/usu2436\/2025\/02\/intercanvis-300x237.png\" alt=\"\" width=\"300\" height=\"237\" srcset=\"https:\/\/agora.xtec.cat\/cfamontserratroig\/wp-content\/uploads\/usu2436\/2025\/02\/intercanvis-300x237.png 300w, https:\/\/agora.xtec.cat\/cfamontserratroig\/wp-content\/uploads\/usu2436\/2025\/02\/intercanvis.png 427w\" sizes=\"auto, (max-width: 300px) 100vw, 300px\" \/>L\u2019aprenentatge d\u2019una llengua requereix diverses habilitats, per\u00f2 la pr\u00e0ctica oral \u00e9s clau per a la flu\u00efdesa i la confian\u00e7a. Tot i aix\u00f2, molts estudiants troben dificultats per practicar fora de l\u2019aula per manca d\u2019oportunitats, vergonya o inseguretat. Per afrontar aquest repte, el CFA Montserrat Roig aplica diverses estrat\u00e8gies; destaquem en aquest apartat\u00a0 els <strong>intercanvis ling\u00fc\u00edstics entre estudiants<\/strong>, fomentant l\u2019exposici\u00f3 a diferents estils i accents. En funci\u00f3 dels alumnes i exalumnes voluntaris de qu\u00e8 disposem cada curs, organitzem parelles castell\u00e0 (aprenent) \/ castell\u00e0 (parlant nadiu o biling\u00fce), o b\u00e9 castell\u00e0 (nadiu o biling\u00fce) \/ angl\u00e8s o altres lleng\u00fces (nadiu o biling\u00fce).<\/p>\n<table style=\"border-collapse: collapse; width: 100%; height: 401px;\">\n<tbody>\n<tr style=\"height: 32px;\">\n<td style=\"width: 100.167px; height: 32px;\"><strong>curs 25-26<\/strong><\/td>\n<td style=\"width: 640.5px; height: 32px;\"><\/td>\n<\/tr>\n<tr style=\"height: 144px;\">\n<td style=\"width: 100.167px; height: 144px;\"><strong>curs 24-25<\/strong><\/td>\n<td style=\"width: 640.5px; height: 144px;\">Aquest curs hem rebut 42 sol\u00b7licituds de l&#8217;alumnat de castell\u00e0 que vol practicar el castell\u00e0 i s&#8217;han ofert 12 voluntaris. Finalment, es consoliden 12 parelles ling\u00fc\u00edstiques:<\/p>\n<ul>\n<li>10 intercanvis d&#8217;angl\u00e8s-castell\u00e0<\/li>\n<li>2 de conversa en castell\u00e0<\/li>\n<\/ul>\n<p>Mitjan\u00e7ant el seguiment de les parelles i una enquesta final, recollim la satisfacci\u00f3 general amb el programa i la millora en la confian\u00e7a a l&#8217;hora de parlar tant castell\u00e0 com angl\u00e8s.<\/td>\n<\/tr>\n<tr style=\"height: 225px;\">\n<td style=\"width: 100.167px; height: 225px;\"><strong>curs 23-24<\/strong><\/td>\n<td style=\"width: 640.5px; height: 225px;\">De persones que volien aprendre castell\u00e0, vam rebre 28 sol\u00b7licituds, i de persones volunt\u00e0ries nom\u00e9s 12 sol\u00b7licituds. Despr\u00e9s d&#8217;analitzar-les, tenint en compte interessos comuns, horaris, etc., vam proposar les parelles i vam realitzar una sessi\u00f3 de presentaci\u00f3 i facilitaci\u00f3 de material de suport (normes, espais de trobada, n. sessions, proposta de temes\u2026) . Hem aconseguit formar diferents tipus d&#8217;intercanvis:<\/p>\n<ul>\n<li>5 intercanvis d&#8217;angl\u00e8s-castell\u00e0.<\/li>\n<li>2 grups de conversa castell\u00e0-rus (en aquest cas vam comptar amb la col\u00b7laboraci\u00f3 de voluntaris provinents de Casa R\u00fassia).<\/li>\n<\/ul>\n<p>El balan\u00e7 \u00e9s molt positiu. Les persones que han fet \u00fas d\u2019aquest recurs han millorat considerablement la seva flu\u00efdesa i expressi\u00f3 oral. Esperem que es pugui continuar els propers cursos, i si \u00e9s possible, ampliar-ho perqu\u00e8 la demanda \u00e9s molt superior a l&#8217;oferta.<\/td>\n<\/tr>\n<\/tbody>\n<\/table>\n","protected":false},"excerpt":{"rendered":"<p>L\u2019aprenentatge d\u2019una llengua requereix diverses habilitats, per\u00f2 la pr\u00e0ctica oral \u00e9s clau per a la flu\u00efdesa i la confian\u00e7a. Tot i aix\u00f2, molts estudiants troben dificultats per practicar fora de l\u2019aula per manca d\u2019oportunitats, vergonya o inseguretat. Per afrontar aquest repte, el CFA Montserrat Roig&hellip;  <a href=\"https:\/\/agora.xtec.cat\/cfamontserratroig\/intercanvis-linguistics\/\" title=\"Read Intercanvis ling\u00fc\u00edstics\">Llegeix m\u00e9s\u00bb<\/a><\/p>\n","protected":false},"author":1,"featured_media":0,"parent":0,"menu_order":0,"comment_status":"closed","ping_status":"closed","template":"","meta":{"_bbp_topic_count":0,"_bbp_reply_count":0,"_bbp_total_topic_count":0,"_bbp_total_reply_count":0,"_bbp_voice_count":0,"_bbp_anonymous_reply_count":0,"_bbp_topic_count_hidden":0,"_bbp_reply_count_hidden":0,"_bbp_forum_subforum_count":0,"footnotes":""},"class_list":["post-2605","page","type-page","status-publish","hentry"],"post_mailing_queue_ids":[],"_links":{"self":[{"href":"https:\/\/agora.xtec.cat\/cfamontserratroig\/wp-json\/wp\/v2\/pages\/2605","targetHints":{"allow":["GET"]}}],"collection":[{"href":"https:\/\/agora.xtec.cat\/cfamontserratroig\/wp-json\/wp\/v2\/pages"}],"about":[{"href":"https:\/\/agora.xtec.cat\/cfamontserratroig\/wp-json\/wp\/v2\/types\/page"}],"author":[{"embeddable":true,"href":"https:\/\/agora.xtec.cat\/cfamontserratroig\/wp-json\/wp\/v2\/users\/1"}],"replies":[{"embeddable":true,"href":"https:\/\/agora.xtec.cat\/cfamontserratroig\/wp-json\/wp\/v2\/comments?post=2605"}],"version-history":[{"count":7,"href":"https:\/\/agora.xtec.cat\/cfamontserratroig\/wp-json\/wp\/v2\/pages\/2605\/revisions"}],"predecessor-version":[{"id":2844,"href":"https:\/\/agora.xtec.cat\/cfamontserratroig\/wp-json\/wp\/v2\/pages\/2605\/revisions\/2844"}],"wp:attachment":[{"href":"https:\/\/agora.xtec.cat\/cfamontserratroig\/wp-json\/wp\/v2\/media?parent=2605"}],"curies":[{"name":"wp","href":"https:\/\/api.w.org\/{rel}","templated":true}]}}