{"id":2601,"date":"2025-02-28T16:27:44","date_gmt":"2025-02-28T15:27:44","guid":{"rendered":"https:\/\/agora.xtec.cat\/cfamontserratroig\/?page_id=2601"},"modified":"2025-11-30T20:56:53","modified_gmt":"2025-11-30T19:56:53","slug":"voluntariat-per-la-llengua","status":"publish","type":"page","link":"https:\/\/agora.xtec.cat\/cfamontserratroig\/programes-i-projectes-del-centre\/voluntariat-per-la-llengua\/","title":{"rendered":"Voluntariat per la llengua"},"content":{"rendered":"<p><img loading=\"lazy\" decoding=\"async\" class=\"size-thumbnail wp-image-2089 alignleft\" src=\"https:\/\/agora.xtec.cat\/cfamontserratroig\/wp-content\/uploads\/usu2436\/2023\/04\/vpl-150x150.jpg\" alt=\"\" width=\"150\" height=\"150\" \/>El programa de parelles ling\u00fc\u00edstiques en catal\u00e0 ajuda els estudiants a millorar la seva expressi\u00f3 oral a trav\u00e9s de trobades amb parlants nadius o fluids. Aquesta iniciativa no nom\u00e9s facilita l\u2019aprenentatge de la llengua, sin\u00f3 que tamb\u00e9 promou la integraci\u00f3 cultural i social. Al centre, l\u2019activitat es desenvolupa en col\u00b7laboraci\u00f3 amb el <strong>Consorci de Normalitzaci\u00f3 Ling\u00fc\u00edstica<\/strong> i el programa <strong>Voluntariat per la Llengua (VxL)<\/strong>, que ofereix suport i beneficis culturals tant als aprenents com als voluntaris. Es destaca la valuosa contribuci\u00f3 dels voluntaris, alumnes i exalumnes, que afavoreixen la inclusi\u00f3 i la cohesi\u00f3 social.<\/p>\n<p>L&#8217;organitzaci\u00f3 \u00e9s la seg\u00fcent:<\/p>\n<p>Despr\u00e9s d\u2019examinar les diverses sol\u00b7licituds, considerant els interessos comuns, horaris i altres factors, s&#8217;estableixen les parelles i s&#8217;organitza una sessi\u00f3 de presentaci\u00f3, amb el suport del CNL. Les dinamitzadores d&#8217;aquesta entitat faciliten material de suport i diverses idees de conversa pels voluntaris. Aix\u00ed mateix es fixen les normes i el nombre de sessions. A continuaci\u00f3 els responsables del centre determinen els espais de trobada per a cada parella, en funci\u00f3 dels seus horaris\u00a0 i dels espais disponibles.<\/p>\n<p>&nbsp;<\/p>\n<table style=\"border-collapse: collapse; width: 100%;\">\n<tbody>\n<tr>\n<td style=\"width: 12.364%;\"><strong>curs 24-25<\/strong><\/td>\n<td style=\"width: 87.636%;\">S&#8217;aconsegueixen formar 8 parelles d&#8217;alumnes de Catal\u00e0 2 amb altres alumnes i exalumnes del centre que actuen com a voluntaris.<\/td>\n<\/tr>\n<tr>\n<td style=\"width: 12.364%;\"><strong>curs 23-24<\/strong><\/td>\n<td style=\"width: 87.636%;\">S&#8217;aconsegueixen formar 5 parelles d&#8217;alumnes de Catal\u00e0 2 amb altres alumnes i exalumnes del centre que actuen com a voluntaris.<\/td>\n<\/tr>\n<tr>\n<td style=\"width: 12.364%;\"><strong>curs 22-23<\/strong><\/td>\n<td style=\"width: 87.636%;\">Donada la bona valoraci\u00f3 del curs anterior per part dels participants, es decideix continuar.<\/td>\n<\/tr>\n<tr>\n<td style=\"width: 12.364%;\"><strong>curs 21-22<\/strong><\/td>\n<td style=\"width: 87.636%;\">Comen\u00e7a el programa.<\/td>\n<\/tr>\n<\/tbody>\n<\/table>\n","protected":false},"excerpt":{"rendered":"<p>El programa de parelles ling\u00fc\u00edstiques en catal\u00e0 ajuda els estudiants a millorar la seva expressi\u00f3 oral a trav\u00e9s de trobades amb parlants nadius o fluids. Aquesta iniciativa no nom\u00e9s facilita l\u2019aprenentatge de la llengua, sin\u00f3 que tamb\u00e9 promou la integraci\u00f3 cultural i social. Al centre,&hellip;  <a href=\"https:\/\/agora.xtec.cat\/cfamontserratroig\/programes-i-projectes-del-centre\/voluntariat-per-la-llengua\/\" title=\"Read Voluntariat per la llengua\">Llegeix m\u00e9s\u00bb<\/a><\/p>\n","protected":false},"author":1,"featured_media":0,"parent":955,"menu_order":0,"comment_status":"closed","ping_status":"closed","template":"","meta":{"_bbp_topic_count":0,"_bbp_reply_count":0,"_bbp_total_topic_count":0,"_bbp_total_reply_count":0,"_bbp_voice_count":0,"_bbp_anonymous_reply_count":0,"_bbp_topic_count_hidden":0,"_bbp_reply_count_hidden":0,"_bbp_forum_subforum_count":0,"footnotes":""},"class_list":["post-2601","page","type-page","status-publish","hentry"],"post_mailing_queue_ids":[],"_links":{"self":[{"href":"https:\/\/agora.xtec.cat\/cfamontserratroig\/wp-json\/wp\/v2\/pages\/2601","targetHints":{"allow":["GET"]}}],"collection":[{"href":"https:\/\/agora.xtec.cat\/cfamontserratroig\/wp-json\/wp\/v2\/pages"}],"about":[{"href":"https:\/\/agora.xtec.cat\/cfamontserratroig\/wp-json\/wp\/v2\/types\/page"}],"author":[{"embeddable":true,"href":"https:\/\/agora.xtec.cat\/cfamontserratroig\/wp-json\/wp\/v2\/users\/1"}],"replies":[{"embeddable":true,"href":"https:\/\/agora.xtec.cat\/cfamontserratroig\/wp-json\/wp\/v2\/comments?post=2601"}],"version-history":[{"count":5,"href":"https:\/\/agora.xtec.cat\/cfamontserratroig\/wp-json\/wp\/v2\/pages\/2601\/revisions"}],"predecessor-version":[{"id":2831,"href":"https:\/\/agora.xtec.cat\/cfamontserratroig\/wp-json\/wp\/v2\/pages\/2601\/revisions\/2831"}],"up":[{"embeddable":true,"href":"https:\/\/agora.xtec.cat\/cfamontserratroig\/wp-json\/wp\/v2\/pages\/955"}],"wp:attachment":[{"href":"https:\/\/agora.xtec.cat\/cfamontserratroig\/wp-json\/wp\/v2\/media?parent=2601"}],"curies":[{"name":"wp","href":"https:\/\/api.w.org\/{rel}","templated":true}]}}