{"id":2144,"date":"2023-07-03T20:58:29","date_gmt":"2023-07-03T18:58:29","guid":{"rendered":"https:\/\/agora.xtec.cat\/cfamontserratroig\/?page_id=2144"},"modified":"2023-07-03T21:03:53","modified_gmt":"2023-07-03T19:03:53","slug":"aprenentatge-servei-2","status":"publish","type":"page","link":"https:\/\/agora.xtec.cat\/cfamontserratroig\/aprenentatge-servei-2\/","title":{"rendered":"Aprenentatge servei"},"content":{"rendered":"<p><img loading=\"lazy\" decoding=\"async\" class=\"size-medium wp-image-2120 alignleft\" src=\"https:\/\/agora.xtec.cat\/cfamontserratroig\/wp-content\/uploads\/usu2436\/2023\/06\/aps-300x163.png\" alt=\"\" width=\"300\" height=\"163\" data-wp-editing=\"1\" srcset=\"https:\/\/agora.xtec.cat\/cfamontserratroig\/wp-content\/uploads\/usu2436\/2023\/06\/aps-300x163.png 300w, https:\/\/agora.xtec.cat\/cfamontserratroig\/wp-content\/uploads\/usu2436\/2023\/06\/aps.png 591w\" sizes=\"auto, (max-width: 300px) 100vw, 300px\" \/>L&#8217;<strong>Aprenentatge i Servei Comunitari<\/strong> t\u00e9 com a finalitat garantir que els estudiants experimentin accions de comprom\u00eds c\u00edvic, aprenguin en l&#8217;exercici actiu de la ciutadania i posin en joc els seus coneixements al servei de la comunitat, des de la incorporaci\u00f3 al curr\u00edculum dels alumnes. Els objectius generals inclouen:<\/p>\n<ul>\n<li>desenvolupar compet\u00e8ncia social i ciutadana, aix\u00ed com habilitats de treball en equip<\/li>\n<li>promoure la participaci\u00f3 dels joves en entitats i xarxes associatives<\/li>\n<li>donar resposta a necessitats emergents a l&#8217;entorn escolar<\/li>\n<li>fomentar la construcci\u00f3 d&#8217;una societat justa i cohesionada.<\/li>\n<\/ul>\n<p>Es basa en educaci\u00f3 en valors, participaci\u00f3 activa i democr\u00e0tica, resposta a necessitats socials, treball en xarxa i millora constant. L&#8217;Aprenentatge Servei combina processos d&#8217;aprenentatge i servei en un sol projecte, permetent millorar la comunitat mitjan\u00e7ant l&#8217;aprenentatge i transferir aquest \u00faltim a l&#8217;acci\u00f3 pr\u00e0ctica.<\/p>\n<h5>CURS 22-23<\/h5>\n<p><img loading=\"lazy\" decoding=\"async\" class=\"size-medium wp-image-2028 alignleft\" src=\"https:\/\/agora.xtec.cat\/cfamontserratroig\/wp-content\/uploads\/usu2436\/2023\/01\/IMG-20221209-WA0003-300x224.jpg\" alt=\"\" width=\"300\" height=\"224\" srcset=\"https:\/\/agora.xtec.cat\/cfamontserratroig\/wp-content\/uploads\/usu2436\/2023\/01\/IMG-20221209-WA0003-300x224.jpg 300w, https:\/\/agora.xtec.cat\/cfamontserratroig\/wp-content\/uploads\/usu2436\/2023\/01\/IMG-20221209-WA0003-1024x765.jpg 1024w, https:\/\/agora.xtec.cat\/cfamontserratroig\/wp-content\/uploads\/usu2436\/2023\/01\/IMG-20221209-WA0003-768x574.jpg 768w, https:\/\/agora.xtec.cat\/cfamontserratroig\/wp-content\/uploads\/usu2436\/2023\/01\/IMG-20221209-WA0003-1536x1148.jpg 1536w, https:\/\/agora.xtec.cat\/cfamontserratroig\/wp-content\/uploads\/usu2436\/2023\/01\/IMG-20221209-WA0003-200x150.jpg 200w, https:\/\/agora.xtec.cat\/cfamontserratroig\/wp-content\/uploads\/usu2436\/2023\/01\/IMG-20221209-WA0003.jpg 1600w\" sizes=\"auto, (max-width: 300px) 100vw, 300px\" \/>Durant el el primer trimestre d&#8217;aquest curs els nostres alumnes de GES 1 han tingut la ocasi\u00f3 de participar en l\u2019<strong>APS Alimentaci\u00f3 sostenible<\/strong>, basat en la oportunitat d\u2019aprenentatge que ens donen els <strong>horts a les ciutats<\/strong>. Ha estat sens dubte una oportunitat d&#8217;aprenentatge significativa i transformadora, ja que els horts permeten la reconexi\u00f3 amb la natura i revaloritzen el treball propi, afavorint la participaci\u00f3 activa en un projecte transformador. A m\u00e9s, es promouen beneficis ecol\u00f2gics com ara la reducci\u00f3 de la cadena de transports, l&#8217;agricultura ecol\u00f2gica i la protecci\u00f3 de la fauna i flora locals. Tamb\u00e9 contribueixen a la lluita contra el canvi clim\u00e0tic al reduir la petjada ecol\u00f2gica.<\/p>\n<p>Si en voleu saber m\u00e9s, podreu trobar la mem\u00f2ria del projecte <strong><a href=\"https:\/\/drive.google.com\/file\/d\/1P4vOp-RmNzUHqaKpofBnE793nCzvNFM2\/view?usp=sharing\" target=\"_blank\" rel=\"noopener\">AQU\u00cd<\/a><\/strong><\/p>\n","protected":false},"excerpt":{"rendered":"<p>L&#8217;Aprenentatge i Servei Comunitari t\u00e9 com a finalitat garantir que els estudiants experimentin accions de comprom\u00eds c\u00edvic, aprenguin en l&#8217;exercici actiu de la ciutadania i posin en joc els seus coneixements al servei de la comunitat, des de la incorporaci\u00f3 al curr\u00edculum dels alumnes. Els&hellip;  <a href=\"https:\/\/agora.xtec.cat\/cfamontserratroig\/aprenentatge-servei-2\/\" title=\"Read Aprenentatge servei\">Llegeix m\u00e9s\u00bb<\/a><\/p>\n","protected":false},"author":1,"featured_media":0,"parent":0,"menu_order":0,"comment_status":"closed","ping_status":"closed","template":"","meta":{"_bbp_topic_count":0,"_bbp_reply_count":0,"_bbp_total_topic_count":0,"_bbp_total_reply_count":0,"_bbp_voice_count":0,"_bbp_anonymous_reply_count":0,"_bbp_topic_count_hidden":0,"_bbp_reply_count_hidden":0,"_bbp_forum_subforum_count":0,"footnotes":""},"class_list":["post-2144","page","type-page","status-publish","hentry"],"post_mailing_queue_ids":[],"_links":{"self":[{"href":"https:\/\/agora.xtec.cat\/cfamontserratroig\/wp-json\/wp\/v2\/pages\/2144","targetHints":{"allow":["GET"]}}],"collection":[{"href":"https:\/\/agora.xtec.cat\/cfamontserratroig\/wp-json\/wp\/v2\/pages"}],"about":[{"href":"https:\/\/agora.xtec.cat\/cfamontserratroig\/wp-json\/wp\/v2\/types\/page"}],"author":[{"embeddable":true,"href":"https:\/\/agora.xtec.cat\/cfamontserratroig\/wp-json\/wp\/v2\/users\/1"}],"replies":[{"embeddable":true,"href":"https:\/\/agora.xtec.cat\/cfamontserratroig\/wp-json\/wp\/v2\/comments?post=2144"}],"version-history":[{"count":3,"href":"https:\/\/agora.xtec.cat\/cfamontserratroig\/wp-json\/wp\/v2\/pages\/2144\/revisions"}],"predecessor-version":[{"id":2148,"href":"https:\/\/agora.xtec.cat\/cfamontserratroig\/wp-json\/wp\/v2\/pages\/2144\/revisions\/2148"}],"wp:attachment":[{"href":"https:\/\/agora.xtec.cat\/cfamontserratroig\/wp-json\/wp\/v2\/media?parent=2144"}],"curies":[{"name":"wp","href":"https:\/\/api.w.org\/{rel}","templated":true}]}}