{"id":2123,"date":"2023-06-20T20:41:56","date_gmt":"2023-06-20T18:41:56","guid":{"rendered":"https:\/\/agora.xtec.cat\/cfamontserratroig\/?page_id=2123"},"modified":"2025-02-28T18:40:24","modified_gmt":"2025-02-28T17:40:24","slug":"projecte-stolpersteine","status":"publish","type":"page","link":"https:\/\/agora.xtec.cat\/cfamontserratroig\/projecte-stolpersteine\/","title":{"rendered":"Projecte Stolpersteine"},"content":{"rendered":"<p><img loading=\"lazy\" decoding=\"async\" class=\"size-medium wp-image-2121 alignleft\" src=\"https:\/\/agora.xtec.cat\/cfamontserratroig\/wp-content\/uploads\/usu2436\/2023\/06\/MemoriaHistorica-stolpersteine-300x170.jpg\" alt=\"\" width=\"300\" height=\"170\" srcset=\"https:\/\/agora.xtec.cat\/cfamontserratroig\/wp-content\/uploads\/usu2436\/2023\/06\/MemoriaHistorica-stolpersteine-300x170.jpg 300w, https:\/\/agora.xtec.cat\/cfamontserratroig\/wp-content\/uploads\/usu2436\/2023\/06\/MemoriaHistorica-stolpersteine.jpg 760w\" sizes=\"auto, (max-width: 300px) 100vw, 300px\" \/>Durant el 2n i 3r trimestre del curs 22-23 els alumnes de GES 2 han participat en el projecte pedag\u00f2gic Stolpersteine Barcelona, que forma part de la Convocat\u00f2ria Unificada de Programes Educatius del Consorci d&#8217;Educaci\u00f3. Aquest projecte va ser creat per la Regidoria de Mem\u00f2ria Democr\u00e0tica de l&#8217;Ajuntament de Barcelona i les Amicales de Mauthausen i Ravensbr\u00fcck.<\/p>\n<p>Les Stolpersteine s\u00f3n una iniciativa de l&#8217;artista alemany G\u00fcnter Denmig sorgida en els anys 90. S\u00f3n petites llambordes que representen les vides trencades pel r\u00e8gim nazi i recorden les persones deportades a camps de concentraci\u00f3 i extermini. Aquestes llambordes simbolitzen la persist\u00e8ncia de la mem\u00f2ria i el seu lema principal \u00e9s &#8220;un nom, una pedra&#8221;. Actualment, hi ha m\u00e9s de 70.000 Stolpersteine en diferents llocs, incloent Barcelona.<\/p>\n<p>L&#8217;objectiu principal de programa \u00e9s recuperar la mem\u00f2ria i retre homenatge a les persones de Barcelona que van ser deportades a camps de concentraci\u00f3 nazis, a m\u00e9s de:<\/p>\n<ul>\n<li>comprendre el camp de concentraci\u00f3 i extermini en el seu context hist\u00f2ric<\/li>\n<li>promoure la mem\u00f2ria des de la comunitat i la proximitat de les persones deportades de Barcelona<\/li>\n<li>apropar les pol\u00edtiques de mem\u00f2ria a la comunitat educativa en general<\/li>\n<li>desenvolupar biografies dels deportats en col\u00b7laboraci\u00f3 amb les organitzacions de mem\u00f2ria i els familiars.<\/li>\n<\/ul>\n<p>Els nostres alumnes han tingut l&#8217;ocasi\u00f3 en participar en la col\u00b7locaci\u00f3 d&#8217;una llamborda en homenatge a Jos\u00e9 Carlos Grey Molay. Si en voleu saber m\u00e9s, a continuaci\u00f3 teniu la mem\u00f2ria en format presentaci\u00f3:<\/p>\n<p><iframe loading=\"lazy\" src=\"https:\/\/docs.google.com\/presentation\/d\/e\/2PACX-1vRYto3qvtwbMtIaW9xj4edCNqFKPH-Wdp7JLfXJVERQ8Ps96YZEKVBczMD7eN0tcwY9GQ2NKVKXlD6-\/embed?start=false&amp;loop=false&amp;delayms=10000\" width=\"960\" height=\"569\" frameborder=\"0\" allowfullscreen=\"allowfullscreen\"><\/iframe><\/p>\n","protected":false},"excerpt":{"rendered":"<p>Durant el 2n i 3r trimestre del curs 22-23 els alumnes de GES 2 han participat en el projecte pedag\u00f2gic Stolpersteine Barcelona, que forma part de la Convocat\u00f2ria Unificada de Programes Educatius del Consorci d&#8217;Educaci\u00f3. Aquest projecte va ser creat per la Regidoria de Mem\u00f2ria&hellip;  <a href=\"https:\/\/agora.xtec.cat\/cfamontserratroig\/projecte-stolpersteine\/\" title=\"Read Projecte Stolpersteine\">Llegeix m\u00e9s\u00bb<\/a><\/p>\n","protected":false},"author":1,"featured_media":0,"parent":0,"menu_order":10,"comment_status":"closed","ping_status":"closed","template":"","meta":{"_bbp_topic_count":0,"_bbp_reply_count":0,"_bbp_total_topic_count":0,"_bbp_total_reply_count":0,"_bbp_voice_count":0,"_bbp_anonymous_reply_count":0,"_bbp_topic_count_hidden":0,"_bbp_reply_count_hidden":0,"_bbp_forum_subforum_count":0,"footnotes":""},"class_list":["post-2123","page","type-page","status-publish","hentry"],"post_mailing_queue_ids":[],"_links":{"self":[{"href":"https:\/\/agora.xtec.cat\/cfamontserratroig\/wp-json\/wp\/v2\/pages\/2123","targetHints":{"allow":["GET"]}}],"collection":[{"href":"https:\/\/agora.xtec.cat\/cfamontserratroig\/wp-json\/wp\/v2\/pages"}],"about":[{"href":"https:\/\/agora.xtec.cat\/cfamontserratroig\/wp-json\/wp\/v2\/types\/page"}],"author":[{"embeddable":true,"href":"https:\/\/agora.xtec.cat\/cfamontserratroig\/wp-json\/wp\/v2\/users\/1"}],"replies":[{"embeddable":true,"href":"https:\/\/agora.xtec.cat\/cfamontserratroig\/wp-json\/wp\/v2\/comments?post=2123"}],"version-history":[{"count":4,"href":"https:\/\/agora.xtec.cat\/cfamontserratroig\/wp-json\/wp\/v2\/pages\/2123\/revisions"}],"predecessor-version":[{"id":2135,"href":"https:\/\/agora.xtec.cat\/cfamontserratroig\/wp-json\/wp\/v2\/pages\/2123\/revisions\/2135"}],"wp:attachment":[{"href":"https:\/\/agora.xtec.cat\/cfamontserratroig\/wp-json\/wp\/v2\/media?parent=2123"}],"curies":[{"name":"wp","href":"https:\/\/api.w.org\/{rel}","templated":true}]}}