{"id":1910,"date":"2022-11-19T10:11:27","date_gmt":"2022-11-19T09:11:27","guid":{"rendered":"https:\/\/agora.xtec.cat\/cfamontserratroig\/?page_id=1910"},"modified":"2022-12-13T10:44:59","modified_gmt":"2022-12-13T09:44:59","slug":"diagnosi","status":"publish","type":"page","link":"https:\/\/agora.xtec.cat\/cfamontserratroig\/estrategia-digital-de-centre\/estrategia\/diagnosi\/","title":{"rendered":"Diagnosi"},"content":{"rendered":"<p>Per poder planificar una estrat\u00e8gia a la nostra escola \u00e9s imprescindible ser conscients del punt on ens trobem. Cal identificar les nostres fortaleses i debilitats amb relaci\u00f3 a l&#8217;assoliment de les compet\u00e8ncies digitals. Amb aquesta finalitat hem utilitzat l&#8217;eina Selfie en els tres eixos del PEDC: alumnat, docents i centre.\u00a0 Val a dir que,vam decidir excloure de la mostra els alumnes de COMPETIC, ja que entenem que, des del moment que estan cursant aquest ensenyament, treballen i desenvolupen la seva compet\u00e8ncia digital. Aix\u00ed doncs, els resultats obtinguts de la diagnosi no haguessin estat prou representatiu de l&#8217;estat real de l&#8217;assoliment de la compet\u00e8ncia digital pel que fa a la resta d&#8217;alumnes del centre.<\/p>\n<p>Els aspectes que, des de la diagnosi, han orientat la presa de decisions quant a l\u2019estrat\u00e8gia digital que l\u2019escola ha de seguir, s\u00f3n els seg\u00fcents:<\/p>\n<table style=\"width: 100%; height: 427px;\">\n<thead>\n<tr style=\"height: 60px;\">\n<td style=\"height: 39px; width: 46.483%;\">\n<h4><strong>Punts a mantenir<\/strong><\/h4>\n<\/td>\n<td style=\"height: 39px; width: 52.9369%;\">\n<h4><strong>Punts a millorar<\/strong><\/h4>\n<\/td>\n<\/tr>\n<\/thead>\n<tbody>\n<tr style=\"height: 388px;\">\n<td style=\"height: 388px; width: 46.483%; text-align: justify;\">\n<ul>\n<li>Recolzament de l&#8217;equip directiu a l&#8217;hora de provar noves formes d&#8217;ensenyament amb tecnologies digitals<\/li>\n<li>La infraestructura digital recolza l&#8217;ensenyament i l&#8217;aprenentatge amb tecnologies digitals\n<ul>\n<li style=\"list-style-type: none;\">\n<ul>\n<li>Hi ha dispositius digitals pel seu \u00fas en l&#8217;ensenyament<\/li>\n<li>Es facilita l&#8217;acc\u00e9s a Internet per a l&#8217;ensenyament i l&#8217;aprenentatge<\/li>\n<li>Disposem d&#8217;assist\u00e8ncia t\u00e8cnica quan hi ha problemes amb les tecnologies digitals<\/li>\n<li>Hi ha dispositius digitals que s\u00f3n propietat del centre i que l&#8217;alumnat pot utilitzar quan el necessita.<\/li>\n<li>Acc\u00e9s a Internet de forma adequada i segura.<\/li>\n<\/ul>\n<\/li>\n<\/ul>\n<\/li>\n<li>Impuls del desenvolupament professional docent, facilitant l\u2019acc\u00e9s a la formaci\u00f3 en l\u2019\u00e0mbit digital.<\/li>\n<li>El centre t\u00e9 definits els canals digitals per comunicar-se amb la comunitat educativa i l\u2019\u00fas de cada un. A m\u00e9s, tamb\u00e9 t\u00e9 definides les persones responsables de cada canal.<\/li>\n<li>Bona comunicaci\u00f3 a trav\u00e9s de les xarxes socials i la p\u00e0gina web del centre<\/li>\n<\/ul>\n<\/td>\n<td style=\"height: 388px; width: 52.9369%; text-align: justify;\">\n<ul>\n<li>Realitzaci\u00f3 i implementaci\u00f3 de l&#8217;Estrat\u00e8gia Digital de Centre en col\u00b7laboraci\u00f3 amb tot el professorat.<\/li>\n<li>Incorporaci\u00f3 de protocols i acords en l\u2019EDC que impliquin la participaci\u00f3 i col\u00b7laboraci\u00f3 del professorat en la seva concreci\u00f3 (acollida digital del nou professorat i nou alumnat)<\/li>\n<li>Impuls de l&#8217;avaluaci\u00f3 dels progressos del centre pel que fa a l&#8217;ensenyament i aprenentatge amb tecnologies digitals<\/li>\n<li>Foment del debat amb el professorat sobre les seves necessitats de formaci\u00f3 permanent quan a l&#8217;ensenyament amb tecnologies digitals.<\/li>\n<li>Creaci\u00f3 de recursos digitals per a refor\u00e7ar els m\u00e8todes d&#8217;ensenyament.<\/li>\n<li>Incorporaci\u00f3 general a l&#8217;aula de tecnologies digitals per a l&#8217;aprenentatge, aix\u00ed com de propostes did\u00e0ctiques que contemplin l\u2019assoliment de la compet\u00e8ncia digital de l\u2019alumnat.<\/li>\n<li>Introducci\u00f3 de l&#8217;avaluaci\u00f3 dels progressos d\u2019ensenyament i aprenentatge mitjan\u00e7ant tecnologies digitals.<\/li>\n<li>Formalitzaci\u00f3 dels procediments per garantir l&#8217;assoliment de la compet\u00e8ncia digital de tot l&#8217;alumnat com a compet\u00e8ncia transversal, fer-ne el seguiment i avaluar-la.&nbsp;<\/li>\n<\/ul>\n<\/td>\n<\/tr>\n<\/tbody>\n<\/table>\n<div class=\"addtoany_share_save_container addtoany_content addtoany_content_bottom\"><\/div>\n","protected":false},"excerpt":{"rendered":"<p>Per poder planificar una estrat\u00e8gia a la nostra escola \u00e9s imprescindible ser conscients del punt on ens trobem. Cal identificar les nostres fortaleses i debilitats amb relaci\u00f3 a l&#8217;assoliment de les compet\u00e8ncies digitals. Amb aquesta finalitat hem utilitzat l&#8217;eina Selfie en els tres eixos del&hellip;  <a href=\"https:\/\/agora.xtec.cat\/cfamontserratroig\/estrategia-digital-de-centre\/estrategia\/diagnosi\/\" title=\"Read Diagnosi\">Llegeix m\u00e9s\u00bb<\/a><\/p>\n","protected":false},"author":1,"featured_media":0,"parent":1908,"menu_order":0,"comment_status":"closed","ping_status":"closed","template":"page-templates\/side-menu.php","meta":{"_bbp_topic_count":0,"_bbp_reply_count":0,"_bbp_total_topic_count":0,"_bbp_total_reply_count":0,"_bbp_voice_count":0,"_bbp_anonymous_reply_count":0,"_bbp_topic_count_hidden":0,"_bbp_reply_count_hidden":0,"_bbp_forum_subforum_count":0,"footnotes":""},"class_list":["post-1910","page","type-page","status-publish","hentry"],"post_mailing_queue_ids":[],"_links":{"self":[{"href":"https:\/\/agora.xtec.cat\/cfamontserratroig\/wp-json\/wp\/v2\/pages\/1910","targetHints":{"allow":["GET"]}}],"collection":[{"href":"https:\/\/agora.xtec.cat\/cfamontserratroig\/wp-json\/wp\/v2\/pages"}],"about":[{"href":"https:\/\/agora.xtec.cat\/cfamontserratroig\/wp-json\/wp\/v2\/types\/page"}],"author":[{"embeddable":true,"href":"https:\/\/agora.xtec.cat\/cfamontserratroig\/wp-json\/wp\/v2\/users\/1"}],"replies":[{"embeddable":true,"href":"https:\/\/agora.xtec.cat\/cfamontserratroig\/wp-json\/wp\/v2\/comments?post=1910"}],"version-history":[{"count":4,"href":"https:\/\/agora.xtec.cat\/cfamontserratroig\/wp-json\/wp\/v2\/pages\/1910\/revisions"}],"predecessor-version":[{"id":2024,"href":"https:\/\/agora.xtec.cat\/cfamontserratroig\/wp-json\/wp\/v2\/pages\/1910\/revisions\/2024"}],"up":[{"embeddable":true,"href":"https:\/\/agora.xtec.cat\/cfamontserratroig\/wp-json\/wp\/v2\/pages\/1908"}],"wp:attachment":[{"href":"https:\/\/agora.xtec.cat\/cfamontserratroig\/wp-json\/wp\/v2\/media?parent=1910"}],"curies":[{"name":"wp","href":"https:\/\/api.w.org\/{rel}","templated":true}]}}