{"id":1906,"date":"2022-11-19T10:08:54","date_gmt":"2022-11-19T09:08:54","guid":{"rendered":"https:\/\/agora.xtec.cat\/cfamontserratroig\/?page_id=1906"},"modified":"2022-11-20T08:56:08","modified_gmt":"2022-11-20T07:56:08","slug":"maquinari","status":"publish","type":"page","link":"https:\/\/agora.xtec.cat\/cfamontserratroig\/estrategia-digital-de-centre\/cultura-digital\/maquinari\/","title":{"rendered":"Equipament de les aules"},"content":{"rendered":"<h4>Ordinadors<\/h4>\n<p style=\"text-align: justify;\"><strong><img loading=\"lazy\" decoding=\"async\" class=\"size-medium wp-image-1113 alignright\" src=\"https:\/\/agora.xtec.cat\/cfamontserratroig\/wp-content\/uploads\/usu2436\/2021\/04\/1618494122723-300x225.jpg\" alt=\"\" width=\"300\" height=\"225\" srcset=\"https:\/\/agora.xtec.cat\/cfamontserratroig\/wp-content\/uploads\/usu2436\/2021\/04\/1618494122723-300x225.jpg 300w, https:\/\/agora.xtec.cat\/cfamontserratroig\/wp-content\/uploads\/usu2436\/2021\/04\/1618494122723-768x576.jpg 768w, https:\/\/agora.xtec.cat\/cfamontserratroig\/wp-content\/uploads\/usu2436\/2021\/04\/1618494122723.jpg 1024w, https:\/\/agora.xtec.cat\/cfamontserratroig\/wp-content\/uploads\/usu2436\/2021\/04\/1618494122723-200x150.jpg 200w\" sizes=\"auto, (max-width: 300px) 100vw, 300px\" \/>Seu de Poblenou:<\/strong><\/p>\n<ul style=\"text-align: justify;\">\n<li style=\"list-style-type: none;\">\n<ul>\n<li>tres aules ordin\u00e0ries, totes elles equipades amb un PC per al docent i\u00a0 panell digital interactiu.<\/li>\n<li>una aula d&#8217;inform\u00e0tica, equipada amb un PC per al docent, panell digital interactiu, i 24 PC en \u00fas per als alumnes.<\/li>\n<li>un carro amb xxxx ordinadors port\u00e0tils, ubicat en el passad\u00eds central del primer pis.<\/li>\n<\/ul>\n<\/li>\n<\/ul>\n<p>&nbsp;<\/p>\n<p>&nbsp;<\/p>\n<p>&nbsp;<\/p>\n<p style=\"text-align: justify;\"><strong>Seu de Bes\u00f2s:<\/strong> Donat que ocupen durant algunes hores dues aules que pertanyen a l&#8217;Institut Rambla Prim, no disposem d&#8217;equipament propi; en aquests espais hi ha un PC per al docent, un projector i una pissarra blanca. Disposem a m\u00e9s d&#8217;una sala (compartida tamb\u00e9 amb l&#8217;institut) on tenim instal\u00b7lats xxx ordinadors que, per les seves caracter\u00edstiques, avui en dia resulten obsolets.<\/p>\n<hr \/>\n<h4>Impressi\u00f3<\/h4>\n<p class=\"CDt4Ke zfr3Q\" dir=\"ltr\">El centre disposa de:<\/p>\n<ul>\n<li style=\"list-style-type: none;\">\n<ul>\n<li style=\"text-align: justify;\">Dues impressores KONICA, una a la seu de Poblenou i una altra a la seu de Bes\u00f2s.Cada professor hi t\u00e9 un usuari amb el qual ha de realitzar les seves fotoc\u00f2pies. Cada vegada que s&#8217;incorpora personal nou (docent o PAS), l\u2019administrador ha de crear l&#8217;usuari a la fotocopiadora.<\/li>\n<li style=\"text-align: justify;\">Una impressora xxxxx, ubicada a la consergeria de la seu de Poblenou, per a tasques encomanades per l&#8217;equip directiu.<\/li>\n<li class=\"CDt4Ke zfr3Q\" dir=\"ltr\" style=\"text-align: justify;\">una impressora xxxxx a l&#8217;aula d&#8217;inform\u00e0tica, b\u00e0sicament per a realitzar treballs amb els alumnes<\/li>\n<li style=\"text-align: justify;\">tres impressores xxxxxx a la sala de professors, per \u00fas dels docents i del PAS, b\u00e0sicament per imprimir documents breus.<\/li>\n<\/ul>\n<\/li>\n<\/ul>\n","protected":false},"excerpt":{"rendered":"<p>Ordinadors<br \/>\nSeu de Poblenou:<\/p>\n<ul style=\"text-align: justify;\">\n<li style=\"list-style-type: none;\">\n<ul>\n<li>tres aules ordin\u00e0ries, totes elles equipades amb un PC per al docent i\u00a0 panell digital interactiu.<\/li>\n<li>una aula d&#8217;inform\u00e0tica, equipada amb un PC per al docent, panell digital interactiu, i 24 PC en \u00fas per als alumnes.<\/li>\n<li>un carro amb xxxx&hellip;  <a href=\"https:\/\/agora.xtec.cat\/cfamontserratroig\/estrategia-digital-de-centre\/cultura-digital\/maquinari\/\" title=\"Read Equipament de les aules\">Llegeix m\u00e9s\u00bb<\/a><br \/>\n","protected":false},"author":1,"featured_media":0,"parent":1844,"menu_order":0,"comment_status":"closed","ping_status":"closed","template":"page-templates\/side-menu.php","meta":{"_bbp_topic_count":0,"_bbp_reply_count":0,"_bbp_total_topic_count":0,"_bbp_total_reply_count":0,"_bbp_voice_count":0,"_bbp_anonymous_reply_count":0,"_bbp_topic_count_hidden":0,"_bbp_reply_count_hidden":0,"_bbp_forum_subforum_count":0,"footnotes":""},"class_list":["post-1906","page","type-page","status-publish","hentry"],"post_mailing_queue_ids":[],"_links":{"self":[{"href":"https:\/\/agora.xtec.cat\/cfamontserratroig\/wp-json\/wp\/v2\/pages\/1906","targetHints":{"allow":["GET"]}}],"collection":[{"href":"https:\/\/agora.xtec.cat\/cfamontserratroig\/wp-json\/wp\/v2\/pages"}],"about":[{"href":"https:\/\/agora.xtec.cat\/cfamontserratroig\/wp-json\/wp\/v2\/types\/page"}],"author":[{"embeddable":true,"href":"https:\/\/agora.xtec.cat\/cfamontserratroig\/wp-json\/wp\/v2\/users\/1"}],"replies":[{"embeddable":true,"href":"https:\/\/agora.xtec.cat\/cfamontserratroig\/wp-json\/wp\/v2\/comments?post=1906"}],"version-history":[{"count":4,"href":"https:\/\/agora.xtec.cat\/cfamontserratroig\/wp-json\/wp\/v2\/pages\/1906\/revisions"}],"predecessor-version":[{"id":2018,"href":"https:\/\/agora.xtec.cat\/cfamontserratroig\/wp-json\/wp\/v2\/pages\/1906\/revisions\/2018"}],"up":[{"embeddable":true,"href":"https:\/\/agora.xtec.cat\/cfamontserratroig\/wp-json\/wp\/v2\/pages\/1844"}],"wp:attachment":[{"href":"https:\/\/agora.xtec.cat\/cfamontserratroig\/wp-json\/wp\/v2\/media?parent=1906"}],"curies":[{"name":"wp","href":"https:\/\/api.w.org\/{rel}","templated":true}]}}