{"id":1902,"date":"2022-11-19T10:08:10","date_gmt":"2022-11-19T09:08:10","guid":{"rendered":"https:\/\/agora.xtec.cat\/cfamontserratroig\/?page_id=1902"},"modified":"2022-11-20T08:52:58","modified_gmt":"2022-11-20T07:52:58","slug":"calendaris","status":"publish","type":"page","link":"https:\/\/agora.xtec.cat\/cfamontserratroig\/estrategia-digital-de-centre\/cultura-digital\/calendaris\/","title":{"rendered":"Calendaris"},"content":{"rendered":"<p><img loading=\"lazy\" decoding=\"async\" class=\" wp-image-1996 alignleft\" src=\"https:\/\/agora.xtec.cat\/cfamontserratroig\/wp-content\/uploads\/usu2436\/2022\/11\/Captura-de-pantalla-2022-11-19-201732-300x291.jpg\" alt=\"\" width=\"239\" height=\"232\" srcset=\"https:\/\/agora.xtec.cat\/cfamontserratroig\/wp-content\/uploads\/usu2436\/2022\/11\/Captura-de-pantalla-2022-11-19-201732-300x291.jpg 300w, https:\/\/agora.xtec.cat\/cfamontserratroig\/wp-content\/uploads\/usu2436\/2022\/11\/Captura-de-pantalla-2022-11-19-201732.jpg 511w\" sizes=\"auto, (max-width: 239px) 100vw, 239px\" \/><\/p>\n<p style=\"text-align: justify;\">El centre disposa d&#8217;un calendari al compte del centre @xtec.cat per indicar les dates fonamentals del centre, com ara l&#8217;inici de classes, vacances, festius, lliuraments de notes\u2026 aix\u00ed com per recollir els esdeveniments i les tasques de cada docent . Nom\u00e9s poden veure el calendari els usuaris que en tenen perm\u00eds, en aquest cas els docents.<\/p>\n<p style=\"text-align: justify;\">Per altra banda, l&#8217;alumnat de GES disposa del calendari propi del Classroom, amb la possibilitat d&#8217;assenyalar esdeveniments i tasques per a cadascun del m\u00f2duls cursats. La resta d&#8217;alumnes del centre, usuaris de Moodle, disposen igualment, de calendari en el curs que els correspon. La creaci\u00f3 i \u00fas d&#8217;aquests calendaris no est\u00e0 ara per ara regulada.<\/p>\n<p>&nbsp;<\/p>\n<p>&nbsp;<\/p>\n","protected":false},"excerpt":{"rendered":"<p>El centre disposa d&#8217;un calendari al compte del centre @xtec.cat per indicar les dates fonamentals del centre, com ara l&#8217;inici de classes, vacances, festius, lliuraments de notes\u2026 aix\u00ed com per recollir els esdeveniments i les tasques de cada docent . Nom\u00e9s poden veure el calendari&hellip;  <a href=\"https:\/\/agora.xtec.cat\/cfamontserratroig\/estrategia-digital-de-centre\/cultura-digital\/calendaris\/\" title=\"Read Calendaris\">Llegeix m\u00e9s\u00bb<\/a><\/p>\n","protected":false},"author":1,"featured_media":0,"parent":1844,"menu_order":0,"comment_status":"closed","ping_status":"closed","template":"page-templates\/side-menu.php","meta":{"_bbp_topic_count":0,"_bbp_reply_count":0,"_bbp_total_topic_count":0,"_bbp_total_reply_count":0,"_bbp_voice_count":0,"_bbp_anonymous_reply_count":0,"_bbp_topic_count_hidden":0,"_bbp_reply_count_hidden":0,"_bbp_forum_subforum_count":0,"footnotes":""},"class_list":["post-1902","page","type-page","status-publish","hentry"],"post_mailing_queue_ids":[],"_links":{"self":[{"href":"https:\/\/agora.xtec.cat\/cfamontserratroig\/wp-json\/wp\/v2\/pages\/1902","targetHints":{"allow":["GET"]}}],"collection":[{"href":"https:\/\/agora.xtec.cat\/cfamontserratroig\/wp-json\/wp\/v2\/pages"}],"about":[{"href":"https:\/\/agora.xtec.cat\/cfamontserratroig\/wp-json\/wp\/v2\/types\/page"}],"author":[{"embeddable":true,"href":"https:\/\/agora.xtec.cat\/cfamontserratroig\/wp-json\/wp\/v2\/users\/1"}],"replies":[{"embeddable":true,"href":"https:\/\/agora.xtec.cat\/cfamontserratroig\/wp-json\/wp\/v2\/comments?post=1902"}],"version-history":[{"count":4,"href":"https:\/\/agora.xtec.cat\/cfamontserratroig\/wp-json\/wp\/v2\/pages\/1902\/revisions"}],"predecessor-version":[{"id":2016,"href":"https:\/\/agora.xtec.cat\/cfamontserratroig\/wp-json\/wp\/v2\/pages\/1902\/revisions\/2016"}],"up":[{"embeddable":true,"href":"https:\/\/agora.xtec.cat\/cfamontserratroig\/wp-json\/wp\/v2\/pages\/1844"}],"wp:attachment":[{"href":"https:\/\/agora.xtec.cat\/cfamontserratroig\/wp-json\/wp\/v2\/media?parent=1902"}],"curies":[{"name":"wp","href":"https:\/\/api.w.org\/{rel}","templated":true}]}}