{"id":1900,"date":"2022-11-19T10:07:21","date_gmt":"2022-11-19T09:07:21","guid":{"rendered":"https:\/\/agora.xtec.cat\/cfamontserratroig\/?page_id=1900"},"modified":"2022-12-01T13:20:22","modified_gmt":"2022-12-01T12:20:22","slug":"competencia-professorat","status":"publish","type":"page","link":"https:\/\/agora.xtec.cat\/cfamontserratroig\/estrategia-digital-de-centre\/cultura-digital\/competencia-professorat\/","title":{"rendered":"Compet\u00e8ncia digital del professorat"},"content":{"rendered":"<p>La formaci\u00f3 del professorat en cultura digital \u00e9s un aspecte clau en la consecuci\u00f3 dels objectius de la nostra Estrat\u00e8gia digital. Aquesta formaci\u00f3 s&#8217;articula a trav\u00e9s de:<\/p>\n<ul>\n<li style=\"list-style-type: none;\">\n<ul>\n<li>l&#8217;acreditaci\u00f3 dels docents (certificats ACTIC i\/o COMPETIC)<\/li>\n<li>la formaci\u00f3 interna de centre (curs 22-23) sobre Estrat\u00e8gia digital<\/li>\n<li>les sessions d&#8217;assessorament i suport\u00a0 que incorporen aspectes relacionats amb recursos digitals<\/li>\n<\/ul>\n<\/li>\n<\/ul>\n<p>Pel que respecta a aquest \u00faltim punt, valorem la necessitat de disposar d&#8217;un Pla d&#8217;Acollida digital per als nous docents, aix\u00ed com l&#8217;establiment d&#8217;un calendari de reunions pedag\u00f2giques, on, de forma peri\u00f2dica, es treballi amb els docents explicant la possible utilitat pedag\u00f2gica de programes i aplicacions.<\/p>\n<p>&nbsp;<\/p>\n","protected":false},"excerpt":{"rendered":"<p>La formaci\u00f3 del professorat en cultura digital \u00e9s un aspecte clau en la consecuci\u00f3 dels objectius de la nostra Estrat\u00e8gia digital. Aquesta formaci\u00f3 s&#8217;articula a trav\u00e9s de:<\/p>\n<ul>\n<li style=\"list-style-type: none;\">\n<ul>\n<li>l&#8217;acreditaci\u00f3 dels docents (certificats ACTIC i\/o COMPETIC)<\/li>\n<li>la formaci\u00f3 interna de centre (curs 22-23) sobre Estrat\u00e8gia digital<\/li>\n<li>les sessions&hellip;  <a href=\"https:\/\/agora.xtec.cat\/cfamontserratroig\/estrategia-digital-de-centre\/cultura-digital\/competencia-professorat\/\" title=\"Read Compet\u00e8ncia digital del professorat\">Llegeix m\u00e9s\u00bb<\/a><br \/>\n","protected":false},"author":1,"featured_media":0,"parent":1844,"menu_order":0,"comment_status":"closed","ping_status":"closed","template":"page-templates\/side-menu.php","meta":{"_bbp_topic_count":0,"_bbp_reply_count":0,"_bbp_total_topic_count":0,"_bbp_total_reply_count":0,"_bbp_voice_count":0,"_bbp_anonymous_reply_count":0,"_bbp_topic_count_hidden":0,"_bbp_reply_count_hidden":0,"_bbp_forum_subforum_count":0,"footnotes":""},"class_list":["post-1900","page","type-page","status-publish","hentry"],"post_mailing_queue_ids":[],"_links":{"self":[{"href":"https:\/\/agora.xtec.cat\/cfamontserratroig\/wp-json\/wp\/v2\/pages\/1900","targetHints":{"allow":["GET"]}}],"collection":[{"href":"https:\/\/agora.xtec.cat\/cfamontserratroig\/wp-json\/wp\/v2\/pages"}],"about":[{"href":"https:\/\/agora.xtec.cat\/cfamontserratroig\/wp-json\/wp\/v2\/types\/page"}],"author":[{"embeddable":true,"href":"https:\/\/agora.xtec.cat\/cfamontserratroig\/wp-json\/wp\/v2\/users\/1"}],"replies":[{"embeddable":true,"href":"https:\/\/agora.xtec.cat\/cfamontserratroig\/wp-json\/wp\/v2\/comments?post=1900"}],"version-history":[{"count":4,"href":"https:\/\/agora.xtec.cat\/cfamontserratroig\/wp-json\/wp\/v2\/pages\/1900\/revisions"}],"predecessor-version":[{"id":2019,"href":"https:\/\/agora.xtec.cat\/cfamontserratroig\/wp-json\/wp\/v2\/pages\/1900\/revisions\/2019"}],"up":[{"embeddable":true,"href":"https:\/\/agora.xtec.cat\/cfamontserratroig\/wp-json\/wp\/v2\/pages\/1844"}],"wp:attachment":[{"href":"https:\/\/agora.xtec.cat\/cfamontserratroig\/wp-json\/wp\/v2\/media?parent=1900"}],"curies":[{"name":"wp","href":"https:\/\/api.w.org\/{rel}","templated":true}]}}